{"id":176,"date":"2022-05-05T06:17:03","date_gmt":"2022-05-05T06:17:03","guid":{"rendered":"https:\/\/eshop.classperts.com\/?post_type=product&#038;p=176"},"modified":"2026-02-10T13:44:13","modified_gmt":"2026-02-10T11:44:13","slug":"grade-1-reading-textbook-bal","status":"publish","type":"product","link":"https:\/\/kedemoseducation.com\/fr\/product\/cp-eb1-livre-de-lecture-bal\/","title":{"rendered":"CP \/ EB1 - Livre de Lecture"},"content":{"rendered":"<h1><strong>CP \/ EB1 Livre de lecture - La Bo\u00eete aux Lettres<\/strong><\/h1>\n<h2><b>Pr\u00e9sentation de la m\u00e9thode du CP \/ EB1<\/b><\/h2>\n<p><span style=\"font-weight: 400;\">Ce livre de lecture pour le CP \/ EB1 fait partie de la collection La Bo\u00eete aux Lettres.<\/span><\/p>\n<p><span style=\"font-weight: 400;\">La collection La Bo\u00eete aux Lettres pour le CP \/ EB1 est bas\u00e9e sur la m\u00e9thode syllabique de lecture. Celle-ci permet une progression claire et logique, allant du plus simple au plus complexe (de la lettre \u00e0 la syllabe, puis au mot, \u00e0 la phrase et au texte).<\/span><\/p>\n<p><span style=\"font-weight: 400;\">Ce livre de lecture prolonge et d\u00e9veloppe nos m\u00e9thodes de Petite, Moyenne et Grande Sections. L\u2019esprit, les contenus et les pratiques y sont donc repris et approfondis. Nos m\u00e9thodes mettent l'accent sur l'expression orale, qui constitue la base de l'apprentissage de la lecture et de l'initiation \u00e0 l'\u00e9crit.<\/span><\/p>\n<p><span style=\"font-weight: 400;\">La Bo\u00eete aux Lettres pour le CP \/ EB1 est bas\u00e9e sur les principes m\u00e9thodologiques suivants :<\/span><\/p>\n<ul>\n<li style=\"font-weight: 400;\" aria-level=\"1\"><span style=\"font-weight: 400;\">Priorit\u00e9 accord\u00e9e \u00e0 l\u2019expression et \u00e0 la compr\u00e9hension orales \u00e0 travers de nombreux exercices encourageant les enfants \u00e0 s\u2019exprimer.<\/span><\/li>\n<li style=\"font-weight: 400;\" aria-level=\"1\"><span style=\"font-weight: 400;\">Une abondance d\u2019illustrations : des images color\u00e9es et attractives renforcent la compr\u00e9hension et facilitent l'expression.<\/span><\/li>\n<li style=\"font-weight: 400;\" aria-level=\"1\"><span style=\"font-weight: 400;\">La participation active des enfants : des activit\u00e9s vari\u00e9es et interactives pour susciter leur int\u00e9r\u00eat.<\/span><\/li>\n<li style=\"font-weight: 400;\" aria-level=\"1\"><span style=\"font-weight: 400;\">L\u2019apprentissage de la lecture \u00e0 travers la d\u00e9couverte des formes des lettres et des syllabes, ainsi que de leurs sons.<\/span><\/li>\n<li style=\"font-weight: 400;\" aria-level=\"1\"><span style=\"font-weight: 400;\">Des \u00e9valuations r\u00e9guli\u00e8res permettant de suivre les progr\u00e8s des enfants.<\/span><\/li>\n<\/ul>\n<p><span style=\"font-weight: 400;\">La Bo\u00eete aux Lettres pour le CP \/ EB1 est une m\u00e9thode compl\u00e8te d'apprentissage du fran\u00e7ais. Elle est compos\u00e9e des quatre volets suivants : un livre de lecture, deux <a href=\"https:\/\/kedemoseducation.com\/fr\/produit\/cp-eb1-cahier-dexercices-1-bal\/\">cahiers d'exercices<\/a><span> et un <\/span> <a href=\"https:\/\/kedemoseducation.com\/fr\/produit\/cp-eb1-cahier-decriture-bal\/\">cahier d'\u00e9criture<\/span><\/a>Cette collection est aussi accompagn\u00e9e de <a href=\"https:\/\/kedemoseducation.com\/fr\/product-category\/storybooks-for-children\/french-storybooks\/contes-en-mille-couleurs\/blue-series\/\">10 contes<\/a>.<\/span><\/p>\n<h3><b>Livre de lecture CP \/ EB1<\/b><\/h3>\n<p><span style=\"font-weight: 400;\">Ce livre de lecture de la collection La Bo\u00eete aux Lettres pour le CP \/ EB1 d\u00e9veloppe dix th\u00e8mes r\u00e9partis en 20 le\u00e7ons. Les seize premi\u00e8res le\u00e7ons constituent une r\u00e9vision compl\u00e8te des objectifs de la Grande Section et peuvent donc \u00eatre trait\u00e9es rapidement. Chacun de ces dix th\u00e8mes s'articule en deux parties :<\/span><\/p>\n<ol>\n<li style=\"font-weight: 400;\" aria-level=\"1\"><span style=\"font-weight: 400;\">D\u2019abord, deux doubles pages sont consacr\u00e9es \u00e0 l'expression orale. Elles prolongent les apprentissages oraux pr\u00e9alables, notamment les contes qui servent de support de motivation et de pr\u00e9sentation du th\u00e8me.<\/span><\/li>\n<li style=\"font-weight: 400;\" aria-level=\"1\"><span style=\"font-weight: 400;\">Ensuite, deux autres doubles pages sont r\u00e9serv\u00e9es aux le\u00e7ons de lecture.<\/span><\/li>\n<\/ol>\n<p><span style=\"font-weight: 400;\">On trouvera aussi dans le manuel de lecture les textes des chansons et des po\u00e8mes, ainsi que des pages \u00ab culturelles \u00bb d'ouverture au monde.<\/span><\/p>\n<p><span style=\"font-weight: 400;\">Enfin, la premi\u00e8re page du manuel contient un code QR. L'enfant pourra ainsi \u00e9couter :<\/span><\/p>\n<ul>\n<li style=\"font-weight: 400;\" aria-level=\"1\"><span style=\"font-weight: 400;\">Les chansons dont les paroles figurent dans le manuel.<\/span><\/li>\n<li style=\"font-weight: 400;\" aria-level=\"1\"><span style=\"font-weight: 400;\">Les contes.<\/span><\/li>\n<li style=\"font-weight: 400;\" aria-level=\"1\"><span style=\"font-weight: 400;\">Les jeux de r\u00f4les.<\/span><\/li>\n<\/ul>","protected":false},"excerpt":{"rendered":"<p><span style=\"font-weight: 400;\">Ce livre de lecture pour le CP \/ EB1 est bas\u00e9 sur la m\u00e9thode syllabique de lecture. Simple et efficace, cette m\u00e9thode consiste \u00e0 associer les lettres pour former des syllabes, puis des mots, des phrases et des textes.<\/span><\/p>\n<p><span style=\"font-weight: 400;\">Ce manuel est accompagn\u00e9 de deux cahiers d'exercices et d'un cahier d'\u00e9criture. Pour acc\u00e9der \u00e0 la collection compl\u00e8te La Bo\u00eete aux Lettres pour la classe de CP \/ EB1, veuillez cliquer <a href=\"https:\/\/kedemoseducation.com\/fr\/product-category\/school-books\/french\/primary-school\/la-boite-aux-lettres\/grade-1-la-boite-aux-lettres\/\">ici<\/a>.<\/span><\/p>","protected":false},"featured_media":7251,"comment_status":"closed","ping_status":"closed","template":"","meta":{"_monsterinsights_skip_tracking":false,"_monsterinsights_sitenote_active":false,"_monsterinsights_sitenote_note":"","_monsterinsights_sitenote_category":0},"product_brand":[],"product_cat":[34,17,32,16],"product_tag":[61,64,75,76,77,78],"class_list":{"0":"post-176","1":"product","2":"type-product","3":"status-publish","4":"has-post-thumbnail","6":"product_cat-grade-1-la-boite-aux-lettres","7":"product_cat-french","8":"product_cat-la-boite-aux-lettres","9":"product_cat-school-books","10":"product_tag-livre-de-lecture","11":"product_tag-primaire","12":"product_tag-la-boite-aux-lettres","13":"product_tag-grade-1","14":"product_tag-cp","15":"product_tag-eb1","16":"pa_grade-grade-1","18":"first","19":"instock","20":"shipping-taxable","21":"purchasable","22":"product-type-simple"},"yoast_head":"<!-- This site is optimized with the Yoast SEO plugin v26.4 - https:\/\/yoast.com\/wordpress\/plugins\/seo\/ -->\r\n<title>Grade 1 Reading Textbook - Kedemos Education<\/title>\r\n<meta name=\"description\" content=\"This Grade 1 reading textbook is based on the syllabic reading method and supports the development of oral and written comprehension and expression.\" \/>\r\n<meta name=\"robots\" content=\"index, follow, max-snippet:-1, max-image-preview:large, max-video-preview:-1\" \/>\r\n<link rel=\"canonical\" href=\"https:\/\/kedemoseducation.com\/fr\/product\/cp-eb1-livre-de-lecture-bal\/\" \/>\r\n<meta property=\"og:locale\" content=\"fr_FR\" \/>\r\n<meta property=\"og:type\" content=\"article\" \/>\r\n<meta property=\"og:title\" content=\"Grade 1 Reading Textbook - Kedemos Education\" \/>\r\n<meta property=\"og:description\" content=\"This Grade 1 reading textbook is based on the syllabic reading method and supports the development of oral and written comprehension and expression.\" \/>\r\n<meta property=\"og:url\" content=\"https:\/\/kedemoseducation.com\/fr\/product\/cp-eb1-livre-de-lecture-bal\/\" \/>\r\n<meta property=\"og:site_name\" content=\"Kedemos Education\" \/>\r\n<meta property=\"article:publisher\" content=\"https:\/\/www.facebook.com\/Kedemoseducation\" \/>\r\n<meta property=\"article:modified_time\" content=\"2026-02-10T11:44:13+00:00\" \/>\r\n<meta property=\"og:image\" content=\"https:\/\/kedemoseducation.com\/wp-content\/uploads\/2022\/05\/Lecture-CP-BAL-1.jpg\" \/>\r\n\t<meta property=\"og:image:width\" content=\"600\" \/>\r\n\t<meta property=\"og:image:height\" content=\"800\" \/>\r\n\t<meta property=\"og:image:type\" content=\"image\/jpeg\" \/>\r\n<meta name=\"twitter:card\" content=\"summary_large_image\" \/>\r\n<meta name=\"twitter:label1\" content=\"Dur\u00e9e de lecture estim\u00e9e\" \/>\n\t<meta name=\"twitter:data1\" content=\"2 minutes\" \/>\r\n<script type=\"application\/ld+json\" class=\"yoast-schema-graph\">{\"@context\":\"https:\/\/schema.org\",\"@graph\":[{\"@type\":\"WebPage\",\"@id\":\"https:\/\/kedemoseducation.com\/product\/cp-eb1-livre-de-lecture-bal\/\",\"url\":\"https:\/\/kedemoseducation.com\/product\/cp-eb1-livre-de-lecture-bal\/\",\"name\":\"Grade 1 Reading Textbook - Kedemos Education\",\"isPartOf\":{\"@id\":\"https:\/\/kedemoseducation.com\/fr\/#website\"},\"primaryImageOfPage\":{\"@id\":\"https:\/\/kedemoseducation.com\/product\/cp-eb1-livre-de-lecture-bal\/#primaryimage\"},\"image\":{\"@id\":\"https:\/\/kedemoseducation.com\/product\/cp-eb1-livre-de-lecture-bal\/#primaryimage\"},\"thumbnailUrl\":\"https:\/\/i0.wp.com\/kedemoseducation.com\/wp-content\/uploads\/2022\/05\/Lecture-CP-BAL-1.jpg?fit=600%2C800&ssl=1\",\"datePublished\":\"2022-05-05T06:17:03+00:00\",\"dateModified\":\"2026-02-10T11:44:13+00:00\",\"description\":\"This Grade 1 reading textbook is based on the syllabic reading method and supports the development of oral and written comprehension and expression.\",\"breadcrumb\":{\"@id\":\"https:\/\/kedemoseducation.com\/product\/cp-eb1-livre-de-lecture-bal\/#breadcrumb\"},\"inLanguage\":\"fr-FR\",\"potentialAction\":[{\"@type\":\"ReadAction\",\"target\":[\"https:\/\/kedemoseducation.com\/product\/cp-eb1-livre-de-lecture-bal\/\"]}]},{\"@type\":\"ImageObject\",\"inLanguage\":\"fr-FR\",\"@id\":\"https:\/\/kedemoseducation.com\/product\/cp-eb1-livre-de-lecture-bal\/#primaryimage\",\"url\":\"https:\/\/i0.wp.com\/kedemoseducation.com\/wp-content\/uploads\/2022\/05\/Lecture-CP-BAL-1.jpg?fit=600%2C800&ssl=1\",\"contentUrl\":\"https:\/\/i0.wp.com\/kedemoseducation.com\/wp-content\/uploads\/2022\/05\/Lecture-CP-BAL-1.jpg?fit=600%2C800&ssl=1\",\"width\":600,\"height\":800,\"caption\":\"Reading Textbook for Grade 1 from the collection La bo\u00eete aux Lettres\"},{\"@type\":\"BreadcrumbList\",\"@id\":\"https:\/\/kedemoseducation.com\/product\/cp-eb1-livre-de-lecture-bal\/#breadcrumb\",\"itemListElement\":[{\"@type\":\"ListItem\",\"position\":1,\"name\":\"Home\",\"item\":\"https:\/\/kedemoseducation.com\/\"},{\"@type\":\"ListItem\",\"position\":2,\"name\":\"All Products\",\"item\":\"https:\/\/kedemoseducation.com\/fr\/shop-2\/tous-les-produits\/\"},{\"@type\":\"ListItem\",\"position\":3,\"name\":\"School Books\",\"item\":\"https:\/\/kedemoseducation.com\/fr\/categorie-de-produit\/manuels-scolaires\/\"},{\"@type\":\"ListItem\",\"position\":4,\"name\":\"Grade 1 &#8211; Reading Textbook\"}]},{\"@type\":\"WebSite\",\"@id\":\"https:\/\/kedemoseducation.com\/fr\/#website\",\"url\":\"https:\/\/kedemoseducation.com\/fr\/\",\"name\":\"Kedemos Education\",\"description\":\"The Pleasure of Learning\",\"publisher\":{\"@id\":\"https:\/\/kedemoseducation.com\/fr\/#organization\"},\"potentialAction\":[{\"@type\":\"SearchAction\",\"target\":{\"@type\":\"EntryPoint\",\"urlTemplate\":\"https:\/\/kedemoseducation.com\/fr\/?s={search_term_string}\"},\"query-input\":{\"@type\":\"PropertyValueSpecification\",\"valueRequired\":true,\"valueName\":\"search_term_string\"}}],\"inLanguage\":\"fr-FR\"},{\"@type\":\"Organization\",\"@id\":\"https:\/\/kedemoseducation.com\/fr\/#organization\",\"name\":\"Kedemos Education\",\"url\":\"https:\/\/kedemoseducation.com\/fr\/\",\"logo\":{\"@type\":\"ImageObject\",\"inLanguage\":\"fr-FR\",\"@id\":\"https:\/\/kedemoseducation.com\/fr\/#\/schema\/logo\/image\/\",\"url\":\"https:\/\/kedemoseducation.com\/wp-content\/uploads\/2023\/06\/logo-kedemos-education.png\",\"contentUrl\":\"https:\/\/kedemoseducation.com\/wp-content\/uploads\/2023\/06\/logo-kedemos-education.png\",\"width\":2362,\"height\":903,\"caption\":\"Kedemos Education\"},\"image\":{\"@id\":\"https:\/\/kedemoseducation.com\/fr\/#\/schema\/logo\/image\/\"},\"sameAs\":[\"https:\/\/www.facebook.com\/Kedemoseducation\",\"https:\/\/www.instagram.com\/kedemoseducation\/\",\"https:\/\/www.linkedin.com\/company\/kedemos-education\/\"]}]}<\/script>\r\n<!-- \/ Yoast SEO plugin. -->","yoast_head_json":{"title":"CP \/ EB1 Livre de Lecture - K\u00e9d\u00e9mos Education","description":"Ce livre de lecture pour le CP \/ EB1 est bas\u00e9 sur la m\u00e9thode syllabique de lecture et s\u2019inscrit dans une m\u00e9thode compl\u00e8te d\u2019apprentissage du fran\u00e7ais.","robots":{"index":"index","follow":"follow","max-snippet":"max-snippet:-1","max-image-preview":"max-image-preview:large","max-video-preview":"max-video-preview:-1"},"canonical":"https:\/\/kedemoseducation.com\/fr\/product\/cp-eb1-livre-de-lecture-bal\/","og_locale":"fr_FR","og_type":"article","og_title":"Grade 1 Reading Textbook - Kedemos Education","og_description":"This Grade 1 reading textbook is based on the syllabic reading method and supports the development of oral and written comprehension and expression.","og_url":"https:\/\/kedemoseducation.com\/fr\/product\/cp-eb1-livre-de-lecture-bal\/","og_site_name":"Kedemos Education","article_publisher":"https:\/\/www.facebook.com\/Kedemoseducation","article_modified_time":"2026-02-10T11:44:13+00:00","og_image":[{"width":600,"height":800,"url":"https:\/\/kedemoseducation.com\/wp-content\/uploads\/2022\/05\/Lecture-CP-BAL-1.jpg","type":"image\/jpeg"}],"twitter_card":"summary_large_image","twitter_misc":{"Dur\u00e9e de lecture estim\u00e9e":"2 minutes"},"schema":{"@context":"https:\/\/schema.org","@graph":[{"@type":"WebPage","@id":"https:\/\/kedemoseducation.com\/product\/cp-eb1-livre-de-lecture-bal\/","url":"https:\/\/kedemoseducation.com\/product\/cp-eb1-livre-de-lecture-bal\/","name":"CP \/ EB1 Livre de Lecture - K\u00e9d\u00e9mos Education","isPartOf":{"@id":"https:\/\/kedemoseducation.com\/fr\/#website"},"primaryImageOfPage":{"@id":"https:\/\/kedemoseducation.com\/product\/cp-eb1-livre-de-lecture-bal\/#primaryimage"},"image":{"@id":"https:\/\/kedemoseducation.com\/product\/cp-eb1-livre-de-lecture-bal\/#primaryimage"},"thumbnailUrl":"https:\/\/i0.wp.com\/kedemoseducation.com\/wp-content\/uploads\/2022\/05\/Lecture-CP-BAL-1.jpg?fit=600%2C800&ssl=1","datePublished":"2022-05-05T06:17:03+00:00","dateModified":"2026-02-10T11:44:13+00:00","description":"Ce livre de lecture pour le CP \/ EB1 est bas\u00e9 sur la m\u00e9thode syllabique de lecture et s\u2019inscrit dans une m\u00e9thode compl\u00e8te d\u2019apprentissage du fran\u00e7ais.","breadcrumb":{"@id":"https:\/\/kedemoseducation.com\/product\/cp-eb1-livre-de-lecture-bal\/#breadcrumb"},"inLanguage":"fr-FR","potentialAction":[{"@type":"ReadAction","target":["https:\/\/kedemoseducation.com\/product\/cp-eb1-livre-de-lecture-bal\/"]}]},{"@type":"ImageObject","inLanguage":"fr-FR","@id":"https:\/\/kedemoseducation.com\/product\/cp-eb1-livre-de-lecture-bal\/#primaryimage","url":"https:\/\/i0.wp.com\/kedemoseducation.com\/wp-content\/uploads\/2022\/05\/Lecture-CP-BAL-1.jpg?fit=600%2C800&ssl=1","contentUrl":"https:\/\/i0.wp.com\/kedemoseducation.com\/wp-content\/uploads\/2022\/05\/Lecture-CP-BAL-1.jpg?fit=600%2C800&ssl=1","width":600,"height":800,"caption":"Reading Textbook for Grade 1 from the collection La bo\u00eete aux Lettres"},{"@type":"BreadcrumbList","@id":"https:\/\/kedemoseducation.com\/product\/cp-eb1-livre-de-lecture-bal\/#breadcrumb","itemListElement":[{"@type":"ListItem","position":1,"name":"Home","item":"https:\/\/kedemoseducation.com\/"},{"@type":"ListItem","position":2,"name":"All Products","item":"https:\/\/kedemoseducation.com\/fr\/shop-2\/tous-les-produits\/"},{"@type":"ListItem","position":3,"name":"School Books","item":"https:\/\/kedemoseducation.com\/fr\/categorie-de-produit\/manuels-scolaires\/"},{"@type":"ListItem","position":4,"name":"Grade 1 &#8211; Reading Textbook"}]},{"@type":"WebSite","@id":"https:\/\/kedemoseducation.com\/fr\/#website","url":"https:\/\/kedemoseducation.com\/fr\/","name":"K\u00e9d\u00e9mos Education","description":"Le plaisir d'apprendre","publisher":{"@id":"https:\/\/kedemoseducation.com\/fr\/#organization"},"potentialAction":[{"@type":"SearchAction","target":{"@type":"EntryPoint","urlTemplate":"https:\/\/kedemoseducation.com\/fr\/?s={search_term_string}"},"query-input":{"@type":"PropertyValueSpecification","valueRequired":true,"valueName":"search_term_string"}}],"inLanguage":"fr-FR"},{"@type":"Organization","@id":"https:\/\/kedemoseducation.com\/fr\/#organization","name":"K\u00e9d\u00e9mos Education","url":"https:\/\/kedemoseducation.com\/fr\/","logo":{"@type":"ImageObject","inLanguage":"fr-FR","@id":"https:\/\/kedemoseducation.com\/fr\/#\/schema\/logo\/image\/","url":"https:\/\/kedemoseducation.com\/wp-content\/uploads\/2023\/06\/logo-kedemos-education.png","contentUrl":"https:\/\/kedemoseducation.com\/wp-content\/uploads\/2023\/06\/logo-kedemos-education.png","width":2362,"height":903,"caption":"Kedemos Education"},"image":{"@id":"https:\/\/kedemoseducation.com\/fr\/#\/schema\/logo\/image\/"},"sameAs":["https:\/\/www.facebook.com\/Kedemoseducation","https:\/\/www.instagram.com\/kedemoseducation\/","https:\/\/www.linkedin.com\/company\/kedemos-education\/"]}]}},"jetpack_sharing_enabled":true,"_links":{"self":[{"href":"https:\/\/kedemoseducation.com\/fr\/wp-json\/wp\/v2\/product\/176","targetHints":{"allow":["GET"]}}],"collection":[{"href":"https:\/\/kedemoseducation.com\/fr\/wp-json\/wp\/v2\/product"}],"about":[{"href":"https:\/\/kedemoseducation.com\/fr\/wp-json\/wp\/v2\/types\/product"}],"replies":[{"embeddable":true,"href":"https:\/\/kedemoseducation.com\/fr\/wp-json\/wp\/v2\/comments?post=176"}],"wp:featuredmedia":[{"embeddable":true,"href":"https:\/\/kedemoseducation.com\/fr\/wp-json\/wp\/v2\/media\/7251"}],"wp:attachment":[{"href":"https:\/\/kedemoseducation.com\/fr\/wp-json\/wp\/v2\/media?parent=176"}],"wp:term":[{"taxonomy":"product_brand","embeddable":true,"href":"https:\/\/kedemoseducation.com\/fr\/wp-json\/wp\/v2\/product_brand?post=176"},{"taxonomy":"product_cat","embeddable":true,"href":"https:\/\/kedemoseducation.com\/fr\/wp-json\/wp\/v2\/product_cat?post=176"},{"taxonomy":"product_tag","embeddable":true,"href":"https:\/\/kedemoseducation.com\/fr\/wp-json\/wp\/v2\/product_tag?post=176"}],"curies":[{"name":"wp","href":"https:\/\/api.w.org\/{rel}","templated":true}]}}