{"id":169,"date":"2022-05-05T06:17:00","date_gmt":"2022-05-05T06:17:00","guid":{"rendered":"https:\/\/eshop.classperts.com\/?post_type=product&#038;p=169"},"modified":"2025-12-26T09:41:39","modified_gmt":"2025-12-26T07:41:39","slug":"conte-la-promenade-en-parapluie","status":"publish","type":"product","link":"https:\/\/kedemoseducation.com\/fr\/product\/conte-la-promenade-en-parapluie\/","title":{"rendered":"La promenade en parapluie"},"content":{"rendered":"<h1>Conte La promenade en parapluie<\/h1>\n<p>Le conte La promenade en parapluie est le quatri\u00e8me de la collection <a href=\"https:\/\/www.instagram.com\/p\/CoY45Zpoytr\/?utm_source=ig_web_copy_link&amp;igshid=MmJiY2I4NDBkZg==\">Albums Galaxie <\/a>&#8211; <a href=\"https:\/\/www.instagram.com\/p\/CoY45Zpoytr\/?utm_source=ig_web_copy_link&amp;igshid=MmJiY2I4NDBkZg==\">S\u00e9rie Etoile Blanche<\/a>. Il raconte l&#8217;histoire de Caroline et de son fr\u00e8re Adrien qui connaissent l\u2019une des plus belles aventures de leur vie un jour o\u00f9 ils sortent se promener sous la pluie.<\/p>\n<p><strong>Contes Albums Galaxie<\/strong><\/p>\n<p>La collection <a href=\"https:\/\/www.instagram.com\/p\/CoY45Zpoytr\/?utm_source=ig_web_copy_link&amp;igshid=MmJiY2I4NDBkZg==\">Albums Galaxie &#8211; S\u00e9rie Etoile Blanche<\/a> &#8211; est d\u00e9di\u00e9e aux \u00e9l\u00e8ves du CE1 &#8211; EB2, soit les enfants de 7 \u00e0 8 ans. Elle comprend 9 albums divertissants pour les petits, sous forme d\u2019histoires th\u00e9matiques :<\/p>\n<p>&nbsp;<\/p>\n<ul>\n<li aria-level=\"1\"><a href=\"https:\/\/kedemoseducation.com\/fr\/produit\/conte-lecole-de-pom\/\">L&#8217;\u00e9cole de Pom<\/a><\/li>\n<li aria-level=\"1\"><a href=\"https:\/\/kedemoseducation.com\/fr\/produit\/conte-les-amis-de-manal\/\">Les amis de Manal<\/a><\/li>\n<li aria-level=\"1\"><a href=\"https:\/\/kedemoseducation.com\/fr\/produit\/conte-le-chevreau-noir\/\">Le chevreau noir<\/a><\/li>\n<li aria-level=\"1\"><a href=\"https:\/\/kedemoseducation.com\/fr\/produit\/conte-la-promenade-en-parapluie\/\">La promenade en parapluie<\/a><\/li>\n<li aria-level=\"1\"><a href=\"https:\/\/kedemoseducation.com\/fr\/produit\/conte-le-renard-et-la-cigogne\/\">Le renard et la cigogne<\/a><\/li>\n<li aria-level=\"1\"><a href=\"https:\/\/kedemoseducation.com\/fr\/produit\/un-drole-de-bus\/\">Un dr\u00f4le de bus<\/a><\/li>\n<li aria-level=\"1\"><a href=\"https:\/\/kedemoseducation.com\/fr\/produit\/conte-le-reveille-matin\/\">Le r\u00e9veille-matin<\/a><\/li>\n<li aria-level=\"1\"><a href=\"https:\/\/kedemoseducation.com\/fr\/produit\/conte-lincendie\/\">L\u2019incendie<\/a><\/li>\n<li aria-level=\"1\"><a href=\"https:\/\/kedemoseducation.com\/fr\/produit\/conte-le-voilier\/\">Le voilier<\/a>.<\/li>\n<\/ul>\n<p>&nbsp;<\/p>\n<p>Nos contes ont pour but d\u2019inspirer les enfants tout en les divertissant. Faciles \u00e0 comprendre et \u00e9tant parfaitement adapt\u00e9s \u00e0 leur \u00e2ge, nos histoires sont \u00e9troitement li\u00e9es aux exp\u00e9riences journali\u00e8res des tout petits, et au monde qui les fascine.<\/p>\n<p>Chacun de ces 9 albums est illustr\u00e9 par de belles images en couleurs. Les textes sont de grande taille pour faciliter la lecture aux enfants.<\/p>\n<p>Les contes sont disponibles uniquement en grand format, et peuvent \u00eatre achet\u00e9s individuellement ou en <a href=\"https:\/\/kedemoseducation.com\/fr\/produit\/collection-albums-galaxie-etoile-blanche\/\">bouquet de contes<\/a>. Il convient de signaler que le th\u00e8me de chaque conte est en rapport direct avec les apprentissages dans le <a href=\"https:\/\/kedemoseducation.com\/fr\/produit\/ce1-eb2-livre-de-lecture\/\">manuel pour le CE1 &#8211; EB2<\/a>.<\/p>","protected":false},"excerpt":{"rendered":"<p dir=\"ltr\" style=\"line-height: 1.38; margin-top: 12pt; margin-bottom: 12pt;\"><span style=\"font-size: 11pt; font-family: Arial; color: #000000; background-color: transparent; font-weight: 400; font-style: normal; font-variant: normal; text-decoration: none; vertical-align: baseline; white-space: pre-wrap;\">Cette collection de contes propose des albums tout en couleur, pour d\u00e9couvrir, lire et aimer des histoires courtes, passionnantes, et adapt\u00e9es au niveau linguistique, psychologique et affectif de nos enfants de 7 \u00e0 10 ans.<\/span><\/p>","protected":false},"featured_media":7504,"comment_status":"closed","ping_status":"closed","template":"","meta":{"_monsterinsights_skip_tracking":false,"_monsterinsights_sitenote_active":false,"_monsterinsights_sitenote_note":"","_monsterinsights_sitenote_category":0},"product_brand":[],"product_cat":[159,166,151,165],"product_tag":[314],"class_list":{"0":"post-169","1":"product","2":"type-product","3":"status-publish","4":"has-post-thumbnail","6":"product_cat-french-storybooks","7":"product_cat-white-star","8":"product_cat-storybooks-for-children","9":"product_cat-collection-galaxie","10":"product_tag-7-10-years-old","12":"first","13":"instock","14":"shipping-taxable","15":"purchasable","16":"product-type-simple"},"yoast_head":"<!-- This site is optimized with the Yoast SEO plugin v26.4 - https:\/\/yoast.com\/wordpress\/plugins\/seo\/ -->\r\n<title>La promenade en parapluie - Kedemos Education<\/title>\r\n<meta name=\"description\" content=\"Le conte &quot;La promenade en parapluie&quot; raconte l&#039;histoire de Caroline et son fr\u00e8re Adrien vivant une aventure inoubliable lors d&#039;une sortie sous la pluie.\" \/>\r\n<meta name=\"robots\" content=\"index, follow, max-snippet:-1, max-image-preview:large, max-video-preview:-1\" \/>\r\n<link rel=\"canonical\" href=\"https:\/\/kedemoseducation.com\/fr\/product\/conte-la-promenade-en-parapluie\/\" \/>\r\n<meta property=\"og:locale\" content=\"fr_FR\" \/>\r\n<meta property=\"og:type\" content=\"article\" \/>\r\n<meta property=\"og:title\" content=\"La promenade en parapluie - Kedemos Education\" \/>\r\n<meta property=\"og:description\" content=\"Le conte &quot;La promenade en parapluie&quot; raconte l&#039;histoire de Caroline et son fr\u00e8re Adrien vivant une aventure inoubliable lors d&#039;une sortie sous la pluie.\" \/>\r\n<meta property=\"og:url\" content=\"https:\/\/kedemoseducation.com\/fr\/product\/conte-la-promenade-en-parapluie\/\" \/>\r\n<meta property=\"og:site_name\" content=\"Kedemos Education\" \/>\r\n<meta property=\"article:publisher\" content=\"https:\/\/www.facebook.com\/Kedemoseducation\" \/>\r\n<meta property=\"article:modified_time\" content=\"2025-12-26T07:41:39+00:00\" \/>\r\n<meta property=\"og:image\" content=\"https:\/\/kedemoseducation.com\/wp-content\/uploads\/2022\/05\/la-promenade-en-parapluie-1.jpg\" \/>\r\n\t<meta property=\"og:image:width\" content=\"600\" \/>\r\n\t<meta property=\"og:image:height\" content=\"800\" \/>\r\n\t<meta property=\"og:image:type\" content=\"image\/jpeg\" \/>\r\n<meta name=\"twitter:card\" content=\"summary_large_image\" \/>\r\n<meta name=\"twitter:label1\" content=\"Dur\u00e9e de lecture estim\u00e9e\" \/>\n\t<meta name=\"twitter:data1\" content=\"1 minute\" \/>\r\n<script type=\"application\/ld+json\" class=\"yoast-schema-graph\">{\"@context\":\"https:\/\/schema.org\",\"@graph\":[{\"@type\":\"WebPage\",\"@id\":\"https:\/\/kedemoseducation.com\/product\/conte-la-promenade-en-parapluie\/\",\"url\":\"https:\/\/kedemoseducation.com\/product\/conte-la-promenade-en-parapluie\/\",\"name\":\"La promenade en parapluie - Kedemos Education\",\"isPartOf\":{\"@id\":\"https:\/\/kedemoseducation.com\/fr\/#website\"},\"primaryImageOfPage\":{\"@id\":\"https:\/\/kedemoseducation.com\/product\/conte-la-promenade-en-parapluie\/#primaryimage\"},\"image\":{\"@id\":\"https:\/\/kedemoseducation.com\/product\/conte-la-promenade-en-parapluie\/#primaryimage\"},\"thumbnailUrl\":\"https:\/\/i0.wp.com\/kedemoseducation.com\/wp-content\/uploads\/2022\/05\/la-promenade-en-parapluie-1.jpg?fit=600%2C800&ssl=1\",\"datePublished\":\"2022-05-05T06:17:00+00:00\",\"dateModified\":\"2025-12-26T07:41:39+00:00\",\"description\":\"Le conte \\\"La promenade en parapluie\\\" raconte l'histoire de Caroline et son fr\u00e8re Adrien vivant une aventure inoubliable lors d'une sortie sous la pluie.\",\"breadcrumb\":{\"@id\":\"https:\/\/kedemoseducation.com\/product\/conte-la-promenade-en-parapluie\/#breadcrumb\"},\"inLanguage\":\"fr-FR\",\"potentialAction\":[{\"@type\":\"ReadAction\",\"target\":[\"https:\/\/kedemoseducation.com\/product\/conte-la-promenade-en-parapluie\/\"]}]},{\"@type\":\"ImageObject\",\"inLanguage\":\"fr-FR\",\"@id\":\"https:\/\/kedemoseducation.com\/product\/conte-la-promenade-en-parapluie\/#primaryimage\",\"url\":\"https:\/\/i0.wp.com\/kedemoseducation.com\/wp-content\/uploads\/2022\/05\/la-promenade-en-parapluie-1.jpg?fit=600%2C800&ssl=1\",\"contentUrl\":\"https:\/\/i0.wp.com\/kedemoseducation.com\/wp-content\/uploads\/2022\/05\/la-promenade-en-parapluie-1.jpg?fit=600%2C800&ssl=1\",\"width\":600,\"height\":800,\"caption\":\"Conte La promenade en parapluie\"},{\"@type\":\"BreadcrumbList\",\"@id\":\"https:\/\/kedemoseducation.com\/product\/conte-la-promenade-en-parapluie\/#breadcrumb\",\"itemListElement\":[{\"@type\":\"ListItem\",\"position\":1,\"name\":\"Home\",\"item\":\"https:\/\/kedemoseducation.com\/\"},{\"@type\":\"ListItem\",\"position\":2,\"name\":\"All Products\",\"item\":\"https:\/\/kedemoseducation.com\/fr\/shop-2\/tous-les-produits\/\"},{\"@type\":\"ListItem\",\"position\":3,\"name\":\"Stories\",\"item\":\"https:\/\/kedemoseducation.com\/en\/product-category\/storybooks-for-children\/\"},{\"@type\":\"ListItem\",\"position\":4,\"name\":\"French\",\"item\":\"https:\/\/kedemoseducation.com\/en\/product-category\/storybooks-for-children\/french-storybooks\/\"},{\"@type\":\"ListItem\",\"position\":5,\"name\":\"Collection Galaxie\",\"item\":\"https:\/\/kedemoseducation.com\/product-category\/contes-pour-enfants\/contes-en-francais\/collection-galaxie\/\"},{\"@type\":\"ListItem\",\"position\":6,\"name\":\"White Star\",\"item\":\"https:\/\/kedemoseducation.com\/product-category\/contes-pour-enfants\/contes-en-francais\/collection-galaxie\/etoile-blanche\/\"},{\"@type\":\"ListItem\",\"position\":7,\"name\":\"La promenade en parapluie\"}]},{\"@type\":\"WebSite\",\"@id\":\"https:\/\/kedemoseducation.com\/fr\/#website\",\"url\":\"https:\/\/kedemoseducation.com\/fr\/\",\"name\":\"Kedemos Education\",\"description\":\"The Pleasure of Learning\",\"publisher\":{\"@id\":\"https:\/\/kedemoseducation.com\/fr\/#organization\"},\"potentialAction\":[{\"@type\":\"SearchAction\",\"target\":{\"@type\":\"EntryPoint\",\"urlTemplate\":\"https:\/\/kedemoseducation.com\/fr\/?s={search_term_string}\"},\"query-input\":{\"@type\":\"PropertyValueSpecification\",\"valueRequired\":true,\"valueName\":\"search_term_string\"}}],\"inLanguage\":\"fr-FR\"},{\"@type\":\"Organization\",\"@id\":\"https:\/\/kedemoseducation.com\/fr\/#organization\",\"name\":\"Kedemos Education\",\"url\":\"https:\/\/kedemoseducation.com\/fr\/\",\"logo\":{\"@type\":\"ImageObject\",\"inLanguage\":\"fr-FR\",\"@id\":\"https:\/\/kedemoseducation.com\/fr\/#\/schema\/logo\/image\/\",\"url\":\"https:\/\/kedemoseducation.com\/wp-content\/uploads\/2023\/06\/logo-kedemos-education.png\",\"contentUrl\":\"https:\/\/kedemoseducation.com\/wp-content\/uploads\/2023\/06\/logo-kedemos-education.png\",\"width\":2362,\"height\":903,\"caption\":\"Kedemos Education\"},\"image\":{\"@id\":\"https:\/\/kedemoseducation.com\/fr\/#\/schema\/logo\/image\/\"},\"sameAs\":[\"https:\/\/www.facebook.com\/Kedemoseducation\",\"https:\/\/www.instagram.com\/kedemoseducation\/\",\"https:\/\/www.linkedin.com\/company\/kedemos-education\/\"]}]}<\/script>\r\n<!-- \/ Yoast SEO plugin. -->","yoast_head_json":{"title":"La promenade en parapluie - Kedemos Education","description":"Le conte \"La promenade en parapluie\" raconte l'histoire de Caroline et son fr\u00e8re Adrien vivant une aventure inoubliable lors d'une sortie sous la pluie.","robots":{"index":"index","follow":"follow","max-snippet":"max-snippet:-1","max-image-preview":"max-image-preview:large","max-video-preview":"max-video-preview:-1"},"canonical":"https:\/\/kedemoseducation.com\/fr\/product\/conte-la-promenade-en-parapluie\/","og_locale":"fr_FR","og_type":"article","og_title":"La promenade en parapluie - Kedemos Education","og_description":"Le conte \"La promenade en parapluie\" raconte l'histoire de Caroline et son fr\u00e8re Adrien vivant une aventure inoubliable lors d'une sortie sous la pluie.","og_url":"https:\/\/kedemoseducation.com\/fr\/product\/conte-la-promenade-en-parapluie\/","og_site_name":"Kedemos Education","article_publisher":"https:\/\/www.facebook.com\/Kedemoseducation","article_modified_time":"2025-12-26T07:41:39+00:00","og_image":[{"width":600,"height":800,"url":"https:\/\/kedemoseducation.com\/wp-content\/uploads\/2022\/05\/la-promenade-en-parapluie-1.jpg","type":"image\/jpeg"}],"twitter_card":"summary_large_image","twitter_misc":{"Dur\u00e9e de lecture estim\u00e9e":"1 minute"},"schema":{"@context":"https:\/\/schema.org","@graph":[{"@type":"WebPage","@id":"https:\/\/kedemoseducation.com\/product\/conte-la-promenade-en-parapluie\/","url":"https:\/\/kedemoseducation.com\/product\/conte-la-promenade-en-parapluie\/","name":"La promenade en parapluie - Kedemos Education","isPartOf":{"@id":"https:\/\/kedemoseducation.com\/fr\/#website"},"primaryImageOfPage":{"@id":"https:\/\/kedemoseducation.com\/product\/conte-la-promenade-en-parapluie\/#primaryimage"},"image":{"@id":"https:\/\/kedemoseducation.com\/product\/conte-la-promenade-en-parapluie\/#primaryimage"},"thumbnailUrl":"https:\/\/i0.wp.com\/kedemoseducation.com\/wp-content\/uploads\/2022\/05\/la-promenade-en-parapluie-1.jpg?fit=600%2C800&ssl=1","datePublished":"2022-05-05T06:17:00+00:00","dateModified":"2025-12-26T07:41:39+00:00","description":"Le conte \"La promenade en parapluie\" raconte l'histoire de Caroline et son fr\u00e8re Adrien vivant une aventure inoubliable lors d'une sortie sous la pluie.","breadcrumb":{"@id":"https:\/\/kedemoseducation.com\/product\/conte-la-promenade-en-parapluie\/#breadcrumb"},"inLanguage":"fr-FR","potentialAction":[{"@type":"ReadAction","target":["https:\/\/kedemoseducation.com\/product\/conte-la-promenade-en-parapluie\/"]}]},{"@type":"ImageObject","inLanguage":"fr-FR","@id":"https:\/\/kedemoseducation.com\/product\/conte-la-promenade-en-parapluie\/#primaryimage","url":"https:\/\/i0.wp.com\/kedemoseducation.com\/wp-content\/uploads\/2022\/05\/la-promenade-en-parapluie-1.jpg?fit=600%2C800&ssl=1","contentUrl":"https:\/\/i0.wp.com\/kedemoseducation.com\/wp-content\/uploads\/2022\/05\/la-promenade-en-parapluie-1.jpg?fit=600%2C800&ssl=1","width":600,"height":800,"caption":"Conte La promenade en parapluie"},{"@type":"BreadcrumbList","@id":"https:\/\/kedemoseducation.com\/product\/conte-la-promenade-en-parapluie\/#breadcrumb","itemListElement":[{"@type":"ListItem","position":1,"name":"Home","item":"https:\/\/kedemoseducation.com\/"},{"@type":"ListItem","position":2,"name":"All Products","item":"https:\/\/kedemoseducation.com\/fr\/shop-2\/tous-les-produits\/"},{"@type":"ListItem","position":3,"name":"Stories","item":"https:\/\/kedemoseducation.com\/en\/product-category\/storybooks-for-children\/"},{"@type":"ListItem","position":4,"name":"French","item":"https:\/\/kedemoseducation.com\/en\/product-category\/storybooks-for-children\/french-storybooks\/"},{"@type":"ListItem","position":5,"name":"Collection Galaxie","item":"https:\/\/kedemoseducation.com\/product-category\/contes-pour-enfants\/contes-en-francais\/collection-galaxie\/"},{"@type":"ListItem","position":6,"name":"White Star","item":"https:\/\/kedemoseducation.com\/product-category\/contes-pour-enfants\/contes-en-francais\/collection-galaxie\/etoile-blanche\/"},{"@type":"ListItem","position":7,"name":"La promenade en parapluie"}]},{"@type":"WebSite","@id":"https:\/\/kedemoseducation.com\/fr\/#website","url":"https:\/\/kedemoseducation.com\/fr\/","name":"K\u00e9d\u00e9mos Education","description":"Le plaisir d'apprendre","publisher":{"@id":"https:\/\/kedemoseducation.com\/fr\/#organization"},"potentialAction":[{"@type":"SearchAction","target":{"@type":"EntryPoint","urlTemplate":"https:\/\/kedemoseducation.com\/fr\/?s={search_term_string}"},"query-input":{"@type":"PropertyValueSpecification","valueRequired":true,"valueName":"search_term_string"}}],"inLanguage":"fr-FR"},{"@type":"Organization","@id":"https:\/\/kedemoseducation.com\/fr\/#organization","name":"K\u00e9d\u00e9mos Education","url":"https:\/\/kedemoseducation.com\/fr\/","logo":{"@type":"ImageObject","inLanguage":"fr-FR","@id":"https:\/\/kedemoseducation.com\/fr\/#\/schema\/logo\/image\/","url":"https:\/\/kedemoseducation.com\/wp-content\/uploads\/2023\/06\/logo-kedemos-education.png","contentUrl":"https:\/\/kedemoseducation.com\/wp-content\/uploads\/2023\/06\/logo-kedemos-education.png","width":2362,"height":903,"caption":"Kedemos Education"},"image":{"@id":"https:\/\/kedemoseducation.com\/fr\/#\/schema\/logo\/image\/"},"sameAs":["https:\/\/www.facebook.com\/Kedemoseducation","https:\/\/www.instagram.com\/kedemoseducation\/","https:\/\/www.linkedin.com\/company\/kedemos-education\/"]}]}},"jetpack_sharing_enabled":true,"_links":{"self":[{"href":"https:\/\/kedemoseducation.com\/fr\/wp-json\/wp\/v2\/product\/169","targetHints":{"allow":["GET"]}}],"collection":[{"href":"https:\/\/kedemoseducation.com\/fr\/wp-json\/wp\/v2\/product"}],"about":[{"href":"https:\/\/kedemoseducation.com\/fr\/wp-json\/wp\/v2\/types\/product"}],"replies":[{"embeddable":true,"href":"https:\/\/kedemoseducation.com\/fr\/wp-json\/wp\/v2\/comments?post=169"}],"wp:featuredmedia":[{"embeddable":true,"href":"https:\/\/kedemoseducation.com\/fr\/wp-json\/wp\/v2\/media\/7504"}],"wp:attachment":[{"href":"https:\/\/kedemoseducation.com\/fr\/wp-json\/wp\/v2\/media?parent=169"}],"wp:term":[{"taxonomy":"product_brand","embeddable":true,"href":"https:\/\/kedemoseducation.com\/fr\/wp-json\/wp\/v2\/product_brand?post=169"},{"taxonomy":"product_cat","embeddable":true,"href":"https:\/\/kedemoseducation.com\/fr\/wp-json\/wp\/v2\/product_cat?post=169"},{"taxonomy":"product_tag","embeddable":true,"href":"https:\/\/kedemoseducation.com\/fr\/wp-json\/wp\/v2\/product_tag?post=169"}],"curies":[{"name":"wp","href":"https:\/\/api.w.org\/{rel}","templated":true}]}}