{"id":1671,"date":"2022-07-27T09:18:03","date_gmt":"2022-07-27T09:18:03","guid":{"rendered":"https:\/\/kedemoseducation.com\/?post_type=product&#038;p=1671"},"modified":"2026-03-31T15:08:06","modified_gmt":"2026-03-31T12:08:06","slug":"english-ladder-junior","status":"publish","type":"product","link":"https:\/\/kedemoseducation.com\/fr\/product\/anglais-ladder-junior\/","title":{"rendered":"Anglais \u2013 Ladder Junior"},"content":{"rendered":"<h1><b>English as a Foreign Language &#8211; Ladder Junior<\/b><\/h1>\n<h2><strong>Pr\u00e9sentation de la m\u00e9thode - Ladder Junior<\/strong><\/h2>\n<p><span style=\"font-weight: 400;\">Le manuel Ladder Junior est le troisi\u00e8me de la collection Ladder. Celle-ci est une m\u00e9thode compl\u00e8te d\u2019apprentissage de l\u2019anglais en langue \u00e9trang\u00e8re (EFL). Elle est donc destin\u00e9e aux \u00e9l\u00e8ves dont la premi\u00e8re langue n\u2019est pas l\u2019anglais.<\/span><\/p>\n<p><span style=\"font-weight: 400;\">Ce livre, avec ses tr\u00e8s nombreuses illustrations, constitue une initiation \u00e0 l\u2019apprentissage de l\u2019anglais. Il s\u2019adresse \u00e0 des enfants qui savent d\u00e9j\u00e0 lire en fran\u00e7ais (ou qui sont en train d\u2019apprendre \u00e0 lire en fran\u00e7ais).<\/span><\/p>\n<p><b>Le manuel Ladder Junior comprend :<\/b><\/p>\n<ul>\n<li>quinze le\u00e7ons th\u00e9matiques, chacune portant sur une structure de la langue. Ces le\u00e7ons sont toutes b\u00e2ties sur le m\u00eame sch\u00e9ma :<\/li>\n<li>Une pr\u00e9sentation des objectifs. Cette pr\u00e9sentation s\u2019effectue en deux temps: une premi\u00e8re pr\u00e9sentation sous forme de bande dessin\u00e9e. Puis, des prolongements sous forme de petits dessins.<\/li>\n<li>Une rubrique pour inciter les enfants \u00e0 r\u00e9utiliser oralement les structures et les mots d\u00e9j\u00e0 pr\u00e9sent\u00e9s.<\/li>\n<li>Des exercices \u00e9crits portant sur les objectifs de la le\u00e7on.<\/li>\n<li>sept pages de vocabulaire compl\u00e9mentaire.<\/li>\n<li>six pages de chansons et de comptines.<\/li>\n<li>dix pages d\u2019exercices de r\u00e9vision.<\/li>\n<li>deux activit\u00e9s ludiques.<\/li>\n<\/ul>\n<p><span style=\"font-weight: 400;\">Enfin, l\u2019enfant dispose d\u2019un code QR int\u00e9gr\u00e9 \u00e0 son fichier. Il pourra ainsi \u00e9couter l\u2019enregistrement des chansons et des comptines.<\/span><\/p>","protected":false},"excerpt":{"rendered":"<p>La collection Ladder s\u2019adresse aux \u00e9l\u00e8ves dont la premi\u00e8re langue n\u2019est pas l\u2019anglais. La m\u00e9thode propose de nombreux exercices oraux, une initiation au vocabulaire de base, ainsi qu\u2019une initiation \u00e0 l\u2019\u00e9crit.<\/p>\n<p>Pour acc\u00e9der \u00e0 la collection compl\u00e8te Ladder, veuillez cliquer <a href=\"https:\/\/kedemoseducation.com\/fr\/product-category\/school-books\/english-as-a-foreign-language\/\">ici<\/a>.<\/p>","protected":false},"featured_media":7333,"comment_status":"closed","ping_status":"closed","template":"","meta":{"_monsterinsights_skip_tracking":false,"_monsterinsights_sitenote_active":false,"_monsterinsights_sitenote_note":"","_monsterinsights_sitenote_category":0},"product_brand":[],"product_cat":[174],"product_tag":[123,175,196,413,74,76],"class_list":{"0":"post-1671","1":"product","2":"type-product","3":"status-publish","4":"has-post-thumbnail","6":"product_cat-english-as-a-foreign-language","7":"product_tag-junior","8":"product_tag-ladder","9":"product_tag-efl","10":"product_tag-english-as-a-foreign-language","11":"product_tag-grade-2","12":"product_tag-grade-1","13":"pa_grade-grade-2","15":"first","16":"instock","17":"shipping-taxable","18":"purchasable","19":"product-type-simple"},"yoast_head":"<!-- This site is optimized with the Yoast SEO plugin v26.4 - https:\/\/yoast.com\/wordpress\/plugins\/seo\/ -->\r\n<title>Ladder Junior (EFL) - English - Kedemos Education<\/title>\r\n<meta name=\"description\" content=\"The Ladder Junior textbook presents numerous oral exercises, an introduction to basic vocabulary, and an introduction to writing.\" \/>\r\n<meta name=\"robots\" content=\"index, follow, max-snippet:-1, max-image-preview:large, max-video-preview:-1\" \/>\r\n<link rel=\"canonical\" href=\"https:\/\/kedemoseducation.com\/fr\/product\/anglais-ladder-junior\/\" \/>\r\n<meta property=\"og:locale\" content=\"fr_FR\" \/>\r\n<meta property=\"og:type\" content=\"article\" \/>\r\n<meta property=\"og:title\" content=\"Ladder Junior (EFL) - English - Kedemos Education\" \/>\r\n<meta property=\"og:description\" content=\"The Ladder Junior textbook presents numerous oral exercises, an introduction to basic vocabulary, and an introduction to writing.\" \/>\r\n<meta property=\"og:url\" content=\"https:\/\/kedemoseducation.com\/fr\/product\/anglais-ladder-junior\/\" \/>\r\n<meta property=\"og:site_name\" content=\"Kedemos Education\" \/>\r\n<meta property=\"article:publisher\" content=\"https:\/\/www.facebook.com\/Kedemoseducation\" \/>\r\n<meta property=\"article:modified_time\" content=\"2026-03-31T12:08:06+00:00\" \/>\r\n<meta property=\"og:image\" content=\"https:\/\/kedemoseducation.com\/wp-content\/uploads\/2022\/07\/Ladder-junior.jpg\" \/>\r\n\t<meta property=\"og:image:width\" content=\"600\" \/>\r\n\t<meta property=\"og:image:height\" content=\"800\" \/>\r\n\t<meta property=\"og:image:type\" content=\"image\/jpeg\" \/>\r\n<meta name=\"twitter:card\" content=\"summary_large_image\" \/>\r\n<meta name=\"twitter:label1\" content=\"Dur\u00e9e de lecture estim\u00e9e\" \/>\n\t<meta name=\"twitter:data1\" content=\"2 minutes\" \/>\r\n<script type=\"application\/ld+json\" class=\"yoast-schema-graph\">{\"@context\":\"https:\/\/schema.org\",\"@graph\":[{\"@type\":\"WebPage\",\"@id\":\"https:\/\/kedemoseducation.com\/product\/english-ladder-junior\/\",\"url\":\"https:\/\/kedemoseducation.com\/product\/english-ladder-junior\/\",\"name\":\"Ladder Junior (EFL) - English - Kedemos Education\",\"isPartOf\":{\"@id\":\"https:\/\/kedemoseducation.com\/fr\/#website\"},\"primaryImageOfPage\":{\"@id\":\"https:\/\/kedemoseducation.com\/product\/english-ladder-junior\/#primaryimage\"},\"image\":{\"@id\":\"https:\/\/kedemoseducation.com\/product\/english-ladder-junior\/#primaryimage\"},\"thumbnailUrl\":\"https:\/\/i0.wp.com\/kedemoseducation.com\/wp-content\/uploads\/2022\/07\/Ladder-junior.jpg?fit=600%2C800&ssl=1\",\"datePublished\":\"2022-07-27T09:18:03+00:00\",\"dateModified\":\"2026-03-31T12:08:06+00:00\",\"description\":\"The Ladder Junior textbook presents numerous oral exercises, an introduction to basic vocabulary, and an introduction to writing.\",\"breadcrumb\":{\"@id\":\"https:\/\/kedemoseducation.com\/product\/english-ladder-junior\/#breadcrumb\"},\"inLanguage\":\"fr-FR\",\"potentialAction\":[{\"@type\":\"ReadAction\",\"target\":[\"https:\/\/kedemoseducation.com\/product\/english-ladder-junior\/\"]}]},{\"@type\":\"ImageObject\",\"inLanguage\":\"fr-FR\",\"@id\":\"https:\/\/kedemoseducation.com\/product\/english-ladder-junior\/#primaryimage\",\"url\":\"https:\/\/i0.wp.com\/kedemoseducation.com\/wp-content\/uploads\/2022\/07\/Ladder-junior.jpg?fit=600%2C800&ssl=1\",\"contentUrl\":\"https:\/\/i0.wp.com\/kedemoseducation.com\/wp-content\/uploads\/2022\/07\/Ladder-junior.jpg?fit=600%2C800&ssl=1\",\"width\":600,\"height\":800,\"caption\":\"Anglais Langue \u00c9trang\u00e8re (EFL)- Ladder Junior\"},{\"@type\":\"BreadcrumbList\",\"@id\":\"https:\/\/kedemoseducation.com\/product\/english-ladder-junior\/#breadcrumb\",\"itemListElement\":[{\"@type\":\"ListItem\",\"position\":1,\"name\":\"Home\",\"item\":\"https:\/\/kedemoseducation.com\/\"},{\"@type\":\"ListItem\",\"position\":2,\"name\":\"All Products\",\"item\":\"https:\/\/kedemoseducation.com\/fr\/shop-2\/tous-les-produits\/\"},{\"@type\":\"ListItem\",\"position\":3,\"name\":\"School Books\",\"item\":\"https:\/\/kedemoseducation.com\/fr\/categorie-de-produit\/manuels-scolaires\/\"},{\"@type\":\"ListItem\",\"position\":4,\"name\":\"English as a Foreign Language\",\"item\":\"https:\/\/kedemoseducation.com\/en\/product-category\/school-books\/english-as-a-foreign-language\/\"},{\"@type\":\"ListItem\",\"position\":5,\"name\":\"English &#8211; Ladder Junior\"}]},{\"@type\":\"WebSite\",\"@id\":\"https:\/\/kedemoseducation.com\/fr\/#website\",\"url\":\"https:\/\/kedemoseducation.com\/fr\/\",\"name\":\"Kedemos Education\",\"description\":\"The Pleasure of Learning\",\"publisher\":{\"@id\":\"https:\/\/kedemoseducation.com\/fr\/#organization\"},\"potentialAction\":[{\"@type\":\"SearchAction\",\"target\":{\"@type\":\"EntryPoint\",\"urlTemplate\":\"https:\/\/kedemoseducation.com\/fr\/?s={search_term_string}\"},\"query-input\":{\"@type\":\"PropertyValueSpecification\",\"valueRequired\":true,\"valueName\":\"search_term_string\"}}],\"inLanguage\":\"fr-FR\"},{\"@type\":\"Organization\",\"@id\":\"https:\/\/kedemoseducation.com\/fr\/#organization\",\"name\":\"Kedemos Education\",\"url\":\"https:\/\/kedemoseducation.com\/fr\/\",\"logo\":{\"@type\":\"ImageObject\",\"inLanguage\":\"fr-FR\",\"@id\":\"https:\/\/kedemoseducation.com\/fr\/#\/schema\/logo\/image\/\",\"url\":\"https:\/\/kedemoseducation.com\/wp-content\/uploads\/2023\/06\/logo-kedemos-education.png\",\"contentUrl\":\"https:\/\/kedemoseducation.com\/wp-content\/uploads\/2023\/06\/logo-kedemos-education.png\",\"width\":2362,\"height\":903,\"caption\":\"Kedemos Education\"},\"image\":{\"@id\":\"https:\/\/kedemoseducation.com\/fr\/#\/schema\/logo\/image\/\"},\"sameAs\":[\"https:\/\/www.facebook.com\/Kedemoseducation\",\"https:\/\/www.instagram.com\/kedemoseducation\/\",\"https:\/\/www.linkedin.com\/company\/kedemos-education\/\"]}]}<\/script>\r\n<!-- \/ Yoast SEO plugin. -->","yoast_head_json":{"title":"Ladder Junior (EFL) - Anglais - K\u00e9d\u00e9mos Education","description":"Le manuel Ladder Junior propose de nombreux exercices oraux, une initiation au vocabulaire de base et une initiation \u00e0 l\u2019\u00e9crit.","robots":{"index":"index","follow":"follow","max-snippet":"max-snippet:-1","max-image-preview":"max-image-preview:large","max-video-preview":"max-video-preview:-1"},"canonical":"https:\/\/kedemoseducation.com\/fr\/product\/anglais-ladder-junior\/","og_locale":"fr_FR","og_type":"article","og_title":"Ladder Junior (EFL) - English - Kedemos Education","og_description":"The Ladder Junior textbook presents numerous oral exercises, an introduction to basic vocabulary, and an introduction to writing.","og_url":"https:\/\/kedemoseducation.com\/fr\/product\/anglais-ladder-junior\/","og_site_name":"Kedemos Education","article_publisher":"https:\/\/www.facebook.com\/Kedemoseducation","article_modified_time":"2026-03-31T12:08:06+00:00","og_image":[{"width":600,"height":800,"url":"https:\/\/kedemoseducation.com\/wp-content\/uploads\/2022\/07\/Ladder-junior.jpg","type":"image\/jpeg"}],"twitter_card":"summary_large_image","twitter_misc":{"Dur\u00e9e de lecture estim\u00e9e":"2 minutes"},"schema":{"@context":"https:\/\/schema.org","@graph":[{"@type":"WebPage","@id":"https:\/\/kedemoseducation.com\/product\/english-ladder-junior\/","url":"https:\/\/kedemoseducation.com\/product\/english-ladder-junior\/","name":"Ladder Junior (EFL) - Anglais - K\u00e9d\u00e9mos Education","isPartOf":{"@id":"https:\/\/kedemoseducation.com\/fr\/#website"},"primaryImageOfPage":{"@id":"https:\/\/kedemoseducation.com\/product\/english-ladder-junior\/#primaryimage"},"image":{"@id":"https:\/\/kedemoseducation.com\/product\/english-ladder-junior\/#primaryimage"},"thumbnailUrl":"https:\/\/i0.wp.com\/kedemoseducation.com\/wp-content\/uploads\/2022\/07\/Ladder-junior.jpg?fit=600%2C800&ssl=1","datePublished":"2022-07-27T09:18:03+00:00","dateModified":"2026-03-31T12:08:06+00:00","description":"Le manuel Ladder Junior propose de nombreux exercices oraux, une initiation au vocabulaire de base et une initiation \u00e0 l\u2019\u00e9crit.","breadcrumb":{"@id":"https:\/\/kedemoseducation.com\/product\/english-ladder-junior\/#breadcrumb"},"inLanguage":"fr-FR","potentialAction":[{"@type":"ReadAction","target":["https:\/\/kedemoseducation.com\/product\/english-ladder-junior\/"]}]},{"@type":"ImageObject","inLanguage":"fr-FR","@id":"https:\/\/kedemoseducation.com\/product\/english-ladder-junior\/#primaryimage","url":"https:\/\/i0.wp.com\/kedemoseducation.com\/wp-content\/uploads\/2022\/07\/Ladder-junior.jpg?fit=600%2C800&ssl=1","contentUrl":"https:\/\/i0.wp.com\/kedemoseducation.com\/wp-content\/uploads\/2022\/07\/Ladder-junior.jpg?fit=600%2C800&ssl=1","width":600,"height":800,"caption":"Anglais Langue \u00c9trang\u00e8re (EFL)- Ladder Junior"},{"@type":"BreadcrumbList","@id":"https:\/\/kedemoseducation.com\/product\/english-ladder-junior\/#breadcrumb","itemListElement":[{"@type":"ListItem","position":1,"name":"Home","item":"https:\/\/kedemoseducation.com\/"},{"@type":"ListItem","position":2,"name":"All Products","item":"https:\/\/kedemoseducation.com\/fr\/shop-2\/tous-les-produits\/"},{"@type":"ListItem","position":3,"name":"School Books","item":"https:\/\/kedemoseducation.com\/fr\/categorie-de-produit\/manuels-scolaires\/"},{"@type":"ListItem","position":4,"name":"English as a Foreign Language","item":"https:\/\/kedemoseducation.com\/en\/product-category\/school-books\/english-as-a-foreign-language\/"},{"@type":"ListItem","position":5,"name":"English &#8211; Ladder Junior"}]},{"@type":"WebSite","@id":"https:\/\/kedemoseducation.com\/fr\/#website","url":"https:\/\/kedemoseducation.com\/fr\/","name":"K\u00e9d\u00e9mos Education","description":"Le plaisir d'apprendre","publisher":{"@id":"https:\/\/kedemoseducation.com\/fr\/#organization"},"potentialAction":[{"@type":"SearchAction","target":{"@type":"EntryPoint","urlTemplate":"https:\/\/kedemoseducation.com\/fr\/?s={search_term_string}"},"query-input":{"@type":"PropertyValueSpecification","valueRequired":true,"valueName":"search_term_string"}}],"inLanguage":"fr-FR"},{"@type":"Organization","@id":"https:\/\/kedemoseducation.com\/fr\/#organization","name":"K\u00e9d\u00e9mos Education","url":"https:\/\/kedemoseducation.com\/fr\/","logo":{"@type":"ImageObject","inLanguage":"fr-FR","@id":"https:\/\/kedemoseducation.com\/fr\/#\/schema\/logo\/image\/","url":"https:\/\/kedemoseducation.com\/wp-content\/uploads\/2023\/06\/logo-kedemos-education.png","contentUrl":"https:\/\/kedemoseducation.com\/wp-content\/uploads\/2023\/06\/logo-kedemos-education.png","width":2362,"height":903,"caption":"Kedemos Education"},"image":{"@id":"https:\/\/kedemoseducation.com\/fr\/#\/schema\/logo\/image\/"},"sameAs":["https:\/\/www.facebook.com\/Kedemoseducation","https:\/\/www.instagram.com\/kedemoseducation\/","https:\/\/www.linkedin.com\/company\/kedemos-education\/"]}]}},"jetpack_sharing_enabled":true,"_links":{"self":[{"href":"https:\/\/kedemoseducation.com\/fr\/wp-json\/wp\/v2\/product\/1671","targetHints":{"allow":["GET"]}}],"collection":[{"href":"https:\/\/kedemoseducation.com\/fr\/wp-json\/wp\/v2\/product"}],"about":[{"href":"https:\/\/kedemoseducation.com\/fr\/wp-json\/wp\/v2\/types\/product"}],"replies":[{"embeddable":true,"href":"https:\/\/kedemoseducation.com\/fr\/wp-json\/wp\/v2\/comments?post=1671"}],"wp:featuredmedia":[{"embeddable":true,"href":"https:\/\/kedemoseducation.com\/fr\/wp-json\/wp\/v2\/media\/7333"}],"wp:attachment":[{"href":"https:\/\/kedemoseducation.com\/fr\/wp-json\/wp\/v2\/media?parent=1671"}],"wp:term":[{"taxonomy":"product_brand","embeddable":true,"href":"https:\/\/kedemoseducation.com\/fr\/wp-json\/wp\/v2\/product_brand?post=1671"},{"taxonomy":"product_cat","embeddable":true,"href":"https:\/\/kedemoseducation.com\/fr\/wp-json\/wp\/v2\/product_cat?post=1671"},{"taxonomy":"product_tag","embeddable":true,"href":"https:\/\/kedemoseducation.com\/fr\/wp-json\/wp\/v2\/product_tag?post=1671"}],"curies":[{"name":"wp","href":"https:\/\/api.w.org\/{rel}","templated":true}]}}