{"id":164,"date":"2022-05-05T06:16:58","date_gmt":"2022-05-05T03:16:58","guid":{"rendered":"https:\/\/eshop.classperts.com\/?post_type=product&#038;p=164"},"modified":"2026-02-19T09:54:16","modified_gmt":"2026-02-19T07:54:16","slug":"grade-2-science-textbook","status":"publish","type":"product","link":"https:\/\/kedemoseducation.com\/fr\/product\/ce1-eb2-manuel-de-sciences\/","title":{"rendered":"CE1 \/ EB2 - Manuel de sciences"},"content":{"rendered":"<h1><b>Manuel de sciences CE1 \/ EB2  - D\u00e9couvrir le monde<\/b><\/h1>\n<h2><strong>Pr\u00e9sentation de la m\u00e9thode du CE1 \/ EB2<\/strong><\/h2>\n<p>La collection \u00ab D\u00e9couvrir le monde \u00bb propose une premi\u00e8re initiation aux sciences. Ce manuel est destin\u00e9 aux \u00e9l\u00e8ves du CE1 \/ EB2.<\/p>\n<p><span style=\"font-weight: 400;\">L'enseignement des sciences propose une premi\u00e8re d\u00e9couverte du monde et un acc\u00e8s progressif au savoir et au savoir-faire. D\u00e8s le d\u00e9but de l'apprentissage, la curiosit\u00e9 de l'enfant est \u00e9veill\u00e9e. Il apprend \u00e0 formuler des hypoth\u00e8ses, \u00e0 \u00e9laborer des conceptions et \u00e0 mener des explorations. Ainsi, par la question et la recherche de r\u00e9ponses, il apprend \u00e0 structurer ses connaissances et \u00e0 les construire de mani\u00e8re plus scientifique.<\/span><\/p>\n<p>Dans ce manuel de sciences pour le CE1 \/ EB2, chaque le\u00e7on d\u00e9bute par une probl\u00e9matique ou une courte introduction qui place l'enfant en situation de questionnement. Ensuite, les observations et les manipulations conduisent \u00e0 une synth\u00e8se claire et structur\u00e9e.<\/p>\n<h3><b>Le manuel de sciences<\/b><\/h3>\n<p>Ce livre de sciences fait partie de la collection \u00ab D\u00e9couvrir le monde \u00bb et est destin\u00e9 au CE1 \/ EB2. Il est divis\u00e9 en 5 th\u00e8mes et 26 le\u00e7ons.<\/p>\n<p>Abondamment illustr\u00e9, il permet \u00e0 l\u2019enfant de d\u00e9couvrir notre monde. Dans cet ouvrage, vous trouverez :<\/p>\n<ul>\n<li aria-level=\"1\">Des exp\u00e9riences pour favoriser l\u2019observation et la manipulation.<\/li>\n<li aria-level=\"1\">Des exercices pour consolider les acquis.<\/li>\n<li aria-level=\"1\">Des questions de r\u00e9flexion pour d\u00e9velopper l\u2019esprit critique.<\/li>\n<li aria-level=\"1\">Des synth\u00e8ses avec pr\u00e9sentation des mots de chaque le\u00e7on.<\/li>\n<\/ul>\n<p>Enfin, des pages d'\u00e9valuation permettent \u00e0 l'enfant de faire le point sur le niveau des acquis. Elles permettent aussi de reprendre les notions qui ont besoin d\u2019\u00eatre mieux assimil\u00e9es.<\/p>","protected":false},"excerpt":{"rendered":"<p>Dans le prolongement du manuel de la Premi\u00e8re Ann\u00e9e Primaire (CP \/ EB1), ce manuel de sciences propose des activit\u00e9s de d\u00e9couverte du monde, ainsi qu\u2019une initiation aux concepts scientifiques.<\/p>","protected":false},"featured_media":7355,"comment_status":"closed","ping_status":"closed","template":"","meta":{"_monsterinsights_skip_tracking":false,"_monsterinsights_sitenote_active":false,"_monsterinsights_sitenote_note":"","_monsterinsights_sitenote_category":0},"product_brand":[],"product_cat":[17,16,132],"product_tag":[72,73,74,133,134],"class_list":{"0":"post-164","1":"product","2":"type-product","3":"status-publish","4":"has-post-thumbnail","6":"product_cat-french","7":"product_cat-school-books","8":"product_cat-science","9":"product_tag-ce1","10":"product_tag-eb2","11":"product_tag-grade-2","12":"product_tag-decouvrir-le-monde","13":"product_tag-science","14":"pa_grade-grade-2","16":"first","17":"instock","18":"shipping-taxable","19":"purchasable","20":"product-type-simple"},"yoast_head":"<!-- This site is optimized with the Yoast SEO plugin v26.4 - https:\/\/yoast.com\/wordpress\/plugins\/seo\/ -->\r\n<title>Grade 2 Science Textbook - Kedemos Education<\/title>\r\n<meta name=\"description\" content=\"The Grade 2 Science textbook from the \u201cD\u00e9couvrir le monde\u201d collection offers activities designed to introduce children to the world around them.\" \/>\r\n<meta name=\"robots\" content=\"index, follow, max-snippet:-1, max-image-preview:large, max-video-preview:-1\" \/>\r\n<link rel=\"canonical\" href=\"https:\/\/kedemoseducation.com\/fr\/product\/ce1-eb2-manuel-de-sciences\/\" \/>\r\n<meta property=\"og:locale\" content=\"fr_FR\" \/>\r\n<meta property=\"og:type\" content=\"article\" \/>\r\n<meta property=\"og:title\" content=\"Grade 2 Science Textbook - Kedemos Education\" \/>\r\n<meta property=\"og:description\" content=\"The Grade 2 Science textbook from the \u201cD\u00e9couvrir le monde\u201d collection offers activities designed to introduce children to the world around them.\" \/>\r\n<meta property=\"og:url\" content=\"https:\/\/kedemoseducation.com\/fr\/product\/ce1-eb2-manuel-de-sciences\/\" \/>\r\n<meta property=\"og:site_name\" content=\"Kedemos Education\" \/>\r\n<meta property=\"article:publisher\" content=\"https:\/\/www.facebook.com\/Kedemoseducation\" \/>\r\n<meta property=\"article:modified_time\" content=\"2026-02-19T07:54:16+00:00\" \/>\r\n<meta property=\"og:image\" content=\"https:\/\/kedemoseducation.com\/wp-content\/uploads\/2022\/05\/eb2-science-copy.jpg\" \/>\r\n\t<meta property=\"og:image:width\" content=\"600\" \/>\r\n\t<meta property=\"og:image:height\" content=\"800\" \/>\r\n\t<meta property=\"og:image:type\" content=\"image\/jpeg\" \/>\r\n<meta name=\"twitter:card\" content=\"summary_large_image\" \/>\r\n<meta name=\"twitter:label1\" content=\"Dur\u00e9e de lecture estim\u00e9e\" \/>\n\t<meta name=\"twitter:data1\" content=\"2 minutes\" \/>\r\n<script type=\"application\/ld+json\" class=\"yoast-schema-graph\">{\"@context\":\"https:\/\/schema.org\",\"@graph\":[{\"@type\":\"WebPage\",\"@id\":\"https:\/\/kedemoseducation.com\/product\/grade-2-science-textbook\/\",\"url\":\"https:\/\/kedemoseducation.com\/product\/grade-2-science-textbook\/\",\"name\":\"Grade 2 Science Textbook - Kedemos Education\",\"isPartOf\":{\"@id\":\"https:\/\/kedemoseducation.com\/fr\/#website\"},\"primaryImageOfPage\":{\"@id\":\"https:\/\/kedemoseducation.com\/product\/grade-2-science-textbook\/#primaryimage\"},\"image\":{\"@id\":\"https:\/\/kedemoseducation.com\/product\/grade-2-science-textbook\/#primaryimage\"},\"thumbnailUrl\":\"https:\/\/i0.wp.com\/kedemoseducation.com\/wp-content\/uploads\/2022\/05\/eb2-science-copy.jpg?fit=600%2C800&ssl=1\",\"datePublished\":\"2022-05-05T03:16:58+00:00\",\"dateModified\":\"2026-02-19T07:54:16+00:00\",\"description\":\"The Grade 2 Science textbook from the \u201cD\u00e9couvrir le monde\u201d collection offers activities designed to introduce children to the world around them.\",\"breadcrumb\":{\"@id\":\"https:\/\/kedemoseducation.com\/product\/grade-2-science-textbook\/#breadcrumb\"},\"inLanguage\":\"fr-FR\",\"potentialAction\":[{\"@type\":\"ReadAction\",\"target\":[\"https:\/\/kedemoseducation.com\/product\/grade-2-science-textbook\/\"]}]},{\"@type\":\"ImageObject\",\"inLanguage\":\"fr-FR\",\"@id\":\"https:\/\/kedemoseducation.com\/product\/grade-2-science-textbook\/#primaryimage\",\"url\":\"https:\/\/i0.wp.com\/kedemoseducation.com\/wp-content\/uploads\/2022\/05\/eb2-science-copy.jpg?fit=600%2C800&ssl=1\",\"contentUrl\":\"https:\/\/i0.wp.com\/kedemoseducation.com\/wp-content\/uploads\/2022\/05\/eb2-science-copy.jpg?fit=600%2C800&ssl=1\",\"width\":600,\"height\":800,\"caption\":\"CE1 \/ EB2 Sciences - D\u00e9couvrir le Monde\"},{\"@type\":\"BreadcrumbList\",\"@id\":\"https:\/\/kedemoseducation.com\/product\/grade-2-science-textbook\/#breadcrumb\",\"itemListElement\":[{\"@type\":\"ListItem\",\"position\":1,\"name\":\"Home\",\"item\":\"https:\/\/kedemoseducation.com\/\"},{\"@type\":\"ListItem\",\"position\":2,\"name\":\"All Products\",\"item\":\"https:\/\/kedemoseducation.com\/fr\/shop-2\/tous-les-produits\/\"},{\"@type\":\"ListItem\",\"position\":3,\"name\":\"School Books\",\"item\":\"https:\/\/kedemoseducation.com\/fr\/categorie-de-produit\/manuels-scolaires\/\"},{\"@type\":\"ListItem\",\"position\":4,\"name\":\"Grade 2 &#8211; Science Textbook\"}]},{\"@type\":\"WebSite\",\"@id\":\"https:\/\/kedemoseducation.com\/fr\/#website\",\"url\":\"https:\/\/kedemoseducation.com\/fr\/\",\"name\":\"Kedemos Education\",\"description\":\"The Pleasure of Learning\",\"publisher\":{\"@id\":\"https:\/\/kedemoseducation.com\/fr\/#organization\"},\"potentialAction\":[{\"@type\":\"SearchAction\",\"target\":{\"@type\":\"EntryPoint\",\"urlTemplate\":\"https:\/\/kedemoseducation.com\/fr\/?s={search_term_string}\"},\"query-input\":{\"@type\":\"PropertyValueSpecification\",\"valueRequired\":true,\"valueName\":\"search_term_string\"}}],\"inLanguage\":\"fr-FR\"},{\"@type\":\"Organization\",\"@id\":\"https:\/\/kedemoseducation.com\/fr\/#organization\",\"name\":\"Kedemos Education\",\"url\":\"https:\/\/kedemoseducation.com\/fr\/\",\"logo\":{\"@type\":\"ImageObject\",\"inLanguage\":\"fr-FR\",\"@id\":\"https:\/\/kedemoseducation.com\/fr\/#\/schema\/logo\/image\/\",\"url\":\"https:\/\/kedemoseducation.com\/wp-content\/uploads\/2023\/06\/logo-kedemos-education.png\",\"contentUrl\":\"https:\/\/kedemoseducation.com\/wp-content\/uploads\/2023\/06\/logo-kedemos-education.png\",\"width\":2362,\"height\":903,\"caption\":\"Kedemos Education\"},\"image\":{\"@id\":\"https:\/\/kedemoseducation.com\/fr\/#\/schema\/logo\/image\/\"},\"sameAs\":[\"https:\/\/www.facebook.com\/Kedemoseducation\",\"https:\/\/www.instagram.com\/kedemoseducation\/\",\"https:\/\/www.linkedin.com\/company\/kedemos-education\/\"]}]}<\/script>\r\n<!-- \/ Yoast SEO plugin. -->","yoast_head_json":{"title":"CE1 \/ EB2 Manuel de sciences - K\u00e9d\u00e9mos Education","description":"Le manuel de sciences \u00ab D\u00e9couvrir le monde \u00bb pour le CE1 \/ EB2 propose des activit\u00e9s progressives destin\u00e9es \u00e0 initier l\u2019enfant au monde qui l\u2019entoure et aux premiers concepts scientifiques.","robots":{"index":"index","follow":"follow","max-snippet":"max-snippet:-1","max-image-preview":"max-image-preview:large","max-video-preview":"max-video-preview:-1"},"canonical":"https:\/\/kedemoseducation.com\/fr\/product\/ce1-eb2-manuel-de-sciences\/","og_locale":"fr_FR","og_type":"article","og_title":"Grade 2 Science Textbook - Kedemos Education","og_description":"The Grade 2 Science textbook from the \u201cD\u00e9couvrir le monde\u201d collection offers activities designed to introduce children to the world around them.","og_url":"https:\/\/kedemoseducation.com\/fr\/product\/ce1-eb2-manuel-de-sciences\/","og_site_name":"Kedemos Education","article_publisher":"https:\/\/www.facebook.com\/Kedemoseducation","article_modified_time":"2026-02-19T07:54:16+00:00","og_image":[{"width":600,"height":800,"url":"https:\/\/kedemoseducation.com\/wp-content\/uploads\/2022\/05\/eb2-science-copy.jpg","type":"image\/jpeg"}],"twitter_card":"summary_large_image","twitter_misc":{"Dur\u00e9e de lecture estim\u00e9e":"2 minutes"},"schema":{"@context":"https:\/\/schema.org","@graph":[{"@type":"WebPage","@id":"https:\/\/kedemoseducation.com\/product\/grade-2-science-textbook\/","url":"https:\/\/kedemoseducation.com\/product\/grade-2-science-textbook\/","name":"CE1 \/ EB2 Manuel de sciences - K\u00e9d\u00e9mos Education","isPartOf":{"@id":"https:\/\/kedemoseducation.com\/fr\/#website"},"primaryImageOfPage":{"@id":"https:\/\/kedemoseducation.com\/product\/grade-2-science-textbook\/#primaryimage"},"image":{"@id":"https:\/\/kedemoseducation.com\/product\/grade-2-science-textbook\/#primaryimage"},"thumbnailUrl":"https:\/\/i0.wp.com\/kedemoseducation.com\/wp-content\/uploads\/2022\/05\/eb2-science-copy.jpg?fit=600%2C800&ssl=1","datePublished":"2022-05-05T03:16:58+00:00","dateModified":"2026-02-19T07:54:16+00:00","description":"Le manuel de sciences \u00ab D\u00e9couvrir le monde \u00bb pour le CE1 \/ EB2 propose des activit\u00e9s progressives destin\u00e9es \u00e0 initier l\u2019enfant au monde qui l\u2019entoure et aux premiers concepts scientifiques.","breadcrumb":{"@id":"https:\/\/kedemoseducation.com\/product\/grade-2-science-textbook\/#breadcrumb"},"inLanguage":"fr-FR","potentialAction":[{"@type":"ReadAction","target":["https:\/\/kedemoseducation.com\/product\/grade-2-science-textbook\/"]}]},{"@type":"ImageObject","inLanguage":"fr-FR","@id":"https:\/\/kedemoseducation.com\/product\/grade-2-science-textbook\/#primaryimage","url":"https:\/\/i0.wp.com\/kedemoseducation.com\/wp-content\/uploads\/2022\/05\/eb2-science-copy.jpg?fit=600%2C800&ssl=1","contentUrl":"https:\/\/i0.wp.com\/kedemoseducation.com\/wp-content\/uploads\/2022\/05\/eb2-science-copy.jpg?fit=600%2C800&ssl=1","width":600,"height":800,"caption":"CE1 \/ EB2 Sciences - D\u00e9couvrir le Monde"},{"@type":"BreadcrumbList","@id":"https:\/\/kedemoseducation.com\/product\/grade-2-science-textbook\/#breadcrumb","itemListElement":[{"@type":"ListItem","position":1,"name":"Home","item":"https:\/\/kedemoseducation.com\/"},{"@type":"ListItem","position":2,"name":"All Products","item":"https:\/\/kedemoseducation.com\/fr\/shop-2\/tous-les-produits\/"},{"@type":"ListItem","position":3,"name":"School Books","item":"https:\/\/kedemoseducation.com\/fr\/categorie-de-produit\/manuels-scolaires\/"},{"@type":"ListItem","position":4,"name":"Grade 2 &#8211; Science Textbook"}]},{"@type":"WebSite","@id":"https:\/\/kedemoseducation.com\/fr\/#website","url":"https:\/\/kedemoseducation.com\/fr\/","name":"K\u00e9d\u00e9mos Education","description":"Le plaisir d'apprendre","publisher":{"@id":"https:\/\/kedemoseducation.com\/fr\/#organization"},"potentialAction":[{"@type":"SearchAction","target":{"@type":"EntryPoint","urlTemplate":"https:\/\/kedemoseducation.com\/fr\/?s={search_term_string}"},"query-input":{"@type":"PropertyValueSpecification","valueRequired":true,"valueName":"search_term_string"}}],"inLanguage":"fr-FR"},{"@type":"Organization","@id":"https:\/\/kedemoseducation.com\/fr\/#organization","name":"K\u00e9d\u00e9mos Education","url":"https:\/\/kedemoseducation.com\/fr\/","logo":{"@type":"ImageObject","inLanguage":"fr-FR","@id":"https:\/\/kedemoseducation.com\/fr\/#\/schema\/logo\/image\/","url":"https:\/\/kedemoseducation.com\/wp-content\/uploads\/2023\/06\/logo-kedemos-education.png","contentUrl":"https:\/\/kedemoseducation.com\/wp-content\/uploads\/2023\/06\/logo-kedemos-education.png","width":2362,"height":903,"caption":"Kedemos Education"},"image":{"@id":"https:\/\/kedemoseducation.com\/fr\/#\/schema\/logo\/image\/"},"sameAs":["https:\/\/www.facebook.com\/Kedemoseducation","https:\/\/www.instagram.com\/kedemoseducation\/","https:\/\/www.linkedin.com\/company\/kedemos-education\/"]}]}},"jetpack_sharing_enabled":true,"_links":{"self":[{"href":"https:\/\/kedemoseducation.com\/fr\/wp-json\/wp\/v2\/product\/164","targetHints":{"allow":["GET"]}}],"collection":[{"href":"https:\/\/kedemoseducation.com\/fr\/wp-json\/wp\/v2\/product"}],"about":[{"href":"https:\/\/kedemoseducation.com\/fr\/wp-json\/wp\/v2\/types\/product"}],"replies":[{"embeddable":true,"href":"https:\/\/kedemoseducation.com\/fr\/wp-json\/wp\/v2\/comments?post=164"}],"wp:featuredmedia":[{"embeddable":true,"href":"https:\/\/kedemoseducation.com\/fr\/wp-json\/wp\/v2\/media\/7355"}],"wp:attachment":[{"href":"https:\/\/kedemoseducation.com\/fr\/wp-json\/wp\/v2\/media?parent=164"}],"wp:term":[{"taxonomy":"product_brand","embeddable":true,"href":"https:\/\/kedemoseducation.com\/fr\/wp-json\/wp\/v2\/product_brand?post=164"},{"taxonomy":"product_cat","embeddable":true,"href":"https:\/\/kedemoseducation.com\/fr\/wp-json\/wp\/v2\/product_cat?post=164"},{"taxonomy":"product_tag","embeddable":true,"href":"https:\/\/kedemoseducation.com\/fr\/wp-json\/wp\/v2\/product_tag?post=164"}],"curies":[{"name":"wp","href":"https:\/\/api.w.org\/{rel}","templated":true}]}}