{"id":154,"date":"2022-05-05T06:16:53","date_gmt":"2022-05-05T06:16:53","guid":{"rendered":"https:\/\/eshop.classperts.com\/?post_type=product&#038;p=154"},"modified":"2025-12-26T09:41:46","modified_gmt":"2025-12-26T07:41:46","slug":"conte-la-tele","status":"publish","type":"product","link":"https:\/\/kedemoseducation.com\/fr\/product\/conte-la-tele\/","title":{"rendered":"La t\u00e9l\u00e9"},"content":{"rendered":"<h1>Conte La t\u00e9l\u00e9<\/h1>\n<p>Le conte La t\u00e9l\u00e9 est le huiti\u00e8me de la collection <a href=\"https:\/\/www.instagram.com\/kedemoseducation\/\">Albums Galaxie <\/a><a href=\"https:\/\/www.instagram.com\/kedemoseducation\/\">\u00a0<\/a>&#8211; <a href=\"https:\/\/www.instagram.com\/kedemoseducation\/\">S\u00e9rie Etoile Bleue<\/a>. Il raconte l&#8217;histoire de Fouad, qui adore la t\u00e9l\u00e9 depuis qu\u2019il \u00e9tait b\u00e9b\u00e9, et qui ne peut plus vivre sans la regarder du matin jusqu\u2019au soir. Que va-t-il se passer un jour ? Fouad changera-t-il ses habitudes ?<\/p>\n<p><strong>Contes Albums Galaxie<\/strong><\/p>\n<p>La collection <a href=\"https:\/\/www.instagram.com\/p\/Cyzr6ygtasJ\/?img_index=1\">Albums Galaxie &#8211; S\u00e9rie Etoile Bleue<\/a> &#8211; est d\u00e9di\u00e9e aux \u00e9l\u00e8ves du CE2 &#8211; EB3, soit les enfants de 8 \u00e0 9 ans. Elle comprend 9 albums divertissants pour les petits, sous forme d\u2019histoires th\u00e9matiques :<\/p>\n<p>&nbsp;<\/p>\n<ul>\n<li><a href=\"https:\/\/kedemoseducation.com\/fr\/produit\/conte-girafette-va-en-classe\/\">Girafette va en classe<\/a><\/li>\n<li><a href=\"https:\/\/kedemoseducation.com\/fr\/produit\/conte-hans-et-gretel\/\">Hans et Gr\u00e9tel<\/a><\/li>\n<li><a href=\"https:\/\/kedemoseducation.com\/fr\/produit\/fleurs-de-beton\/\">Fleurs de b\u00e9ton<\/a><\/li>\n<li><a href=\"https:\/\/kedemoseducation.com\/fr\/produit\/pierre-et-le-loup\/\">Pierre et le loup<\/a><\/li>\n<li><a href=\"https:\/\/kedemoseducation.com\/fr\/produit\/quand-le-chat-nest-pas-la\/\">Quand le chat n\u2019est pas l\u00e0\u2026<\/a><\/li>\n<li><a href=\"https:\/\/kedemoseducation.com\/fr\/produit\/conte-la-mousse-au-chocolat\/\">La mousse au chocolat<\/a><\/li>\n<li><a href=\"https:\/\/kedemoseducation.com\/fr\/produit\/conte-les-quatre-freres\/\">Les quatre fr\u00e8res<\/a><\/li>\n<li><a href=\"https:\/\/kedemoseducation.com\/fr\/produit\/conte-la-tele\/\">La t\u00e9l\u00e9<\/a><\/li>\n<li><a href=\"https:\/\/kedemoseducation.com\/fr\/produit\/les-101-dalmatiens\/\">Les 101 dalmatiens<\/a>.<\/li>\n<\/ul>\n<p>&nbsp;<\/p>\n<p>Nos contes ont pour but d\u2019inspirer les enfants tout en les divertissant. Faciles \u00e0 comprendre et \u00e9tant parfaitement adapt\u00e9s \u00e0 leur \u00e2ge, nos histoires sont \u00e9troitement li\u00e9es aux exp\u00e9riences journali\u00e8res des tout petits, et au monde qui les fascine.<\/p>\n<p>Chacun de ces 9 albums est illustr\u00e9 par de belles images en couleurs. Les textes sont de grande taille pour faciliter la lecture aux enfants.<\/p>\n<p>Les contes sont disponibles uniquement en grand format, et peuvent \u00eatre achet\u00e9s individuellement ou <a href=\"https:\/\/kedemoseducation.com\/fr\/produit\/collection-albums-galaxie-etoile-bleue\/\">en bouquet de contes<\/a>. Il convient de signaler que le th\u00e8me de chaque conte est en rapport direct avec les apprentissages dans le <a href=\"https:\/\/kedemoseducation.com\/fr\/produit\/ce2-eb3-livre-de-lecture\/\">manuel pour le CE2 &#8211; EB3<\/a>.<\/p>","protected":false},"excerpt":{"rendered":"<p><span style=\"font-weight: 400;\">Cette collection de contes propose des albums tout en couleur, pour d\u00e9couvrir, lire et aimer des histoires courtes, passionnantes, et adapt\u00e9es au niveau linguistique, psychologique et affectif de nos enfants de 7 \u00e0 10 ans.<\/span><\/p>","protected":false},"featured_media":7528,"comment_status":"closed","ping_status":"closed","template":"","meta":{"_monsterinsights_skip_tracking":false,"_monsterinsights_sitenote_active":false,"_monsterinsights_sitenote_note":"","_monsterinsights_sitenote_category":0},"product_brand":[],"product_cat":[159,167,151,165],"product_tag":[314],"class_list":{"0":"post-154","1":"product","2":"type-product","3":"status-publish","4":"has-post-thumbnail","6":"product_cat-french-storybooks","7":"product_cat-blue-star","8":"product_cat-storybooks-for-children","9":"product_cat-collection-galaxie","10":"product_tag-7-10-years-old","12":"first","13":"instock","14":"shipping-taxable","15":"purchasable","16":"product-type-simple"},"yoast_head":"<!-- This site is optimized with the Yoast SEO plugin v26.4 - https:\/\/yoast.com\/wordpress\/plugins\/seo\/ -->\r\n<title>La t\u00e9l\u00e9 - Kedemos Education<\/title>\r\n<meta name=\"description\" content=\"Le conte &quot;La t\u00e9l\u00e9&quot; parle de Fouad, un passionn\u00e9 de t\u00e9l\u00e9vision depuis son plus jeune \u00e2ge, incapable de passer une journ\u00e9e sans la regarder.\" \/>\r\n<meta name=\"robots\" content=\"index, follow, max-snippet:-1, max-image-preview:large, max-video-preview:-1\" \/>\r\n<link rel=\"canonical\" href=\"https:\/\/kedemoseducation.com\/fr\/product\/conte-la-tele\/\" \/>\r\n<meta property=\"og:locale\" content=\"fr_FR\" \/>\r\n<meta property=\"og:type\" content=\"article\" \/>\r\n<meta property=\"og:title\" content=\"La t\u00e9l\u00e9 - Kedemos Education\" \/>\r\n<meta property=\"og:description\" content=\"Le conte &quot;La t\u00e9l\u00e9&quot; parle de Fouad, un passionn\u00e9 de t\u00e9l\u00e9vision depuis son plus jeune \u00e2ge, incapable de passer une journ\u00e9e sans la regarder.\" \/>\r\n<meta property=\"og:url\" content=\"https:\/\/kedemoseducation.com\/fr\/product\/conte-la-tele\/\" \/>\r\n<meta property=\"og:site_name\" content=\"Kedemos Education\" \/>\r\n<meta property=\"article:publisher\" content=\"https:\/\/www.facebook.com\/Kedemoseducation\" \/>\r\n<meta property=\"article:modified_time\" content=\"2025-12-26T07:41:46+00:00\" \/>\r\n<meta property=\"og:image\" content=\"https:\/\/kedemoseducation.com\/wp-content\/uploads\/2022\/05\/La-tele-1.jpg\" \/>\r\n\t<meta property=\"og:image:width\" content=\"600\" \/>\r\n\t<meta property=\"og:image:height\" content=\"800\" \/>\r\n\t<meta property=\"og:image:type\" content=\"image\/jpeg\" \/>\r\n<meta name=\"twitter:card\" content=\"summary_large_image\" \/>\r\n<meta name=\"twitter:label1\" content=\"Dur\u00e9e de lecture estim\u00e9e\" \/>\n\t<meta name=\"twitter:data1\" content=\"2 minutes\" \/>\r\n<script type=\"application\/ld+json\" class=\"yoast-schema-graph\">{\"@context\":\"https:\/\/schema.org\",\"@graph\":[{\"@type\":\"WebPage\",\"@id\":\"https:\/\/kedemoseducation.com\/product\/conte-la-tele\/\",\"url\":\"https:\/\/kedemoseducation.com\/product\/conte-la-tele\/\",\"name\":\"La t\u00e9l\u00e9 - Kedemos Education\",\"isPartOf\":{\"@id\":\"https:\/\/kedemoseducation.com\/fr\/#website\"},\"primaryImageOfPage\":{\"@id\":\"https:\/\/kedemoseducation.com\/product\/conte-la-tele\/#primaryimage\"},\"image\":{\"@id\":\"https:\/\/kedemoseducation.com\/product\/conte-la-tele\/#primaryimage\"},\"thumbnailUrl\":\"https:\/\/i0.wp.com\/kedemoseducation.com\/wp-content\/uploads\/2022\/05\/La-tele-1.jpg?fit=600%2C800&ssl=1\",\"datePublished\":\"2022-05-05T06:16:53+00:00\",\"dateModified\":\"2025-12-26T07:41:46+00:00\",\"description\":\"Le conte \\\"La t\u00e9l\u00e9\\\" parle de Fouad, un passionn\u00e9 de t\u00e9l\u00e9vision depuis son plus jeune \u00e2ge, incapable de passer une journ\u00e9e sans la regarder.\",\"breadcrumb\":{\"@id\":\"https:\/\/kedemoseducation.com\/product\/conte-la-tele\/#breadcrumb\"},\"inLanguage\":\"fr-FR\",\"potentialAction\":[{\"@type\":\"ReadAction\",\"target\":[\"https:\/\/kedemoseducation.com\/product\/conte-la-tele\/\"]}]},{\"@type\":\"ImageObject\",\"inLanguage\":\"fr-FR\",\"@id\":\"https:\/\/kedemoseducation.com\/product\/conte-la-tele\/#primaryimage\",\"url\":\"https:\/\/i0.wp.com\/kedemoseducation.com\/wp-content\/uploads\/2022\/05\/La-tele-1.jpg?fit=600%2C800&ssl=1\",\"contentUrl\":\"https:\/\/i0.wp.com\/kedemoseducation.com\/wp-content\/uploads\/2022\/05\/La-tele-1.jpg?fit=600%2C800&ssl=1\",\"width\":600,\"height\":800,\"caption\":\"Conte La t\u00e9l\u00e9\"},{\"@type\":\"BreadcrumbList\",\"@id\":\"https:\/\/kedemoseducation.com\/product\/conte-la-tele\/#breadcrumb\",\"itemListElement\":[{\"@type\":\"ListItem\",\"position\":1,\"name\":\"Home\",\"item\":\"https:\/\/kedemoseducation.com\/\"},{\"@type\":\"ListItem\",\"position\":2,\"name\":\"All Products\",\"item\":\"https:\/\/kedemoseducation.com\/fr\/shop-2\/tous-les-produits\/\"},{\"@type\":\"ListItem\",\"position\":3,\"name\":\"Stories\",\"item\":\"https:\/\/kedemoseducation.com\/en\/product-category\/storybooks-for-children\/\"},{\"@type\":\"ListItem\",\"position\":4,\"name\":\"French\",\"item\":\"https:\/\/kedemoseducation.com\/en\/product-category\/storybooks-for-children\/french-storybooks\/\"},{\"@type\":\"ListItem\",\"position\":5,\"name\":\"Collection Galaxie\",\"item\":\"https:\/\/kedemoseducation.com\/product-category\/contes-pour-enfants\/contes-en-francais\/collection-galaxie\/\"},{\"@type\":\"ListItem\",\"position\":6,\"name\":\"Bleu Star\",\"item\":\"https:\/\/kedemoseducation.com\/product-category\/contes-pour-enfants\/contes-en-francais\/collection-galaxie\/etoile-bleue\/\"},{\"@type\":\"ListItem\",\"position\":7,\"name\":\"La t\u00e9l\u00e9\"}]},{\"@type\":\"WebSite\",\"@id\":\"https:\/\/kedemoseducation.com\/fr\/#website\",\"url\":\"https:\/\/kedemoseducation.com\/fr\/\",\"name\":\"Kedemos Education\",\"description\":\"The Pleasure of Learning\",\"publisher\":{\"@id\":\"https:\/\/kedemoseducation.com\/fr\/#organization\"},\"potentialAction\":[{\"@type\":\"SearchAction\",\"target\":{\"@type\":\"EntryPoint\",\"urlTemplate\":\"https:\/\/kedemoseducation.com\/fr\/?s={search_term_string}\"},\"query-input\":{\"@type\":\"PropertyValueSpecification\",\"valueRequired\":true,\"valueName\":\"search_term_string\"}}],\"inLanguage\":\"fr-FR\"},{\"@type\":\"Organization\",\"@id\":\"https:\/\/kedemoseducation.com\/fr\/#organization\",\"name\":\"Kedemos Education\",\"url\":\"https:\/\/kedemoseducation.com\/fr\/\",\"logo\":{\"@type\":\"ImageObject\",\"inLanguage\":\"fr-FR\",\"@id\":\"https:\/\/kedemoseducation.com\/fr\/#\/schema\/logo\/image\/\",\"url\":\"https:\/\/kedemoseducation.com\/wp-content\/uploads\/2023\/06\/logo-kedemos-education.png\",\"contentUrl\":\"https:\/\/kedemoseducation.com\/wp-content\/uploads\/2023\/06\/logo-kedemos-education.png\",\"width\":2362,\"height\":903,\"caption\":\"Kedemos Education\"},\"image\":{\"@id\":\"https:\/\/kedemoseducation.com\/fr\/#\/schema\/logo\/image\/\"},\"sameAs\":[\"https:\/\/www.facebook.com\/Kedemoseducation\",\"https:\/\/www.instagram.com\/kedemoseducation\/\",\"https:\/\/www.linkedin.com\/company\/kedemos-education\/\"]}]}<\/script>\r\n<!-- \/ Yoast SEO plugin. -->","yoast_head_json":{"title":"La t\u00e9l\u00e9 - Kedemos Education","description":"Le conte \"La t\u00e9l\u00e9\" parle de Fouad, un passionn\u00e9 de t\u00e9l\u00e9vision depuis son plus jeune \u00e2ge, incapable de passer une journ\u00e9e sans la regarder.","robots":{"index":"index","follow":"follow","max-snippet":"max-snippet:-1","max-image-preview":"max-image-preview:large","max-video-preview":"max-video-preview:-1"},"canonical":"https:\/\/kedemoseducation.com\/fr\/product\/conte-la-tele\/","og_locale":"fr_FR","og_type":"article","og_title":"La t\u00e9l\u00e9 - Kedemos Education","og_description":"Le conte \"La t\u00e9l\u00e9\" parle de Fouad, un passionn\u00e9 de t\u00e9l\u00e9vision depuis son plus jeune \u00e2ge, incapable de passer une journ\u00e9e sans la regarder.","og_url":"https:\/\/kedemoseducation.com\/fr\/product\/conte-la-tele\/","og_site_name":"Kedemos Education","article_publisher":"https:\/\/www.facebook.com\/Kedemoseducation","article_modified_time":"2025-12-26T07:41:46+00:00","og_image":[{"width":600,"height":800,"url":"https:\/\/kedemoseducation.com\/wp-content\/uploads\/2022\/05\/La-tele-1.jpg","type":"image\/jpeg"}],"twitter_card":"summary_large_image","twitter_misc":{"Dur\u00e9e de lecture estim\u00e9e":"2 minutes"},"schema":{"@context":"https:\/\/schema.org","@graph":[{"@type":"WebPage","@id":"https:\/\/kedemoseducation.com\/product\/conte-la-tele\/","url":"https:\/\/kedemoseducation.com\/product\/conte-la-tele\/","name":"La t\u00e9l\u00e9 - Kedemos Education","isPartOf":{"@id":"https:\/\/kedemoseducation.com\/fr\/#website"},"primaryImageOfPage":{"@id":"https:\/\/kedemoseducation.com\/product\/conte-la-tele\/#primaryimage"},"image":{"@id":"https:\/\/kedemoseducation.com\/product\/conte-la-tele\/#primaryimage"},"thumbnailUrl":"https:\/\/i0.wp.com\/kedemoseducation.com\/wp-content\/uploads\/2022\/05\/La-tele-1.jpg?fit=600%2C800&ssl=1","datePublished":"2022-05-05T06:16:53+00:00","dateModified":"2025-12-26T07:41:46+00:00","description":"Le conte \"La t\u00e9l\u00e9\" parle de Fouad, un passionn\u00e9 de t\u00e9l\u00e9vision depuis son plus jeune \u00e2ge, incapable de passer une journ\u00e9e sans la regarder.","breadcrumb":{"@id":"https:\/\/kedemoseducation.com\/product\/conte-la-tele\/#breadcrumb"},"inLanguage":"fr-FR","potentialAction":[{"@type":"ReadAction","target":["https:\/\/kedemoseducation.com\/product\/conte-la-tele\/"]}]},{"@type":"ImageObject","inLanguage":"fr-FR","@id":"https:\/\/kedemoseducation.com\/product\/conte-la-tele\/#primaryimage","url":"https:\/\/i0.wp.com\/kedemoseducation.com\/wp-content\/uploads\/2022\/05\/La-tele-1.jpg?fit=600%2C800&ssl=1","contentUrl":"https:\/\/i0.wp.com\/kedemoseducation.com\/wp-content\/uploads\/2022\/05\/La-tele-1.jpg?fit=600%2C800&ssl=1","width":600,"height":800,"caption":"Conte La t\u00e9l\u00e9"},{"@type":"BreadcrumbList","@id":"https:\/\/kedemoseducation.com\/product\/conte-la-tele\/#breadcrumb","itemListElement":[{"@type":"ListItem","position":1,"name":"Home","item":"https:\/\/kedemoseducation.com\/"},{"@type":"ListItem","position":2,"name":"All Products","item":"https:\/\/kedemoseducation.com\/fr\/shop-2\/tous-les-produits\/"},{"@type":"ListItem","position":3,"name":"Stories","item":"https:\/\/kedemoseducation.com\/en\/product-category\/storybooks-for-children\/"},{"@type":"ListItem","position":4,"name":"French","item":"https:\/\/kedemoseducation.com\/en\/product-category\/storybooks-for-children\/french-storybooks\/"},{"@type":"ListItem","position":5,"name":"Collection Galaxie","item":"https:\/\/kedemoseducation.com\/product-category\/contes-pour-enfants\/contes-en-francais\/collection-galaxie\/"},{"@type":"ListItem","position":6,"name":"Bleu Star","item":"https:\/\/kedemoseducation.com\/product-category\/contes-pour-enfants\/contes-en-francais\/collection-galaxie\/etoile-bleue\/"},{"@type":"ListItem","position":7,"name":"La t\u00e9l\u00e9"}]},{"@type":"WebSite","@id":"https:\/\/kedemoseducation.com\/fr\/#website","url":"https:\/\/kedemoseducation.com\/fr\/","name":"K\u00e9d\u00e9mos Education","description":"Le plaisir d'apprendre","publisher":{"@id":"https:\/\/kedemoseducation.com\/fr\/#organization"},"potentialAction":[{"@type":"SearchAction","target":{"@type":"EntryPoint","urlTemplate":"https:\/\/kedemoseducation.com\/fr\/?s={search_term_string}"},"query-input":{"@type":"PropertyValueSpecification","valueRequired":true,"valueName":"search_term_string"}}],"inLanguage":"fr-FR"},{"@type":"Organization","@id":"https:\/\/kedemoseducation.com\/fr\/#organization","name":"K\u00e9d\u00e9mos Education","url":"https:\/\/kedemoseducation.com\/fr\/","logo":{"@type":"ImageObject","inLanguage":"fr-FR","@id":"https:\/\/kedemoseducation.com\/fr\/#\/schema\/logo\/image\/","url":"https:\/\/kedemoseducation.com\/wp-content\/uploads\/2023\/06\/logo-kedemos-education.png","contentUrl":"https:\/\/kedemoseducation.com\/wp-content\/uploads\/2023\/06\/logo-kedemos-education.png","width":2362,"height":903,"caption":"Kedemos Education"},"image":{"@id":"https:\/\/kedemoseducation.com\/fr\/#\/schema\/logo\/image\/"},"sameAs":["https:\/\/www.facebook.com\/Kedemoseducation","https:\/\/www.instagram.com\/kedemoseducation\/","https:\/\/www.linkedin.com\/company\/kedemos-education\/"]}]}},"jetpack_sharing_enabled":true,"_links":{"self":[{"href":"https:\/\/kedemoseducation.com\/fr\/wp-json\/wp\/v2\/product\/154","targetHints":{"allow":["GET"]}}],"collection":[{"href":"https:\/\/kedemoseducation.com\/fr\/wp-json\/wp\/v2\/product"}],"about":[{"href":"https:\/\/kedemoseducation.com\/fr\/wp-json\/wp\/v2\/types\/product"}],"replies":[{"embeddable":true,"href":"https:\/\/kedemoseducation.com\/fr\/wp-json\/wp\/v2\/comments?post=154"}],"wp:featuredmedia":[{"embeddable":true,"href":"https:\/\/kedemoseducation.com\/fr\/wp-json\/wp\/v2\/media\/7528"}],"wp:attachment":[{"href":"https:\/\/kedemoseducation.com\/fr\/wp-json\/wp\/v2\/media?parent=154"}],"wp:term":[{"taxonomy":"product_brand","embeddable":true,"href":"https:\/\/kedemoseducation.com\/fr\/wp-json\/wp\/v2\/product_brand?post=154"},{"taxonomy":"product_cat","embeddable":true,"href":"https:\/\/kedemoseducation.com\/fr\/wp-json\/wp\/v2\/product_cat?post=154"},{"taxonomy":"product_tag","embeddable":true,"href":"https:\/\/kedemoseducation.com\/fr\/wp-json\/wp\/v2\/product_tag?post=154"}],"curies":[{"name":"wp","href":"https:\/\/api.w.org\/{rel}","templated":true}]}}