{"id":149,"date":"2022-05-05T06:16:51","date_gmt":"2022-05-05T03:16:51","guid":{"rendered":"https:\/\/eshop.classperts.com\/?post_type=product&#038;p=149"},"modified":"2026-02-19T10:00:05","modified_gmt":"2026-02-19T08:00:05","slug":"grade-3-science-textbook","status":"publish","type":"product","link":"https:\/\/kedemoseducation.com\/fr\/product\/ce2-eb3-manuel-de-sciences\/","title":{"rendered":"CE2 \/ EB3 - Manuel de sciences"},"content":{"rendered":"<h1><b>Manuel de sciences CE2 \/ EB3 - D\u00e9couvrir le monde<\/b><\/h1>\n<h2><strong>Pr\u00e9sentation de la m\u00e9thode du CE2 \/ EB3<\/strong><\/h2>\n<p><span style=\"font-weight: 400;\">Une collection pour \u00ab D\u00e9couvrir le monde \u00bb. Ce livre de sciences de la collection D\u00e9couvrir le monde est destin\u00e9 au CE2 \/ EB3.<\/span><\/p>\n<p><span style=\"font-weight: 400;\">L'enseignement des sciences propose une premi\u00e8re d\u00e9couverte du monde et un acc\u00e8s progressif au savoir et au savoir-faire. D\u00e8s le d\u00e9but de l'apprentissage, la curiosit\u00e9 de l'enfant est \u00e9veill\u00e9e. Il apprend \u00e0 formuler des hypoth\u00e8ses, \u00e0 \u00e9laborer des conceptions et \u00e0 mener des explorations. Ainsi, par la question et la recherche de r\u00e9ponses, il apprend \u00e0 structurer ses connaissances et \u00e0 les construire de mani\u00e8re plus scientifique.<\/span><\/p>\n<p><span style=\"font-weight: 400;\">Dans ce manuel de sciences pour le CE2 \/ EB3, chaque le\u00e7on d\u00e9bute par une probl\u00e9matique ou une petite introduction qui met l'enfant en position de questionnement. Les observations ou les manipulations qui l'accompagnent aboutissent \u00e0 une synth\u00e8se.<\/span><\/p>\n<h3><strong>Le manuel de sciences<\/strong><\/h3>\n<p><span style=\"font-weight: 400;\">Ce livre de sciences fait partie de la collection D\u00e9couvrir le monde. Il est destin\u00e9  au CE2 \/ EB3. Il est divis\u00e9 en 5 th\u00e8mes et 35 le\u00e7ons.<\/span><\/p>\n<p><span style=\"font-weight: 400;\">Abondamment illustr\u00e9, il permet \u00e0 l\u2019enfant de d\u00e9couvrir notre monde. Dans cet ouvrage, vous trouverez :<\/span><\/p>\n<ul>\n<li style=\"font-weight: 400;\" aria-level=\"1\"><span style=\"font-weight: 400;\">Des exp\u00e9riences pour favoriser l\u2019observation et la manipulation.\u00a0<\/span><\/li>\n<li style=\"font-weight: 400;\" aria-level=\"1\"><span style=\"font-weight: 400;\">Des exercices pour consolider les acquis.\u00a0<\/span><\/li>\n<li style=\"font-weight: 400;\" aria-level=\"1\"><span style=\"font-weight: 400;\">Des questions de r\u00e9flexion pour d\u00e9velopper l\u2019esprit critique.\u00a0<\/span><\/li>\n<li style=\"font-weight: 400;\" aria-level=\"1\"><span style=\"font-weight: 400;\">Des synth\u00e8ses avec pr\u00e9sentation des mots de chaque le\u00e7on.\u00a0<\/span><\/li>\n<\/ul>\n<p><span style=\"font-weight: 400;\">Enfin, des pages d'\u00e9valuation permettent \u00e0 l'enfant de faire le point sur le niveau des acquis. Elles permettent aussi de reprendre les notions qui ont besoin d\u2019\u00eatre mieux assimil\u00e9es.<\/span><\/p>","protected":false},"excerpt":{"rendered":"<p><span style=\"font-weight: 400;\">Dans le prolongement du manuel de la Premi\u00e8re Ann\u00e9e Primaire (CP \/ EB1), ce manuel de sciences propose des activit\u00e9s de d\u00e9couverte du monde, ainsi qu\u2019une initiation aux concepts scientifiques.<\/span><\/p>","protected":false},"featured_media":7356,"comment_status":"closed","ping_status":"closed","template":"","meta":{"_monsterinsights_skip_tracking":false,"_monsterinsights_sitenote_active":false,"_monsterinsights_sitenote_note":"","_monsterinsights_sitenote_category":0},"product_brand":[],"product_cat":[17,16,132],"product_tag":[71,133,397],"class_list":{"0":"post-149","1":"product","2":"type-product","3":"status-publish","4":"has-post-thumbnail","6":"product_cat-french","7":"product_cat-school-books","8":"product_cat-science","9":"product_tag-grade-3","10":"product_tag-decouvrir-le-monde","11":"product_tag-science-textbook","12":"pa_grade-grade-3","14":"first","15":"instock","16":"shipping-taxable","17":"purchasable","18":"product-type-simple"},"yoast_head":"<!-- This site is optimized with the Yoast SEO plugin v26.4 - https:\/\/yoast.com\/wordpress\/plugins\/seo\/ -->\r\n<title>Grade 3 Science Textbook - Kedemos Education<\/title>\r\n<meta name=\"description\" content=\"The Grade 3 Science textbook from the \u201cD\u00e9couvrir le monde\u201d collection provides activities aiming at introducing children to the world around them.\" \/>\r\n<meta name=\"robots\" content=\"index, follow, max-snippet:-1, max-image-preview:large, max-video-preview:-1\" \/>\r\n<link rel=\"canonical\" href=\"https:\/\/kedemoseducation.com\/fr\/product\/ce2-eb3-manuel-de-sciences\/\" \/>\r\n<meta property=\"og:locale\" content=\"fr_FR\" \/>\r\n<meta property=\"og:type\" content=\"article\" \/>\r\n<meta property=\"og:title\" content=\"Grade 3 Science Textbook - Kedemos Education\" \/>\r\n<meta property=\"og:description\" content=\"The Grade 3 Science textbook from the \u201cD\u00e9couvrir le monde\u201d collection provides activities aiming at introducing children to the world around them.\" \/>\r\n<meta property=\"og:url\" content=\"https:\/\/kedemoseducation.com\/fr\/product\/ce2-eb3-manuel-de-sciences\/\" \/>\r\n<meta property=\"og:site_name\" content=\"Kedemos Education\" \/>\r\n<meta property=\"article:publisher\" content=\"https:\/\/www.facebook.com\/Kedemoseducation\" \/>\r\n<meta property=\"article:modified_time\" content=\"2026-02-19T08:00:05+00:00\" \/>\r\n<meta property=\"og:image\" content=\"https:\/\/kedemoseducation.com\/wp-content\/uploads\/2022\/05\/eb3-science.jpg\" \/>\r\n\t<meta property=\"og:image:width\" content=\"600\" \/>\r\n\t<meta property=\"og:image:height\" content=\"800\" \/>\r\n\t<meta property=\"og:image:type\" content=\"image\/jpeg\" \/>\r\n<meta name=\"twitter:card\" content=\"summary_large_image\" \/>\r\n<meta name=\"twitter:label1\" content=\"Dur\u00e9e de lecture estim\u00e9e\" \/>\n\t<meta name=\"twitter:data1\" content=\"2 minutes\" \/>\r\n<script type=\"application\/ld+json\" class=\"yoast-schema-graph\">{\"@context\":\"https:\/\/schema.org\",\"@graph\":[{\"@type\":\"WebPage\",\"@id\":\"https:\/\/kedemoseducation.com\/product\/grade-3-science-textbook\/\",\"url\":\"https:\/\/kedemoseducation.com\/product\/grade-3-science-textbook\/\",\"name\":\"Grade 3 Science Textbook - Kedemos Education\",\"isPartOf\":{\"@id\":\"https:\/\/kedemoseducation.com\/fr\/#website\"},\"primaryImageOfPage\":{\"@id\":\"https:\/\/kedemoseducation.com\/product\/grade-3-science-textbook\/#primaryimage\"},\"image\":{\"@id\":\"https:\/\/kedemoseducation.com\/product\/grade-3-science-textbook\/#primaryimage\"},\"thumbnailUrl\":\"https:\/\/i0.wp.com\/kedemoseducation.com\/wp-content\/uploads\/2022\/05\/eb3-science.jpg?fit=600%2C800&ssl=1\",\"datePublished\":\"2022-05-05T03:16:51+00:00\",\"dateModified\":\"2026-02-19T08:00:05+00:00\",\"description\":\"The Grade 3 Science textbook from the \u201cD\u00e9couvrir le monde\u201d collection provides activities aiming at introducing children to the world around them.\",\"breadcrumb\":{\"@id\":\"https:\/\/kedemoseducation.com\/product\/grade-3-science-textbook\/#breadcrumb\"},\"inLanguage\":\"fr-FR\",\"potentialAction\":[{\"@type\":\"ReadAction\",\"target\":[\"https:\/\/kedemoseducation.com\/product\/grade-3-science-textbook\/\"]}]},{\"@type\":\"ImageObject\",\"inLanguage\":\"fr-FR\",\"@id\":\"https:\/\/kedemoseducation.com\/product\/grade-3-science-textbook\/#primaryimage\",\"url\":\"https:\/\/i0.wp.com\/kedemoseducation.com\/wp-content\/uploads\/2022\/05\/eb3-science.jpg?fit=600%2C800&ssl=1\",\"contentUrl\":\"https:\/\/i0.wp.com\/kedemoseducation.com\/wp-content\/uploads\/2022\/05\/eb3-science.jpg?fit=600%2C800&ssl=1\",\"width\":600,\"height\":800,\"caption\":\"CE2 \/ EB3 Sciences - D\u00e9couvrir le Monde\"},{\"@type\":\"BreadcrumbList\",\"@id\":\"https:\/\/kedemoseducation.com\/product\/grade-3-science-textbook\/#breadcrumb\",\"itemListElement\":[{\"@type\":\"ListItem\",\"position\":1,\"name\":\"Home\",\"item\":\"https:\/\/kedemoseducation.com\/\"},{\"@type\":\"ListItem\",\"position\":2,\"name\":\"All Products\",\"item\":\"https:\/\/kedemoseducation.com\/fr\/shop-2\/tous-les-produits\/\"},{\"@type\":\"ListItem\",\"position\":3,\"name\":\"School Books\",\"item\":\"https:\/\/kedemoseducation.com\/fr\/categorie-de-produit\/manuels-scolaires\/\"},{\"@type\":\"ListItem\",\"position\":4,\"name\":\"French\",\"item\":\"https:\/\/kedemoseducation.com\/en\/product-category\/school-books\/french\/\"},{\"@type\":\"ListItem\",\"position\":5,\"name\":\"Grade 3 &#8211; Science Textbook\"}]},{\"@type\":\"WebSite\",\"@id\":\"https:\/\/kedemoseducation.com\/fr\/#website\",\"url\":\"https:\/\/kedemoseducation.com\/fr\/\",\"name\":\"Kedemos Education\",\"description\":\"The Pleasure of Learning\",\"publisher\":{\"@id\":\"https:\/\/kedemoseducation.com\/fr\/#organization\"},\"potentialAction\":[{\"@type\":\"SearchAction\",\"target\":{\"@type\":\"EntryPoint\",\"urlTemplate\":\"https:\/\/kedemoseducation.com\/fr\/?s={search_term_string}\"},\"query-input\":{\"@type\":\"PropertyValueSpecification\",\"valueRequired\":true,\"valueName\":\"search_term_string\"}}],\"inLanguage\":\"fr-FR\"},{\"@type\":\"Organization\",\"@id\":\"https:\/\/kedemoseducation.com\/fr\/#organization\",\"name\":\"Kedemos Education\",\"url\":\"https:\/\/kedemoseducation.com\/fr\/\",\"logo\":{\"@type\":\"ImageObject\",\"inLanguage\":\"fr-FR\",\"@id\":\"https:\/\/kedemoseducation.com\/fr\/#\/schema\/logo\/image\/\",\"url\":\"https:\/\/kedemoseducation.com\/wp-content\/uploads\/2023\/06\/logo-kedemos-education.png\",\"contentUrl\":\"https:\/\/kedemoseducation.com\/wp-content\/uploads\/2023\/06\/logo-kedemos-education.png\",\"width\":2362,\"height\":903,\"caption\":\"Kedemos Education\"},\"image\":{\"@id\":\"https:\/\/kedemoseducation.com\/fr\/#\/schema\/logo\/image\/\"},\"sameAs\":[\"https:\/\/www.facebook.com\/Kedemoseducation\",\"https:\/\/www.instagram.com\/kedemoseducation\/\",\"https:\/\/www.linkedin.com\/company\/kedemos-education\/\"]}]}<\/script>\r\n<!-- \/ Yoast SEO plugin. -->","yoast_head_json":{"title":"CE2 \/ EB3 Manuel de sciences - K\u00e9d\u00e9mos Education","description":"The Grade 3 Science textbook from the \u201cD\u00e9couvrir le monde\u201d collection provides activities aiming at introducing children to the world around them.","robots":{"index":"index","follow":"follow","max-snippet":"max-snippet:-1","max-image-preview":"max-image-preview:large","max-video-preview":"max-video-preview:-1"},"canonical":"https:\/\/kedemoseducation.com\/fr\/product\/ce2-eb3-manuel-de-sciences\/","og_locale":"fr_FR","og_type":"article","og_title":"Grade 3 Science Textbook - Kedemos Education","og_description":"The Grade 3 Science textbook from the \u201cD\u00e9couvrir le monde\u201d collection provides activities aiming at introducing children to the world around them.","og_url":"https:\/\/kedemoseducation.com\/fr\/product\/ce2-eb3-manuel-de-sciences\/","og_site_name":"Kedemos Education","article_publisher":"https:\/\/www.facebook.com\/Kedemoseducation","article_modified_time":"2026-02-19T08:00:05+00:00","og_image":[{"width":600,"height":800,"url":"https:\/\/kedemoseducation.com\/wp-content\/uploads\/2022\/05\/eb3-science.jpg","type":"image\/jpeg"}],"twitter_card":"summary_large_image","twitter_misc":{"Dur\u00e9e de lecture estim\u00e9e":"2 minutes"},"schema":{"@context":"https:\/\/schema.org","@graph":[{"@type":"WebPage","@id":"https:\/\/kedemoseducation.com\/product\/grade-3-science-textbook\/","url":"https:\/\/kedemoseducation.com\/product\/grade-3-science-textbook\/","name":"CE2 \/ EB3 Manuel de sciences - K\u00e9d\u00e9mos Education","isPartOf":{"@id":"https:\/\/kedemoseducation.com\/fr\/#website"},"primaryImageOfPage":{"@id":"https:\/\/kedemoseducation.com\/product\/grade-3-science-textbook\/#primaryimage"},"image":{"@id":"https:\/\/kedemoseducation.com\/product\/grade-3-science-textbook\/#primaryimage"},"thumbnailUrl":"https:\/\/i0.wp.com\/kedemoseducation.com\/wp-content\/uploads\/2022\/05\/eb3-science.jpg?fit=600%2C800&ssl=1","datePublished":"2022-05-05T03:16:51+00:00","dateModified":"2026-02-19T08:00:05+00:00","description":"The Grade 3 Science textbook from the \u201cD\u00e9couvrir le monde\u201d collection provides activities aiming at introducing children to the world around them.","breadcrumb":{"@id":"https:\/\/kedemoseducation.com\/product\/grade-3-science-textbook\/#breadcrumb"},"inLanguage":"fr-FR","potentialAction":[{"@type":"ReadAction","target":["https:\/\/kedemoseducation.com\/product\/grade-3-science-textbook\/"]}]},{"@type":"ImageObject","inLanguage":"fr-FR","@id":"https:\/\/kedemoseducation.com\/product\/grade-3-science-textbook\/#primaryimage","url":"https:\/\/i0.wp.com\/kedemoseducation.com\/wp-content\/uploads\/2022\/05\/eb3-science.jpg?fit=600%2C800&ssl=1","contentUrl":"https:\/\/i0.wp.com\/kedemoseducation.com\/wp-content\/uploads\/2022\/05\/eb3-science.jpg?fit=600%2C800&ssl=1","width":600,"height":800,"caption":"CE2 \/ EB3 Sciences - D\u00e9couvrir le Monde"},{"@type":"BreadcrumbList","@id":"https:\/\/kedemoseducation.com\/product\/grade-3-science-textbook\/#breadcrumb","itemListElement":[{"@type":"ListItem","position":1,"name":"Home","item":"https:\/\/kedemoseducation.com\/"},{"@type":"ListItem","position":2,"name":"All Products","item":"https:\/\/kedemoseducation.com\/fr\/shop-2\/tous-les-produits\/"},{"@type":"ListItem","position":3,"name":"School Books","item":"https:\/\/kedemoseducation.com\/fr\/categorie-de-produit\/manuels-scolaires\/"},{"@type":"ListItem","position":4,"name":"French","item":"https:\/\/kedemoseducation.com\/en\/product-category\/school-books\/french\/"},{"@type":"ListItem","position":5,"name":"Grade 3 &#8211; Science Textbook"}]},{"@type":"WebSite","@id":"https:\/\/kedemoseducation.com\/fr\/#website","url":"https:\/\/kedemoseducation.com\/fr\/","name":"K\u00e9d\u00e9mos Education","description":"Le plaisir d'apprendre","publisher":{"@id":"https:\/\/kedemoseducation.com\/fr\/#organization"},"potentialAction":[{"@type":"SearchAction","target":{"@type":"EntryPoint","urlTemplate":"https:\/\/kedemoseducation.com\/fr\/?s={search_term_string}"},"query-input":{"@type":"PropertyValueSpecification","valueRequired":true,"valueName":"search_term_string"}}],"inLanguage":"fr-FR"},{"@type":"Organization","@id":"https:\/\/kedemoseducation.com\/fr\/#organization","name":"K\u00e9d\u00e9mos Education","url":"https:\/\/kedemoseducation.com\/fr\/","logo":{"@type":"ImageObject","inLanguage":"fr-FR","@id":"https:\/\/kedemoseducation.com\/fr\/#\/schema\/logo\/image\/","url":"https:\/\/kedemoseducation.com\/wp-content\/uploads\/2023\/06\/logo-kedemos-education.png","contentUrl":"https:\/\/kedemoseducation.com\/wp-content\/uploads\/2023\/06\/logo-kedemos-education.png","width":2362,"height":903,"caption":"Kedemos Education"},"image":{"@id":"https:\/\/kedemoseducation.com\/fr\/#\/schema\/logo\/image\/"},"sameAs":["https:\/\/www.facebook.com\/Kedemoseducation","https:\/\/www.instagram.com\/kedemoseducation\/","https:\/\/www.linkedin.com\/company\/kedemos-education\/"]}]}},"jetpack_sharing_enabled":true,"_links":{"self":[{"href":"https:\/\/kedemoseducation.com\/fr\/wp-json\/wp\/v2\/product\/149","targetHints":{"allow":["GET"]}}],"collection":[{"href":"https:\/\/kedemoseducation.com\/fr\/wp-json\/wp\/v2\/product"}],"about":[{"href":"https:\/\/kedemoseducation.com\/fr\/wp-json\/wp\/v2\/types\/product"}],"replies":[{"embeddable":true,"href":"https:\/\/kedemoseducation.com\/fr\/wp-json\/wp\/v2\/comments?post=149"}],"wp:featuredmedia":[{"embeddable":true,"href":"https:\/\/kedemoseducation.com\/fr\/wp-json\/wp\/v2\/media\/7356"}],"wp:attachment":[{"href":"https:\/\/kedemoseducation.com\/fr\/wp-json\/wp\/v2\/media?parent=149"}],"wp:term":[{"taxonomy":"product_brand","embeddable":true,"href":"https:\/\/kedemoseducation.com\/fr\/wp-json\/wp\/v2\/product_brand?post=149"},{"taxonomy":"product_cat","embeddable":true,"href":"https:\/\/kedemoseducation.com\/fr\/wp-json\/wp\/v2\/product_cat?post=149"},{"taxonomy":"product_tag","embeddable":true,"href":"https:\/\/kedemoseducation.com\/fr\/wp-json\/wp\/v2\/product_tag?post=149"}],"curies":[{"name":"wp","href":"https:\/\/api.w.org\/{rel}","templated":true}]}}