{"id":147,"date":"2022-05-05T06:16:50","date_gmt":"2022-05-05T06:16:50","guid":{"rendered":"https:\/\/eshop.classperts.com\/?post_type=product&#038;p=147"},"modified":"2026-02-11T15:00:15","modified_gmt":"2026-02-11T13:00:15","slug":"grade-3-reading-textbook-aec","status":"publish","type":"product","link":"https:\/\/kedemoseducation.com\/fr\/product\/ce2-eb3-livre-de-lecture-aec\/","title":{"rendered":"CE2 \/ EB3 - Livre de Lecture"},"content":{"rendered":"<h1><b>CE2 \/ EB3 Livre de Lecture - Arc-en-ciel<\/b><\/h1>\n<h2><b>Pr\u00e9sentation de la m\u00e9thode du CE2 \/ EB3<\/b><\/h2>\n<p><span style=\"font-weight: 400;\">Ce livre de lecture de la classe de CE2 \/ EB3 fait partie de la collection Arc-en-ciel.\u00a0<\/span><\/p>\n<p><span style=\"font-weight: 400;\">La collection Arc-en-ciel pour la classe de CE2 \/ EB3 compl\u00e8te nos m\u00e9thodes des classes pr\u00e9c\u00e9dentes. L\u2019esprit, les contenus et les pratiques y sont donc repris et \u00e9largis. Nos m\u00e9thodes mettent l'accent sur l'oral. En effet, l\u2019oral est la base de l'apprentissage de la lecture et de l'\u00e9criture.<\/span><\/p>\n<p><span style=\"font-weight: 400;\">La collection Arc-en-ciel pour la classe de CE2 \/ EB3 repose sur les principes m\u00e9thodologiques suivants :<\/span><\/p>\n<ul>\n<li style=\"font-weight: 400;\" aria-level=\"1\">Priorit\u00e9 accord\u00e9e \u00e0 la communication orale.<\/li>\n<li style=\"font-weight: 400;\" aria-level=\"1\">Textes de lecture courts, int\u00e9ressants et illustr\u00e9s : textes narratifs, informatifs, injonctifs et descriptifs.<\/li>\n<li style=\"font-weight: 400;\" aria-level=\"1\">Des supports iconographiques plac\u00e9s en marge des textes pour pr\u00e9senter les mots difficiles.<\/li>\n<li style=\"font-weight: 400;\" aria-level=\"1\">Des activit\u00e9s linguistiques, grammaticales, culturelles et artistiques pour travailler le fran\u00e7ais oral et \u00e9crit. Elles d\u00e9veloppent aussi la r\u00e9flexion et la cr\u00e9ativit\u00e9.<\/li>\n<li style=\"font-weight: 400;\" aria-level=\"1\">Des supports vari\u00e9s qui rendent l\u2019apprentissage motivant et interactif.<\/li>\n<\/ul>\n<p>Arc-en-ciel pour la classe de CE2 \/ EB3 est une m\u00e9thode compl\u00e8te d'apprentissage du fran\u00e7ais qui comprend les quatre volets suivants : un livre de lecture, un <a href=\"https:\/\/kedemoseducation.com\/fr\/produit\/ce2-eb3-livre-de-lecture-aec\/\">cahier d\u2019expression<\/a>, d'un <a href=\"https:\/\/kedemoseducation.com\/fr\/produit\/ce2-eb3-fichier-de-grammaire-aec\/\">fichier de grammaire<\/a><span> et un <\/span> <a href=\"https:\/\/kedemoseducation.com\/fr\/produit\/ce2-eb3-cahier-decriture-aec\/\">cahier d'\u00e9criture<\/span><\/a>. Cette collection est aussi accompagn\u00e9e de <a href=\"https:\/\/kedemoseducation.com\/fr\/product-category\/storybooks-for-children\/french-storybooks\/collection-galaxie\/blue-star\/\">9 contes<\/a>.<\/p>\n<h3><strong>Livre de lecture CE2 \/ EB3<\/strong><\/h3>\n<p>Ce livre de lecture pour la classe de CE2 \/ EB3 comprend 9 th\u00e8mes r\u00e9partis en 27 unit\u00e9s (3 unit\u00e9s par th\u00e8me).<\/p>\n<p>Chacune des unit\u00e9s propose les activit\u00e9s suivantes :<\/p>\n<ul>\n<li style=\"font-weight: 400;\" aria-level=\"1\">Une ou deux pages favorisant le langage oral.<\/li>\n<li style=\"font-weight: 400;\" aria-level=\"1\">Un texte de lecture avec un imagier et une r\u00e9vision des phon\u00e8mes et des graph\u00e8mes. Vous trouverez aussi des activit\u00e9s de phon\u00e9tique, ainsi que des questions de compr\u00e9hension qui incitent \u00e0 l'expression et \u00e0 la r\u00e9flexion.<\/li>\n<li style=\"font-weight: 400;\" aria-level=\"1\">Un deuxi\u00e8me texte (injonctif, informatif ou documentaire) qui peut s'int\u00e9grer \u00e0 un projet \u00e0 r\u00e9aliser ou qui aide \u00e0 mieux comprendre notre monde.<\/li>\n<li style=\"font-weight: 400;\" aria-level=\"1\">Des chansons et des po\u00e8mes.<\/li>\n<li style=\"font-weight: 400;\" aria-level=\"1\">Une initiation au langage et aux symboles de la bande dessin\u00e9e.<\/li>\n<\/ul>\n<p>Enfin, la premi\u00e8re page du manuel contient un code QR. L'enfant pourra ainsi \u00e9couter :<\/p>\n<ul>\n<li style=\"font-weight: 400;\" aria-level=\"1\">Les contes (avec texte, son et musique).<\/li>\n<li style=\"font-weight: 400;\" aria-level=\"1\">Les jeux de r\u00f4les.<\/li>\n<li style=\"font-weight: 400;\" aria-level=\"1\">La phon\u00e9tique.<\/li>\n<li style=\"font-weight: 400;\" aria-level=\"1\">Les chansons et comptines dont les paroles figurent dans le manuel.<\/li>\n<\/ul>","protected":false},"excerpt":{"rendered":"<p><span style=\"font-weight: 400;\">Ce livre de lecture propose une m\u00e9thode d\u2019apprentissage motivante et compl\u00e8te du fran\u00e7ais, bas\u00e9e sur des textes vari\u00e9s et attrayants et sur de nombreuses illustrations.<\/span><\/p>\n<p><span style=\"font-weight: 400;\">Ce manuel est accompagn\u00e9 d'un cahier d\u2019expression, d'un fichier de grammaire et d'un cahier d\u2019\u00e9criture. Pour acc\u00e9der \u00e0 la collection compl\u00e8te Arc-en-ciel pour le CE2 \/ EB3, veuillez cliquer <a href=\"https:\/\/kedemoseducation.com\/fr\/categorie-de-produit\/manuels-scolaires\/francais\/primaire\/arc-en-ciel\/ce2-eb3-arc-en-ciel\/\">ici<\/a>.<\/span><\/p>","protected":false},"featured_media":7258,"comment_status":"closed","ping_status":"closed","template":"","meta":{"_monsterinsights_skip_tracking":false,"_monsterinsights_sitenote_active":false,"_monsterinsights_sitenote_note":"","_monsterinsights_sitenote_category":0},"product_brand":[],"product_cat":[17,328,16,18,25],"product_tag":[57,71,335,336],"class_list":{"0":"post-147","1":"product","2":"type-product","3":"status-publish","4":"has-post-thumbnail","6":"product_cat-french","7":"product_cat-primary-school","8":"product_cat-school-books","9":"product_cat-arc-en-ciel","10":"product_cat-grade-3-arc-en-ciel","11":"product_tag-arc-en-ciel","12":"product_tag-grade-3","13":"product_tag-primary-school","14":"product_tag-reading-textbook","15":"pa_grade-grade-3","17":"first","18":"instock","19":"shipping-taxable","20":"purchasable","21":"product-type-simple"},"yoast_head":"<!-- This site is optimized with the Yoast SEO plugin v26.4 - https:\/\/yoast.com\/wordpress\/plugins\/seo\/ -->\r\n<title>Grade 3 Reading Textbook - Kedemos Education<\/title>\r\n<meta name=\"description\" content=\"This Grade 3 reading textbook is part of a larger collection to learn French as a first language, based on many engaging texts and numerous illustrations.\" \/>\r\n<meta name=\"robots\" content=\"index, follow, max-snippet:-1, max-image-preview:large, max-video-preview:-1\" \/>\r\n<link rel=\"canonical\" href=\"https:\/\/kedemoseducation.com\/fr\/product\/ce2-eb3-livre-de-lecture-aec\/\" \/>\r\n<meta property=\"og:locale\" content=\"fr_FR\" \/>\r\n<meta property=\"og:type\" content=\"article\" \/>\r\n<meta property=\"og:title\" content=\"Grade 3 Reading Textbook - Kedemos Education\" \/>\r\n<meta property=\"og:description\" content=\"This Grade 3 reading textbook is part of a larger collection to learn French as a first language, based on many engaging texts and numerous illustrations.\" \/>\r\n<meta property=\"og:url\" content=\"https:\/\/kedemoseducation.com\/fr\/product\/ce2-eb3-livre-de-lecture-aec\/\" \/>\r\n<meta property=\"og:site_name\" content=\"Kedemos Education\" \/>\r\n<meta property=\"article:publisher\" content=\"https:\/\/www.facebook.com\/Kedemoseducation\" \/>\r\n<meta property=\"article:modified_time\" content=\"2026-02-11T13:00:15+00:00\" \/>\r\n<meta property=\"og:image\" content=\"https:\/\/kedemoseducation.com\/wp-content\/uploads\/2022\/05\/Lecture-EB3-aec.jpg\" \/>\r\n\t<meta property=\"og:image:width\" content=\"600\" \/>\r\n\t<meta property=\"og:image:height\" content=\"800\" \/>\r\n\t<meta property=\"og:image:type\" content=\"image\/jpeg\" \/>\r\n<meta name=\"twitter:card\" content=\"summary_large_image\" \/>\r\n<meta name=\"twitter:label1\" content=\"Dur\u00e9e de lecture estim\u00e9e\" \/>\n\t<meta name=\"twitter:data1\" content=\"2 minutes\" \/>\r\n<script type=\"application\/ld+json\" class=\"yoast-schema-graph\">{\"@context\":\"https:\/\/schema.org\",\"@graph\":[{\"@type\":\"WebPage\",\"@id\":\"https:\/\/kedemoseducation.com\/product\/ce2-eb3-livre-de-lecture-aec\/\",\"url\":\"https:\/\/kedemoseducation.com\/product\/ce2-eb3-livre-de-lecture-aec\/\",\"name\":\"Grade 3 Reading Textbook - Kedemos Education\",\"isPartOf\":{\"@id\":\"https:\/\/kedemoseducation.com\/fr\/#website\"},\"primaryImageOfPage\":{\"@id\":\"https:\/\/kedemoseducation.com\/product\/ce2-eb3-livre-de-lecture-aec\/#primaryimage\"},\"image\":{\"@id\":\"https:\/\/kedemoseducation.com\/product\/ce2-eb3-livre-de-lecture-aec\/#primaryimage\"},\"thumbnailUrl\":\"https:\/\/i0.wp.com\/kedemoseducation.com\/wp-content\/uploads\/2022\/05\/Lecture-EB3-aec.jpg?fit=600%2C800&ssl=1\",\"datePublished\":\"2022-05-05T06:16:50+00:00\",\"dateModified\":\"2026-02-11T13:00:15+00:00\",\"description\":\"This Grade 3 reading textbook is part of a larger collection to learn French as a first language, based on many engaging texts and numerous illustrations.\",\"breadcrumb\":{\"@id\":\"https:\/\/kedemoseducation.com\/product\/ce2-eb3-livre-de-lecture-aec\/#breadcrumb\"},\"inLanguage\":\"fr-FR\",\"potentialAction\":[{\"@type\":\"ReadAction\",\"target\":[\"https:\/\/kedemoseducation.com\/product\/ce2-eb3-livre-de-lecture-aec\/\"]}]},{\"@type\":\"ImageObject\",\"inLanguage\":\"fr-FR\",\"@id\":\"https:\/\/kedemoseducation.com\/product\/ce2-eb3-livre-de-lecture-aec\/#primaryimage\",\"url\":\"https:\/\/i0.wp.com\/kedemoseducation.com\/wp-content\/uploads\/2022\/05\/Lecture-EB3-aec.jpg?fit=600%2C800&ssl=1\",\"contentUrl\":\"https:\/\/i0.wp.com\/kedemoseducation.com\/wp-content\/uploads\/2022\/05\/Lecture-EB3-aec.jpg?fit=600%2C800&ssl=1\",\"width\":600,\"height\":800,\"caption\":\"Grade 3 Reading Textbook\"},{\"@type\":\"BreadcrumbList\",\"@id\":\"https:\/\/kedemoseducation.com\/product\/ce2-eb3-livre-de-lecture-aec\/#breadcrumb\",\"itemListElement\":[{\"@type\":\"ListItem\",\"position\":1,\"name\":\"Home\",\"item\":\"https:\/\/kedemoseducation.com\/\"},{\"@type\":\"ListItem\",\"position\":2,\"name\":\"All Products\",\"item\":\"https:\/\/kedemoseducation.com\/fr\/shop-2\/tous-les-produits\/\"},{\"@type\":\"ListItem\",\"position\":3,\"name\":\"School Books\",\"item\":\"https:\/\/kedemoseducation.com\/fr\/categorie-de-produit\/manuels-scolaires\/\"},{\"@type\":\"ListItem\",\"position\":4,\"name\":\"French\",\"item\":\"https:\/\/kedemoseducation.com\/en\/product-category\/school-books\/french\/\"},{\"@type\":\"ListItem\",\"position\":5,\"name\":\"Grade 3 &#8211; Reading Textbook\"}]},{\"@type\":\"WebSite\",\"@id\":\"https:\/\/kedemoseducation.com\/fr\/#website\",\"url\":\"https:\/\/kedemoseducation.com\/fr\/\",\"name\":\"Kedemos Education\",\"description\":\"The Pleasure of Learning\",\"publisher\":{\"@id\":\"https:\/\/kedemoseducation.com\/fr\/#organization\"},\"potentialAction\":[{\"@type\":\"SearchAction\",\"target\":{\"@type\":\"EntryPoint\",\"urlTemplate\":\"https:\/\/kedemoseducation.com\/fr\/?s={search_term_string}\"},\"query-input\":{\"@type\":\"PropertyValueSpecification\",\"valueRequired\":true,\"valueName\":\"search_term_string\"}}],\"inLanguage\":\"fr-FR\"},{\"@type\":\"Organization\",\"@id\":\"https:\/\/kedemoseducation.com\/fr\/#organization\",\"name\":\"Kedemos Education\",\"url\":\"https:\/\/kedemoseducation.com\/fr\/\",\"logo\":{\"@type\":\"ImageObject\",\"inLanguage\":\"fr-FR\",\"@id\":\"https:\/\/kedemoseducation.com\/fr\/#\/schema\/logo\/image\/\",\"url\":\"https:\/\/kedemoseducation.com\/wp-content\/uploads\/2023\/06\/logo-kedemos-education.png\",\"contentUrl\":\"https:\/\/kedemoseducation.com\/wp-content\/uploads\/2023\/06\/logo-kedemos-education.png\",\"width\":2362,\"height\":903,\"caption\":\"Kedemos Education\"},\"image\":{\"@id\":\"https:\/\/kedemoseducation.com\/fr\/#\/schema\/logo\/image\/\"},\"sameAs\":[\"https:\/\/www.facebook.com\/Kedemoseducation\",\"https:\/\/www.instagram.com\/kedemoseducation\/\",\"https:\/\/www.linkedin.com\/company\/kedemos-education\/\"]}]}<\/script>\r\n<!-- \/ Yoast SEO plugin. -->","yoast_head_json":{"title":"CE2 \/ EB3 Livre de lecture - K\u00e9d\u00e9mos Education","description":"Ce livre de lecture pour la classe de CE2 \/ EB3 s'int\u00e8gre dans une collection motivante et compl\u00e8te d\u00e9di\u00e9e \u00e0 l'apprentissage du fran\u00e7ais.","robots":{"index":"index","follow":"follow","max-snippet":"max-snippet:-1","max-image-preview":"max-image-preview:large","max-video-preview":"max-video-preview:-1"},"canonical":"https:\/\/kedemoseducation.com\/fr\/product\/ce2-eb3-livre-de-lecture-aec\/","og_locale":"fr_FR","og_type":"article","og_title":"Grade 3 Reading Textbook - Kedemos Education","og_description":"This Grade 3 reading textbook is part of a larger collection to learn French as a first language, based on many engaging texts and numerous illustrations.","og_url":"https:\/\/kedemoseducation.com\/fr\/product\/ce2-eb3-livre-de-lecture-aec\/","og_site_name":"Kedemos Education","article_publisher":"https:\/\/www.facebook.com\/Kedemoseducation","article_modified_time":"2026-02-11T13:00:15+00:00","og_image":[{"width":600,"height":800,"url":"https:\/\/kedemoseducation.com\/wp-content\/uploads\/2022\/05\/Lecture-EB3-aec.jpg","type":"image\/jpeg"}],"twitter_card":"summary_large_image","twitter_misc":{"Dur\u00e9e de lecture estim\u00e9e":"2 minutes"},"schema":{"@context":"https:\/\/schema.org","@graph":[{"@type":"WebPage","@id":"https:\/\/kedemoseducation.com\/product\/ce2-eb3-livre-de-lecture-aec\/","url":"https:\/\/kedemoseducation.com\/product\/ce2-eb3-livre-de-lecture-aec\/","name":"CE2 \/ EB3 Livre de lecture - K\u00e9d\u00e9mos Education","isPartOf":{"@id":"https:\/\/kedemoseducation.com\/fr\/#website"},"primaryImageOfPage":{"@id":"https:\/\/kedemoseducation.com\/product\/ce2-eb3-livre-de-lecture-aec\/#primaryimage"},"image":{"@id":"https:\/\/kedemoseducation.com\/product\/ce2-eb3-livre-de-lecture-aec\/#primaryimage"},"thumbnailUrl":"https:\/\/i0.wp.com\/kedemoseducation.com\/wp-content\/uploads\/2022\/05\/Lecture-EB3-aec.jpg?fit=600%2C800&ssl=1","datePublished":"2022-05-05T06:16:50+00:00","dateModified":"2026-02-11T13:00:15+00:00","description":"Ce livre de lecture pour la classe de CE2 \/ EB3 s'int\u00e8gre dans une collection motivante et compl\u00e8te d\u00e9di\u00e9e \u00e0 l'apprentissage du fran\u00e7ais.","breadcrumb":{"@id":"https:\/\/kedemoseducation.com\/product\/ce2-eb3-livre-de-lecture-aec\/#breadcrumb"},"inLanguage":"fr-FR","potentialAction":[{"@type":"ReadAction","target":["https:\/\/kedemoseducation.com\/product\/ce2-eb3-livre-de-lecture-aec\/"]}]},{"@type":"ImageObject","inLanguage":"fr-FR","@id":"https:\/\/kedemoseducation.com\/product\/ce2-eb3-livre-de-lecture-aec\/#primaryimage","url":"https:\/\/i0.wp.com\/kedemoseducation.com\/wp-content\/uploads\/2022\/05\/Lecture-EB3-aec.jpg?fit=600%2C800&ssl=1","contentUrl":"https:\/\/i0.wp.com\/kedemoseducation.com\/wp-content\/uploads\/2022\/05\/Lecture-EB3-aec.jpg?fit=600%2C800&ssl=1","width":600,"height":800,"caption":"Grade 3 Reading Textbook"},{"@type":"BreadcrumbList","@id":"https:\/\/kedemoseducation.com\/product\/ce2-eb3-livre-de-lecture-aec\/#breadcrumb","itemListElement":[{"@type":"ListItem","position":1,"name":"Home","item":"https:\/\/kedemoseducation.com\/"},{"@type":"ListItem","position":2,"name":"All Products","item":"https:\/\/kedemoseducation.com\/fr\/shop-2\/tous-les-produits\/"},{"@type":"ListItem","position":3,"name":"School Books","item":"https:\/\/kedemoseducation.com\/fr\/categorie-de-produit\/manuels-scolaires\/"},{"@type":"ListItem","position":4,"name":"French","item":"https:\/\/kedemoseducation.com\/en\/product-category\/school-books\/french\/"},{"@type":"ListItem","position":5,"name":"Grade 3 &#8211; Reading Textbook"}]},{"@type":"WebSite","@id":"https:\/\/kedemoseducation.com\/fr\/#website","url":"https:\/\/kedemoseducation.com\/fr\/","name":"K\u00e9d\u00e9mos Education","description":"Le plaisir d'apprendre","publisher":{"@id":"https:\/\/kedemoseducation.com\/fr\/#organization"},"potentialAction":[{"@type":"SearchAction","target":{"@type":"EntryPoint","urlTemplate":"https:\/\/kedemoseducation.com\/fr\/?s={search_term_string}"},"query-input":{"@type":"PropertyValueSpecification","valueRequired":true,"valueName":"search_term_string"}}],"inLanguage":"fr-FR"},{"@type":"Organization","@id":"https:\/\/kedemoseducation.com\/fr\/#organization","name":"K\u00e9d\u00e9mos Education","url":"https:\/\/kedemoseducation.com\/fr\/","logo":{"@type":"ImageObject","inLanguage":"fr-FR","@id":"https:\/\/kedemoseducation.com\/fr\/#\/schema\/logo\/image\/","url":"https:\/\/kedemoseducation.com\/wp-content\/uploads\/2023\/06\/logo-kedemos-education.png","contentUrl":"https:\/\/kedemoseducation.com\/wp-content\/uploads\/2023\/06\/logo-kedemos-education.png","width":2362,"height":903,"caption":"Kedemos Education"},"image":{"@id":"https:\/\/kedemoseducation.com\/fr\/#\/schema\/logo\/image\/"},"sameAs":["https:\/\/www.facebook.com\/Kedemoseducation","https:\/\/www.instagram.com\/kedemoseducation\/","https:\/\/www.linkedin.com\/company\/kedemos-education\/"]}]}},"jetpack_sharing_enabled":true,"_links":{"self":[{"href":"https:\/\/kedemoseducation.com\/fr\/wp-json\/wp\/v2\/product\/147","targetHints":{"allow":["GET"]}}],"collection":[{"href":"https:\/\/kedemoseducation.com\/fr\/wp-json\/wp\/v2\/product"}],"about":[{"href":"https:\/\/kedemoseducation.com\/fr\/wp-json\/wp\/v2\/types\/product"}],"replies":[{"embeddable":true,"href":"https:\/\/kedemoseducation.com\/fr\/wp-json\/wp\/v2\/comments?post=147"}],"wp:featuredmedia":[{"embeddable":true,"href":"https:\/\/kedemoseducation.com\/fr\/wp-json\/wp\/v2\/media\/7258"}],"wp:attachment":[{"href":"https:\/\/kedemoseducation.com\/fr\/wp-json\/wp\/v2\/media?parent=147"}],"wp:term":[{"taxonomy":"product_brand","embeddable":true,"href":"https:\/\/kedemoseducation.com\/fr\/wp-json\/wp\/v2\/product_brand?post=147"},{"taxonomy":"product_cat","embeddable":true,"href":"https:\/\/kedemoseducation.com\/fr\/wp-json\/wp\/v2\/product_cat?post=147"},{"taxonomy":"product_tag","embeddable":true,"href":"https:\/\/kedemoseducation.com\/fr\/wp-json\/wp\/v2\/product_tag?post=147"}],"curies":[{"name":"wp","href":"https:\/\/api.w.org\/{rel}","templated":true}]}}