{"id":140,"date":"2022-05-05T06:16:46","date_gmt":"2022-05-05T06:16:46","guid":{"rendered":"https:\/\/eshop.classperts.com\/?post_type=product&#038;p=140"},"modified":"2026-02-17T13:43:00","modified_gmt":"2026-02-17T11:43:00","slug":"grade-6-expression-workbook-1-aec","status":"publish","type":"product","link":"https:\/\/kedemoseducation.com\/fr\/product\/6eme-eb6-cahier-dexpression-1-aec\/","title":{"rendered":"6\u00e8me \/ EB6 - Cahier d'Expression 1"},"content":{"rendered":"<h1><b>6\u00e8me \/ EB6 Cahier d'Expression 1 - Arc-en-ciel<\/b><\/h1>\n<h2><b>Pr\u00e9sentation de la m\u00e9thode de la 6\u00e8me \/ EB6<\/b><\/h2>\n<p><span style=\"font-weight: 400;\">Ce cahier d\u2019expression 1 de la classe de 6\u00e8me \/ EB6 fait partie de la collection Arc-en-ciel.\u00a0<\/span><\/p>\n<p><span style=\"font-weight: 400;\">La collection Arc-en-ciel pour la classe de 6\u00e8me \/ EB6 compl\u00e8te nos m\u00e9thodes des classes pr\u00e9c\u00e9dentes. L\u2019esprit, les contenus et les pratiques y sont donc repris et \u00e9largis. Nos m\u00e9thodes mettent l'accent sur l'oral. En effet, l\u2019oral est la base de l'apprentissage de la lecture et de l'\u00e9criture.\u00a0<\/span><\/p>\n<p><span style=\"font-weight: 400;\">La collection Arc-en-ciel pour la classe de 6\u00e8me \/ EB6 repose sur les principes m\u00e9thodologiques suivants :<\/span><\/p>\n<ul>\n<li style=\"font-weight: 400;\" aria-level=\"1\"><span style=\"font-weight: 400;\">Priorit\u00e9 accord\u00e9e \u00e0 la communication orale.<\/span><\/li>\n<li style=\"font-weight: 400;\" aria-level=\"1\"><span style=\"font-weight: 400;\">Textes de lecture int\u00e9ressants et illustr\u00e9s : des textes narratifs, informatifs, injonctifs et descriptifs.<\/span><\/li>\n<li style=\"font-weight: 400;\" aria-level=\"1\"><span style=\"font-weight: 400;\">Illustrative supports and definitions in the margins of the texts to explain difficult words.<\/span><\/li>\n<li style=\"font-weight: 400;\" aria-level=\"1\"><span style=\"font-weight: 400;\">Linguistic, grammatical, general knowledge, and artistic activities that ensure effective learning of oral and written French. These activities also stimulate critical thinking and creativity.<\/span><\/li>\n<li style=\"font-weight: 400;\" aria-level=\"1\"><span style=\"font-weight: 400;\">Des activit\u00e9s de phon\u00e9tique.<\/span><\/li>\n<li style=\"font-weight: 400;\" aria-level=\"1\"><span style=\"font-weight: 400;\">Un travail sur l\u2019expression \u00e9crite.<\/span><\/li>\n<\/ul>\n<p><span style=\"font-weight: 400;\">Arc-en-ciel pour la Classe de 6\u00e8me \/ EB6 est une m\u00e9thode compl\u00e8te d'apprentissage du fran\u00e7ais qui comprend les quatre volets suivants: un <a href=\"https:\/\/kedemoseducation.com\/fr\/product\/6eme-eb6-livre-de-lecture-aec\/\">livre de lecture<\/a>, deux <a href=\"https:\/\/kedemoseducation.com\/fr\/product\/6eme-eb6-cahier-dexpression-2-aec\/\">cahiers d'expression<\/a><span> et un <\/span> <a href=\"https:\/\/kedemoseducation.com\/fr\/product\/6eme-eb6-fichier-de-grammaire-aec\/\">fichier de grammaire<\/a>.<\/span><\/p>\n<h3><b>Cahier d'expression 1 6\u00e8me \/ EB6<\/b><span style=\"font-weight: 400;\">\u00a0<\/span><\/h3>\n<p><span style=\"font-weight: 400;\">Les deux cahiers d\u2019expression de la collection Arc-en-ciel pour la classe de 6\u00e8me \/ EB6 prolongent le livre de lecture. Ils proposent des exercices portant sur :<\/span><\/p>\n<ul>\n<li style=\"font-weight: 400;\" aria-level=\"1\"><span style=\"font-weight: 400;\">La compr\u00e9hension \u00e9crite.<\/span><\/li>\n<li style=\"font-weight: 400;\" aria-level=\"1\"><span style=\"font-weight: 400;\">La phon\u00e9tique.<\/span><\/li>\n<li style=\"font-weight: 400;\" aria-level=\"1\"><span style=\"font-weight: 400;\">Le vocabulaire.\u00a0<\/span><\/li>\n<li style=\"font-weight: 400;\" aria-level=\"1\"><span style=\"font-weight: 400;\">L\u2019expression \u00e9crite : travail sur les mots, les phrases, la composition de paragraphes et les techniques de l'expression \u00e9crite.<\/span><\/li>\n<li style=\"font-weight: 400;\" aria-level=\"1\"><span style=\"font-weight: 400;\">Des fiches d'\u00e9valuation permettant de mesurer les acquis des \u00e9l\u00e8ves.<\/span><\/li>\n<\/ul>","protected":false},"excerpt":{"rendered":"<p><span style=\"font-weight: 400;\">Ces deux cahiers d\u2019expression compl\u00e9mentaires proposent des pages de \u00ab techniques de l\u2019expression \u00e9crite \u00bb pour pr\u00e9senter les diff\u00e9rents types de textes (narratif, informatif, descriptif, injonctif) et pour apprendre \u00e0 analyser et \u00e0 composer des textes. Les exercices font travailler les quatre comp\u00e9tences de base : compr\u00e9hension et expression orales, compr\u00e9hension et expression \u00e9crites.<\/span><\/p>\n<p><span style=\"font-weight: 400;\">Ces cahiers accompagnent le <a href=\"https:\/\/kedemoseducation.com\/fr\/product\/6eme-eb6-livre-de-lecture-aec\/\">livre de lecture de la classe de 6\u00e8me \/ EB6<\/a>.\u00a0<\/span><\/p>","protected":false},"featured_media":7271,"comment_status":"closed","ping_status":"closed","template":"","meta":{"_monsterinsights_skip_tracking":false,"_monsterinsights_sitenote_active":false,"_monsterinsights_sitenote_note":"","_monsterinsights_sitenote_category":0},"product_brand":[],"product_cat":[17,16,18,28],"product_tag":[57,65,335,339],"class_list":{"0":"post-140","1":"product","2":"type-product","3":"status-publish","4":"has-post-thumbnail","6":"product_cat-french","7":"product_cat-school-books","8":"product_cat-arc-en-ciel","9":"product_cat-grade-6-arc-en-ciel","10":"product_tag-arc-en-ciel","11":"product_tag-grade-5","12":"product_tag-primary-school","13":"product_tag-expression-workbook-1","14":"pa_grade-grade-6","16":"first","17":"instock","18":"shipping-taxable","19":"purchasable","20":"product-type-simple"},"yoast_head":"<!-- This site is optimized with the Yoast SEO plugin v26.4 - https:\/\/yoast.com\/wordpress\/plugins\/seo\/ -->\r\n<title>Grade 6 Expression Workbook 1 - Kedemos Education<\/title>\r\n<meta name=\"description\" content=\"This Grade 6 expression workbook 1 provides a variety of exercises on written comprehension, vocabulary, and written expression.\" \/>\r\n<meta name=\"robots\" content=\"index, follow, max-snippet:-1, max-image-preview:large, max-video-preview:-1\" \/>\r\n<link rel=\"canonical\" href=\"https:\/\/kedemoseducation.com\/fr\/product\/6eme-eb6-cahier-dexpression-1-aec\/\" \/>\r\n<meta property=\"og:locale\" content=\"fr_FR\" \/>\r\n<meta property=\"og:type\" content=\"article\" \/>\r\n<meta property=\"og:title\" content=\"Grade 6 Expression Workbook 1 - Kedemos Education\" \/>\r\n<meta property=\"og:description\" content=\"This Grade 6 expression workbook 1 provides a variety of exercises on written comprehension, vocabulary, and written expression.\" \/>\r\n<meta property=\"og:url\" content=\"https:\/\/kedemoseducation.com\/fr\/product\/6eme-eb6-cahier-dexpression-1-aec\/\" \/>\r\n<meta property=\"og:site_name\" content=\"Kedemos Education\" \/>\r\n<meta property=\"article:publisher\" content=\"https:\/\/www.facebook.com\/Kedemoseducation\" \/>\r\n<meta property=\"article:modified_time\" content=\"2026-02-17T11:43:00+00:00\" \/>\r\n<meta property=\"og:image\" content=\"https:\/\/kedemoseducation.com\/wp-content\/uploads\/2022\/05\/Expression-1-eb6-aec.jpg\" \/>\r\n\t<meta property=\"og:image:width\" content=\"600\" \/>\r\n\t<meta property=\"og:image:height\" content=\"800\" \/>\r\n\t<meta property=\"og:image:type\" content=\"image\/jpeg\" \/>\r\n<meta name=\"twitter:card\" content=\"summary_large_image\" \/>\r\n<meta name=\"twitter:label1\" content=\"Dur\u00e9e de lecture estim\u00e9e\" \/>\n\t<meta name=\"twitter:data1\" content=\"2 minutes\" \/>\r\n<script type=\"application\/ld+json\" class=\"yoast-schema-graph\">{\"@context\":\"https:\/\/schema.org\",\"@graph\":[{\"@type\":\"WebPage\",\"@id\":\"https:\/\/kedemoseducation.com\/product\/6eme-eb6-cahier-dexpression-1-aec\/\",\"url\":\"https:\/\/kedemoseducation.com\/product\/6eme-eb6-cahier-dexpression-1-aec\/\",\"name\":\"Grade 6 Expression Workbook 1 - Kedemos Education\",\"isPartOf\":{\"@id\":\"https:\/\/kedemoseducation.com\/fr\/#website\"},\"primaryImageOfPage\":{\"@id\":\"https:\/\/kedemoseducation.com\/product\/6eme-eb6-cahier-dexpression-1-aec\/#primaryimage\"},\"image\":{\"@id\":\"https:\/\/kedemoseducation.com\/product\/6eme-eb6-cahier-dexpression-1-aec\/#primaryimage\"},\"thumbnailUrl\":\"https:\/\/i0.wp.com\/kedemoseducation.com\/wp-content\/uploads\/2022\/05\/Expression-1-eb6-aec.jpg?fit=600%2C800&ssl=1\",\"datePublished\":\"2022-05-05T06:16:46+00:00\",\"dateModified\":\"2026-02-17T11:43:00+00:00\",\"description\":\"This Grade 6 expression workbook 1 provides a variety of exercises on written comprehension, vocabulary, and written expression.\",\"breadcrumb\":{\"@id\":\"https:\/\/kedemoseducation.com\/product\/6eme-eb6-cahier-dexpression-1-aec\/#breadcrumb\"},\"inLanguage\":\"fr-FR\",\"potentialAction\":[{\"@type\":\"ReadAction\",\"target\":[\"https:\/\/kedemoseducation.com\/product\/6eme-eb6-cahier-dexpression-1-aec\/\"]}]},{\"@type\":\"ImageObject\",\"inLanguage\":\"fr-FR\",\"@id\":\"https:\/\/kedemoseducation.com\/product\/6eme-eb6-cahier-dexpression-1-aec\/#primaryimage\",\"url\":\"https:\/\/i0.wp.com\/kedemoseducation.com\/wp-content\/uploads\/2022\/05\/Expression-1-eb6-aec.jpg?fit=600%2C800&ssl=1\",\"contentUrl\":\"https:\/\/i0.wp.com\/kedemoseducation.com\/wp-content\/uploads\/2022\/05\/Expression-1-eb6-aec.jpg?fit=600%2C800&ssl=1\",\"width\":600,\"height\":800,\"caption\":\"Grade 6 Expression Workbook 1\"},{\"@type\":\"BreadcrumbList\",\"@id\":\"https:\/\/kedemoseducation.com\/product\/6eme-eb6-cahier-dexpression-1-aec\/#breadcrumb\",\"itemListElement\":[{\"@type\":\"ListItem\",\"position\":1,\"name\":\"Home\",\"item\":\"https:\/\/kedemoseducation.com\/\"},{\"@type\":\"ListItem\",\"position\":2,\"name\":\"All Products\",\"item\":\"https:\/\/kedemoseducation.com\/fr\/shop-2\/tous-les-produits\/\"},{\"@type\":\"ListItem\",\"position\":3,\"name\":\"School Books\",\"item\":\"https:\/\/kedemoseducation.com\/fr\/categorie-de-produit\/manuels-scolaires\/\"},{\"@type\":\"ListItem\",\"position\":4,\"name\":\"Grade 6 &#8211; Expression Workbook 1\"}]},{\"@type\":\"WebSite\",\"@id\":\"https:\/\/kedemoseducation.com\/fr\/#website\",\"url\":\"https:\/\/kedemoseducation.com\/fr\/\",\"name\":\"Kedemos Education\",\"description\":\"The Pleasure of Learning\",\"publisher\":{\"@id\":\"https:\/\/kedemoseducation.com\/fr\/#organization\"},\"potentialAction\":[{\"@type\":\"SearchAction\",\"target\":{\"@type\":\"EntryPoint\",\"urlTemplate\":\"https:\/\/kedemoseducation.com\/fr\/?s={search_term_string}\"},\"query-input\":{\"@type\":\"PropertyValueSpecification\",\"valueRequired\":true,\"valueName\":\"search_term_string\"}}],\"inLanguage\":\"fr-FR\"},{\"@type\":\"Organization\",\"@id\":\"https:\/\/kedemoseducation.com\/fr\/#organization\",\"name\":\"Kedemos Education\",\"url\":\"https:\/\/kedemoseducation.com\/fr\/\",\"logo\":{\"@type\":\"ImageObject\",\"inLanguage\":\"fr-FR\",\"@id\":\"https:\/\/kedemoseducation.com\/fr\/#\/schema\/logo\/image\/\",\"url\":\"https:\/\/kedemoseducation.com\/wp-content\/uploads\/2023\/06\/logo-kedemos-education.png\",\"contentUrl\":\"https:\/\/kedemoseducation.com\/wp-content\/uploads\/2023\/06\/logo-kedemos-education.png\",\"width\":2362,\"height\":903,\"caption\":\"Kedemos Education\"},\"image\":{\"@id\":\"https:\/\/kedemoseducation.com\/fr\/#\/schema\/logo\/image\/\"},\"sameAs\":[\"https:\/\/www.facebook.com\/Kedemoseducation\",\"https:\/\/www.instagram.com\/kedemoseducation\/\",\"https:\/\/www.linkedin.com\/company\/kedemos-education\/\"]}]}<\/script>\r\n<!-- \/ Yoast SEO plugin. -->","yoast_head_json":{"title":"6\u00e8me \/ EB6 Cahier d'Expression 1 - K\u00e9d\u00e9mos Education","description":"Ce cahier d'expression 1 pour la 6\u00e8me \/ EB6 propose des exercices de compr\u00e9hension \u00e9crite, de vocabulaire et d\u2019expression \u00e9crite.","robots":{"index":"index","follow":"follow","max-snippet":"max-snippet:-1","max-image-preview":"max-image-preview:large","max-video-preview":"max-video-preview:-1"},"canonical":"https:\/\/kedemoseducation.com\/fr\/product\/6eme-eb6-cahier-dexpression-1-aec\/","og_locale":"fr_FR","og_type":"article","og_title":"Grade 6 Expression Workbook 1 - Kedemos Education","og_description":"This Grade 6 expression workbook 1 provides a variety of exercises on written comprehension, vocabulary, and written expression.","og_url":"https:\/\/kedemoseducation.com\/fr\/product\/6eme-eb6-cahier-dexpression-1-aec\/","og_site_name":"Kedemos Education","article_publisher":"https:\/\/www.facebook.com\/Kedemoseducation","article_modified_time":"2026-02-17T11:43:00+00:00","og_image":[{"width":600,"height":800,"url":"https:\/\/kedemoseducation.com\/wp-content\/uploads\/2022\/05\/Expression-1-eb6-aec.jpg","type":"image\/jpeg"}],"twitter_card":"summary_large_image","twitter_misc":{"Dur\u00e9e de lecture estim\u00e9e":"2 minutes"},"schema":{"@context":"https:\/\/schema.org","@graph":[{"@type":"WebPage","@id":"https:\/\/kedemoseducation.com\/product\/6eme-eb6-cahier-dexpression-1-aec\/","url":"https:\/\/kedemoseducation.com\/product\/6eme-eb6-cahier-dexpression-1-aec\/","name":"6\u00e8me \/ EB6 Cahier d'Expression 1 - K\u00e9d\u00e9mos Education","isPartOf":{"@id":"https:\/\/kedemoseducation.com\/fr\/#website"},"primaryImageOfPage":{"@id":"https:\/\/kedemoseducation.com\/product\/6eme-eb6-cahier-dexpression-1-aec\/#primaryimage"},"image":{"@id":"https:\/\/kedemoseducation.com\/product\/6eme-eb6-cahier-dexpression-1-aec\/#primaryimage"},"thumbnailUrl":"https:\/\/i0.wp.com\/kedemoseducation.com\/wp-content\/uploads\/2022\/05\/Expression-1-eb6-aec.jpg?fit=600%2C800&ssl=1","datePublished":"2022-05-05T06:16:46+00:00","dateModified":"2026-02-17T11:43:00+00:00","description":"Ce cahier d'expression 1 pour la 6\u00e8me \/ EB6 propose des exercices de compr\u00e9hension \u00e9crite, de vocabulaire et d\u2019expression \u00e9crite.","breadcrumb":{"@id":"https:\/\/kedemoseducation.com\/product\/6eme-eb6-cahier-dexpression-1-aec\/#breadcrumb"},"inLanguage":"fr-FR","potentialAction":[{"@type":"ReadAction","target":["https:\/\/kedemoseducation.com\/product\/6eme-eb6-cahier-dexpression-1-aec\/"]}]},{"@type":"ImageObject","inLanguage":"fr-FR","@id":"https:\/\/kedemoseducation.com\/product\/6eme-eb6-cahier-dexpression-1-aec\/#primaryimage","url":"https:\/\/i0.wp.com\/kedemoseducation.com\/wp-content\/uploads\/2022\/05\/Expression-1-eb6-aec.jpg?fit=600%2C800&ssl=1","contentUrl":"https:\/\/i0.wp.com\/kedemoseducation.com\/wp-content\/uploads\/2022\/05\/Expression-1-eb6-aec.jpg?fit=600%2C800&ssl=1","width":600,"height":800,"caption":"Grade 6 Expression Workbook 1"},{"@type":"BreadcrumbList","@id":"https:\/\/kedemoseducation.com\/product\/6eme-eb6-cahier-dexpression-1-aec\/#breadcrumb","itemListElement":[{"@type":"ListItem","position":1,"name":"Home","item":"https:\/\/kedemoseducation.com\/"},{"@type":"ListItem","position":2,"name":"All Products","item":"https:\/\/kedemoseducation.com\/fr\/shop-2\/tous-les-produits\/"},{"@type":"ListItem","position":3,"name":"School Books","item":"https:\/\/kedemoseducation.com\/fr\/categorie-de-produit\/manuels-scolaires\/"},{"@type":"ListItem","position":4,"name":"Grade 6 &#8211; Expression Workbook 1"}]},{"@type":"WebSite","@id":"https:\/\/kedemoseducation.com\/fr\/#website","url":"https:\/\/kedemoseducation.com\/fr\/","name":"K\u00e9d\u00e9mos Education","description":"Le plaisir d'apprendre","publisher":{"@id":"https:\/\/kedemoseducation.com\/fr\/#organization"},"potentialAction":[{"@type":"SearchAction","target":{"@type":"EntryPoint","urlTemplate":"https:\/\/kedemoseducation.com\/fr\/?s={search_term_string}"},"query-input":{"@type":"PropertyValueSpecification","valueRequired":true,"valueName":"search_term_string"}}],"inLanguage":"fr-FR"},{"@type":"Organization","@id":"https:\/\/kedemoseducation.com\/fr\/#organization","name":"K\u00e9d\u00e9mos Education","url":"https:\/\/kedemoseducation.com\/fr\/","logo":{"@type":"ImageObject","inLanguage":"fr-FR","@id":"https:\/\/kedemoseducation.com\/fr\/#\/schema\/logo\/image\/","url":"https:\/\/kedemoseducation.com\/wp-content\/uploads\/2023\/06\/logo-kedemos-education.png","contentUrl":"https:\/\/kedemoseducation.com\/wp-content\/uploads\/2023\/06\/logo-kedemos-education.png","width":2362,"height":903,"caption":"Kedemos Education"},"image":{"@id":"https:\/\/kedemoseducation.com\/fr\/#\/schema\/logo\/image\/"},"sameAs":["https:\/\/www.facebook.com\/Kedemoseducation","https:\/\/www.instagram.com\/kedemoseducation\/","https:\/\/www.linkedin.com\/company\/kedemos-education\/"]}]}},"jetpack_sharing_enabled":true,"_links":{"self":[{"href":"https:\/\/kedemoseducation.com\/fr\/wp-json\/wp\/v2\/product\/140","targetHints":{"allow":["GET"]}}],"collection":[{"href":"https:\/\/kedemoseducation.com\/fr\/wp-json\/wp\/v2\/product"}],"about":[{"href":"https:\/\/kedemoseducation.com\/fr\/wp-json\/wp\/v2\/types\/product"}],"replies":[{"embeddable":true,"href":"https:\/\/kedemoseducation.com\/fr\/wp-json\/wp\/v2\/comments?post=140"}],"wp:featuredmedia":[{"embeddable":true,"href":"https:\/\/kedemoseducation.com\/fr\/wp-json\/wp\/v2\/media\/7271"}],"wp:attachment":[{"href":"https:\/\/kedemoseducation.com\/fr\/wp-json\/wp\/v2\/media?parent=140"}],"wp:term":[{"taxonomy":"product_brand","embeddable":true,"href":"https:\/\/kedemoseducation.com\/fr\/wp-json\/wp\/v2\/product_brand?post=140"},{"taxonomy":"product_cat","embeddable":true,"href":"https:\/\/kedemoseducation.com\/fr\/wp-json\/wp\/v2\/product_cat?post=140"},{"taxonomy":"product_tag","embeddable":true,"href":"https:\/\/kedemoseducation.com\/fr\/wp-json\/wp\/v2\/product_tag?post=140"}],"curies":[{"name":"wp","href":"https:\/\/api.w.org\/{rel}","templated":true}]}}