{"id":139,"date":"2022-05-05T06:16:45","date_gmt":"2022-05-05T03:16:45","guid":{"rendered":"https:\/\/eshop.classperts.com\/?post_type=product&#038;p=139"},"modified":"2026-02-18T09:55:19","modified_gmt":"2026-02-18T07:55:19","slug":"grade-4-math-book","status":"publish","type":"product","link":"https:\/\/kedemoseducation.com\/fr\/product\/cm1-eb4-manuel-de-maths\/","title":{"rendered":"CM1 \/ EB4 - Manuel de Maths"},"content":{"rendered":"<h1>CM1 \/ EB4 Manuel de Maths - Arc-en-ciel<\/h1>\n<h2><strong>Pr\u00e9sentation de la m\u00e9thode du CM1 \/ EB4<\/strong><\/h2>\n<p>Ce manuel de maths de la collection Arc-en-ciel pour le CM1 \/ EB4 prolonge les apprentissages des classes pr\u00e9c\u00e9dentes. On y retrouve toutes les notions d\u00e9j\u00e0 apprises, que ce soit au niveau de la num\u00e9ration que de celui du calcul et des formes g\u00e9om\u00e9triques. Cette reprise permet aux enfants de revoir ce qu'ils ont sans doute oubli\u00e9 pendant les vacances d'\u00e9t\u00e9. Elle leur assure \u00e9galement une solide base pour apprendre \u00e0 calculer, r\u00e9fl\u00e9chir et analyser. Ainsi, leur esprit de synth\u00e8se, leur sens de l'observation et leur esprit logique se d\u00e9veloppent progressivement.<\/p>\n<h3><strong>CM1 \/ EB4 Maths<\/strong><\/h3>\n<p>Chaque chapitre de ce manuel de maths de la collection Arc-en-ciel pour la classe de CM1 \/ EB4 s'ouvre sur un cadre de couleur. Chaque couleur d\u00e9finit un type d'activit\u00e9 et pr\u00e9sente l'objectif d'apprentissage. Cette pr\u00e9sentation se veut tr\u00e8s br\u00e8ve. Le but est de donner \u00e0 l'enfant l'occasion d'observer un \u00ab fait math\u00e9matique \u00bb.<\/p>\n<p>Ensuite, suivent des exercices qui, comme il se doit, vont du plus facile au plus difficile. Ces exercices sont tr\u00e8s souvent illustr\u00e9s de dessins. Leur fonction est de faciliter la compr\u00e9hension et de permettre \u00e0 l'enfant de recourir \u00e0 une observation directe de ce qui lui est demand\u00e9.<\/p>\n<p>Parmi ces exercices, beaucoup constituent des \u00ab probl\u00e8mes \u00bb au cours desquels l'enfant apprendra \u00e0 adopter une d\u00e9marche logique, toujours la m\u00eame :<\/p>\n<ul>\n<li aria-level=\"1\">D'abord, analyser les donn\u00e9es de la consigne.<\/li>\n<li aria-level=\"1\">Ensuite, prendre conscience de ce qui lui est demand\u00e9.<\/li>\n<li aria-level=\"1\">Troisi\u00e8me \u00e9tape, \u00e9crire une \u00e9quation et effectuer un calcul.<\/li>\n<li aria-level=\"1\">\u00c9tape ultime, donner une r\u00e9ponse \u00e0 la question pos\u00e9e dans la consigne.<\/li>\n<\/ul>\n<p>Enfin, des pages d'\u00e9valuation permettent de faire r\u00e9guli\u00e8rement le point sur le niveau des acquisitions. Elles permettent aussi de reprendre les notions qui ont besoin d'\u00eatre mieux assimil\u00e9es.<\/p>","protected":false},"excerpt":{"rendered":"<p><span style=\"font-weight: 400;\">Ce livre de maths de la classe de CM1 \/ EB4 propose des le\u00e7ons, des exercices et des probl\u00e8mes, ainsi que de nombreuses pages de r\u00e9vision afin d\u2019assurer une formation solide dans l\u2019apprentissage et la consolidation des concepts math\u00e9matiques.<\/span><\/p>","protected":false},"featured_media":7276,"comment_status":"closed","ping_status":"closed","template":"","meta":{"_monsterinsights_skip_tracking":false,"_monsterinsights_sitenote_active":false,"_monsterinsights_sitenote_note":"","_monsterinsights_sitenote_category":0},"product_brand":[],"product_cat":[17,130,16,18,328,355,26,126],"product_tag":[57,68,335,340],"class_list":{"0":"post-139","1":"product","2":"type-product","3":"status-publish","4":"has-post-thumbnail","6":"product_cat-french","7":"product_cat-french-math-books","8":"product_cat-school-books","9":"product_cat-arc-en-ciel","10":"product_cat-primary-school","11":"product_cat-arc-en-ciel-french-math-books","12":"product_cat-grade-4-arc-en-ciel","13":"product_cat-math","14":"product_tag-arc-en-ciel","15":"product_tag-grade-4","16":"product_tag-primary-school","17":"product_tag-math-book","18":"pa_grade-grade-4","20":"first","21":"instock","22":"shipping-taxable","23":"purchasable","24":"product-type-simple"},"yoast_head":"<!-- This site is optimized with the Yoast SEO plugin v26.4 - https:\/\/yoast.com\/wordpress\/plugins\/seo\/ -->\r\n<title>Grade 4 Math Book - Kedemos Education<\/title>\r\n<meta name=\"description\" content=\"This Grade 4 math book provides various lessons, exercises, and problems to ensure a solid understanding and mastery of mathematical concepts.\" \/>\r\n<meta name=\"robots\" content=\"index, follow, max-snippet:-1, max-image-preview:large, max-video-preview:-1\" \/>\r\n<link rel=\"canonical\" href=\"https:\/\/kedemoseducation.com\/fr\/product\/cm1-eb4-maths\/\" \/>\r\n<meta property=\"og:locale\" content=\"fr_FR\" \/>\r\n<meta property=\"og:type\" content=\"article\" \/>\r\n<meta property=\"og:title\" content=\"Grade 4 Math Book - Kedemos Education\" \/>\r\n<meta property=\"og:description\" content=\"This Grade 4 math book provides various lessons, exercises, and problems to ensure a solid understanding and mastery of mathematical concepts.\" \/>\r\n<meta property=\"og:url\" content=\"https:\/\/kedemoseducation.com\/fr\/product\/cm1-eb4-maths\/\" \/>\r\n<meta property=\"og:site_name\" content=\"Kedemos Education\" \/>\r\n<meta property=\"article:publisher\" content=\"https:\/\/www.facebook.com\/Kedemoseducation\" \/>\r\n<meta property=\"article:modified_time\" content=\"2026-02-18T07:55:19+00:00\" \/>\r\n<meta property=\"og:image\" content=\"https:\/\/kedemoseducation.com\/wp-content\/uploads\/2022\/05\/Maths-eb4.jpg\" \/>\r\n\t<meta property=\"og:image:width\" content=\"600\" \/>\r\n\t<meta property=\"og:image:height\" content=\"800\" \/>\r\n\t<meta property=\"og:image:type\" content=\"image\/jpeg\" \/>\r\n<meta name=\"twitter:card\" content=\"summary_large_image\" \/>\r\n<meta name=\"twitter:label1\" content=\"Dur\u00e9e de lecture estim\u00e9e\" \/>\n\t<meta name=\"twitter:data1\" content=\"2 minutes\" \/>\r\n<script type=\"application\/ld+json\" class=\"yoast-schema-graph\">{\"@context\":\"https:\/\/schema.org\",\"@graph\":[{\"@type\":\"WebPage\",\"@id\":\"https:\/\/kedemoseducation.com\/product\/cm1-eb4-maths\/\",\"url\":\"https:\/\/kedemoseducation.com\/product\/cm1-eb4-maths\/\",\"name\":\"Grade 4 Math Book - Kedemos Education\",\"isPartOf\":{\"@id\":\"https:\/\/kedemoseducation.com\/fr\/#website\"},\"primaryImageOfPage\":{\"@id\":\"https:\/\/kedemoseducation.com\/product\/cm1-eb4-maths\/#primaryimage\"},\"image\":{\"@id\":\"https:\/\/kedemoseducation.com\/product\/cm1-eb4-maths\/#primaryimage\"},\"thumbnailUrl\":\"https:\/\/i0.wp.com\/kedemoseducation.com\/wp-content\/uploads\/2022\/05\/Maths-eb4.jpg?fit=600%2C800&ssl=1\",\"datePublished\":\"2022-05-05T03:16:45+00:00\",\"dateModified\":\"2026-02-18T07:55:19+00:00\",\"description\":\"This Grade 4 math book provides various lessons, exercises, and problems to ensure a solid understanding and mastery of mathematical concepts.\",\"breadcrumb\":{\"@id\":\"https:\/\/kedemoseducation.com\/product\/cm1-eb4-maths\/#breadcrumb\"},\"inLanguage\":\"fr-FR\",\"potentialAction\":[{\"@type\":\"ReadAction\",\"target\":[\"https:\/\/kedemoseducation.com\/product\/cm1-eb4-maths\/\"]}]},{\"@type\":\"ImageObject\",\"inLanguage\":\"fr-FR\",\"@id\":\"https:\/\/kedemoseducation.com\/product\/cm1-eb4-maths\/#primaryimage\",\"url\":\"https:\/\/i0.wp.com\/kedemoseducation.com\/wp-content\/uploads\/2022\/05\/Maths-eb4.jpg?fit=600%2C800&ssl=1\",\"contentUrl\":\"https:\/\/i0.wp.com\/kedemoseducation.com\/wp-content\/uploads\/2022\/05\/Maths-eb4.jpg?fit=600%2C800&ssl=1\",\"width\":600,\"height\":800,\"caption\":\"Grade 4 Math Book\"},{\"@type\":\"BreadcrumbList\",\"@id\":\"https:\/\/kedemoseducation.com\/product\/cm1-eb4-maths\/#breadcrumb\",\"itemListElement\":[{\"@type\":\"ListItem\",\"position\":1,\"name\":\"Home\",\"item\":\"https:\/\/kedemoseducation.com\/\"},{\"@type\":\"ListItem\",\"position\":2,\"name\":\"All Products\",\"item\":\"https:\/\/kedemoseducation.com\/fr\/shop-2\/tous-les-produits\/\"},{\"@type\":\"ListItem\",\"position\":3,\"name\":\"School Books\",\"item\":\"https:\/\/kedemoseducation.com\/fr\/categorie-de-produit\/manuels-scolaires\/\"},{\"@type\":\"ListItem\",\"position\":4,\"name\":\"Grade 4 &#8211; Math Book\"}]},{\"@type\":\"WebSite\",\"@id\":\"https:\/\/kedemoseducation.com\/fr\/#website\",\"url\":\"https:\/\/kedemoseducation.com\/fr\/\",\"name\":\"Kedemos Education\",\"description\":\"The Pleasure of Learning\",\"publisher\":{\"@id\":\"https:\/\/kedemoseducation.com\/fr\/#organization\"},\"potentialAction\":[{\"@type\":\"SearchAction\",\"target\":{\"@type\":\"EntryPoint\",\"urlTemplate\":\"https:\/\/kedemoseducation.com\/fr\/?s={search_term_string}\"},\"query-input\":{\"@type\":\"PropertyValueSpecification\",\"valueRequired\":true,\"valueName\":\"search_term_string\"}}],\"inLanguage\":\"fr-FR\"},{\"@type\":\"Organization\",\"@id\":\"https:\/\/kedemoseducation.com\/fr\/#organization\",\"name\":\"Kedemos Education\",\"url\":\"https:\/\/kedemoseducation.com\/fr\/\",\"logo\":{\"@type\":\"ImageObject\",\"inLanguage\":\"fr-FR\",\"@id\":\"https:\/\/kedemoseducation.com\/fr\/#\/schema\/logo\/image\/\",\"url\":\"https:\/\/kedemoseducation.com\/wp-content\/uploads\/2023\/06\/logo-kedemos-education.png\",\"contentUrl\":\"https:\/\/kedemoseducation.com\/wp-content\/uploads\/2023\/06\/logo-kedemos-education.png\",\"width\":2362,\"height\":903,\"caption\":\"Kedemos Education\"},\"image\":{\"@id\":\"https:\/\/kedemoseducation.com\/fr\/#\/schema\/logo\/image\/\"},\"sameAs\":[\"https:\/\/www.facebook.com\/Kedemoseducation\",\"https:\/\/www.instagram.com\/kedemoseducation\/\",\"https:\/\/www.linkedin.com\/company\/kedemos-education\/\"]}]}<\/script>\r\n<!-- \/ Yoast SEO plugin. -->","yoast_head_json":{"title":"CM1 \/ EB4 Livre de maths - K\u00e9d\u00e9mos Education","description":"Ce livre de maths pour le CM1 \/ EB4 propose des le\u00e7ons, des exercices et des probl\u00e8mes pour assurer une formation solide dans l\u2019apprentissage des math\u00e9matiques.","robots":{"index":"index","follow":"follow","max-snippet":"max-snippet:-1","max-image-preview":"max-image-preview:large","max-video-preview":"max-video-preview:-1"},"canonical":"https:\/\/kedemoseducation.com\/fr\/product\/cm1-eb4-maths\/","og_locale":"fr_FR","og_type":"article","og_title":"Grade 4 Math Book - Kedemos Education","og_description":"This Grade 4 math book provides various lessons, exercises, and problems to ensure a solid understanding and mastery of mathematical concepts.","og_url":"https:\/\/kedemoseducation.com\/fr\/product\/cm1-eb4-maths\/","og_site_name":"Kedemos Education","article_publisher":"https:\/\/www.facebook.com\/Kedemoseducation","article_modified_time":"2026-02-18T07:55:19+00:00","og_image":[{"width":600,"height":800,"url":"https:\/\/kedemoseducation.com\/wp-content\/uploads\/2022\/05\/Maths-eb4.jpg","type":"image\/jpeg"}],"twitter_card":"summary_large_image","twitter_misc":{"Dur\u00e9e de lecture estim\u00e9e":"2 minutes"},"schema":{"@context":"https:\/\/schema.org","@graph":[{"@type":"WebPage","@id":"https:\/\/kedemoseducation.com\/product\/cm1-eb4-maths\/","url":"https:\/\/kedemoseducation.com\/product\/cm1-eb4-maths\/","name":"CM1 \/ EB4 Livre de maths - K\u00e9d\u00e9mos Education","isPartOf":{"@id":"https:\/\/kedemoseducation.com\/fr\/#website"},"primaryImageOfPage":{"@id":"https:\/\/kedemoseducation.com\/product\/cm1-eb4-maths\/#primaryimage"},"image":{"@id":"https:\/\/kedemoseducation.com\/product\/cm1-eb4-maths\/#primaryimage"},"thumbnailUrl":"https:\/\/i0.wp.com\/kedemoseducation.com\/wp-content\/uploads\/2022\/05\/Maths-eb4.jpg?fit=600%2C800&ssl=1","datePublished":"2022-05-05T03:16:45+00:00","dateModified":"2026-02-18T07:55:19+00:00","description":"Ce livre de maths pour le CM1 \/ EB4 propose des le\u00e7ons, des exercices et des probl\u00e8mes pour assurer une formation solide dans l\u2019apprentissage des math\u00e9matiques.","breadcrumb":{"@id":"https:\/\/kedemoseducation.com\/product\/cm1-eb4-maths\/#breadcrumb"},"inLanguage":"fr-FR","potentialAction":[{"@type":"ReadAction","target":["https:\/\/kedemoseducation.com\/product\/cm1-eb4-maths\/"]}]},{"@type":"ImageObject","inLanguage":"fr-FR","@id":"https:\/\/kedemoseducation.com\/product\/cm1-eb4-maths\/#primaryimage","url":"https:\/\/i0.wp.com\/kedemoseducation.com\/wp-content\/uploads\/2022\/05\/Maths-eb4.jpg?fit=600%2C800&ssl=1","contentUrl":"https:\/\/i0.wp.com\/kedemoseducation.com\/wp-content\/uploads\/2022\/05\/Maths-eb4.jpg?fit=600%2C800&ssl=1","width":600,"height":800,"caption":"Grade 4 Math Book"},{"@type":"BreadcrumbList","@id":"https:\/\/kedemoseducation.com\/product\/cm1-eb4-maths\/#breadcrumb","itemListElement":[{"@type":"ListItem","position":1,"name":"Home","item":"https:\/\/kedemoseducation.com\/"},{"@type":"ListItem","position":2,"name":"All Products","item":"https:\/\/kedemoseducation.com\/fr\/shop-2\/tous-les-produits\/"},{"@type":"ListItem","position":3,"name":"School Books","item":"https:\/\/kedemoseducation.com\/fr\/categorie-de-produit\/manuels-scolaires\/"},{"@type":"ListItem","position":4,"name":"Grade 4 &#8211; Math Book"}]},{"@type":"WebSite","@id":"https:\/\/kedemoseducation.com\/fr\/#website","url":"https:\/\/kedemoseducation.com\/fr\/","name":"K\u00e9d\u00e9mos Education","description":"Le plaisir d'apprendre","publisher":{"@id":"https:\/\/kedemoseducation.com\/fr\/#organization"},"potentialAction":[{"@type":"SearchAction","target":{"@type":"EntryPoint","urlTemplate":"https:\/\/kedemoseducation.com\/fr\/?s={search_term_string}"},"query-input":{"@type":"PropertyValueSpecification","valueRequired":true,"valueName":"search_term_string"}}],"inLanguage":"fr-FR"},{"@type":"Organization","@id":"https:\/\/kedemoseducation.com\/fr\/#organization","name":"K\u00e9d\u00e9mos Education","url":"https:\/\/kedemoseducation.com\/fr\/","logo":{"@type":"ImageObject","inLanguage":"fr-FR","@id":"https:\/\/kedemoseducation.com\/fr\/#\/schema\/logo\/image\/","url":"https:\/\/kedemoseducation.com\/wp-content\/uploads\/2023\/06\/logo-kedemos-education.png","contentUrl":"https:\/\/kedemoseducation.com\/wp-content\/uploads\/2023\/06\/logo-kedemos-education.png","width":2362,"height":903,"caption":"Kedemos Education"},"image":{"@id":"https:\/\/kedemoseducation.com\/fr\/#\/schema\/logo\/image\/"},"sameAs":["https:\/\/www.facebook.com\/Kedemoseducation","https:\/\/www.instagram.com\/kedemoseducation\/","https:\/\/www.linkedin.com\/company\/kedemos-education\/"]}]}},"jetpack_sharing_enabled":true,"_links":{"self":[{"href":"https:\/\/kedemoseducation.com\/fr\/wp-json\/wp\/v2\/product\/139","targetHints":{"allow":["GET"]}}],"collection":[{"href":"https:\/\/kedemoseducation.com\/fr\/wp-json\/wp\/v2\/product"}],"about":[{"href":"https:\/\/kedemoseducation.com\/fr\/wp-json\/wp\/v2\/types\/product"}],"replies":[{"embeddable":true,"href":"https:\/\/kedemoseducation.com\/fr\/wp-json\/wp\/v2\/comments?post=139"}],"wp:featuredmedia":[{"embeddable":true,"href":"https:\/\/kedemoseducation.com\/fr\/wp-json\/wp\/v2\/media\/7276"}],"wp:attachment":[{"href":"https:\/\/kedemoseducation.com\/fr\/wp-json\/wp\/v2\/media?parent=139"}],"wp:term":[{"taxonomy":"product_brand","embeddable":true,"href":"https:\/\/kedemoseducation.com\/fr\/wp-json\/wp\/v2\/product_brand?post=139"},{"taxonomy":"product_cat","embeddable":true,"href":"https:\/\/kedemoseducation.com\/fr\/wp-json\/wp\/v2\/product_cat?post=139"},{"taxonomy":"product_tag","embeddable":true,"href":"https:\/\/kedemoseducation.com\/fr\/wp-json\/wp\/v2\/product_tag?post=139"}],"curies":[{"name":"wp","href":"https:\/\/api.w.org\/{rel}","templated":true}]}}