{"id":136,"date":"2022-05-05T06:16:44","date_gmt":"2022-05-05T06:16:44","guid":{"rendered":"https:\/\/eshop.classperts.com\/?post_type=product&#038;p=136"},"modified":"2026-02-16T15:26:39","modified_gmt":"2026-02-16T13:26:39","slug":"grade-4-expression-workbook-aec","status":"publish","type":"product","link":"https:\/\/kedemoseducation.com\/fr\/product\/cm1-eb4-cahier-dexpression-aec\/","title":{"rendered":"CM1 \/ EB4 - Cahier d'Expression"},"content":{"rendered":"<h1><b>CM1 \/ EB4 Cahier d'Expression - Arc-en-ciel<\/b><\/h1>\n<h2><b>Pr\u00e9sentation de la m\u00e9thode du CM1 \/ EB4<\/b><\/h2>\n<p><span style=\"font-weight: 400;\">Ce cahier d\u2019expression de la classe de CM1 \/ EB4 fait partie de la collection Arc-en-ciel.\u00a0<\/span><\/p>\n<p><span style=\"font-weight: 400;\">La collection Arc-en-ciel pour la classe de CM1 \/ EB4 compl\u00e8te nos m\u00e9thodes des classes pr\u00e9c\u00e9dentes. L\u2019esprit, les contenus et les pratiques y sont donc repris et \u00e9largis. Nos m\u00e9thodes mettent l'accent sur l'oral. En effet, l\u2019oral est la base de l'apprentissage de la lecture et de l'\u00e9criture.<\/span><\/p>\n<p><span style=\"font-weight: 400;\">La collection Arc-en-ciel pour la classe de CM1 \/ EB4 repose sur les principes m\u00e9thodologiques suivants :<\/span><\/p>\n<ul>\n<li style=\"font-weight: 400;\" aria-level=\"1\"><span style=\"font-weight: 400;\">Priorit\u00e9 accord\u00e9e \u00e0 la communication orale.<\/span><\/li>\n<li style=\"font-weight: 400;\" aria-level=\"1\"><span style=\"font-weight: 400;\">Textes de lecture courts, int\u00e9ressants et illustr\u00e9s : textes narratifs, informatifs, injonctifs et descriptifs.<\/span><\/li>\n<li style=\"font-weight: 400;\" aria-level=\"1\"><span style=\"font-weight: 400;\">Des supports iconographiques en marge des textes pour pr\u00e9senter les mots difficiles.\u00a0<\/span><\/li>\n<li style=\"font-weight: 400;\" aria-level=\"1\"><span style=\"font-weight: 400;\">Des activit\u00e9s linguistiques, grammaticales, culturelles et artistiques pour travailler le fran\u00e7ais oral et \u00e9crit. Elles d\u00e9veloppent aussi la r\u00e9flexion et la cr\u00e9ativit\u00e9.<\/span><\/li>\n<li style=\"font-weight: 400;\" aria-level=\"1\"><span style=\"font-weight: 400;\">Des activit\u00e9s de phon\u00e9tique.<\/span><\/li>\n<\/ul>\n<p><span style=\"font-weight: 400;\">Arc-en-ciel pour la classe de CM1 \/ EB4 est une m\u00e9thode compl\u00e8te d'apprentissage du fran\u00e7ais qui comprend les trois volets suivants : un <a href=\"https:\/\/kedemoseducation.com\/fr\/product\/cm1-eb4-livre-de-lecture-aec\/\">livre de lecture<\/a>, un cahier d'expression et un <a href=\"https:\/\/kedemoseducation.com\/fr\/product\/cm1-eb4-fichier-de-grammaire-aec\/\">fichier de grammaire<\/a>.<\/span><\/p>\n<h3><b>Cahier d\u2019expression CM1 \/ EB4<\/b><\/h3>\n<p>Ce cahier d\u2019expression de la collection Arc-en-ciel constitue le prolongement du livre de lecture. Il propose, dans chacune des 27 unit\u00e9s, des exercices portant sur :<\/p>\n<ul>\n<li aria-level=\"1\">La compr\u00e9hension orale et \u00e9crite.<\/li>\n<li aria-level=\"1\">La phon\u00e9tique et le travail sur les phon\u00e8mes-graph\u00e8mes.<\/li>\n<li aria-level=\"1\">Le vocabulaire.<\/li>\n<li aria-level=\"1\">L\u2019expression \u00e9crite : exercices de travail sur les mots, la phrase, la composition de paragraphes et les techniques de l'expression \u00e9crite.<\/li>\n<li aria-level=\"1\">Des fiches d'\u00e9valuation permettant de mesurer les acquis des \u00e9l\u00e8ves.<\/li>\n<\/ul>","protected":false},"excerpt":{"rendered":"<p><span style=\"font-weight: 400;\">Ce cahier d\u2019expression propose des pages de \u00ab techniques de l\u2019expression \u00e9crite \u00bb pour pr\u00e9senter les diff\u00e9rents types de textes (narratif, informatif, descriptif, injonctif) et pour apprendre \u00e0 analyser et \u00e0 composer des textes. Les exercices permettent de d\u00e9velopper les quatre comp\u00e9tences de base : compr\u00e9hension et expression orales, compr\u00e9hension et expression \u00e9crites.<\/span><\/p>\n<p class=\"translation-block\"><span style=\"font-weight: 400\">Ce manuel accompagne <a href=\"https:\/\/kedemoseducation.com\/fr\/produit\/cm1-eb4-livre-de-lecture-aec\/\" target=\"_self\">le livre de lecture<\/a> du CM1 \/ EB4.\u00a0<\/span><\/p>","protected":false},"featured_media":7264,"comment_status":"closed","ping_status":"closed","template":"","meta":{"_monsterinsights_skip_tracking":false,"_monsterinsights_sitenote_active":false,"_monsterinsights_sitenote_note":"","_monsterinsights_sitenote_category":0},"product_brand":[],"product_cat":[17,16,18,328,26],"product_tag":[57,68,335,336],"class_list":{"0":"post-136","1":"product","2":"type-product","3":"status-publish","4":"has-post-thumbnail","6":"product_cat-french","7":"product_cat-school-books","8":"product_cat-arc-en-ciel","9":"product_cat-primary-school","10":"product_cat-grade-4-arc-en-ciel","11":"product_tag-arc-en-ciel","12":"product_tag-grade-4","13":"product_tag-primary-school","14":"product_tag-reading-textbook","15":"pa_grade-grade-4","17":"first","18":"instock","19":"shipping-taxable","20":"purchasable","21":"product-type-simple"},"yoast_head":"<!-- This site is optimized with the Yoast SEO plugin v26.4 - https:\/\/yoast.com\/wordpress\/plugins\/seo\/ -->\r\n<title>Grade 4 Expression Workbook - Kedemos Education<\/title>\r\n<meta name=\"description\" content=\"This Grade 4 expression workbook, divided into 27 units, provides various expression exercises that focus on developing the four basic language skills.\" \/>\r\n<meta name=\"robots\" content=\"index, follow, max-snippet:-1, max-image-preview:large, max-video-preview:-1\" \/>\r\n<link rel=\"canonical\" href=\"https:\/\/kedemoseducation.com\/fr\/product\/cm1-eb4-cahier-dexpression-aec\/\" \/>\r\n<meta property=\"og:locale\" content=\"fr_FR\" \/>\r\n<meta property=\"og:type\" content=\"article\" \/>\r\n<meta property=\"og:title\" content=\"Grade 4 Expression Workbook - Kedemos Education\" \/>\r\n<meta property=\"og:description\" content=\"This Grade 4 expression workbook, divided into 27 units, provides various expression exercises that focus on developing the four basic language skills.\" \/>\r\n<meta property=\"og:url\" content=\"https:\/\/kedemoseducation.com\/fr\/product\/cm1-eb4-cahier-dexpression-aec\/\" \/>\r\n<meta property=\"og:site_name\" content=\"Kedemos Education\" \/>\r\n<meta property=\"article:publisher\" content=\"https:\/\/www.facebook.com\/Kedemoseducation\" \/>\r\n<meta property=\"article:modified_time\" content=\"2026-02-16T13:26:39+00:00\" \/>\r\n<meta property=\"og:image\" content=\"https:\/\/kedemoseducation.com\/wp-content\/uploads\/2022\/05\/Expression-eb4-aec.jpg\" \/>\r\n\t<meta property=\"og:image:width\" content=\"600\" \/>\r\n\t<meta property=\"og:image:height\" content=\"800\" \/>\r\n\t<meta property=\"og:image:type\" content=\"image\/jpeg\" \/>\r\n<meta name=\"twitter:card\" content=\"summary_large_image\" \/>\r\n<meta name=\"twitter:label1\" content=\"Dur\u00e9e de lecture estim\u00e9e\" \/>\n\t<meta name=\"twitter:data1\" content=\"2 minutes\" \/>\r\n<script type=\"application\/ld+json\" class=\"yoast-schema-graph\">{\"@context\":\"https:\/\/schema.org\",\"@graph\":[{\"@type\":\"WebPage\",\"@id\":\"https:\/\/kedemoseducation.com\/product\/cm1-eb4-cahier-dexpression-aec\/\",\"url\":\"https:\/\/kedemoseducation.com\/product\/cm1-eb4-cahier-dexpression-aec\/\",\"name\":\"Grade 4 Expression Workbook - Kedemos Education\",\"isPartOf\":{\"@id\":\"https:\/\/kedemoseducation.com\/fr\/#website\"},\"primaryImageOfPage\":{\"@id\":\"https:\/\/kedemoseducation.com\/product\/cm1-eb4-cahier-dexpression-aec\/#primaryimage\"},\"image\":{\"@id\":\"https:\/\/kedemoseducation.com\/product\/cm1-eb4-cahier-dexpression-aec\/#primaryimage\"},\"thumbnailUrl\":\"https:\/\/i0.wp.com\/kedemoseducation.com\/wp-content\/uploads\/2022\/05\/Expression-eb4-aec.jpg?fit=600%2C800&ssl=1\",\"datePublished\":\"2022-05-05T06:16:44+00:00\",\"dateModified\":\"2026-02-16T13:26:39+00:00\",\"description\":\"This Grade 4 expression workbook, divided into 27 units, provides various expression exercises that focus on developing the four basic language skills.\",\"breadcrumb\":{\"@id\":\"https:\/\/kedemoseducation.com\/product\/cm1-eb4-cahier-dexpression-aec\/#breadcrumb\"},\"inLanguage\":\"fr-FR\",\"potentialAction\":[{\"@type\":\"ReadAction\",\"target\":[\"https:\/\/kedemoseducation.com\/product\/cm1-eb4-cahier-dexpression-aec\/\"]}]},{\"@type\":\"ImageObject\",\"inLanguage\":\"fr-FR\",\"@id\":\"https:\/\/kedemoseducation.com\/product\/cm1-eb4-cahier-dexpression-aec\/#primaryimage\",\"url\":\"https:\/\/i0.wp.com\/kedemoseducation.com\/wp-content\/uploads\/2022\/05\/Expression-eb4-aec.jpg?fit=600%2C800&ssl=1\",\"contentUrl\":\"https:\/\/i0.wp.com\/kedemoseducation.com\/wp-content\/uploads\/2022\/05\/Expression-eb4-aec.jpg?fit=600%2C800&ssl=1\",\"width\":600,\"height\":800,\"caption\":\"Grade 4 Expression Workbook\u00a0\"},{\"@type\":\"BreadcrumbList\",\"@id\":\"https:\/\/kedemoseducation.com\/product\/cm1-eb4-cahier-dexpression-aec\/#breadcrumb\",\"itemListElement\":[{\"@type\":\"ListItem\",\"position\":1,\"name\":\"Home\",\"item\":\"https:\/\/kedemoseducation.com\/\"},{\"@type\":\"ListItem\",\"position\":2,\"name\":\"All Products\",\"item\":\"https:\/\/kedemoseducation.com\/fr\/shop-2\/tous-les-produits\/\"},{\"@type\":\"ListItem\",\"position\":3,\"name\":\"School Books\",\"item\":\"https:\/\/kedemoseducation.com\/fr\/categorie-de-produit\/manuels-scolaires\/\"},{\"@type\":\"ListItem\",\"position\":4,\"name\":\"French\",\"item\":\"https:\/\/kedemoseducation.com\/en\/product-category\/school-books\/french\/\"},{\"@type\":\"ListItem\",\"position\":5,\"name\":\"Grade 4 &#8211; Expression Workbook\"}]},{\"@type\":\"WebSite\",\"@id\":\"https:\/\/kedemoseducation.com\/fr\/#website\",\"url\":\"https:\/\/kedemoseducation.com\/fr\/\",\"name\":\"Kedemos Education\",\"description\":\"The Pleasure of Learning\",\"publisher\":{\"@id\":\"https:\/\/kedemoseducation.com\/fr\/#organization\"},\"potentialAction\":[{\"@type\":\"SearchAction\",\"target\":{\"@type\":\"EntryPoint\",\"urlTemplate\":\"https:\/\/kedemoseducation.com\/fr\/?s={search_term_string}\"},\"query-input\":{\"@type\":\"PropertyValueSpecification\",\"valueRequired\":true,\"valueName\":\"search_term_string\"}}],\"inLanguage\":\"fr-FR\"},{\"@type\":\"Organization\",\"@id\":\"https:\/\/kedemoseducation.com\/fr\/#organization\",\"name\":\"Kedemos Education\",\"url\":\"https:\/\/kedemoseducation.com\/fr\/\",\"logo\":{\"@type\":\"ImageObject\",\"inLanguage\":\"fr-FR\",\"@id\":\"https:\/\/kedemoseducation.com\/fr\/#\/schema\/logo\/image\/\",\"url\":\"https:\/\/kedemoseducation.com\/wp-content\/uploads\/2023\/06\/logo-kedemos-education.png\",\"contentUrl\":\"https:\/\/kedemoseducation.com\/wp-content\/uploads\/2023\/06\/logo-kedemos-education.png\",\"width\":2362,\"height\":903,\"caption\":\"Kedemos Education\"},\"image\":{\"@id\":\"https:\/\/kedemoseducation.com\/fr\/#\/schema\/logo\/image\/\"},\"sameAs\":[\"https:\/\/www.facebook.com\/Kedemoseducation\",\"https:\/\/www.instagram.com\/kedemoseducation\/\",\"https:\/\/www.linkedin.com\/company\/kedemos-education\/\"]}]}<\/script>\r\n<!-- \/ Yoast SEO plugin. -->","yoast_head_json":{"title":"CM1 \/ EB4 Cahier d'Expression - Arc-en-ciel","description":"Ce cahier d'expression pour le CM1 \/ EB4 propose des exercices vari\u00e9s qui font travailler les quatre comp\u00e9tences de base du langage.","robots":{"index":"index","follow":"follow","max-snippet":"max-snippet:-1","max-image-preview":"max-image-preview:large","max-video-preview":"max-video-preview:-1"},"canonical":"https:\/\/kedemoseducation.com\/fr\/product\/cm1-eb4-cahier-dexpression-aec\/","og_locale":"fr_FR","og_type":"article","og_title":"Grade 4 Expression Workbook - Kedemos Education","og_description":"This Grade 4 expression workbook, divided into 27 units, provides various expression exercises that focus on developing the four basic language skills.","og_url":"https:\/\/kedemoseducation.com\/fr\/product\/cm1-eb4-cahier-dexpression-aec\/","og_site_name":"Kedemos Education","article_publisher":"https:\/\/www.facebook.com\/Kedemoseducation","article_modified_time":"2026-02-16T13:26:39+00:00","og_image":[{"width":600,"height":800,"url":"https:\/\/kedemoseducation.com\/wp-content\/uploads\/2022\/05\/Expression-eb4-aec.jpg","type":"image\/jpeg"}],"twitter_card":"summary_large_image","twitter_misc":{"Dur\u00e9e de lecture estim\u00e9e":"2 minutes"},"schema":{"@context":"https:\/\/schema.org","@graph":[{"@type":"WebPage","@id":"https:\/\/kedemoseducation.com\/product\/cm1-eb4-cahier-dexpression-aec\/","url":"https:\/\/kedemoseducation.com\/product\/cm1-eb4-cahier-dexpression-aec\/","name":"CM1 \/ EB4 Cahier d'Expression - Arc-en-ciel","isPartOf":{"@id":"https:\/\/kedemoseducation.com\/fr\/#website"},"primaryImageOfPage":{"@id":"https:\/\/kedemoseducation.com\/product\/cm1-eb4-cahier-dexpression-aec\/#primaryimage"},"image":{"@id":"https:\/\/kedemoseducation.com\/product\/cm1-eb4-cahier-dexpression-aec\/#primaryimage"},"thumbnailUrl":"https:\/\/i0.wp.com\/kedemoseducation.com\/wp-content\/uploads\/2022\/05\/Expression-eb4-aec.jpg?fit=600%2C800&ssl=1","datePublished":"2022-05-05T06:16:44+00:00","dateModified":"2026-02-16T13:26:39+00:00","description":"Ce cahier d'expression pour le CM1 \/ EB4 propose des exercices vari\u00e9s qui font travailler les quatre comp\u00e9tences de base du langage.","breadcrumb":{"@id":"https:\/\/kedemoseducation.com\/product\/cm1-eb4-cahier-dexpression-aec\/#breadcrumb"},"inLanguage":"fr-FR","potentialAction":[{"@type":"ReadAction","target":["https:\/\/kedemoseducation.com\/product\/cm1-eb4-cahier-dexpression-aec\/"]}]},{"@type":"ImageObject","inLanguage":"fr-FR","@id":"https:\/\/kedemoseducation.com\/product\/cm1-eb4-cahier-dexpression-aec\/#primaryimage","url":"https:\/\/i0.wp.com\/kedemoseducation.com\/wp-content\/uploads\/2022\/05\/Expression-eb4-aec.jpg?fit=600%2C800&ssl=1","contentUrl":"https:\/\/i0.wp.com\/kedemoseducation.com\/wp-content\/uploads\/2022\/05\/Expression-eb4-aec.jpg?fit=600%2C800&ssl=1","width":600,"height":800,"caption":"Grade 4 Expression Workbook\u00a0"},{"@type":"BreadcrumbList","@id":"https:\/\/kedemoseducation.com\/product\/cm1-eb4-cahier-dexpression-aec\/#breadcrumb","itemListElement":[{"@type":"ListItem","position":1,"name":"Home","item":"https:\/\/kedemoseducation.com\/"},{"@type":"ListItem","position":2,"name":"All Products","item":"https:\/\/kedemoseducation.com\/fr\/shop-2\/tous-les-produits\/"},{"@type":"ListItem","position":3,"name":"School Books","item":"https:\/\/kedemoseducation.com\/fr\/categorie-de-produit\/manuels-scolaires\/"},{"@type":"ListItem","position":4,"name":"French","item":"https:\/\/kedemoseducation.com\/en\/product-category\/school-books\/french\/"},{"@type":"ListItem","position":5,"name":"Grade 4 &#8211; Expression Workbook"}]},{"@type":"WebSite","@id":"https:\/\/kedemoseducation.com\/fr\/#website","url":"https:\/\/kedemoseducation.com\/fr\/","name":"K\u00e9d\u00e9mos Education","description":"Le plaisir d'apprendre","publisher":{"@id":"https:\/\/kedemoseducation.com\/fr\/#organization"},"potentialAction":[{"@type":"SearchAction","target":{"@type":"EntryPoint","urlTemplate":"https:\/\/kedemoseducation.com\/fr\/?s={search_term_string}"},"query-input":{"@type":"PropertyValueSpecification","valueRequired":true,"valueName":"search_term_string"}}],"inLanguage":"fr-FR"},{"@type":"Organization","@id":"https:\/\/kedemoseducation.com\/fr\/#organization","name":"K\u00e9d\u00e9mos Education","url":"https:\/\/kedemoseducation.com\/fr\/","logo":{"@type":"ImageObject","inLanguage":"fr-FR","@id":"https:\/\/kedemoseducation.com\/fr\/#\/schema\/logo\/image\/","url":"https:\/\/kedemoseducation.com\/wp-content\/uploads\/2023\/06\/logo-kedemos-education.png","contentUrl":"https:\/\/kedemoseducation.com\/wp-content\/uploads\/2023\/06\/logo-kedemos-education.png","width":2362,"height":903,"caption":"Kedemos Education"},"image":{"@id":"https:\/\/kedemoseducation.com\/fr\/#\/schema\/logo\/image\/"},"sameAs":["https:\/\/www.facebook.com\/Kedemoseducation","https:\/\/www.instagram.com\/kedemoseducation\/","https:\/\/www.linkedin.com\/company\/kedemos-education\/"]}]}},"jetpack_sharing_enabled":true,"_links":{"self":[{"href":"https:\/\/kedemoseducation.com\/fr\/wp-json\/wp\/v2\/product\/136","targetHints":{"allow":["GET"]}}],"collection":[{"href":"https:\/\/kedemoseducation.com\/fr\/wp-json\/wp\/v2\/product"}],"about":[{"href":"https:\/\/kedemoseducation.com\/fr\/wp-json\/wp\/v2\/types\/product"}],"replies":[{"embeddable":true,"href":"https:\/\/kedemoseducation.com\/fr\/wp-json\/wp\/v2\/comments?post=136"}],"wp:featuredmedia":[{"embeddable":true,"href":"https:\/\/kedemoseducation.com\/fr\/wp-json\/wp\/v2\/media\/7264"}],"wp:attachment":[{"href":"https:\/\/kedemoseducation.com\/fr\/wp-json\/wp\/v2\/media?parent=136"}],"wp:term":[{"taxonomy":"product_brand","embeddable":true,"href":"https:\/\/kedemoseducation.com\/fr\/wp-json\/wp\/v2\/product_brand?post=136"},{"taxonomy":"product_cat","embeddable":true,"href":"https:\/\/kedemoseducation.com\/fr\/wp-json\/wp\/v2\/product_cat?post=136"},{"taxonomy":"product_tag","embeddable":true,"href":"https:\/\/kedemoseducation.com\/fr\/wp-json\/wp\/v2\/product_tag?post=136"}],"curies":[{"name":"wp","href":"https:\/\/api.w.org\/{rel}","templated":true}]}}