{"id":12191,"date":"2025-07-10T14:51:55","date_gmt":"2025-07-10T11:51:55","guid":{"rendered":"https:\/\/kedemoseducation.com\/?post_type=product&#038;p=12191"},"modified":"2026-01-14T11:00:53","modified_gmt":"2026-01-14T09:00:53","slug":"cahier-de-vacances-primaire-ce2-vers-cm1","status":"publish","type":"product","link":"https:\/\/kedemoseducation.com\/fr\/product\/cahier-de-vacances-primaire-ce2-vers-cm1\/","title":{"rendered":"Cahier de Vacances Primaire CE2 vers CM1"},"content":{"rendered":"<p>Le pr\u00e9sent cahier de Vacances, ax\u00e9 sur les lignes essentielles du programme de EB3 (troisi\u00e8me Ann\u00e9e de l\u2019Enseignement Primaire), propose une vraie r\u00e9vision du contenu des manuels Arc-en-ciel (K\u00e9d\u00e9mos Education).<br \/>\nLe contenu du cahier de Vacances est divis\u00e9 en six semaines de travail. Nous recommandons aux parents de veiller \u00e0 ce que ce travail soit \u00e9tal\u00e9 dans le temps, cet \u00e9talement \u00e9tant n\u00e9cessaire \u00e0 une meilleure assimilation.<br \/>\nBon travail de r\u00e9vision et surtout, bonnes vacances !<\/p>","protected":false},"excerpt":{"rendered":"<div>\n<div>\n<div dir=\"auto\" data-message-author-role=\"assistant\" data-message-id=\"f2601636-52a2-4738-b1d7-ae4db345b50c\" data-message-model-slug=\"gpt-4o\">\n<div>\n<div>\n<p data-start=\"47\" data-end=\"162\" data-is-last-node=\"\" data-is-only-node=\"\">Un cahier de vacances bas\u00e9 sur le programme CE2 \/ EB3, avec 6 semaines d\u2019activit\u00e9s issues des manuels Arc-en-ciel<\/p>\n<\/div>\n<\/div>\n<\/div>\n<\/div>\n<\/div>","protected":false},"featured_media":12206,"comment_status":"closed","ping_status":"closed","template":"","meta":{"_monsterinsights_skip_tracking":false,"_monsterinsights_sitenote_active":false,"_monsterinsights_sitenote_note":"","_monsterinsights_sitenote_category":0},"product_brand":[],"product_cat":[16,375],"product_tag":[376],"class_list":{"0":"post-12191","1":"product","2":"type-product","3":"status-publish","4":"has-post-thumbnail","6":"product_cat-school-books","7":"product_cat-cahier-de-vacances","8":"product_tag-cahier-de-vacances","9":"pa_grade-grade-1","10":"pa_grade-grade-2","12":"first","13":"instock","14":"shipping-taxable","15":"purchasable","16":"product-type-simple"},"yoast_head":"<!-- This site is optimized with the Yoast SEO plugin v26.4 - https:\/\/yoast.com\/wordpress\/plugins\/seo\/ -->\r\n<title>Cahier de Vacances Primaire CE2 vers CM1 - Kedemos Education<\/title>\r\n<meta name=\"description\" content=\"Cahier de vacances CE2 bas\u00e9 sur les manuels Arc-en-ciel. 6 semaines d\u2019exercices pour r\u00e9viser le programme de l\u2019ann\u00e9e en s\u2019amusant.\" \/>\r\n<meta name=\"robots\" content=\"index, follow, max-snippet:-1, max-image-preview:large, max-video-preview:-1\" \/>\r\n<link rel=\"canonical\" href=\"https:\/\/kedemoseducation.com\/fr\/product\/cahier-de-vacances-primaire-ce2-vers-cm1\/\" \/>\r\n<meta property=\"og:locale\" content=\"fr_FR\" \/>\r\n<meta property=\"og:type\" content=\"article\" \/>\r\n<meta property=\"og:title\" content=\"Cahier de Vacances Primaire CE2 vers CM1 - Kedemos Education\" \/>\r\n<meta property=\"og:description\" content=\"Cahier de vacances CE2 bas\u00e9 sur les manuels Arc-en-ciel. 6 semaines d\u2019exercices pour r\u00e9viser le programme de l\u2019ann\u00e9e en s\u2019amusant.\" \/>\r\n<meta property=\"og:url\" content=\"https:\/\/kedemoseducation.com\/fr\/product\/cahier-de-vacances-primaire-ce2-vers-cm1\/\" \/>\r\n<meta property=\"og:site_name\" content=\"Kedemos Education\" \/>\r\n<meta property=\"article:publisher\" content=\"https:\/\/www.facebook.com\/Kedemoseducation\" \/>\r\n<meta property=\"article:modified_time\" content=\"2026-01-14T09:00:53+00:00\" \/>\r\n<meta property=\"og:image\" content=\"https:\/\/kedemoseducation.com\/wp-content\/uploads\/2025\/07\/eb3.jpg\" \/>\r\n\t<meta property=\"og:image:width\" content=\"600\" \/>\r\n\t<meta property=\"og:image:height\" content=\"800\" \/>\r\n\t<meta property=\"og:image:type\" content=\"image\/jpeg\" \/>\r\n<meta name=\"twitter:card\" content=\"summary_large_image\" \/>\r\n<meta name=\"twitter:label1\" content=\"Dur\u00e9e de lecture estim\u00e9e\" \/>\n\t<meta name=\"twitter:data1\" content=\"1 minute\" \/>\r\n<script type=\"application\/ld+json\" class=\"yoast-schema-graph\">{\"@context\":\"https:\/\/schema.org\",\"@graph\":[{\"@type\":\"WebPage\",\"@id\":\"https:\/\/kedemoseducation.com\/product\/cahier-de-vacances-primaire-ce2-vers-cm1\/\",\"url\":\"https:\/\/kedemoseducation.com\/product\/cahier-de-vacances-primaire-ce2-vers-cm1\/\",\"name\":\"Cahier de Vacances Primaire CE2 vers CM1 - Kedemos Education\",\"isPartOf\":{\"@id\":\"https:\/\/kedemoseducation.com\/fr\/#website\"},\"primaryImageOfPage\":{\"@id\":\"https:\/\/kedemoseducation.com\/product\/cahier-de-vacances-primaire-ce2-vers-cm1\/#primaryimage\"},\"image\":{\"@id\":\"https:\/\/kedemoseducation.com\/product\/cahier-de-vacances-primaire-ce2-vers-cm1\/#primaryimage\"},\"thumbnailUrl\":\"https:\/\/i0.wp.com\/kedemoseducation.com\/wp-content\/uploads\/2025\/07\/eb3.jpg?fit=600%2C800&ssl=1\",\"datePublished\":\"2025-07-10T11:51:55+00:00\",\"dateModified\":\"2026-01-14T09:00:53+00:00\",\"description\":\"Cahier de vacances CE2 bas\u00e9 sur les manuels Arc-en-ciel. 6 semaines d\u2019exercices pour r\u00e9viser le programme de l\u2019ann\u00e9e en s\u2019amusant.\",\"breadcrumb\":{\"@id\":\"https:\/\/kedemoseducation.com\/product\/cahier-de-vacances-primaire-ce2-vers-cm1\/#breadcrumb\"},\"inLanguage\":\"fr-FR\",\"potentialAction\":[{\"@type\":\"ReadAction\",\"target\":[\"https:\/\/kedemoseducation.com\/product\/cahier-de-vacances-primaire-ce2-vers-cm1\/\"]}]},{\"@type\":\"ImageObject\",\"inLanguage\":\"fr-FR\",\"@id\":\"https:\/\/kedemoseducation.com\/product\/cahier-de-vacances-primaire-ce2-vers-cm1\/#primaryimage\",\"url\":\"https:\/\/i0.wp.com\/kedemoseducation.com\/wp-content\/uploads\/2025\/07\/eb3.jpg?fit=600%2C800&ssl=1\",\"contentUrl\":\"https:\/\/i0.wp.com\/kedemoseducation.com\/wp-content\/uploads\/2025\/07\/eb3.jpg?fit=600%2C800&ssl=1\",\"width\":600,\"height\":800,\"caption\":\"Cahier de Vacances Maternelle eb3 vers EB4\"},{\"@type\":\"BreadcrumbList\",\"@id\":\"https:\/\/kedemoseducation.com\/product\/cahier-de-vacances-primaire-ce2-vers-cm1\/#breadcrumb\",\"itemListElement\":[{\"@type\":\"ListItem\",\"position\":1,\"name\":\"Home\",\"item\":\"https:\/\/kedemoseducation.com\/\"},{\"@type\":\"ListItem\",\"position\":2,\"name\":\"All Products\",\"item\":\"https:\/\/kedemoseducation.com\/fr\/shop-2\/tous-les-produits\/\"},{\"@type\":\"ListItem\",\"position\":3,\"name\":\"School Books\",\"item\":\"https:\/\/kedemoseducation.com\/fr\/categorie-de-produit\/manuels-scolaires\/\"},{\"@type\":\"ListItem\",\"position\":4,\"name\":\"Cahier de Vacances Primaire CE2 vers CM1\"}]},{\"@type\":\"WebSite\",\"@id\":\"https:\/\/kedemoseducation.com\/fr\/#website\",\"url\":\"https:\/\/kedemoseducation.com\/fr\/\",\"name\":\"Kedemos Education\",\"description\":\"The Pleasure of Learning\",\"publisher\":{\"@id\":\"https:\/\/kedemoseducation.com\/fr\/#organization\"},\"potentialAction\":[{\"@type\":\"SearchAction\",\"target\":{\"@type\":\"EntryPoint\",\"urlTemplate\":\"https:\/\/kedemoseducation.com\/fr\/?s={search_term_string}\"},\"query-input\":{\"@type\":\"PropertyValueSpecification\",\"valueRequired\":true,\"valueName\":\"search_term_string\"}}],\"inLanguage\":\"fr-FR\"},{\"@type\":\"Organization\",\"@id\":\"https:\/\/kedemoseducation.com\/fr\/#organization\",\"name\":\"Kedemos Education\",\"url\":\"https:\/\/kedemoseducation.com\/fr\/\",\"logo\":{\"@type\":\"ImageObject\",\"inLanguage\":\"fr-FR\",\"@id\":\"https:\/\/kedemoseducation.com\/fr\/#\/schema\/logo\/image\/\",\"url\":\"https:\/\/kedemoseducation.com\/wp-content\/uploads\/2023\/06\/logo-kedemos-education.png\",\"contentUrl\":\"https:\/\/kedemoseducation.com\/wp-content\/uploads\/2023\/06\/logo-kedemos-education.png\",\"width\":2362,\"height\":903,\"caption\":\"Kedemos Education\"},\"image\":{\"@id\":\"https:\/\/kedemoseducation.com\/fr\/#\/schema\/logo\/image\/\"},\"sameAs\":[\"https:\/\/www.facebook.com\/Kedemoseducation\",\"https:\/\/www.instagram.com\/kedemoseducation\/\",\"https:\/\/www.linkedin.com\/company\/kedemos-education\/\"]}]}<\/script>\r\n<!-- \/ Yoast SEO plugin. -->","yoast_head_json":{"title":"Cahier de Vacances Primaire CE2 vers CM1 - Kedemos Education","description":"Cahier de vacances CE2 bas\u00e9 sur les manuels Arc-en-ciel. 6 semaines d\u2019exercices pour r\u00e9viser le programme de l\u2019ann\u00e9e en s\u2019amusant.","robots":{"index":"index","follow":"follow","max-snippet":"max-snippet:-1","max-image-preview":"max-image-preview:large","max-video-preview":"max-video-preview:-1"},"canonical":"https:\/\/kedemoseducation.com\/fr\/product\/cahier-de-vacances-primaire-ce2-vers-cm1\/","og_locale":"fr_FR","og_type":"article","og_title":"Cahier de Vacances Primaire CE2 vers CM1 - Kedemos Education","og_description":"Cahier de vacances CE2 bas\u00e9 sur les manuels Arc-en-ciel. 6 semaines d\u2019exercices pour r\u00e9viser le programme de l\u2019ann\u00e9e en s\u2019amusant.","og_url":"https:\/\/kedemoseducation.com\/fr\/product\/cahier-de-vacances-primaire-ce2-vers-cm1\/","og_site_name":"Kedemos Education","article_publisher":"https:\/\/www.facebook.com\/Kedemoseducation","article_modified_time":"2026-01-14T09:00:53+00:00","og_image":[{"width":600,"height":800,"url":"https:\/\/kedemoseducation.com\/wp-content\/uploads\/2025\/07\/eb3.jpg","type":"image\/jpeg"}],"twitter_card":"summary_large_image","twitter_misc":{"Dur\u00e9e de lecture estim\u00e9e":"1 minute"},"schema":{"@context":"https:\/\/schema.org","@graph":[{"@type":"WebPage","@id":"https:\/\/kedemoseducation.com\/product\/cahier-de-vacances-primaire-ce2-vers-cm1\/","url":"https:\/\/kedemoseducation.com\/product\/cahier-de-vacances-primaire-ce2-vers-cm1\/","name":"Cahier de Vacances Primaire CE2 vers CM1 - Kedemos Education","isPartOf":{"@id":"https:\/\/kedemoseducation.com\/fr\/#website"},"primaryImageOfPage":{"@id":"https:\/\/kedemoseducation.com\/product\/cahier-de-vacances-primaire-ce2-vers-cm1\/#primaryimage"},"image":{"@id":"https:\/\/kedemoseducation.com\/product\/cahier-de-vacances-primaire-ce2-vers-cm1\/#primaryimage"},"thumbnailUrl":"https:\/\/i0.wp.com\/kedemoseducation.com\/wp-content\/uploads\/2025\/07\/eb3.jpg?fit=600%2C800&ssl=1","datePublished":"2025-07-10T11:51:55+00:00","dateModified":"2026-01-14T09:00:53+00:00","description":"Cahier de vacances CE2 bas\u00e9 sur les manuels Arc-en-ciel. 6 semaines d\u2019exercices pour r\u00e9viser le programme de l\u2019ann\u00e9e en s\u2019amusant.","breadcrumb":{"@id":"https:\/\/kedemoseducation.com\/product\/cahier-de-vacances-primaire-ce2-vers-cm1\/#breadcrumb"},"inLanguage":"fr-FR","potentialAction":[{"@type":"ReadAction","target":["https:\/\/kedemoseducation.com\/product\/cahier-de-vacances-primaire-ce2-vers-cm1\/"]}]},{"@type":"ImageObject","inLanguage":"fr-FR","@id":"https:\/\/kedemoseducation.com\/product\/cahier-de-vacances-primaire-ce2-vers-cm1\/#primaryimage","url":"https:\/\/i0.wp.com\/kedemoseducation.com\/wp-content\/uploads\/2025\/07\/eb3.jpg?fit=600%2C800&ssl=1","contentUrl":"https:\/\/i0.wp.com\/kedemoseducation.com\/wp-content\/uploads\/2025\/07\/eb3.jpg?fit=600%2C800&ssl=1","width":600,"height":800,"caption":"Cahier de Vacances Maternelle eb3 vers EB4"},{"@type":"BreadcrumbList","@id":"https:\/\/kedemoseducation.com\/product\/cahier-de-vacances-primaire-ce2-vers-cm1\/#breadcrumb","itemListElement":[{"@type":"ListItem","position":1,"name":"Home","item":"https:\/\/kedemoseducation.com\/"},{"@type":"ListItem","position":2,"name":"All Products","item":"https:\/\/kedemoseducation.com\/fr\/shop-2\/tous-les-produits\/"},{"@type":"ListItem","position":3,"name":"School Books","item":"https:\/\/kedemoseducation.com\/fr\/categorie-de-produit\/manuels-scolaires\/"},{"@type":"ListItem","position":4,"name":"Cahier de Vacances Primaire CE2 vers CM1"}]},{"@type":"WebSite","@id":"https:\/\/kedemoseducation.com\/fr\/#website","url":"https:\/\/kedemoseducation.com\/fr\/","name":"K\u00e9d\u00e9mos Education","description":"Le plaisir d'apprendre","publisher":{"@id":"https:\/\/kedemoseducation.com\/fr\/#organization"},"potentialAction":[{"@type":"SearchAction","target":{"@type":"EntryPoint","urlTemplate":"https:\/\/kedemoseducation.com\/fr\/?s={search_term_string}"},"query-input":{"@type":"PropertyValueSpecification","valueRequired":true,"valueName":"search_term_string"}}],"inLanguage":"fr-FR"},{"@type":"Organization","@id":"https:\/\/kedemoseducation.com\/fr\/#organization","name":"K\u00e9d\u00e9mos Education","url":"https:\/\/kedemoseducation.com\/fr\/","logo":{"@type":"ImageObject","inLanguage":"fr-FR","@id":"https:\/\/kedemoseducation.com\/fr\/#\/schema\/logo\/image\/","url":"https:\/\/kedemoseducation.com\/wp-content\/uploads\/2023\/06\/logo-kedemos-education.png","contentUrl":"https:\/\/kedemoseducation.com\/wp-content\/uploads\/2023\/06\/logo-kedemos-education.png","width":2362,"height":903,"caption":"Kedemos Education"},"image":{"@id":"https:\/\/kedemoseducation.com\/fr\/#\/schema\/logo\/image\/"},"sameAs":["https:\/\/www.facebook.com\/Kedemoseducation","https:\/\/www.instagram.com\/kedemoseducation\/","https:\/\/www.linkedin.com\/company\/kedemos-education\/"]}]}},"jetpack_sharing_enabled":true,"_links":{"self":[{"href":"https:\/\/kedemoseducation.com\/fr\/wp-json\/wp\/v2\/product\/12191","targetHints":{"allow":["GET"]}}],"collection":[{"href":"https:\/\/kedemoseducation.com\/fr\/wp-json\/wp\/v2\/product"}],"about":[{"href":"https:\/\/kedemoseducation.com\/fr\/wp-json\/wp\/v2\/types\/product"}],"replies":[{"embeddable":true,"href":"https:\/\/kedemoseducation.com\/fr\/wp-json\/wp\/v2\/comments?post=12191"}],"wp:featuredmedia":[{"embeddable":true,"href":"https:\/\/kedemoseducation.com\/fr\/wp-json\/wp\/v2\/media\/12206"}],"wp:attachment":[{"href":"https:\/\/kedemoseducation.com\/fr\/wp-json\/wp\/v2\/media?parent=12191"}],"wp:term":[{"taxonomy":"product_brand","embeddable":true,"href":"https:\/\/kedemoseducation.com\/fr\/wp-json\/wp\/v2\/product_brand?post=12191"},{"taxonomy":"product_cat","embeddable":true,"href":"https:\/\/kedemoseducation.com\/fr\/wp-json\/wp\/v2\/product_cat?post=12191"},{"taxonomy":"product_tag","embeddable":true,"href":"https:\/\/kedemoseducation.com\/fr\/wp-json\/wp\/v2\/product_tag?post=12191"}],"curies":[{"name":"wp","href":"https:\/\/api.w.org\/{rel}","templated":true}]}}