{"id":12077,"date":"2025-06-12T09:39:20","date_gmt":"2025-06-12T06:39:20","guid":{"rendered":"https:\/\/kedemoseducation.com\/?post_type=product&#038;p=12077"},"modified":"2026-03-03T11:55:37","modified_gmt":"2026-03-03T09:55:37","slug":"grade-5-reading-textbook-tremplin-vers-le-francais","status":"publish","type":"product","link":"https:\/\/kedemoseducation.com\/fr\/product\/cm2-5eme-annee-manuel-de-francais-tremplin\/","title":{"rendered":"CM2 \/ EB5 - Livre de Lecture"},"content":{"rendered":"<h1><strong>CM2 \/ EB5 Livre de lecture - Tremplin vers le fran\u00e7ais<\/strong><\/h1>\n<h2><strong>Pr\u00e9sentation de la m\u00e9thode du CM2 \/ EB5<\/strong><\/h2>\n<p><span style=\"font-weight: 400;\">Ce livre de lecture pour le CM2 \/ EB5 fait partie de la collection Tremplin vers le fran\u00e7ais.<\/span><\/p>\n<p><span style=\"font-weight: 400;\">La collection Tremplin vers le fran\u00e7ais est une m\u00e9thode compl\u00e8te d\u2019apprentissage de la langue. Elle couvre toutes les classes du Cycle Primaire. Cette m\u00e9thode s\u2019inscrit dans le prolongement de nos m\u00e9thodes pour les Classes Maternelles. L\u2019esprit, les contenus et les pratiques p\u00e9dagogiques y sont donc repris et \u00e9largis.<\/span><\/p>\n<p><span style=\"font-weight: 400;\">Tremplin vers le fran\u00e7ais pour le CM2 \/ EB5 repose sur les options m\u00e9thodologiques suivantes :<\/span><\/p>\n<ul>\n<li style=\"font-weight: 400;\" aria-level=\"1\"><span style=\"font-weight: 400;\">Une tr\u00e8s grande importance accord\u00e9e \u00e0 la communication orale. De nombreuses s\u00e9ances vari\u00e9es sont alors consacr\u00e9es \u00e0 l\u2019expression orale.<\/span><\/li>\n<li style=\"font-weight: 400;\" aria-level=\"1\"><span style=\"font-weight: 400;\">Des projets de classe pour favoriser le travail en groupe, l\u2019interdisciplinarit\u00e9, l\u2019ouverture culturelle et la r\u00e9alisation d\u2019activit\u00e9s communes de toutes sortes.<\/span><\/li>\n<li style=\"font-weight: 400;\" aria-level=\"1\"><span style=\"font-weight: 400;\">Des textes narratifs courts et int\u00e9ressants. Ils proposent des r\u00e9cits complets et parfaitement adapt\u00e9s au niveau linguistique et psychologique des \u00e9l\u00e8ves.\u00a0<\/span><\/li>\n<li style=\"font-weight: 400;\" aria-level=\"1\"><span style=\"font-weight: 400;\">Des textes informatifs et injonctifs accompagn\u00e9s de questions pour initier \u00e0 la typologie des textes.\u00a0<\/span><\/li>\n<li style=\"font-weight: 400;\" aria-level=\"1\"><span style=\"font-weight: 400;\">Des le\u00e7ons et des exercices syst\u00e9matiques portant sur les \u00ab Techniques de l\u2019expression \u00bb. Ils favorisent ainsi l\u2019apprentissage des caract\u00e9ristiques de diff\u00e9rents types de textes. Ils perfectionnent aussi les comp\u00e9tences des enfants en production \u00e9crite.\u00a0<\/span><\/li>\n<li style=\"font-weight: 400;\" aria-level=\"1\"><span style=\"font-weight: 400;\">Un perfectionnement de la qualit\u00e9 de lecture.<\/span><\/li>\n<li style=\"font-weight: 400;\" aria-level=\"1\"><span style=\"font-weight: 400;\">Des supports iconographiques en marge des textes pour pr\u00e9senter les mots difficiles.<\/span><\/li>\n<li style=\"font-weight: 400;\" aria-level=\"1\"><span style=\"font-weight: 400;\">Un enrichissement lexical gr\u00e2ce aux le\u00e7ons de vocabulaire.<\/span><\/li>\n<\/ul>\n<p><span style=\"font-weight: 400;\">La collection Tremplin vers le fran\u00e7ais comprend les 3 volets suivants : un livre de lecture et deux cahiers d\u2019application.<\/span><\/p>\n<h3><strong>Livre de lecture CM2 \/ EB5<\/strong><\/h3>\n<p><span style=\"font-weight: 400;\">Ce livre de lecture de la collection Tremplin vers le fran\u00e7ais propose 6 modules, chacun comprenant 2 th\u00e8mes. Chaque module propose 5 semaines de travail : 4 semaines d\u2019apprentissage suivies d\u2019une semaine de consolidation pr\u00e9sente dans le cahier d\u2019application.<\/span><\/p>\n<p><span style=\"font-weight: 400;\">S\u2019ajoutent les semaines 16 et 32 qui proposent le bilan de la mi-ann\u00e9e et le bilan de fin d\u2019ann\u00e9e.\u00a0<\/span><\/p>\n<p><span style=\"font-weight: 400;\">Each theme is divided into 2 weeks of work:<\/span><\/p>\n<p><strong>La premi\u00e8re semaine comprend :<\/strong><\/p>\n<ul>\n<li style=\"font-weight: 400;\" aria-level=\"1\"><span style=\"font-weight: 400;\">Une page de garde.<\/span><\/li>\n<li style=\"font-weight: 400;\" aria-level=\"1\"><span style=\"font-weight: 400;\">Un texte de lecture sur une double page avec des illustrations pour pr\u00e9senter les difficult\u00e9s lexicales. Ce texte est suivi de questions d\u2019exploitation.<\/span><\/li>\n<li style=\"font-weight: 400;\" aria-level=\"1\"><span style=\"font-weight: 400;\">Des activit\u00e9s d\u2019expression orale.<\/span><\/li>\n<li style=\"font-weight: 400;\" aria-level=\"1\"><span style=\"font-weight: 400;\">Une le\u00e7on de vocabulaire.\u00a0<\/span><\/li>\n<li style=\"font-weight: 400;\" aria-level=\"1\"><span style=\"font-weight: 400;\">Une le\u00e7on de grammaire.<\/span><\/li>\n<\/ul>\n<p><strong>La deuxi\u00e8me semaine comprend :\u00a0<\/strong><\/p>\n<ul>\n<li style=\"font-weight: 400;\" aria-level=\"1\"><span style=\"font-weight: 400;\">Un autre texte de lecture sur une double page.<\/span><\/li>\n<li style=\"font-weight: 400;\" aria-level=\"1\"><span style=\"font-weight: 400;\">Les activit\u00e9s d\u2019expression orale.\u00a0<\/span><\/li>\n<li style=\"font-weight: 400;\" aria-level=\"1\"><span style=\"font-weight: 400;\">Une le\u00e7on de \u00ab Techniques de l\u2019expression \u00bb pour initier aux proc\u00e9d\u00e9s d\u2019\u00e9criture de textes vari\u00e9s (narratif, descriptif, injonctif, e-mail, lettre personnelle).<\/span><\/li>\n<li style=\"font-weight: 400;\" aria-level=\"1\"><span style=\"font-weight: 400;\">Un po\u00e8me.<\/span><\/li>\n<li style=\"font-weight: 400;\" aria-level=\"1\"><span style=\"font-weight: 400;\">Une le\u00e7on de conjugaison.\u00a0<\/span><\/li>\n<li style=\"font-weight: 400;\" aria-level=\"1\"><span style=\"font-weight: 400;\">Une le\u00e7on d\u2019orthographe suivie d\u2019une proposition de dict\u00e9e.<\/span><\/li>\n<li style=\"font-weight: 400;\" aria-level=\"1\"><span style=\"font-weight: 400;\">Un texte documentaire accompagn\u00e9 de questions et d\u2019activit\u00e9s.<\/span><\/li>\n<\/ul>\n<p><span style=\"font-weight: 400;\">Enfin, la premi\u00e8re page du manuel contient un code QR. L\u2019enfant pourra ainsi \u00e9couter :<\/span><\/p>\n<ul>\n<li style=\"font-weight: 400;\" aria-level=\"1\"><span style=\"font-weight: 400;\">Les activit\u00e9s d\u2019expression orale.<\/span><\/li>\n<li style=\"font-weight: 400;\" aria-level=\"1\"><span style=\"font-weight: 400;\">Les jeux de r\u00f4les.<\/span><\/li>\n<\/ul>","protected":false},"excerpt":{"rendered":"<p><span style=\"font-weight: 400;\">Ce livre de lecture de la collection Tremplin vers le fran\u00e7ais propose 6 modules, chacun comprenant 2 th\u00e8mes. Chaque module propose 5 semaines de travail : 4 semaines d\u2019apprentissage suivies d\u2019une semaine de consolidation pr\u00e9sente dans le cahier d\u2019application.<\/span><\/p>\n<p><span style=\"font-weight: 400;\">Pour acc\u00e9der \u00e0 la collection compl\u00e8te Tremplin vers le fran\u00e7ais, veuillez cliquer <a href=\"https:\/\/kedemoseducation.com\/fr\/product-category\/school-books\/french\/primary-school\/tremplin-vers-le-francais\/grade-5\/\">ici<\/a>.<\/span><\/p>\n<p><strong>Remarque : Ce livre est exclusivement r\u00e9serv\u00e9 \u00e0 nos lecteurs marocains.<\/strong><\/p>","protected":false},"featured_media":12078,"comment_status":"closed","ping_status":"closed","template":"","meta":{"_monsterinsights_skip_tracking":false,"_monsterinsights_sitenote_active":false,"_monsterinsights_sitenote_note":"","_monsterinsights_sitenote_category":0},"product_brand":[],"product_cat":[17,207,16,328,345,374],"product_tag":[65,336,347,409],"class_list":{"0":"post-12077","1":"product","2":"type-product","3":"status-publish","4":"has-post-thumbnail","6":"product_cat-french","7":"product_cat-new-releases","8":"product_cat-school-books","9":"product_cat-primary-school","10":"product_cat-tremplin-vers-le-francais","11":"product_cat-grade-5","12":"product_tag-grade-5","13":"product_tag-reading-textbook","14":"product_tag-tremplin-vers-le-francais","15":"product_tag-exclusive-for-morocco","16":"pa_grade-grade-5","18":"first","19":"instock","20":"shipping-taxable","21":"purchasable","22":"product-type-simple"},"yoast_head":"<!-- This site is optimized with the Yoast SEO plugin v26.4 - https:\/\/yoast.com\/wordpress\/plugins\/seo\/ -->\r\n<title>Grade 5 - Reading Texbook - Tremplin vers le fran\u00e7ais - Kedemos Education<\/title>\r\n<meta name=\"description\" content=\"This Grade 5 reading textbook offers a systematic and comprehensive learning of French as a first language through its 6 units.\" \/>\r\n<meta name=\"robots\" content=\"index, follow, max-snippet:-1, max-image-preview:large, max-video-preview:-1\" \/>\r\n<link rel=\"canonical\" href=\"https:\/\/kedemoseducation.com\/fr\/product\/cm2-5eme-annee-manuel-de-francais-tremplin\/\" \/>\r\n<meta property=\"og:locale\" content=\"fr_FR\" \/>\r\n<meta property=\"og:type\" content=\"article\" \/>\r\n<meta property=\"og:title\" content=\"Grade 5 - Reading Texbook - Tremplin vers le fran\u00e7ais - Kedemos Education\" \/>\r\n<meta property=\"og:description\" content=\"This Grade 5 reading textbook offers a systematic and comprehensive learning of French as a first language through its 6 units.\" \/>\r\n<meta property=\"og:url\" content=\"https:\/\/kedemoseducation.com\/fr\/product\/cm2-5eme-annee-manuel-de-francais-tremplin\/\" \/>\r\n<meta property=\"og:site_name\" content=\"Kedemos Education\" \/>\r\n<meta property=\"article:publisher\" content=\"https:\/\/www.facebook.com\/Kedemoseducation\" \/>\r\n<meta property=\"article:modified_time\" content=\"2026-03-03T09:55:37+00:00\" \/>\r\n<meta property=\"og:image\" content=\"https:\/\/kedemoseducation.com\/wp-content\/uploads\/2025\/06\/Lecture-CM2-Tremplin.jpg\" \/>\r\n\t<meta property=\"og:image:width\" content=\"600\" \/>\r\n\t<meta property=\"og:image:height\" content=\"800\" \/>\r\n\t<meta property=\"og:image:type\" content=\"image\/jpeg\" \/>\r\n<meta name=\"twitter:card\" content=\"summary_large_image\" \/>\r\n<meta name=\"twitter:label1\" content=\"Dur\u00e9e de lecture estim\u00e9e\" \/>\n\t<meta name=\"twitter:data1\" content=\"2 minutes\" \/>\r\n<script type=\"application\/ld+json\" class=\"yoast-schema-graph\">{\"@context\":\"https:\/\/schema.org\",\"@graph\":[{\"@type\":\"WebPage\",\"@id\":\"https:\/\/kedemoseducation.com\/product\/cm2-5eme-annee-manuel-de-francais-tremplin\/\",\"url\":\"https:\/\/kedemoseducation.com\/product\/cm2-5eme-annee-manuel-de-francais-tremplin\/\",\"name\":\"Grade 5 - Reading Texbook - Tremplin vers le fran\u00e7ais - Kedemos Education\",\"isPartOf\":{\"@id\":\"https:\/\/kedemoseducation.com\/fr\/#website\"},\"primaryImageOfPage\":{\"@id\":\"https:\/\/kedemoseducation.com\/product\/cm2-5eme-annee-manuel-de-francais-tremplin\/#primaryimage\"},\"image\":{\"@id\":\"https:\/\/kedemoseducation.com\/product\/cm2-5eme-annee-manuel-de-francais-tremplin\/#primaryimage\"},\"thumbnailUrl\":\"https:\/\/i0.wp.com\/kedemoseducation.com\/wp-content\/uploads\/2025\/06\/Lecture-CM2-Tremplin.jpg?fit=600%2C800&ssl=1\",\"datePublished\":\"2025-06-12T06:39:20+00:00\",\"dateModified\":\"2026-03-03T09:55:37+00:00\",\"description\":\"This Grade 5 reading textbook offers a systematic and comprehensive learning of French as a first language through its 6 units.\",\"breadcrumb\":{\"@id\":\"https:\/\/kedemoseducation.com\/product\/cm2-5eme-annee-manuel-de-francais-tremplin\/#breadcrumb\"},\"inLanguage\":\"fr-FR\",\"potentialAction\":[{\"@type\":\"ReadAction\",\"target\":[\"https:\/\/kedemoseducation.com\/product\/cm2-5eme-annee-manuel-de-francais-tremplin\/\"]}]},{\"@type\":\"ImageObject\",\"inLanguage\":\"fr-FR\",\"@id\":\"https:\/\/kedemoseducation.com\/product\/cm2-5eme-annee-manuel-de-francais-tremplin\/#primaryimage\",\"url\":\"https:\/\/i0.wp.com\/kedemoseducation.com\/wp-content\/uploads\/2025\/06\/Lecture-CM2-Tremplin.jpg?fit=600%2C800&ssl=1\",\"contentUrl\":\"https:\/\/i0.wp.com\/kedemoseducation.com\/wp-content\/uploads\/2025\/06\/Lecture-CM2-Tremplin.jpg?fit=600%2C800&ssl=1\",\"width\":600,\"height\":800,\"caption\":\"Grade 5 - Tremplin vers le fran\u00e7ais\"},{\"@type\":\"BreadcrumbList\",\"@id\":\"https:\/\/kedemoseducation.com\/product\/cm2-5eme-annee-manuel-de-francais-tremplin\/#breadcrumb\",\"itemListElement\":[{\"@type\":\"ListItem\",\"position\":1,\"name\":\"Home\",\"item\":\"https:\/\/kedemoseducation.com\/\"},{\"@type\":\"ListItem\",\"position\":2,\"name\":\"All Products\",\"item\":\"https:\/\/kedemoseducation.com\/fr\/shop-2\/tous-les-produits\/\"},{\"@type\":\"ListItem\",\"position\":3,\"name\":\"School Books\",\"item\":\"https:\/\/kedemoseducation.com\/fr\/categorie-de-produit\/manuels-scolaires\/\"},{\"@type\":\"ListItem\",\"position\":4,\"name\":\"Grade 5 \u2013 Reading Textbook\"}]},{\"@type\":\"WebSite\",\"@id\":\"https:\/\/kedemoseducation.com\/fr\/#website\",\"url\":\"https:\/\/kedemoseducation.com\/fr\/\",\"name\":\"Kedemos Education\",\"description\":\"The Pleasure of Learning\",\"publisher\":{\"@id\":\"https:\/\/kedemoseducation.com\/fr\/#organization\"},\"potentialAction\":[{\"@type\":\"SearchAction\",\"target\":{\"@type\":\"EntryPoint\",\"urlTemplate\":\"https:\/\/kedemoseducation.com\/fr\/?s={search_term_string}\"},\"query-input\":{\"@type\":\"PropertyValueSpecification\",\"valueRequired\":true,\"valueName\":\"search_term_string\"}}],\"inLanguage\":\"fr-FR\"},{\"@type\":\"Organization\",\"@id\":\"https:\/\/kedemoseducation.com\/fr\/#organization\",\"name\":\"Kedemos Education\",\"url\":\"https:\/\/kedemoseducation.com\/fr\/\",\"logo\":{\"@type\":\"ImageObject\",\"inLanguage\":\"fr-FR\",\"@id\":\"https:\/\/kedemoseducation.com\/fr\/#\/schema\/logo\/image\/\",\"url\":\"https:\/\/kedemoseducation.com\/wp-content\/uploads\/2023\/06\/logo-kedemos-education.png\",\"contentUrl\":\"https:\/\/kedemoseducation.com\/wp-content\/uploads\/2023\/06\/logo-kedemos-education.png\",\"width\":2362,\"height\":903,\"caption\":\"Kedemos Education\"},\"image\":{\"@id\":\"https:\/\/kedemoseducation.com\/fr\/#\/schema\/logo\/image\/\"},\"sameAs\":[\"https:\/\/www.facebook.com\/Kedemoseducation\",\"https:\/\/www.instagram.com\/kedemoseducation\/\",\"https:\/\/www.linkedin.com\/company\/kedemos-education\/\"]}]}<\/script>\r\n<!-- \/ Yoast SEO plugin. -->","yoast_head_json":{"title":"CM2 \/ 5\u00e8me ann\u00e9e \u2013 Manuel de fran\u00e7ais - K\u00e9d\u00e9mos Education","description":"Ce livre de lecture pour le CM2 \/ EB5 propose un apprentissage syst\u00e9matique et complet de la langue \u00e0 travers ses 6 modules.","robots":{"index":"index","follow":"follow","max-snippet":"max-snippet:-1","max-image-preview":"max-image-preview:large","max-video-preview":"max-video-preview:-1"},"canonical":"https:\/\/kedemoseducation.com\/fr\/product\/cm2-5eme-annee-manuel-de-francais-tremplin\/","og_locale":"fr_FR","og_type":"article","og_title":"Grade 5 - Reading Texbook - Tremplin vers le fran\u00e7ais - Kedemos Education","og_description":"This Grade 5 reading textbook offers a systematic and comprehensive learning of French as a first language through its 6 units.","og_url":"https:\/\/kedemoseducation.com\/fr\/product\/cm2-5eme-annee-manuel-de-francais-tremplin\/","og_site_name":"Kedemos Education","article_publisher":"https:\/\/www.facebook.com\/Kedemoseducation","article_modified_time":"2026-03-03T09:55:37+00:00","og_image":[{"width":600,"height":800,"url":"https:\/\/kedemoseducation.com\/wp-content\/uploads\/2025\/06\/Lecture-CM2-Tremplin.jpg","type":"image\/jpeg"}],"twitter_card":"summary_large_image","twitter_misc":{"Dur\u00e9e de lecture estim\u00e9e":"2 minutes"},"schema":{"@context":"https:\/\/schema.org","@graph":[{"@type":"WebPage","@id":"https:\/\/kedemoseducation.com\/product\/cm2-5eme-annee-manuel-de-francais-tremplin\/","url":"https:\/\/kedemoseducation.com\/product\/cm2-5eme-annee-manuel-de-francais-tremplin\/","name":"CM2 \/ 5\u00e8me ann\u00e9e \u2013 Manuel de fran\u00e7ais - K\u00e9d\u00e9mos Education","isPartOf":{"@id":"https:\/\/kedemoseducation.com\/fr\/#website"},"primaryImageOfPage":{"@id":"https:\/\/kedemoseducation.com\/product\/cm2-5eme-annee-manuel-de-francais-tremplin\/#primaryimage"},"image":{"@id":"https:\/\/kedemoseducation.com\/product\/cm2-5eme-annee-manuel-de-francais-tremplin\/#primaryimage"},"thumbnailUrl":"https:\/\/i0.wp.com\/kedemoseducation.com\/wp-content\/uploads\/2025\/06\/Lecture-CM2-Tremplin.jpg?fit=600%2C800&ssl=1","datePublished":"2025-06-12T06:39:20+00:00","dateModified":"2026-03-03T09:55:37+00:00","description":"Ce livre de lecture pour le CM2 \/ EB5 propose un apprentissage syst\u00e9matique et complet de la langue \u00e0 travers ses 6 modules.","breadcrumb":{"@id":"https:\/\/kedemoseducation.com\/product\/cm2-5eme-annee-manuel-de-francais-tremplin\/#breadcrumb"},"inLanguage":"fr-FR","potentialAction":[{"@type":"ReadAction","target":["https:\/\/kedemoseducation.com\/product\/cm2-5eme-annee-manuel-de-francais-tremplin\/"]}]},{"@type":"ImageObject","inLanguage":"fr-FR","@id":"https:\/\/kedemoseducation.com\/product\/cm2-5eme-annee-manuel-de-francais-tremplin\/#primaryimage","url":"https:\/\/i0.wp.com\/kedemoseducation.com\/wp-content\/uploads\/2025\/06\/Lecture-CM2-Tremplin.jpg?fit=600%2C800&ssl=1","contentUrl":"https:\/\/i0.wp.com\/kedemoseducation.com\/wp-content\/uploads\/2025\/06\/Lecture-CM2-Tremplin.jpg?fit=600%2C800&ssl=1","width":600,"height":800,"caption":"Grade 5 - Tremplin vers le fran\u00e7ais"},{"@type":"BreadcrumbList","@id":"https:\/\/kedemoseducation.com\/product\/cm2-5eme-annee-manuel-de-francais-tremplin\/#breadcrumb","itemListElement":[{"@type":"ListItem","position":1,"name":"Home","item":"https:\/\/kedemoseducation.com\/"},{"@type":"ListItem","position":2,"name":"All Products","item":"https:\/\/kedemoseducation.com\/fr\/shop-2\/tous-les-produits\/"},{"@type":"ListItem","position":3,"name":"School Books","item":"https:\/\/kedemoseducation.com\/fr\/categorie-de-produit\/manuels-scolaires\/"},{"@type":"ListItem","position":4,"name":"Grade 5 \u2013 Reading Textbook"}]},{"@type":"WebSite","@id":"https:\/\/kedemoseducation.com\/fr\/#website","url":"https:\/\/kedemoseducation.com\/fr\/","name":"K\u00e9d\u00e9mos Education","description":"Le plaisir d'apprendre","publisher":{"@id":"https:\/\/kedemoseducation.com\/fr\/#organization"},"potentialAction":[{"@type":"SearchAction","target":{"@type":"EntryPoint","urlTemplate":"https:\/\/kedemoseducation.com\/fr\/?s={search_term_string}"},"query-input":{"@type":"PropertyValueSpecification","valueRequired":true,"valueName":"search_term_string"}}],"inLanguage":"fr-FR"},{"@type":"Organization","@id":"https:\/\/kedemoseducation.com\/fr\/#organization","name":"K\u00e9d\u00e9mos Education","url":"https:\/\/kedemoseducation.com\/fr\/","logo":{"@type":"ImageObject","inLanguage":"fr-FR","@id":"https:\/\/kedemoseducation.com\/fr\/#\/schema\/logo\/image\/","url":"https:\/\/kedemoseducation.com\/wp-content\/uploads\/2023\/06\/logo-kedemos-education.png","contentUrl":"https:\/\/kedemoseducation.com\/wp-content\/uploads\/2023\/06\/logo-kedemos-education.png","width":2362,"height":903,"caption":"Kedemos Education"},"image":{"@id":"https:\/\/kedemoseducation.com\/fr\/#\/schema\/logo\/image\/"},"sameAs":["https:\/\/www.facebook.com\/Kedemoseducation","https:\/\/www.instagram.com\/kedemoseducation\/","https:\/\/www.linkedin.com\/company\/kedemos-education\/"]}]}},"jetpack_sharing_enabled":true,"_links":{"self":[{"href":"https:\/\/kedemoseducation.com\/fr\/wp-json\/wp\/v2\/product\/12077","targetHints":{"allow":["GET"]}}],"collection":[{"href":"https:\/\/kedemoseducation.com\/fr\/wp-json\/wp\/v2\/product"}],"about":[{"href":"https:\/\/kedemoseducation.com\/fr\/wp-json\/wp\/v2\/types\/product"}],"replies":[{"embeddable":true,"href":"https:\/\/kedemoseducation.com\/fr\/wp-json\/wp\/v2\/comments?post=12077"}],"wp:featuredmedia":[{"embeddable":true,"href":"https:\/\/kedemoseducation.com\/fr\/wp-json\/wp\/v2\/media\/12078"}],"wp:attachment":[{"href":"https:\/\/kedemoseducation.com\/fr\/wp-json\/wp\/v2\/media?parent=12077"}],"wp:term":[{"taxonomy":"product_brand","embeddable":true,"href":"https:\/\/kedemoseducation.com\/fr\/wp-json\/wp\/v2\/product_brand?post=12077"},{"taxonomy":"product_cat","embeddable":true,"href":"https:\/\/kedemoseducation.com\/fr\/wp-json\/wp\/v2\/product_cat?post=12077"},{"taxonomy":"product_tag","embeddable":true,"href":"https:\/\/kedemoseducation.com\/fr\/wp-json\/wp\/v2\/product_tag?post=12077"}],"curies":[{"name":"wp","href":"https:\/\/api.w.org\/{rel}","templated":true}]}}