{"id":12019,"date":"2025-06-11T10:41:05","date_gmt":"2025-06-11T07:41:05","guid":{"rendered":"https:\/\/kedemoseducation.com\/?post_type=product&#038;p=12019"},"modified":"2026-02-05T15:49:40","modified_gmt":"2026-02-05T13:49:40","slug":"kg3-writing-copybook-nouvel-arc-en-ciel","status":"publish","type":"product","link":"https:\/\/kedemoseducation.com\/fr\/product\/grande-section-cahier-decriture-nouvel-arc-en-ciel\/","title":{"rendered":"Grande Section - Cahier d\u2019\u00c9criture"},"content":{"rendered":"<h1><b>Grande section Cahier d'\u00e9criture - Le nouvel Arc-en-ciel<\/b><\/h1>\n<h2><b>Pr\u00e9sentation de la M\u00e9thode de la Grande Section<\/b><\/h2>\n<p><span style=\"font-weight: 400;\">Ce cahier d\u2019\u00e9criture pour la Grande Section fait partie de la collection le nouvel Arc-en-ciel. Celle-ci est bas\u00e9e sur la m\u00e9thode mixte de lecture. \u00c0 d\u00e9part global, l'association de lettres et de syllabes est imm\u00e9diate afin de construire de nouveaux mots.<\/span><\/p>\n<p><span style=\"font-weight: 400;\">La collection Le nouvel arc-en-ciel pour la GS est centr\u00e9e sur les principes m\u00e9thodologiques suivants :\u00a0<\/span><\/p>\n<ul>\n<li style=\"font-weight: 400;\" aria-level=\"1\"><span style=\"font-weight: 400;\">La compr\u00e9hension et l\u2019expression orales : ces exercices encouragent les enfants \u00e0 d\u00e9velopper leurs comp\u00e9tences en communication orale.<\/span><\/li>\n<li style=\"font-weight: 400;\" aria-level=\"1\"><span style=\"font-weight: 400;\">Une abondance d\u2019illustrations : des images color\u00e9es et attractives renforcent la compr\u00e9hension et facilitent l'expression.<\/span><\/li>\n<li style=\"font-weight: 400;\" aria-level=\"1\"><span style=\"font-weight: 400;\">La participation active des enfants : des activit\u00e9s interactives stimulent l'engagement et l'int\u00e9r\u00eat des \u00e9l\u00e8ves.<\/span><\/li>\n<li style=\"font-weight: 400;\" aria-level=\"1\"><span style=\"font-weight: 400;\">Des \u00e9valuations r\u00e9guli\u00e8res permettant de suivre les progr\u00e8s des enfants.<\/span><\/li>\n<\/ul>\n<p><span style=\"font-weight: 400;\">La collection Arc-en-ciel pour la GS est une m\u00e9thode compl\u00e8te d'apprentissage du fran\u00e7ais. Elle est compos\u00e9e des trois volets suivants : un <a href=\"https:\/\/kedemoseducation.com\/fr\/product\/grande-section-livre-de-lecture-nouvel-arc-en-ciel\/\">livre de lecture<\/a>, un <a href=\"https:\/\/kedemoseducation.com\/fr\/product\/grande-section-cahier-dexercices-nouvel-arc-en-ciel\/\">cahier d'exercices<\/a><span> et un cahier d'\u00e9criture. Cette collection est aussi accompagn\u00e9e de <a href=\"https:\/\/kedemoseducation.com\/fr\/product-category\/stories\/french-storybooks\/historiettes-pour-pitchounets-et-pitchounettes\/\">12 contes<\/a>.<\/span><\/p>\n<h3><b>Cahier d\u2019\u00e9criture GS<\/b><\/h3>\n<p><span style=\"font-weight: 400;\">Ce cahier d'\u00e9criture de la collection Arc-en-ciel propose un apprentissage syst\u00e9matique et efficace des graph\u00e8mes en cursive, ainsi que des exercices de pratique. Les enfants peuvent ainsi s'entra\u00eener \u00e0 \u00e9crire des lettres et des syllabes, ce qui les aidera plus tard \u00e0 r\u00e9diger des textes plus longs. Gr\u00e2ce \u00e0 ce cahier, les enfants sont guid\u00e9s dans la transition de l'expression orale \u00e0 l'expression \u00e9crite d'une mani\u00e8re simple et m\u00e9thodologique. Ce cahier accompagne le livre de lecture de la Grande Section.\u00a0<\/span><\/p>","protected":false},"excerpt":{"rendered":"<p><span style=\"font-weight: 400;\">Ce cahier d\u2019\u00e9criture propose un apprentissage des graph\u00e8mes en cursive et des exercices d'entra\u00eenement.<\/span><\/p>\n<p><span style=\"font-weight: 400;\">Il accompagne le livre de lecture de la Grande Section. Pour acc\u00e9der \u00e0 la collection compl\u00e8te Arc-en-ciel pour la GS, veuillez cliquer <a href=\"https:\/\/kedemoseducation.com\/fr\/categorie-de-produit\/manuels-scolaires\/francais\/maternelle\/le-nouvel-arc-en-ciel\/\">ici<\/a>.<\/span><\/p>","protected":false},"featured_media":12020,"comment_status":"closed","ping_status":"closed","template":"","meta":{"_monsterinsights_skip_tracking":false,"_monsterinsights_sitenote_active":false,"_monsterinsights_sitenote_note":"","_monsterinsights_sitenote_category":0},"product_brand":[],"product_cat":[371,17,207,326,16,370],"product_tag":[80,331,334,372],"class_list":{"0":"post-12019","1":"product","2":"type-product","3":"status-publish","4":"has-post-thumbnail","6":"product_cat-kg3-le-nouvel-arc-en-ciel","7":"product_cat-french","8":"product_cat-new-releases","9":"product_cat-kindergarten","10":"product_cat-school-books","11":"product_cat-le-nouvel-arc-en-ciel","12":"product_tag-kg3","13":"product_tag-kindergarten","14":"product_tag-writing-copybook","15":"product_tag-le-nouvel-arc-en-ciel","16":"pa_grade-kg3","18":"first","19":"instock","20":"shipping-taxable","21":"purchasable","22":"product-type-simple"},"yoast_head":"<!-- This site is optimized with the Yoast SEO plugin v26.4 - https:\/\/yoast.com\/wordpress\/plugins\/seo\/ -->\r\n<title>KG3 Writing Copybook - Kedemos Education<\/title>\r\n<meta name=\"description\" content=\"This KG3 writing copybook offers a systematic learning of writing graphemes in cursive, and includes many practice exercises.\" \/>\r\n<meta name=\"robots\" content=\"index, follow, max-snippet:-1, max-image-preview:large, max-video-preview:-1\" \/>\r\n<link rel=\"canonical\" href=\"https:\/\/kedemoseducation.com\/fr\/product\/grande-section-cahier-decriture-nouvel-arc-en-ciel\/\" \/>\r\n<meta property=\"og:locale\" content=\"fr_FR\" \/>\r\n<meta property=\"og:type\" content=\"article\" \/>\r\n<meta property=\"og:title\" content=\"KG3 Writing Copybook - Kedemos Education\" \/>\r\n<meta property=\"og:description\" content=\"This KG3 writing copybook offers a systematic learning of writing graphemes in cursive, and includes many practice exercises.\" \/>\r\n<meta property=\"og:url\" content=\"https:\/\/kedemoseducation.com\/fr\/product\/grande-section-cahier-decriture-nouvel-arc-en-ciel\/\" \/>\r\n<meta property=\"og:site_name\" content=\"Kedemos Education\" \/>\r\n<meta property=\"article:publisher\" content=\"https:\/\/www.facebook.com\/Kedemoseducation\" \/>\r\n<meta property=\"article:modified_time\" content=\"2026-02-05T13:49:40+00:00\" \/>\r\n<meta property=\"og:image\" content=\"https:\/\/kedemoseducation.com\/wp-content\/uploads\/2025\/06\/ecriture-GS-aec.jpg\" \/>\r\n\t<meta property=\"og:image:width\" content=\"600\" \/>\r\n\t<meta property=\"og:image:height\" content=\"800\" \/>\r\n\t<meta property=\"og:image:type\" content=\"image\/jpeg\" \/>\r\n<meta name=\"twitter:card\" content=\"summary_large_image\" \/>\r\n<meta name=\"twitter:label1\" content=\"Dur\u00e9e de lecture estim\u00e9e\" \/>\n\t<meta name=\"twitter:data1\" content=\"2 minutes\" \/>\r\n<script type=\"application\/ld+json\" class=\"yoast-schema-graph\">{\"@context\":\"https:\/\/schema.org\",\"@graph\":[{\"@type\":\"WebPage\",\"@id\":\"https:\/\/kedemoseducation.com\/product\/grande-section-cahier-decriture-nouvel-arc-en-ciel\/\",\"url\":\"https:\/\/kedemoseducation.com\/product\/grande-section-cahier-decriture-nouvel-arc-en-ciel\/\",\"name\":\"KG3 Writing Copybook - Kedemos Education\",\"isPartOf\":{\"@id\":\"https:\/\/kedemoseducation.com\/fr\/#website\"},\"primaryImageOfPage\":{\"@id\":\"https:\/\/kedemoseducation.com\/product\/grande-section-cahier-decriture-nouvel-arc-en-ciel\/#primaryimage\"},\"image\":{\"@id\":\"https:\/\/kedemoseducation.com\/product\/grande-section-cahier-decriture-nouvel-arc-en-ciel\/#primaryimage\"},\"thumbnailUrl\":\"https:\/\/i0.wp.com\/kedemoseducation.com\/wp-content\/uploads\/2025\/06\/ecriture-GS-aec.jpg?fit=600%2C800&ssl=1\",\"datePublished\":\"2025-06-11T07:41:05+00:00\",\"dateModified\":\"2026-02-05T13:49:40+00:00\",\"description\":\"This KG3 writing copybook offers a systematic learning of writing graphemes in cursive, and includes many practice exercises.\",\"breadcrumb\":{\"@id\":\"https:\/\/kedemoseducation.com\/product\/grande-section-cahier-decriture-nouvel-arc-en-ciel\/#breadcrumb\"},\"inLanguage\":\"fr-FR\",\"potentialAction\":[{\"@type\":\"ReadAction\",\"target\":[\"https:\/\/kedemoseducation.com\/product\/grande-section-cahier-decriture-nouvel-arc-en-ciel\/\"]}]},{\"@type\":\"ImageObject\",\"inLanguage\":\"fr-FR\",\"@id\":\"https:\/\/kedemoseducation.com\/product\/grande-section-cahier-decriture-nouvel-arc-en-ciel\/#primaryimage\",\"url\":\"https:\/\/i0.wp.com\/kedemoseducation.com\/wp-content\/uploads\/2025\/06\/ecriture-GS-aec.jpg?fit=600%2C800&ssl=1\",\"contentUrl\":\"https:\/\/i0.wp.com\/kedemoseducation.com\/wp-content\/uploads\/2025\/06\/ecriture-GS-aec.jpg?fit=600%2C800&ssl=1\",\"width\":600,\"height\":800,\"caption\":\"Cahier d'\u00e9criture - Grande section - le nouvel arc-en-ciel\"},{\"@type\":\"BreadcrumbList\",\"@id\":\"https:\/\/kedemoseducation.com\/product\/grande-section-cahier-decriture-nouvel-arc-en-ciel\/#breadcrumb\",\"itemListElement\":[{\"@type\":\"ListItem\",\"position\":1,\"name\":\"Home\",\"item\":\"https:\/\/kedemoseducation.com\/\"},{\"@type\":\"ListItem\",\"position\":2,\"name\":\"All Products\",\"item\":\"https:\/\/kedemoseducation.com\/fr\/shop-2\/tous-les-produits\/\"},{\"@type\":\"ListItem\",\"position\":3,\"name\":\"School Books\",\"item\":\"https:\/\/kedemoseducation.com\/fr\/categorie-de-produit\/manuels-scolaires\/\"},{\"@type\":\"ListItem\",\"position\":4,\"name\":\"KG3 &#8211; Writing Copybook\"}]},{\"@type\":\"WebSite\",\"@id\":\"https:\/\/kedemoseducation.com\/fr\/#website\",\"url\":\"https:\/\/kedemoseducation.com\/fr\/\",\"name\":\"Kedemos Education\",\"description\":\"The Pleasure of Learning\",\"publisher\":{\"@id\":\"https:\/\/kedemoseducation.com\/fr\/#organization\"},\"potentialAction\":[{\"@type\":\"SearchAction\",\"target\":{\"@type\":\"EntryPoint\",\"urlTemplate\":\"https:\/\/kedemoseducation.com\/fr\/?s={search_term_string}\"},\"query-input\":{\"@type\":\"PropertyValueSpecification\",\"valueRequired\":true,\"valueName\":\"search_term_string\"}}],\"inLanguage\":\"fr-FR\"},{\"@type\":\"Organization\",\"@id\":\"https:\/\/kedemoseducation.com\/fr\/#organization\",\"name\":\"Kedemos Education\",\"url\":\"https:\/\/kedemoseducation.com\/fr\/\",\"logo\":{\"@type\":\"ImageObject\",\"inLanguage\":\"fr-FR\",\"@id\":\"https:\/\/kedemoseducation.com\/fr\/#\/schema\/logo\/image\/\",\"url\":\"https:\/\/kedemoseducation.com\/wp-content\/uploads\/2023\/06\/logo-kedemos-education.png\",\"contentUrl\":\"https:\/\/kedemoseducation.com\/wp-content\/uploads\/2023\/06\/logo-kedemos-education.png\",\"width\":2362,\"height\":903,\"caption\":\"Kedemos Education\"},\"image\":{\"@id\":\"https:\/\/kedemoseducation.com\/fr\/#\/schema\/logo\/image\/\"},\"sameAs\":[\"https:\/\/www.facebook.com\/Kedemoseducation\",\"https:\/\/www.instagram.com\/kedemoseducation\/\",\"https:\/\/www.linkedin.com\/company\/kedemos-education\/\"]}]}<\/script>\r\n<!-- \/ Yoast SEO plugin. -->","yoast_head_json":{"title":"Grande Section Cahier d\u2019\u00c9criture - K\u00e9d\u00e9mos Education","description":"Ce cahier d\u2019\u00e9criture propose un apprentissage des graph\u00e8mes en cursive et des exercices d'entra\u00eenement.","robots":{"index":"index","follow":"follow","max-snippet":"max-snippet:-1","max-image-preview":"max-image-preview:large","max-video-preview":"max-video-preview:-1"},"canonical":"https:\/\/kedemoseducation.com\/fr\/product\/grande-section-cahier-decriture-nouvel-arc-en-ciel\/","og_locale":"fr_FR","og_type":"article","og_title":"KG3 Writing Copybook - Kedemos Education","og_description":"This KG3 writing copybook offers a systematic learning of writing graphemes in cursive, and includes many practice exercises.","og_url":"https:\/\/kedemoseducation.com\/fr\/product\/grande-section-cahier-decriture-nouvel-arc-en-ciel\/","og_site_name":"Kedemos Education","article_publisher":"https:\/\/www.facebook.com\/Kedemoseducation","article_modified_time":"2026-02-05T13:49:40+00:00","og_image":[{"width":600,"height":800,"url":"https:\/\/kedemoseducation.com\/wp-content\/uploads\/2025\/06\/ecriture-GS-aec.jpg","type":"image\/jpeg"}],"twitter_card":"summary_large_image","twitter_misc":{"Dur\u00e9e de lecture estim\u00e9e":"2 minutes"},"schema":{"@context":"https:\/\/schema.org","@graph":[{"@type":"WebPage","@id":"https:\/\/kedemoseducation.com\/product\/grande-section-cahier-decriture-nouvel-arc-en-ciel\/","url":"https:\/\/kedemoseducation.com\/product\/grande-section-cahier-decriture-nouvel-arc-en-ciel\/","name":"Grande Section Cahier d\u2019\u00c9criture - K\u00e9d\u00e9mos Education","isPartOf":{"@id":"https:\/\/kedemoseducation.com\/fr\/#website"},"primaryImageOfPage":{"@id":"https:\/\/kedemoseducation.com\/product\/grande-section-cahier-decriture-nouvel-arc-en-ciel\/#primaryimage"},"image":{"@id":"https:\/\/kedemoseducation.com\/product\/grande-section-cahier-decriture-nouvel-arc-en-ciel\/#primaryimage"},"thumbnailUrl":"https:\/\/i0.wp.com\/kedemoseducation.com\/wp-content\/uploads\/2025\/06\/ecriture-GS-aec.jpg?fit=600%2C800&ssl=1","datePublished":"2025-06-11T07:41:05+00:00","dateModified":"2026-02-05T13:49:40+00:00","description":"Ce cahier d\u2019\u00e9criture propose un apprentissage des graph\u00e8mes en cursive et des exercices d'entra\u00eenement.","breadcrumb":{"@id":"https:\/\/kedemoseducation.com\/product\/grande-section-cahier-decriture-nouvel-arc-en-ciel\/#breadcrumb"},"inLanguage":"fr-FR","potentialAction":[{"@type":"ReadAction","target":["https:\/\/kedemoseducation.com\/product\/grande-section-cahier-decriture-nouvel-arc-en-ciel\/"]}]},{"@type":"ImageObject","inLanguage":"fr-FR","@id":"https:\/\/kedemoseducation.com\/product\/grande-section-cahier-decriture-nouvel-arc-en-ciel\/#primaryimage","url":"https:\/\/i0.wp.com\/kedemoseducation.com\/wp-content\/uploads\/2025\/06\/ecriture-GS-aec.jpg?fit=600%2C800&ssl=1","contentUrl":"https:\/\/i0.wp.com\/kedemoseducation.com\/wp-content\/uploads\/2025\/06\/ecriture-GS-aec.jpg?fit=600%2C800&ssl=1","width":600,"height":800,"caption":"Cahier d'\u00e9criture - Grande section - le nouvel arc-en-ciel"},{"@type":"BreadcrumbList","@id":"https:\/\/kedemoseducation.com\/product\/grande-section-cahier-decriture-nouvel-arc-en-ciel\/#breadcrumb","itemListElement":[{"@type":"ListItem","position":1,"name":"Home","item":"https:\/\/kedemoseducation.com\/"},{"@type":"ListItem","position":2,"name":"All Products","item":"https:\/\/kedemoseducation.com\/fr\/shop-2\/tous-les-produits\/"},{"@type":"ListItem","position":3,"name":"School Books","item":"https:\/\/kedemoseducation.com\/fr\/categorie-de-produit\/manuels-scolaires\/"},{"@type":"ListItem","position":4,"name":"KG3 &#8211; Writing Copybook"}]},{"@type":"WebSite","@id":"https:\/\/kedemoseducation.com\/fr\/#website","url":"https:\/\/kedemoseducation.com\/fr\/","name":"K\u00e9d\u00e9mos Education","description":"Le plaisir d'apprendre","publisher":{"@id":"https:\/\/kedemoseducation.com\/fr\/#organization"},"potentialAction":[{"@type":"SearchAction","target":{"@type":"EntryPoint","urlTemplate":"https:\/\/kedemoseducation.com\/fr\/?s={search_term_string}"},"query-input":{"@type":"PropertyValueSpecification","valueRequired":true,"valueName":"search_term_string"}}],"inLanguage":"fr-FR"},{"@type":"Organization","@id":"https:\/\/kedemoseducation.com\/fr\/#organization","name":"K\u00e9d\u00e9mos Education","url":"https:\/\/kedemoseducation.com\/fr\/","logo":{"@type":"ImageObject","inLanguage":"fr-FR","@id":"https:\/\/kedemoseducation.com\/fr\/#\/schema\/logo\/image\/","url":"https:\/\/kedemoseducation.com\/wp-content\/uploads\/2023\/06\/logo-kedemos-education.png","contentUrl":"https:\/\/kedemoseducation.com\/wp-content\/uploads\/2023\/06\/logo-kedemos-education.png","width":2362,"height":903,"caption":"Kedemos Education"},"image":{"@id":"https:\/\/kedemoseducation.com\/fr\/#\/schema\/logo\/image\/"},"sameAs":["https:\/\/www.facebook.com\/Kedemoseducation","https:\/\/www.instagram.com\/kedemoseducation\/","https:\/\/www.linkedin.com\/company\/kedemos-education\/"]}]}},"jetpack_sharing_enabled":true,"_links":{"self":[{"href":"https:\/\/kedemoseducation.com\/fr\/wp-json\/wp\/v2\/product\/12019","targetHints":{"allow":["GET"]}}],"collection":[{"href":"https:\/\/kedemoseducation.com\/fr\/wp-json\/wp\/v2\/product"}],"about":[{"href":"https:\/\/kedemoseducation.com\/fr\/wp-json\/wp\/v2\/types\/product"}],"replies":[{"embeddable":true,"href":"https:\/\/kedemoseducation.com\/fr\/wp-json\/wp\/v2\/comments?post=12019"}],"wp:featuredmedia":[{"embeddable":true,"href":"https:\/\/kedemoseducation.com\/fr\/wp-json\/wp\/v2\/media\/12020"}],"wp:attachment":[{"href":"https:\/\/kedemoseducation.com\/fr\/wp-json\/wp\/v2\/media?parent=12019"}],"wp:term":[{"taxonomy":"product_brand","embeddable":true,"href":"https:\/\/kedemoseducation.com\/fr\/wp-json\/wp\/v2\/product_brand?post=12019"},{"taxonomy":"product_cat","embeddable":true,"href":"https:\/\/kedemoseducation.com\/fr\/wp-json\/wp\/v2\/product_cat?post=12019"},{"taxonomy":"product_tag","embeddable":true,"href":"https:\/\/kedemoseducation.com\/fr\/wp-json\/wp\/v2\/product_tag?post=12019"}],"curies":[{"name":"wp","href":"https:\/\/api.w.org\/{rel}","templated":true}]}}