{"id":11810,"date":"2025-05-09T14:17:24","date_gmt":"2025-05-09T11:17:24","guid":{"rendered":"https:\/\/kedemoseducation.com\/?post_type=product&#038;p=11810"},"modified":"2026-03-03T11:55:56","modified_gmt":"2026-03-03T09:55:56","slug":"grade-6-des-chiffres-et-des-formes","status":"publish","type":"product","link":"https:\/\/kedemoseducation.com\/fr\/product\/6eme-eb6-des-chiffres-et-des-formes\/","title":{"rendered":"6\u00e8me \/ EB6 - Manuel de Maths - Des chiffres et des formes"},"content":{"rendered":"<h1><strong>6\u00e8me \/ EB6 - Manuel de Maths - Des chiffres et des formes<\/strong><\/h1>\n<h2><strong>Pr\u00e9sentation de la m\u00e9thode de la 6\u00e8me \/ EB6.<\/strong><\/h2>\n<p>Ce manuel de maths pour la 6\u00e8me \/ EB6 fait partie de la collection Des chiffres et des formes.<\/p>\n<p><span style=\"font-weight: 400;\">La collection \u00ab Des chiffres et des formes \u00bb propose une m\u00e9thode compl\u00e8te d\u2019apprentissage des notions math\u00e9matiques pour l\u2019ensemble des classes du cycle primaire. Ce livre prolonge les acquis des ann\u00e9es pr\u00e9c\u00e9dentes gr\u00e2ce \u00e0 son organisation, sa pr\u00e9sentation et son contenu.<\/span><\/p>\n<p><span style=\"font-weight: 400;\">De la num\u00e9ration au calcul, en passant par les formes g\u00e9om\u00e9triques, l\u2019ouvrage reprend les principales notions d\u00e9j\u00e0 \u00e9tudi\u00e9es. Cette r\u00e9vision structur\u00e9e permet aux \u00e9l\u00e8ves de consolider les comp\u00e9tences fondamentales qu\u2019ils ont pu oublier durant les vacances d\u2019\u00e9t\u00e9.<\/span><\/p>\n<p><span style=\"font-weight: 400;\">En renfor\u00e7ant ces notions essentielles, les \u00e9l\u00e8ves d\u00e9veloppent leurs capacit\u00e9s de calcul, affinent leur raisonnement logique et am\u00e9liorent leurs facult\u00e9s d\u2019analyse et de synth\u00e8se. Ils perfectionnent \u00e9galement leur sens de l\u2019observation et consolident leur d\u00e9marche math\u00e9matique.<\/span><\/p>\n<h3><strong>Manuel de maths<\/strong><\/h3>\n<p><span style=\"font-weight: 400;\">Ce manuel de 6\u00e8me \/ EB6 comprend 6 unit\u00e9s, chacune suivie d\u2019une \u00e9valuation. Les \u00e9l\u00e8ves peuvent ainsi faire le point sur leurs acquis et consolider, si n\u00e9cessaire, certaines notions avec l\u2019enseignant.<\/span><\/p>\n<p><span style=\"font-weight: 400;\">Chaque unit\u00e9 est divis\u00e9e en plusieurs chapitres et chaque chapitre est r\u00e9parti de telle mani\u00e8re que :<\/span><\/p>\n<ul>\n<li style=\"font-weight: 400;\" aria-level=\"1\"><span style=\"font-weight: 400;\">L\u2019objectif d\u2019apprentissage est pr\u00e9sent\u00e9e dans un cadre de couleur au d\u00e9but du chapitre. Chaque type d\u2019activit\u00e9 math\u00e9matique est repr\u00e9sent\u00e9e par une couleur.<\/span><\/li>\n<li style=\"font-weight: 400;\" aria-level=\"1\"><span style=\"font-weight: 400;\">Les \u00e9l\u00e8ves r\u00e9alisent ensuite des exercices progressifs, du plus simple au plus complexe. Ces exercices sont souvent accompagn\u00e9s d\u2019illustrations qui facilitent la compr\u00e9hension gr\u00e2ce \u00e0 une observation directe de la situation propos\u00e9e.<\/span><\/li>\n<li style=\"font-weight: 400;\" aria-level=\"1\"><span style=\"font-weight: 400;\">Plusieurs exercices constituent des \u00ab probl\u00e8mes \u00bb au cours desquels l'enfant apprendra \u00e0 adopter une d\u00e9marche logique, toujours la m\u00eame :<\/span><\/li>\n<\/ul>\n<ul>\n<li style=\"list-style-type: none;\">\n<ul>\n<li style=\"font-weight: 400;\" aria-level=\"1\"><span style=\"font-weight: 400;\">D\u2019abord, il analyse les donn\u00e9es de la consigne.<\/span><\/li>\n<li style=\"font-weight: 400;\" aria-level=\"1\"><span style=\"font-weight: 400;\">Ensuite, il identifie ce qui est demand\u00e9 et comprend la question finale.<\/span><\/li>\n<li style=\"font-weight: 400;\" aria-level=\"1\"><span style=\"font-weight: 400;\">Puis, il \u00e9crit une \u00e9quation et effectue le calcul.<\/span><\/li>\n<li style=\"font-weight: 400;\" aria-level=\"1\"><span style=\"font-weight: 400;\">Enfin, formuler une r\u00e9ponse claire et pr\u00e9cise.<\/span><\/li>\n<\/ul>\n<\/li>\n<\/ul>","protected":false},"excerpt":{"rendered":"<div class=\"woocommerce-product-details__short-description\">\n<p><span style=\"font-weight: 400;\">Ce manuel de maths pour la 6\u00e8me \/ EB6 comprend 6 unit\u00e9s suivies d\u2019\u00e9valuations, permettant aux \u00e9l\u00e8ves de suivre leurs progr\u00e8s et de consolider leurs acquis.<\/span><\/p>\n<p><strong>Remarque : Ce livre est exclusivement r\u00e9serv\u00e9 \u00e0 nos lecteurs marocains.<\/strong><\/p>\n<\/div>","protected":false},"featured_media":11811,"comment_status":"closed","ping_status":"closed","template":"","meta":{"_monsterinsights_skip_tracking":false,"_monsterinsights_sitenote_active":false,"_monsterinsights_sitenote_note":"","_monsterinsights_sitenote_category":0},"product_brand":[],"product_cat":[130,207,16,356,126],"product_tag":[100,357,409],"class_list":{"0":"post-11810","1":"product","2":"type-product","3":"status-publish","4":"has-post-thumbnail","6":"product_cat-french-math-books","7":"product_cat-new-releases","8":"product_cat-school-books","9":"product_cat-des-chiffres-et-des-formes","10":"product_cat-math","11":"product_tag-grade-6","12":"product_tag-des-chiffres-et-des-formes","13":"product_tag-exclusive-for-morocco","14":"pa_grade-grade-6","16":"first","17":"instock","18":"shipping-taxable","19":"purchasable","20":"product-type-simple"},"yoast_head":"<!-- This site is optimized with the Yoast SEO plugin v26.4 - https:\/\/yoast.com\/wordpress\/plugins\/seo\/ -->\r\n<title>Grade 6 - Math Book - Des Chiffres et des Formes - Kedemos Education<\/title>\r\n<meta name=\"description\" content=\"This Grade 6 math book strengthens logical reasoning through structured units, assessments, and progressive problem-solving exercises.\" \/>\r\n<meta name=\"robots\" content=\"index, follow, max-snippet:-1, max-image-preview:large, max-video-preview:-1\" \/>\r\n<link rel=\"canonical\" href=\"https:\/\/kedemoseducation.com\/fr\/product\/6eme-eb6-des-chiffres-et-des-formes\/\" \/>\r\n<meta property=\"og:locale\" content=\"fr_FR\" \/>\r\n<meta property=\"og:type\" content=\"article\" \/>\r\n<meta property=\"og:title\" content=\"Grade 6 - Math Book - Des Chiffres et des Formes - Kedemos Education\" \/>\r\n<meta property=\"og:description\" content=\"This Grade 6 math book strengthens logical reasoning through structured units, assessments, and progressive problem-solving exercises.\" \/>\r\n<meta property=\"og:url\" content=\"https:\/\/kedemoseducation.com\/fr\/product\/6eme-eb6-des-chiffres-et-des-formes\/\" \/>\r\n<meta property=\"og:site_name\" content=\"Kedemos Education\" \/>\r\n<meta property=\"article:publisher\" content=\"https:\/\/www.facebook.com\/Kedemoseducation\" \/>\r\n<meta property=\"article:modified_time\" content=\"2026-03-03T09:55:56+00:00\" \/>\r\n<meta property=\"og:image\" content=\"https:\/\/kedemoseducation.com\/wp-content\/uploads\/2025\/05\/Maths-6e-1.jpg\" \/>\r\n\t<meta property=\"og:image:width\" content=\"600\" \/>\r\n\t<meta property=\"og:image:height\" content=\"800\" \/>\r\n\t<meta property=\"og:image:type\" content=\"image\/jpeg\" \/>\r\n<meta name=\"twitter:card\" content=\"summary_large_image\" \/>\r\n<meta name=\"twitter:label1\" content=\"Dur\u00e9e de lecture estim\u00e9e\" \/>\n\t<meta name=\"twitter:data1\" content=\"2 minutes\" \/>\r\n<script type=\"application\/ld+json\" class=\"yoast-schema-graph\">{\"@context\":\"https:\/\/schema.org\",\"@graph\":[{\"@type\":\"WebPage\",\"@id\":\"https:\/\/kedemoseducation.com\/product\/6eme-eb6-des-chiffres-et-des-formes\/\",\"url\":\"https:\/\/kedemoseducation.com\/product\/6eme-eb6-des-chiffres-et-des-formes\/\",\"name\":\"Grade 6 - Math Book - Des Chiffres et des Formes - Kedemos Education\",\"isPartOf\":{\"@id\":\"https:\/\/kedemoseducation.com\/fr\/#website\"},\"primaryImageOfPage\":{\"@id\":\"https:\/\/kedemoseducation.com\/product\/6eme-eb6-des-chiffres-et-des-formes\/#primaryimage\"},\"image\":{\"@id\":\"https:\/\/kedemoseducation.com\/product\/6eme-eb6-des-chiffres-et-des-formes\/#primaryimage\"},\"thumbnailUrl\":\"https:\/\/i0.wp.com\/kedemoseducation.com\/wp-content\/uploads\/2025\/05\/Maths-6e-1.jpg?fit=600%2C800&ssl=1\",\"datePublished\":\"2025-05-09T11:17:24+00:00\",\"dateModified\":\"2026-03-03T09:55:56+00:00\",\"description\":\"This Grade 6 math book strengthens logical reasoning through structured units, assessments, and progressive problem-solving exercises.\",\"breadcrumb\":{\"@id\":\"https:\/\/kedemoseducation.com\/product\/6eme-eb6-des-chiffres-et-des-formes\/#breadcrumb\"},\"inLanguage\":\"fr-FR\",\"potentialAction\":[{\"@type\":\"ReadAction\",\"target\":[\"https:\/\/kedemoseducation.com\/product\/6eme-eb6-des-chiffres-et-des-formes\/\"]}]},{\"@type\":\"ImageObject\",\"inLanguage\":\"fr-FR\",\"@id\":\"https:\/\/kedemoseducation.com\/product\/6eme-eb6-des-chiffres-et-des-formes\/#primaryimage\",\"url\":\"https:\/\/i0.wp.com\/kedemoseducation.com\/wp-content\/uploads\/2025\/05\/Maths-6e-1.jpg?fit=600%2C800&ssl=1\",\"contentUrl\":\"https:\/\/i0.wp.com\/kedemoseducation.com\/wp-content\/uploads\/2025\/05\/Maths-6e-1.jpg?fit=600%2C800&ssl=1\",\"width\":600,\"height\":800,\"caption\":\"Grade 6 \u2013 Des Chiffres et des Formes\"},{\"@type\":\"BreadcrumbList\",\"@id\":\"https:\/\/kedemoseducation.com\/product\/6eme-eb6-des-chiffres-et-des-formes\/#breadcrumb\",\"itemListElement\":[{\"@type\":\"ListItem\",\"position\":1,\"name\":\"Home\",\"item\":\"https:\/\/kedemoseducation.com\/\"},{\"@type\":\"ListItem\",\"position\":2,\"name\":\"All Products\",\"item\":\"https:\/\/kedemoseducation.com\/fr\/shop-2\/tous-les-produits\/\"},{\"@type\":\"ListItem\",\"position\":3,\"name\":\"School Books\",\"item\":\"https:\/\/kedemoseducation.com\/fr\/categorie-de-produit\/manuels-scolaires\/\"},{\"@type\":\"ListItem\",\"position\":4,\"name\":\"Grade 6 &#8211; Math Book &#8211; Des Chiffres et des Formes\"}]},{\"@type\":\"WebSite\",\"@id\":\"https:\/\/kedemoseducation.com\/fr\/#website\",\"url\":\"https:\/\/kedemoseducation.com\/fr\/\",\"name\":\"Kedemos Education\",\"description\":\"The Pleasure of Learning\",\"publisher\":{\"@id\":\"https:\/\/kedemoseducation.com\/fr\/#organization\"},\"potentialAction\":[{\"@type\":\"SearchAction\",\"target\":{\"@type\":\"EntryPoint\",\"urlTemplate\":\"https:\/\/kedemoseducation.com\/fr\/?s={search_term_string}\"},\"query-input\":{\"@type\":\"PropertyValueSpecification\",\"valueRequired\":true,\"valueName\":\"search_term_string\"}}],\"inLanguage\":\"fr-FR\"},{\"@type\":\"Organization\",\"@id\":\"https:\/\/kedemoseducation.com\/fr\/#organization\",\"name\":\"Kedemos Education\",\"url\":\"https:\/\/kedemoseducation.com\/fr\/\",\"logo\":{\"@type\":\"ImageObject\",\"inLanguage\":\"fr-FR\",\"@id\":\"https:\/\/kedemoseducation.com\/fr\/#\/schema\/logo\/image\/\",\"url\":\"https:\/\/kedemoseducation.com\/wp-content\/uploads\/2023\/06\/logo-kedemos-education.png\",\"contentUrl\":\"https:\/\/kedemoseducation.com\/wp-content\/uploads\/2023\/06\/logo-kedemos-education.png\",\"width\":2362,\"height\":903,\"caption\":\"Kedemos Education\"},\"image\":{\"@id\":\"https:\/\/kedemoseducation.com\/fr\/#\/schema\/logo\/image\/\"},\"sameAs\":[\"https:\/\/www.facebook.com\/Kedemoseducation\",\"https:\/\/www.instagram.com\/kedemoseducation\/\",\"https:\/\/www.linkedin.com\/company\/kedemos-education\/\"]}]}<\/script>\r\n<!-- \/ Yoast SEO plugin. -->","yoast_head_json":{"title":"6\u00e8me \/ EB6 - Manuel de Maths - Des chiffres et des formes - K\u00e9d\u00e9mos Education","description":"Ce manuel de maths pour la 6\u00e8me \/ EB6 d\u00e9veloppe la logique et l\u2019autonomie gr\u00e2ce \u00e0 des unit\u00e9s structur\u00e9es et des probl\u00e8mes progressifs.","robots":{"index":"index","follow":"follow","max-snippet":"max-snippet:-1","max-image-preview":"max-image-preview:large","max-video-preview":"max-video-preview:-1"},"canonical":"https:\/\/kedemoseducation.com\/fr\/product\/6eme-eb6-des-chiffres-et-des-formes\/","og_locale":"fr_FR","og_type":"article","og_title":"Grade 6 - Math Book - Des Chiffres et des Formes - Kedemos Education","og_description":"This Grade 6 math book strengthens logical reasoning through structured units, assessments, and progressive problem-solving exercises.","og_url":"https:\/\/kedemoseducation.com\/fr\/product\/6eme-eb6-des-chiffres-et-des-formes\/","og_site_name":"Kedemos Education","article_publisher":"https:\/\/www.facebook.com\/Kedemoseducation","article_modified_time":"2026-03-03T09:55:56+00:00","og_image":[{"width":600,"height":800,"url":"https:\/\/kedemoseducation.com\/wp-content\/uploads\/2025\/05\/Maths-6e-1.jpg","type":"image\/jpeg"}],"twitter_card":"summary_large_image","twitter_misc":{"Dur\u00e9e de lecture estim\u00e9e":"2 minutes"},"schema":{"@context":"https:\/\/schema.org","@graph":[{"@type":"WebPage","@id":"https:\/\/kedemoseducation.com\/product\/6eme-eb6-des-chiffres-et-des-formes\/","url":"https:\/\/kedemoseducation.com\/product\/6eme-eb6-des-chiffres-et-des-formes\/","name":"6\u00e8me \/ EB6 - Manuel de Maths - Des chiffres et des formes - K\u00e9d\u00e9mos Education","isPartOf":{"@id":"https:\/\/kedemoseducation.com\/fr\/#website"},"primaryImageOfPage":{"@id":"https:\/\/kedemoseducation.com\/product\/6eme-eb6-des-chiffres-et-des-formes\/#primaryimage"},"image":{"@id":"https:\/\/kedemoseducation.com\/product\/6eme-eb6-des-chiffres-et-des-formes\/#primaryimage"},"thumbnailUrl":"https:\/\/i0.wp.com\/kedemoseducation.com\/wp-content\/uploads\/2025\/05\/Maths-6e-1.jpg?fit=600%2C800&ssl=1","datePublished":"2025-05-09T11:17:24+00:00","dateModified":"2026-03-03T09:55:56+00:00","description":"Ce manuel de maths pour la 6\u00e8me \/ EB6 d\u00e9veloppe la logique et l\u2019autonomie gr\u00e2ce \u00e0 des unit\u00e9s structur\u00e9es et des probl\u00e8mes progressifs.","breadcrumb":{"@id":"https:\/\/kedemoseducation.com\/product\/6eme-eb6-des-chiffres-et-des-formes\/#breadcrumb"},"inLanguage":"fr-FR","potentialAction":[{"@type":"ReadAction","target":["https:\/\/kedemoseducation.com\/product\/6eme-eb6-des-chiffres-et-des-formes\/"]}]},{"@type":"ImageObject","inLanguage":"fr-FR","@id":"https:\/\/kedemoseducation.com\/product\/6eme-eb6-des-chiffres-et-des-formes\/#primaryimage","url":"https:\/\/i0.wp.com\/kedemoseducation.com\/wp-content\/uploads\/2025\/05\/Maths-6e-1.jpg?fit=600%2C800&ssl=1","contentUrl":"https:\/\/i0.wp.com\/kedemoseducation.com\/wp-content\/uploads\/2025\/05\/Maths-6e-1.jpg?fit=600%2C800&ssl=1","width":600,"height":800,"caption":"Grade 6 \u2013 Des Chiffres et des Formes"},{"@type":"BreadcrumbList","@id":"https:\/\/kedemoseducation.com\/product\/6eme-eb6-des-chiffres-et-des-formes\/#breadcrumb","itemListElement":[{"@type":"ListItem","position":1,"name":"Home","item":"https:\/\/kedemoseducation.com\/"},{"@type":"ListItem","position":2,"name":"All Products","item":"https:\/\/kedemoseducation.com\/fr\/shop-2\/tous-les-produits\/"},{"@type":"ListItem","position":3,"name":"School Books","item":"https:\/\/kedemoseducation.com\/fr\/categorie-de-produit\/manuels-scolaires\/"},{"@type":"ListItem","position":4,"name":"Grade 6 &#8211; Math Book &#8211; Des Chiffres et des Formes"}]},{"@type":"WebSite","@id":"https:\/\/kedemoseducation.com\/fr\/#website","url":"https:\/\/kedemoseducation.com\/fr\/","name":"K\u00e9d\u00e9mos Education","description":"Le plaisir d'apprendre","publisher":{"@id":"https:\/\/kedemoseducation.com\/fr\/#organization"},"potentialAction":[{"@type":"SearchAction","target":{"@type":"EntryPoint","urlTemplate":"https:\/\/kedemoseducation.com\/fr\/?s={search_term_string}"},"query-input":{"@type":"PropertyValueSpecification","valueRequired":true,"valueName":"search_term_string"}}],"inLanguage":"fr-FR"},{"@type":"Organization","@id":"https:\/\/kedemoseducation.com\/fr\/#organization","name":"K\u00e9d\u00e9mos Education","url":"https:\/\/kedemoseducation.com\/fr\/","logo":{"@type":"ImageObject","inLanguage":"fr-FR","@id":"https:\/\/kedemoseducation.com\/fr\/#\/schema\/logo\/image\/","url":"https:\/\/kedemoseducation.com\/wp-content\/uploads\/2023\/06\/logo-kedemos-education.png","contentUrl":"https:\/\/kedemoseducation.com\/wp-content\/uploads\/2023\/06\/logo-kedemos-education.png","width":2362,"height":903,"caption":"Kedemos Education"},"image":{"@id":"https:\/\/kedemoseducation.com\/fr\/#\/schema\/logo\/image\/"},"sameAs":["https:\/\/www.facebook.com\/Kedemoseducation","https:\/\/www.instagram.com\/kedemoseducation\/","https:\/\/www.linkedin.com\/company\/kedemos-education\/"]}]}},"jetpack_sharing_enabled":true,"_links":{"self":[{"href":"https:\/\/kedemoseducation.com\/fr\/wp-json\/wp\/v2\/product\/11810","targetHints":{"allow":["GET"]}}],"collection":[{"href":"https:\/\/kedemoseducation.com\/fr\/wp-json\/wp\/v2\/product"}],"about":[{"href":"https:\/\/kedemoseducation.com\/fr\/wp-json\/wp\/v2\/types\/product"}],"replies":[{"embeddable":true,"href":"https:\/\/kedemoseducation.com\/fr\/wp-json\/wp\/v2\/comments?post=11810"}],"wp:featuredmedia":[{"embeddable":true,"href":"https:\/\/kedemoseducation.com\/fr\/wp-json\/wp\/v2\/media\/11811"}],"wp:attachment":[{"href":"https:\/\/kedemoseducation.com\/fr\/wp-json\/wp\/v2\/media?parent=11810"}],"wp:term":[{"taxonomy":"product_brand","embeddable":true,"href":"https:\/\/kedemoseducation.com\/fr\/wp-json\/wp\/v2\/product_brand?post=11810"},{"taxonomy":"product_cat","embeddable":true,"href":"https:\/\/kedemoseducation.com\/fr\/wp-json\/wp\/v2\/product_cat?post=11810"},{"taxonomy":"product_tag","embeddable":true,"href":"https:\/\/kedemoseducation.com\/fr\/wp-json\/wp\/v2\/product_tag?post=11810"}],"curies":[{"name":"wp","href":"https:\/\/api.w.org\/{rel}","templated":true}]}}