{"id":11799,"date":"2025-05-09T13:58:52","date_gmt":"2025-05-09T10:58:52","guid":{"rendered":"https:\/\/kedemoseducation.com\/?post_type=product&#038;p=11799"},"modified":"2026-03-03T11:55:49","modified_gmt":"2026-03-03T09:55:49","slug":"grade-1-des-chiffres-et-des-formes","status":"publish","type":"product","link":"https:\/\/kedemoseducation.com\/fr\/product\/cp-eb1-des-chiffres-et-des-forme\/","title":{"rendered":"CP \/ EB1 - Manuel de Maths - Des chiffres et des formes"},"content":{"rendered":"<h1><strong>CP \/ EB1 Manuel de Maths - Des chiffres et des formes\u00a0<\/strong><\/h1>\n<h2><strong>Pr\u00e9sentation de la m\u00e9thode du CP \/ EB1<\/strong><\/h2>\n<p><span style=\"font-weight: 400;\">Ce manuel de maths pour le CP \/ EB1 fait partie de la collection Des chiffres et des formes.<\/span><\/p>\n<p><span style=\"font-weight: 400;\">La collection \u00ab Des chiffres et des formes \u00bb constitue une m\u00e9thode compl\u00e8te d\u2019apprentissage des notions math\u00e9matiques pour les classes du cycle primaire. Tant par sa pr\u00e9sentation et sa mise en page que par son contenu, ce livre prolonge les apprentissages r\u00e9alis\u00e9s en classes maternelles. Il reprend notamment les principales notions \u00e9tudi\u00e9es en Grande Section.<\/span><\/p>\n<h3><strong>Manuel de maths<\/strong><\/h3>\n<p><span style=\"font-weight: 400;\">Le programme de CP \/ EB1 est r\u00e9parti en six unit\u00e9s, chacune suivie d\u2019une \u00e9valuation. Les enfants peuvent ainsi faire le point sur leurs acquis et, si n\u00e9cessaire, reprendre les notions qui doivent \u00eatre consolid\u00e9es avec l\u2019enseignant.<\/span><\/p>\n<p><span style=\"font-weight: 400;\">Chaque notion est organis\u00e9e de la mani\u00e8re suivante :<\/span><\/p>\n<ul>\n<li style=\"font-weight: 400;\" aria-level=\"1\"><span style=\"font-weight: 400;\">La nouvelle notion est pr\u00e9sent\u00e9e dans un cadre de couleur au d\u00e9but de la le\u00e7on. Chaque type d\u2019activit\u00e9 math\u00e9matique est repr\u00e9sent\u00e9 par une couleur distincte.<\/span><\/li>\n<li style=\"font-weight: 400;\" aria-level=\"1\"><span style=\"font-weight: 400;\">Puis, les exercices progressent du plus simple au plus complexe. Des illustrations accompagnent fr\u00e9quemment ces exercices afin de faciliter la compr\u00e9hension du lexique et de l\u2019objectif math\u00e9matique.<\/span><\/li>\n<li style=\"font-weight: 400;\" aria-level=\"1\"><span style=\"font-weight: 400;\">Plusieurs exercices prennent la forme de \u00ab probl\u00e8mes \u00bb, au cours desquels l\u2019enfant apprend \u00e0 adopter une d\u00e9marche logique structur\u00e9e :<\/span><\/li>\n<\/ul>\n<ul>\n<li style=\"list-style-type: none;\">\n<ul>\n<li style=\"font-weight: 400;\" aria-level=\"1\"><span style=\"font-weight: 400;\">D\u2019abord, analyser les donn\u00e9es de la consigne.<\/span><\/li>\n<li style=\"font-weight: 400;\" aria-level=\"1\"><span style=\"font-weight: 400;\">Ensuite, identifier ce qui est demand\u00e9.<\/span><\/li>\n<li style=\"font-weight: 400;\" aria-level=\"1\"><span style=\"font-weight: 400;\">Puis, \u00e9crire une \u00e9quation et effectuer le calcul.<\/span><\/li>\n<li style=\"font-weight: 400;\" aria-level=\"1\"><span style=\"font-weight: 400;\">Enfin, formuler une r\u00e9ponse claire \u00e0 la question pos\u00e9e.<\/span><\/li>\n<\/ul>\n<\/li>\n<\/ul>\n<ul>\n<li style=\"font-weight: 400;\" aria-level=\"1\"><span style=\"font-weight: 400;\">Des algorithmes figurent \u00e9galement \u00e0 la fin de certaines le\u00e7ons. Ils remplissent une double fonction :<\/span><\/li>\n<\/ul>\n<ul>\n<li style=\"list-style-type: none;\">\n<ul>\n<li style=\"font-weight: 400;\" aria-level=\"1\"><span style=\"font-weight: 400;\">Servir de base \u00e0 des exercices de calcul mental.<\/span><\/li>\n<li style=\"font-weight: 400;\" aria-level=\"1\"><span style=\"font-weight: 400;\">Favoriser l\u2019autonomie afin d\u2019assurer l\u2019efficacit\u00e9 de l\u2019apprentissage, notamment en calcul.<\/span><\/li>\n<\/ul>\n<\/li>\n<\/ul>","protected":false},"excerpt":{"rendered":"<div class=\"woocommerce-product-details__short-description\">\n<p><span style=\"font-weight: 400;\">Le programme de CP \/ EB1 est organis\u00e9 en six unit\u00e9s, chacune suivie d\u2019une \u00e9valuation. Il permet aux \u00e9l\u00e8ves de faire le point sur leurs acquis et de consolider les notions essentielles avec l\u2019enseignant.<\/span><\/p>\n<p><strong>Remarque : Ce livre est exclusivement r\u00e9serv\u00e9 \u00e0 nos lecteurs marocains.<\/strong><\/p>\n<\/div>","protected":false},"featured_media":11800,"comment_status":"closed","ping_status":"closed","template":"","meta":{"_monsterinsights_skip_tracking":false,"_monsterinsights_sitenote_active":false,"_monsterinsights_sitenote_note":"","_monsterinsights_sitenote_category":0},"product_brand":[],"product_cat":[130,207,16,356,126],"product_tag":[76,357,409],"class_list":{"0":"post-11799","1":"product","2":"type-product","3":"status-publish","4":"has-post-thumbnail","6":"product_cat-french-math-books","7":"product_cat-new-releases","8":"product_cat-school-books","9":"product_cat-des-chiffres-et-des-formes","10":"product_cat-math","11":"product_tag-grade-1","12":"product_tag-des-chiffres-et-des-formes","13":"product_tag-exclusive-for-morocco","14":"pa_grade-grade-1","16":"first","17":"instock","18":"shipping-taxable","19":"purchasable","20":"product-type-simple"},"yoast_head":"<!-- This site is optimized with the Yoast SEO plugin v26.4 - https:\/\/yoast.com\/wordpress\/plugins\/seo\/ -->\r\n<title>Grade 1 - Math Book - Des Chiffres et des Formes - Kedemos Education<\/title>\r\n<meta name=\"description\" content=\"This Grade 1 math book develops logical thinking and independence while strengthening calculation skills through structured practice.\" \/>\r\n<meta name=\"robots\" content=\"index, follow, max-snippet:-1, max-image-preview:large, max-video-preview:-1\" \/>\r\n<link rel=\"canonical\" href=\"https:\/\/kedemoseducation.com\/fr\/product\/cp-eb1-des-chiffres-et-des-forme\/\" \/>\r\n<meta property=\"og:locale\" content=\"fr_FR\" \/>\r\n<meta property=\"og:type\" content=\"article\" \/>\r\n<meta property=\"og:title\" content=\"Grade 1 - Math Book - Des Chiffres et des Formes - Kedemos Education\" \/>\r\n<meta property=\"og:description\" content=\"This Grade 1 math book develops logical thinking and independence while strengthening calculation skills through structured practice.\" \/>\r\n<meta property=\"og:url\" content=\"https:\/\/kedemoseducation.com\/fr\/product\/cp-eb1-des-chiffres-et-des-forme\/\" \/>\r\n<meta property=\"og:site_name\" content=\"Kedemos Education\" \/>\r\n<meta property=\"article:publisher\" content=\"https:\/\/www.facebook.com\/Kedemoseducation\" \/>\r\n<meta property=\"article:modified_time\" content=\"2026-03-03T09:55:49+00:00\" \/>\r\n<meta property=\"og:image\" content=\"https:\/\/kedemoseducation.com\/wp-content\/uploads\/2025\/05\/Maths-CP-1.jpg\" \/>\r\n\t<meta property=\"og:image:width\" content=\"600\" \/>\r\n\t<meta property=\"og:image:height\" content=\"800\" \/>\r\n\t<meta property=\"og:image:type\" content=\"image\/jpeg\" \/>\r\n<meta name=\"twitter:card\" content=\"summary_large_image\" \/>\r\n<meta name=\"twitter:label1\" content=\"Dur\u00e9e de lecture estim\u00e9e\" \/>\n\t<meta name=\"twitter:data1\" content=\"2 minutes\" \/>\r\n<script type=\"application\/ld+json\" class=\"yoast-schema-graph\">{\"@context\":\"https:\/\/schema.org\",\"@graph\":[{\"@type\":\"WebPage\",\"@id\":\"https:\/\/kedemoseducation.com\/product\/cp-eb1-des-chiffres-et-des-forme\/\",\"url\":\"https:\/\/kedemoseducation.com\/product\/cp-eb1-des-chiffres-et-des-forme\/\",\"name\":\"Grade 1 - Math Book - Des Chiffres et des Formes - Kedemos Education\",\"isPartOf\":{\"@id\":\"https:\/\/kedemoseducation.com\/fr\/#website\"},\"primaryImageOfPage\":{\"@id\":\"https:\/\/kedemoseducation.com\/product\/cp-eb1-des-chiffres-et-des-forme\/#primaryimage\"},\"image\":{\"@id\":\"https:\/\/kedemoseducation.com\/product\/cp-eb1-des-chiffres-et-des-forme\/#primaryimage\"},\"thumbnailUrl\":\"https:\/\/i0.wp.com\/kedemoseducation.com\/wp-content\/uploads\/2025\/05\/Maths-CP-1.jpg?fit=600%2C800&ssl=1\",\"datePublished\":\"2025-05-09T10:58:52+00:00\",\"dateModified\":\"2026-03-03T09:55:49+00:00\",\"description\":\"This Grade 1 math book develops logical thinking and independence while strengthening calculation skills through structured practice.\",\"breadcrumb\":{\"@id\":\"https:\/\/kedemoseducation.com\/product\/cp-eb1-des-chiffres-et-des-forme\/#breadcrumb\"},\"inLanguage\":\"fr-FR\",\"potentialAction\":[{\"@type\":\"ReadAction\",\"target\":[\"https:\/\/kedemoseducation.com\/product\/cp-eb1-des-chiffres-et-des-forme\/\"]}]},{\"@type\":\"ImageObject\",\"inLanguage\":\"fr-FR\",\"@id\":\"https:\/\/kedemoseducation.com\/product\/cp-eb1-des-chiffres-et-des-forme\/#primaryimage\",\"url\":\"https:\/\/i0.wp.com\/kedemoseducation.com\/wp-content\/uploads\/2025\/05\/Maths-CP-1.jpg?fit=600%2C800&ssl=1\",\"contentUrl\":\"https:\/\/i0.wp.com\/kedemoseducation.com\/wp-content\/uploads\/2025\/05\/Maths-CP-1.jpg?fit=600%2C800&ssl=1\",\"width\":600,\"height\":800,\"caption\":\"Grade 1 \u2013 Des Chiffres et des Formes\"},{\"@type\":\"BreadcrumbList\",\"@id\":\"https:\/\/kedemoseducation.com\/product\/cp-eb1-des-chiffres-et-des-forme\/#breadcrumb\",\"itemListElement\":[{\"@type\":\"ListItem\",\"position\":1,\"name\":\"Home\",\"item\":\"https:\/\/kedemoseducation.com\/\"},{\"@type\":\"ListItem\",\"position\":2,\"name\":\"All Products\",\"item\":\"https:\/\/kedemoseducation.com\/fr\/shop-2\/tous-les-produits\/\"},{\"@type\":\"ListItem\",\"position\":3,\"name\":\"School Books\",\"item\":\"https:\/\/kedemoseducation.com\/fr\/categorie-de-produit\/manuels-scolaires\/\"},{\"@type\":\"ListItem\",\"position\":4,\"name\":\"Grade 1 &#8211; Math Book &#8211; Des Chiffres et des Formes\"}]},{\"@type\":\"WebSite\",\"@id\":\"https:\/\/kedemoseducation.com\/fr\/#website\",\"url\":\"https:\/\/kedemoseducation.com\/fr\/\",\"name\":\"Kedemos Education\",\"description\":\"The Pleasure of Learning\",\"publisher\":{\"@id\":\"https:\/\/kedemoseducation.com\/fr\/#organization\"},\"potentialAction\":[{\"@type\":\"SearchAction\",\"target\":{\"@type\":\"EntryPoint\",\"urlTemplate\":\"https:\/\/kedemoseducation.com\/fr\/?s={search_term_string}\"},\"query-input\":{\"@type\":\"PropertyValueSpecification\",\"valueRequired\":true,\"valueName\":\"search_term_string\"}}],\"inLanguage\":\"fr-FR\"},{\"@type\":\"Organization\",\"@id\":\"https:\/\/kedemoseducation.com\/fr\/#organization\",\"name\":\"Kedemos Education\",\"url\":\"https:\/\/kedemoseducation.com\/fr\/\",\"logo\":{\"@type\":\"ImageObject\",\"inLanguage\":\"fr-FR\",\"@id\":\"https:\/\/kedemoseducation.com\/fr\/#\/schema\/logo\/image\/\",\"url\":\"https:\/\/kedemoseducation.com\/wp-content\/uploads\/2023\/06\/logo-kedemos-education.png\",\"contentUrl\":\"https:\/\/kedemoseducation.com\/wp-content\/uploads\/2023\/06\/logo-kedemos-education.png\",\"width\":2362,\"height\":903,\"caption\":\"Kedemos Education\"},\"image\":{\"@id\":\"https:\/\/kedemoseducation.com\/fr\/#\/schema\/logo\/image\/\"},\"sameAs\":[\"https:\/\/www.facebook.com\/Kedemoseducation\",\"https:\/\/www.instagram.com\/kedemoseducation\/\",\"https:\/\/www.linkedin.com\/company\/kedemos-education\/\"]}]}<\/script>\r\n<!-- \/ Yoast SEO plugin. -->","yoast_head_json":{"title":"CP \/ EB1 - Manuel de Maths - Des chiffres et des formes - K\u00e9d\u00e9mos Education","description":"Le manuel de maths CP \/ EB1 \u00ab Des chiffres et des formes \u00bb d\u00e9veloppe l\u2019autonomie et renforce l\u2019efficacit\u00e9 de l\u2019apprentissage en calcul.","robots":{"index":"index","follow":"follow","max-snippet":"max-snippet:-1","max-image-preview":"max-image-preview:large","max-video-preview":"max-video-preview:-1"},"canonical":"https:\/\/kedemoseducation.com\/fr\/product\/cp-eb1-des-chiffres-et-des-forme\/","og_locale":"fr_FR","og_type":"article","og_title":"Grade 1 - Math Book - Des Chiffres et des Formes - Kedemos Education","og_description":"This Grade 1 math book develops logical thinking and independence while strengthening calculation skills through structured practice.","og_url":"https:\/\/kedemoseducation.com\/fr\/product\/cp-eb1-des-chiffres-et-des-forme\/","og_site_name":"Kedemos Education","article_publisher":"https:\/\/www.facebook.com\/Kedemoseducation","article_modified_time":"2026-03-03T09:55:49+00:00","og_image":[{"width":600,"height":800,"url":"https:\/\/kedemoseducation.com\/wp-content\/uploads\/2025\/05\/Maths-CP-1.jpg","type":"image\/jpeg"}],"twitter_card":"summary_large_image","twitter_misc":{"Dur\u00e9e de lecture estim\u00e9e":"2 minutes"},"schema":{"@context":"https:\/\/schema.org","@graph":[{"@type":"WebPage","@id":"https:\/\/kedemoseducation.com\/product\/cp-eb1-des-chiffres-et-des-forme\/","url":"https:\/\/kedemoseducation.com\/product\/cp-eb1-des-chiffres-et-des-forme\/","name":"CP \/ EB1 - Manuel de Maths - Des chiffres et des formes - K\u00e9d\u00e9mos Education","isPartOf":{"@id":"https:\/\/kedemoseducation.com\/fr\/#website"},"primaryImageOfPage":{"@id":"https:\/\/kedemoseducation.com\/product\/cp-eb1-des-chiffres-et-des-forme\/#primaryimage"},"image":{"@id":"https:\/\/kedemoseducation.com\/product\/cp-eb1-des-chiffres-et-des-forme\/#primaryimage"},"thumbnailUrl":"https:\/\/i0.wp.com\/kedemoseducation.com\/wp-content\/uploads\/2025\/05\/Maths-CP-1.jpg?fit=600%2C800&ssl=1","datePublished":"2025-05-09T10:58:52+00:00","dateModified":"2026-03-03T09:55:49+00:00","description":"Le manuel de maths CP \/ EB1 \u00ab Des chiffres et des formes \u00bb d\u00e9veloppe l\u2019autonomie et renforce l\u2019efficacit\u00e9 de l\u2019apprentissage en calcul.","breadcrumb":{"@id":"https:\/\/kedemoseducation.com\/product\/cp-eb1-des-chiffres-et-des-forme\/#breadcrumb"},"inLanguage":"fr-FR","potentialAction":[{"@type":"ReadAction","target":["https:\/\/kedemoseducation.com\/product\/cp-eb1-des-chiffres-et-des-forme\/"]}]},{"@type":"ImageObject","inLanguage":"fr-FR","@id":"https:\/\/kedemoseducation.com\/product\/cp-eb1-des-chiffres-et-des-forme\/#primaryimage","url":"https:\/\/i0.wp.com\/kedemoseducation.com\/wp-content\/uploads\/2025\/05\/Maths-CP-1.jpg?fit=600%2C800&ssl=1","contentUrl":"https:\/\/i0.wp.com\/kedemoseducation.com\/wp-content\/uploads\/2025\/05\/Maths-CP-1.jpg?fit=600%2C800&ssl=1","width":600,"height":800,"caption":"Grade 1 \u2013 Des Chiffres et des Formes"},{"@type":"BreadcrumbList","@id":"https:\/\/kedemoseducation.com\/product\/cp-eb1-des-chiffres-et-des-forme\/#breadcrumb","itemListElement":[{"@type":"ListItem","position":1,"name":"Home","item":"https:\/\/kedemoseducation.com\/"},{"@type":"ListItem","position":2,"name":"All Products","item":"https:\/\/kedemoseducation.com\/fr\/shop-2\/tous-les-produits\/"},{"@type":"ListItem","position":3,"name":"School Books","item":"https:\/\/kedemoseducation.com\/fr\/categorie-de-produit\/manuels-scolaires\/"},{"@type":"ListItem","position":4,"name":"Grade 1 &#8211; Math Book &#8211; Des Chiffres et des Formes"}]},{"@type":"WebSite","@id":"https:\/\/kedemoseducation.com\/fr\/#website","url":"https:\/\/kedemoseducation.com\/fr\/","name":"K\u00e9d\u00e9mos Education","description":"Le plaisir d'apprendre","publisher":{"@id":"https:\/\/kedemoseducation.com\/fr\/#organization"},"potentialAction":[{"@type":"SearchAction","target":{"@type":"EntryPoint","urlTemplate":"https:\/\/kedemoseducation.com\/fr\/?s={search_term_string}"},"query-input":{"@type":"PropertyValueSpecification","valueRequired":true,"valueName":"search_term_string"}}],"inLanguage":"fr-FR"},{"@type":"Organization","@id":"https:\/\/kedemoseducation.com\/fr\/#organization","name":"K\u00e9d\u00e9mos Education","url":"https:\/\/kedemoseducation.com\/fr\/","logo":{"@type":"ImageObject","inLanguage":"fr-FR","@id":"https:\/\/kedemoseducation.com\/fr\/#\/schema\/logo\/image\/","url":"https:\/\/kedemoseducation.com\/wp-content\/uploads\/2023\/06\/logo-kedemos-education.png","contentUrl":"https:\/\/kedemoseducation.com\/wp-content\/uploads\/2023\/06\/logo-kedemos-education.png","width":2362,"height":903,"caption":"Kedemos Education"},"image":{"@id":"https:\/\/kedemoseducation.com\/fr\/#\/schema\/logo\/image\/"},"sameAs":["https:\/\/www.facebook.com\/Kedemoseducation","https:\/\/www.instagram.com\/kedemoseducation\/","https:\/\/www.linkedin.com\/company\/kedemos-education\/"]}]}},"jetpack_sharing_enabled":true,"_links":{"self":[{"href":"https:\/\/kedemoseducation.com\/fr\/wp-json\/wp\/v2\/product\/11799","targetHints":{"allow":["GET"]}}],"collection":[{"href":"https:\/\/kedemoseducation.com\/fr\/wp-json\/wp\/v2\/product"}],"about":[{"href":"https:\/\/kedemoseducation.com\/fr\/wp-json\/wp\/v2\/types\/product"}],"replies":[{"embeddable":true,"href":"https:\/\/kedemoseducation.com\/fr\/wp-json\/wp\/v2\/comments?post=11799"}],"wp:featuredmedia":[{"embeddable":true,"href":"https:\/\/kedemoseducation.com\/fr\/wp-json\/wp\/v2\/media\/11800"}],"wp:attachment":[{"href":"https:\/\/kedemoseducation.com\/fr\/wp-json\/wp\/v2\/media?parent=11799"}],"wp:term":[{"taxonomy":"product_brand","embeddable":true,"href":"https:\/\/kedemoseducation.com\/fr\/wp-json\/wp\/v2\/product_brand?post=11799"},{"taxonomy":"product_cat","embeddable":true,"href":"https:\/\/kedemoseducation.com\/fr\/wp-json\/wp\/v2\/product_cat?post=11799"},{"taxonomy":"product_tag","embeddable":true,"href":"https:\/\/kedemoseducation.com\/fr\/wp-json\/wp\/v2\/product_tag?post=11799"}],"curies":[{"name":"wp","href":"https:\/\/api.w.org\/{rel}","templated":true}]}}