{"id":11797,"date":"2025-05-09T12:16:00","date_gmt":"2025-05-09T09:16:00","guid":{"rendered":"https:\/\/kedemoseducation.com\/?post_type=product&#038;p=11797"},"modified":"2026-03-03T11:55:41","modified_gmt":"2026-03-03T09:55:41","slug":"grade-3-math-morocco","status":"publish","type":"product","link":"https:\/\/kedemoseducation.com\/fr\/product\/ce2-eb3-maths-maroc\/","title":{"rendered":"CE2 \/ EB3 - Manuel de Maths"},"content":{"rendered":"<h1><b>CE2 \/ EB3 Manuel de Maths - Arc-en-ciel (Exclusivement pour le Maroc)<\/b><\/h1>\n<h2><b>Pr\u00e9sentation de la m\u00e9thode du CE2 \/ EB3<\/b><\/h2>\n<p><span style=\"font-weight: 400;\">Ce manuel de maths de la collection Arc-en-ciel pour le CE2 \/ EB3 prolonge les apprentissages des classes pr\u00e9c\u00e9dentes. On y retrouve toutes les notions d\u00e9j\u00e0 apprises, que ce soit au niveau de la num\u00e9ration ou du calcul et des formes g\u00e9om\u00e9triques. Cette reprise permet aux enfants de revoir ce qu'ils ont sans doute oubli\u00e9 pendant les vacances d'\u00e9t\u00e9. Elle leur assure aussi une solide base pour apprendre \u00e0 calculer, r\u00e9fl\u00e9chir et analyser. Leur esprit de synth\u00e8se, leur sens de l'observation et leur esprit logique y sont ainsi d\u00e9velopp\u00e9s.<\/span><\/p>\n<h3><b>Manuel de maths<\/b><\/h3>\n<p><span style=\"font-weight: 400;\">Chaque chapitre de ce manuel de maths de la collection Arc-en-ciel pour la classe de CE2 \/ EB3 s'ouvre sur un cadre de couleur. Chaque couleur d\u00e9finit un type d'activit\u00e9 et pr\u00e9sente l'objectif d'apprentissage. Cette pr\u00e9sentation se veut tr\u00e8s br\u00e8ve. Le but est de donner \u00e0 l'enfant l'occasion d'observer un \u00ab fait math\u00e9matique \u00bb.<\/span><\/p>\n<p><span style=\"font-weight: 400;\">Viennent ensuite des exercices qui, comme il se doit, vont du plus facile au plus difficile. Ces exercices sont tr\u00e8s souvent illustr\u00e9s par des dessins. Leur fonction est de faciliter la compr\u00e9hension en permettant \u00e0 l'enfant de recourir \u00e0 une observation directe de ce qui lui est demand\u00e9.<\/span><\/p>\n<p><span style=\"font-weight: 400;\">Parmi ces exercices, beaucoup constituent des \u00ab probl\u00e8mes \u00bb au cours desquels l'enfant apprendra \u00e0 adopter une d\u00e9marche logique, toujours la m\u00eame :<\/span><\/p>\n<ul>\n<li style=\"font-weight: 400;\" aria-level=\"1\"><span style=\"font-weight: 400;\">D'abord, analyser les donn\u00e9es de la consigne.\u00a0<\/span><\/li>\n<li style=\"font-weight: 400;\" aria-level=\"1\"><span style=\"font-weight: 400;\">Ensuite, prendre conscience de ce qui lui est demand\u00e9.\u00a0<\/span><\/li>\n<li style=\"font-weight: 400;\" aria-level=\"1\"><span style=\"font-weight: 400;\">Troisi\u00e8me \u00e9tape, \u00e9crire une \u00e9quation et effectuer un calcul.\u00a0<\/span><\/li>\n<li style=\"font-weight: 400;\" aria-level=\"1\"><span style=\"font-weight: 400;\">\u00c9tape ultime, donner une r\u00e9ponse \u00e0 la question pos\u00e9e dans la consigne.<\/span><\/li>\n<\/ul>\n<p><span style=\"font-weight: 400;\">Enfin, des pages d'\u00e9valuation permettent de faire r\u00e9guli\u00e8rement le point sur le niveau des acquisitions. Elles permettent aussi de reprendre les notions qui ont besoin d'\u00eatre mieux assimil\u00e9es.<\/span><\/p>","protected":false},"excerpt":{"rendered":"<div class=\"woocommerce-product-details__short-description\">\n<div class=\"woocommerce-product-details__short-description\">\n<p><strong>Remarque : Ce livre est exclusivement r\u00e9serv\u00e9 \u00e0 nos lecteurs marocains.<\/strong><\/p>\n<\/div>\n<\/div>\n<p><span style=\"font-weight: 400;\">Ce livre de maths pour la classe de CE2 \/ EB3 propose une progression rigoureuse de notions math\u00e9matiques avec des exercices vari\u00e9s, une pr\u00e9sentation motivante et une approche linguistique particuli\u00e8rement bien adapt\u00e9e.<\/span><\/p>","protected":false},"featured_media":11798,"comment_status":"closed","ping_status":"closed","template":"","meta":{"_monsterinsights_skip_tracking":false,"_monsterinsights_sitenote_active":false,"_monsterinsights_sitenote_note":"","_monsterinsights_sitenote_category":0},"product_brand":[],"product_cat":[130,17,328,355,16,18,25,126],"product_tag":[57,71,335,340,409],"class_list":{"0":"post-11797","1":"product","2":"type-product","3":"status-publish","4":"has-post-thumbnail","6":"product_cat-french-math-books","7":"product_cat-french","8":"product_cat-primary-school","9":"product_cat-arc-en-ciel-french-math-books","10":"product_cat-school-books","11":"product_cat-arc-en-ciel","12":"product_cat-grade-3-arc-en-ciel","13":"product_cat-math","14":"product_tag-arc-en-ciel","15":"product_tag-grade-3","16":"product_tag-primary-school","17":"product_tag-math-book","18":"product_tag-exclusive-for-morocco","19":"pa_grade-grade-3","21":"first","22":"instock","23":"shipping-taxable","24":"purchasable","25":"product-type-simple"},"yoast_head":"<!-- This site is optimized with the Yoast SEO plugin v26.4 - https:\/\/yoast.com\/wordpress\/plugins\/seo\/ -->\r\n<title>Grade 3 Math Book - Kedemos Education<\/title>\r\n<meta name=\"description\" content=\"This Grade 3 math book provides a rigorous progression through a variety of exercises, a motivating presentation, and a well-suited approach.\" \/>\r\n<meta name=\"robots\" content=\"index, follow, max-snippet:-1, max-image-preview:large, max-video-preview:-1\" \/>\r\n<link rel=\"canonical\" href=\"https:\/\/kedemoseducation.com\/fr\/product\/ce2-eb3-maths-maroc\/\" \/>\r\n<meta property=\"og:locale\" content=\"fr_FR\" \/>\r\n<meta property=\"og:type\" content=\"article\" \/>\r\n<meta property=\"og:title\" content=\"Grade 3 Math Book - Kedemos Education\" \/>\r\n<meta property=\"og:description\" content=\"This Grade 3 math book provides a rigorous progression through a variety of exercises, a motivating presentation, and a well-suited approach.\" \/>\r\n<meta property=\"og:url\" content=\"https:\/\/kedemoseducation.com\/fr\/product\/ce2-eb3-maths-maroc\/\" \/>\r\n<meta property=\"og:site_name\" content=\"Kedemos Education\" \/>\r\n<meta property=\"article:publisher\" content=\"https:\/\/www.facebook.com\/Kedemoseducation\" \/>\r\n<meta property=\"article:modified_time\" content=\"2026-03-03T09:55:41+00:00\" \/>\r\n<meta property=\"og:image\" content=\"https:\/\/kedemoseducation.com\/wp-content\/uploads\/2025\/05\/Maths-CE2-1.jpg\" \/>\r\n\t<meta property=\"og:image:width\" content=\"600\" \/>\r\n\t<meta property=\"og:image:height\" content=\"800\" \/>\r\n\t<meta property=\"og:image:type\" content=\"image\/jpeg\" \/>\r\n<meta name=\"twitter:card\" content=\"summary_large_image\" \/>\r\n<meta name=\"twitter:label1\" content=\"Dur\u00e9e de lecture estim\u00e9e\" \/>\n\t<meta name=\"twitter:data1\" content=\"2 minutes\" \/>\r\n<script type=\"application\/ld+json\" class=\"yoast-schema-graph\">{\"@context\":\"https:\/\/schema.org\",\"@graph\":[{\"@type\":\"WebPage\",\"@id\":\"https:\/\/kedemoseducation.com\/product\/ce2-eb3-maths-maroc\/\",\"url\":\"https:\/\/kedemoseducation.com\/product\/ce2-eb3-maths-maroc\/\",\"name\":\"Grade 3 Math Book - Kedemos Education\",\"isPartOf\":{\"@id\":\"https:\/\/kedemoseducation.com\/fr\/#website\"},\"primaryImageOfPage\":{\"@id\":\"https:\/\/kedemoseducation.com\/product\/ce2-eb3-maths-maroc\/#primaryimage\"},\"image\":{\"@id\":\"https:\/\/kedemoseducation.com\/product\/ce2-eb3-maths-maroc\/#primaryimage\"},\"thumbnailUrl\":\"https:\/\/i0.wp.com\/kedemoseducation.com\/wp-content\/uploads\/2025\/05\/Maths-CE2-1.jpg?fit=600%2C800&ssl=1\",\"datePublished\":\"2025-05-09T09:16:00+00:00\",\"dateModified\":\"2026-03-03T09:55:41+00:00\",\"description\":\"This Grade 3 math book provides a rigorous progression through a variety of exercises, a motivating presentation, and a well-suited approach.\",\"breadcrumb\":{\"@id\":\"https:\/\/kedemoseducation.com\/product\/ce2-eb3-maths-maroc\/#breadcrumb\"},\"inLanguage\":\"fr-FR\",\"potentialAction\":[{\"@type\":\"ReadAction\",\"target\":[\"https:\/\/kedemoseducation.com\/product\/ce2-eb3-maths-maroc\/\"]}]},{\"@type\":\"ImageObject\",\"inLanguage\":\"fr-FR\",\"@id\":\"https:\/\/kedemoseducation.com\/product\/ce2-eb3-maths-maroc\/#primaryimage\",\"url\":\"https:\/\/i0.wp.com\/kedemoseducation.com\/wp-content\/uploads\/2025\/05\/Maths-CE2-1.jpg?fit=600%2C800&ssl=1\",\"contentUrl\":\"https:\/\/i0.wp.com\/kedemoseducation.com\/wp-content\/uploads\/2025\/05\/Maths-CE2-1.jpg?fit=600%2C800&ssl=1\",\"width\":600,\"height\":800,\"caption\":\"Grade 3 Math Book\"},{\"@type\":\"BreadcrumbList\",\"@id\":\"https:\/\/kedemoseducation.com\/product\/ce2-eb3-maths-maroc\/#breadcrumb\",\"itemListElement\":[{\"@type\":\"ListItem\",\"position\":1,\"name\":\"Home\",\"item\":\"https:\/\/kedemoseducation.com\/\"},{\"@type\":\"ListItem\",\"position\":2,\"name\":\"All Products\",\"item\":\"https:\/\/kedemoseducation.com\/fr\/shop-2\/tous-les-produits\/\"},{\"@type\":\"ListItem\",\"position\":3,\"name\":\"School Books\",\"item\":\"https:\/\/kedemoseducation.com\/fr\/categorie-de-produit\/manuels-scolaires\/\"},{\"@type\":\"ListItem\",\"position\":4,\"name\":\"French\",\"item\":\"https:\/\/kedemoseducation.com\/en\/product-category\/school-books\/french\/\"},{\"@type\":\"ListItem\",\"position\":5,\"name\":\"Primary school\",\"item\":\"https:\/\/kedemoseducation.com\/en\/product-category\/school-books\/french\/primary-school\/\"},{\"@type\":\"ListItem\",\"position\":6,\"name\":\"Grade 3 &#8211; Math Book\"}]},{\"@type\":\"WebSite\",\"@id\":\"https:\/\/kedemoseducation.com\/fr\/#website\",\"url\":\"https:\/\/kedemoseducation.com\/fr\/\",\"name\":\"Kedemos Education\",\"description\":\"The Pleasure of Learning\",\"publisher\":{\"@id\":\"https:\/\/kedemoseducation.com\/fr\/#organization\"},\"potentialAction\":[{\"@type\":\"SearchAction\",\"target\":{\"@type\":\"EntryPoint\",\"urlTemplate\":\"https:\/\/kedemoseducation.com\/fr\/?s={search_term_string}\"},\"query-input\":{\"@type\":\"PropertyValueSpecification\",\"valueRequired\":true,\"valueName\":\"search_term_string\"}}],\"inLanguage\":\"fr-FR\"},{\"@type\":\"Organization\",\"@id\":\"https:\/\/kedemoseducation.com\/fr\/#organization\",\"name\":\"Kedemos Education\",\"url\":\"https:\/\/kedemoseducation.com\/fr\/\",\"logo\":{\"@type\":\"ImageObject\",\"inLanguage\":\"fr-FR\",\"@id\":\"https:\/\/kedemoseducation.com\/fr\/#\/schema\/logo\/image\/\",\"url\":\"https:\/\/kedemoseducation.com\/wp-content\/uploads\/2023\/06\/logo-kedemos-education.png\",\"contentUrl\":\"https:\/\/kedemoseducation.com\/wp-content\/uploads\/2023\/06\/logo-kedemos-education.png\",\"width\":2362,\"height\":903,\"caption\":\"Kedemos Education\"},\"image\":{\"@id\":\"https:\/\/kedemoseducation.com\/fr\/#\/schema\/logo\/image\/\"},\"sameAs\":[\"https:\/\/www.facebook.com\/Kedemoseducation\",\"https:\/\/www.instagram.com\/kedemoseducation\/\",\"https:\/\/www.linkedin.com\/company\/kedemos-education\/\"]}]}<\/script>\r\n<!-- \/ Yoast SEO plugin. -->","yoast_head_json":{"title":"CE2 \/ EB3 Livre de maths - K\u00e9d\u00e9mos Education","description":"Ce livre de maths pour le CE2 \/ EB3 propose une progression rigoureuse \u00e0 travers une vari\u00e9t\u00e9 d\u2019exercices et une pr\u00e9sentation motivante.","robots":{"index":"index","follow":"follow","max-snippet":"max-snippet:-1","max-image-preview":"max-image-preview:large","max-video-preview":"max-video-preview:-1"},"canonical":"https:\/\/kedemoseducation.com\/fr\/product\/ce2-eb3-maths-maroc\/","og_locale":"fr_FR","og_type":"article","og_title":"Grade 3 Math Book - Kedemos Education","og_description":"This Grade 3 math book provides a rigorous progression through a variety of exercises, a motivating presentation, and a well-suited approach.","og_url":"https:\/\/kedemoseducation.com\/fr\/product\/ce2-eb3-maths-maroc\/","og_site_name":"Kedemos Education","article_publisher":"https:\/\/www.facebook.com\/Kedemoseducation","article_modified_time":"2026-03-03T09:55:41+00:00","og_image":[{"width":600,"height":800,"url":"https:\/\/kedemoseducation.com\/wp-content\/uploads\/2025\/05\/Maths-CE2-1.jpg","type":"image\/jpeg"}],"twitter_card":"summary_large_image","twitter_misc":{"Dur\u00e9e de lecture estim\u00e9e":"2 minutes"},"schema":{"@context":"https:\/\/schema.org","@graph":[{"@type":"WebPage","@id":"https:\/\/kedemoseducation.com\/product\/ce2-eb3-maths-maroc\/","url":"https:\/\/kedemoseducation.com\/product\/ce2-eb3-maths-maroc\/","name":"CE2 \/ EB3 Livre de maths - K\u00e9d\u00e9mos Education","isPartOf":{"@id":"https:\/\/kedemoseducation.com\/fr\/#website"},"primaryImageOfPage":{"@id":"https:\/\/kedemoseducation.com\/product\/ce2-eb3-maths-maroc\/#primaryimage"},"image":{"@id":"https:\/\/kedemoseducation.com\/product\/ce2-eb3-maths-maroc\/#primaryimage"},"thumbnailUrl":"https:\/\/i0.wp.com\/kedemoseducation.com\/wp-content\/uploads\/2025\/05\/Maths-CE2-1.jpg?fit=600%2C800&ssl=1","datePublished":"2025-05-09T09:16:00+00:00","dateModified":"2026-03-03T09:55:41+00:00","description":"Ce livre de maths pour le CE2 \/ EB3 propose une progression rigoureuse \u00e0 travers une vari\u00e9t\u00e9 d\u2019exercices et une pr\u00e9sentation motivante.","breadcrumb":{"@id":"https:\/\/kedemoseducation.com\/product\/ce2-eb3-maths-maroc\/#breadcrumb"},"inLanguage":"fr-FR","potentialAction":[{"@type":"ReadAction","target":["https:\/\/kedemoseducation.com\/product\/ce2-eb3-maths-maroc\/"]}]},{"@type":"ImageObject","inLanguage":"fr-FR","@id":"https:\/\/kedemoseducation.com\/product\/ce2-eb3-maths-maroc\/#primaryimage","url":"https:\/\/i0.wp.com\/kedemoseducation.com\/wp-content\/uploads\/2025\/05\/Maths-CE2-1.jpg?fit=600%2C800&ssl=1","contentUrl":"https:\/\/i0.wp.com\/kedemoseducation.com\/wp-content\/uploads\/2025\/05\/Maths-CE2-1.jpg?fit=600%2C800&ssl=1","width":600,"height":800,"caption":"Grade 3 Math Book"},{"@type":"BreadcrumbList","@id":"https:\/\/kedemoseducation.com\/product\/ce2-eb3-maths-maroc\/#breadcrumb","itemListElement":[{"@type":"ListItem","position":1,"name":"Home","item":"https:\/\/kedemoseducation.com\/"},{"@type":"ListItem","position":2,"name":"All Products","item":"https:\/\/kedemoseducation.com\/fr\/shop-2\/tous-les-produits\/"},{"@type":"ListItem","position":3,"name":"School Books","item":"https:\/\/kedemoseducation.com\/fr\/categorie-de-produit\/manuels-scolaires\/"},{"@type":"ListItem","position":4,"name":"French","item":"https:\/\/kedemoseducation.com\/en\/product-category\/school-books\/french\/"},{"@type":"ListItem","position":5,"name":"Primary school","item":"https:\/\/kedemoseducation.com\/en\/product-category\/school-books\/french\/primary-school\/"},{"@type":"ListItem","position":6,"name":"Grade 3 &#8211; Math Book"}]},{"@type":"WebSite","@id":"https:\/\/kedemoseducation.com\/fr\/#website","url":"https:\/\/kedemoseducation.com\/fr\/","name":"K\u00e9d\u00e9mos Education","description":"Le plaisir d'apprendre","publisher":{"@id":"https:\/\/kedemoseducation.com\/fr\/#organization"},"potentialAction":[{"@type":"SearchAction","target":{"@type":"EntryPoint","urlTemplate":"https:\/\/kedemoseducation.com\/fr\/?s={search_term_string}"},"query-input":{"@type":"PropertyValueSpecification","valueRequired":true,"valueName":"search_term_string"}}],"inLanguage":"fr-FR"},{"@type":"Organization","@id":"https:\/\/kedemoseducation.com\/fr\/#organization","name":"K\u00e9d\u00e9mos Education","url":"https:\/\/kedemoseducation.com\/fr\/","logo":{"@type":"ImageObject","inLanguage":"fr-FR","@id":"https:\/\/kedemoseducation.com\/fr\/#\/schema\/logo\/image\/","url":"https:\/\/kedemoseducation.com\/wp-content\/uploads\/2023\/06\/logo-kedemos-education.png","contentUrl":"https:\/\/kedemoseducation.com\/wp-content\/uploads\/2023\/06\/logo-kedemos-education.png","width":2362,"height":903,"caption":"Kedemos Education"},"image":{"@id":"https:\/\/kedemoseducation.com\/fr\/#\/schema\/logo\/image\/"},"sameAs":["https:\/\/www.facebook.com\/Kedemoseducation","https:\/\/www.instagram.com\/kedemoseducation\/","https:\/\/www.linkedin.com\/company\/kedemos-education\/"]}]}},"jetpack_sharing_enabled":true,"_links":{"self":[{"href":"https:\/\/kedemoseducation.com\/fr\/wp-json\/wp\/v2\/product\/11797","targetHints":{"allow":["GET"]}}],"collection":[{"href":"https:\/\/kedemoseducation.com\/fr\/wp-json\/wp\/v2\/product"}],"about":[{"href":"https:\/\/kedemoseducation.com\/fr\/wp-json\/wp\/v2\/types\/product"}],"replies":[{"embeddable":true,"href":"https:\/\/kedemoseducation.com\/fr\/wp-json\/wp\/v2\/comments?post=11797"}],"wp:featuredmedia":[{"embeddable":true,"href":"https:\/\/kedemoseducation.com\/fr\/wp-json\/wp\/v2\/media\/11798"}],"wp:attachment":[{"href":"https:\/\/kedemoseducation.com\/fr\/wp-json\/wp\/v2\/media?parent=11797"}],"wp:term":[{"taxonomy":"product_brand","embeddable":true,"href":"https:\/\/kedemoseducation.com\/fr\/wp-json\/wp\/v2\/product_brand?post=11797"},{"taxonomy":"product_cat","embeddable":true,"href":"https:\/\/kedemoseducation.com\/fr\/wp-json\/wp\/v2\/product_cat?post=11797"},{"taxonomy":"product_tag","embeddable":true,"href":"https:\/\/kedemoseducation.com\/fr\/wp-json\/wp\/v2\/product_tag?post=11797"}],"curies":[{"name":"wp","href":"https:\/\/api.w.org\/{rel}","templated":true}]}}