{"id":11791,"date":"2025-05-09T12:10:44","date_gmt":"2025-05-09T09:10:44","guid":{"rendered":"https:\/\/kedemoseducation.com\/?post_type=product&#038;p=11791"},"modified":"2026-03-03T11:55:46","modified_gmt":"2026-03-03T09:55:46","slug":"grade-5-objectif-maths","status":"publish","type":"product","link":"https:\/\/kedemoseducation.com\/fr\/product\/cm2-eb5-objectif-maths\/","title":{"rendered":"CM2 \/ EB5 - Manuel de Maths - Objectif : Maths !"},"content":{"rendered":"<h1><strong>CM2 \/ EB5 Manuel de Maths - Objectif : Maths !<\/strong><\/h1>\n<h2><strong>Pr\u00e9sentation de la m\u00e9thode du CM2 \/ EB5<\/strong><\/h2>\n<p><span style=\"font-weight: 400;\">Ce livre de maths pour le CM2 \/ EB5 fait partie de la collection Objectif : Maths !\u00a0<\/span><\/p>\n<p><span style=\"font-weight: 400;\">Ce manuel prolonge les apprentissages des classes pr\u00e9c\u00e9dentes, tant par sa pr\u00e9sentation et sa mise en page que par son contenu. On y retrouve l\u2019ensemble des notions \u00e9tudi\u00e9es l\u2019ann\u00e9e pr\u00e9c\u00e9dente, qu\u2019il s\u2019agisse de la num\u00e9ration, du calcul ou des formes g\u00e9om\u00e9triques.<\/span><\/p>\n<p><span style=\"font-weight: 400;\">Cette reprise essentielle des notions de base offre aux \u00e9l\u00e8ves une assise solide pour apprendre \u00e0 calculer, r\u00e9fl\u00e9chir et d\u00e9velopper leurs capacit\u00e9s d\u2019analyse et de synth\u00e8se, ainsi que leur sens de l\u2019observation et leur esprit logique.<\/span><\/p>\n<p><span style=\"font-weight: 400;\">Des pages d\u2019\u00e9valuation permettent \u00e9galement aux \u00e9l\u00e8ves de faire le point sur leurs acquis et de consolider, avec l\u2019aide de l\u2019enseignant si n\u00e9cessaire, les notions qui demandent un approfondissement.<\/span><\/p>\n<h3><strong>Manuel de maths<\/strong><\/h3>\n<p><span style=\"font-weight: 400;\">Les diff\u00e9rents chapitres de ce manuel s\u2019articulent en deux \u00e9tapes :<\/span><\/p>\n<ul>\n<li style=\"font-weight: 400;\" aria-level=\"1\"><span style=\"font-weight: 400;\">Chaque couleur correspond \u00e0 un type d\u2019activit\u00e9 math\u00e9matique.<\/span><\/li>\n<li style=\"font-weight: 400;\" aria-level=\"1\"><span style=\"font-weight: 400;\">Les \u00e9l\u00e8ves r\u00e9alisent ensuite des exercices, souvent illustr\u00e9s de dessins qui en facilitent la compr\u00e9hension. Parmi ces exercices, plusieurs prennent la forme de \u00ab probl\u00e8mes \u00bb au cours desquels les enfants apprennent \u00e0 adopter une d\u00e9marche logique structur\u00e9e :<\/span><\/li>\n<\/ul>\n<ul>\n<li style=\"list-style-type: none;\">\n<ul>\n<li style=\"font-weight: 400;\" aria-level=\"1\"><span style=\"font-weight: 400;\">Analyser les donn\u00e9es de la consigne.<\/span><\/li>\n<li style=\"font-weight: 400;\" aria-level=\"1\"><span style=\"font-weight: 400;\">Identifier ce qui est demand\u00e9 en comprenant la question finale.<\/span><\/li>\n<li style=\"font-weight: 400;\" aria-level=\"1\"><span style=\"font-weight: 400;\">\u00c9crire une \u00e9quation et effectuer le calcul.<\/span><\/li>\n<li style=\"font-weight: 400;\" aria-level=\"1\"><span style=\"font-weight: 400;\">Formuler une r\u00e9ponse claire et pr\u00e9cise.<\/span><\/li>\n<\/ul>\n<\/li>\n<\/ul>","protected":false},"excerpt":{"rendered":"<div class=\"woocommerce-product-details__short-description\">\n<p><span style=\"font-weight: 400;\">Chaque chapitre s\u2019organise en deux \u00e9tapes : pr\u00e9sentation de l\u2019objectif dans un cadre color\u00e9, puis exercices progressifs incluant des probl\u00e8mes favorisant une d\u00e9marche logique.<\/span><\/p>\n<p><strong>Remarque : Ce livre est exclusivement r\u00e9serv\u00e9 \u00e0 nos lecteurs marocains.<\/strong><\/p>\n<\/div>","protected":false},"featured_media":11795,"comment_status":"closed","ping_status":"closed","template":"","meta":{"_monsterinsights_skip_tracking":false,"_monsterinsights_sitenote_active":false,"_monsterinsights_sitenote_note":"","_monsterinsights_sitenote_category":0},"product_brand":[],"product_cat":[130,354,16,126],"product_tag":[65,353,409],"class_list":{"0":"post-11791","1":"product","2":"type-product","3":"status-publish","4":"has-post-thumbnail","6":"product_cat-french-math-books","7":"product_cat-objectif-maths","8":"product_cat-school-books","9":"product_cat-math","10":"product_tag-grade-5","11":"product_tag-objectif-maths","12":"product_tag-exclusive-for-morocco","13":"pa_grade-grade-5","15":"first","16":"instock","17":"shipping-taxable","18":"purchasable","19":"product-type-simple"},"yoast_head":"<!-- This site is optimized with the Yoast SEO plugin v26.4 - https:\/\/yoast.com\/wordpress\/plugins\/seo\/ -->\r\n<title>Grade 5 \u2013 Math Book - Objectif Maths - Kedemos Education<\/title>\r\n<meta name=\"description\" content=\"This Grade 5 math book strengthens analytical thinking and logical reasoning through structured lessons and progressive problem-solving exercises.\" \/>\r\n<meta name=\"robots\" content=\"index, follow, max-snippet:-1, max-image-preview:large, max-video-preview:-1\" \/>\r\n<link rel=\"canonical\" href=\"https:\/\/kedemoseducation.com\/fr\/product\/cm2-eb5-objectif-maths\/\" \/>\r\n<meta property=\"og:locale\" content=\"fr_FR\" \/>\r\n<meta property=\"og:type\" content=\"article\" \/>\r\n<meta property=\"og:title\" content=\"Grade 5 \u2013 Math Book - Objectif Maths - Kedemos Education\" \/>\r\n<meta property=\"og:description\" content=\"This Grade 5 math book strengthens analytical thinking and logical reasoning through structured lessons and progressive problem-solving exercises.\" \/>\r\n<meta property=\"og:url\" content=\"https:\/\/kedemoseducation.com\/fr\/product\/cm2-eb5-objectif-maths\/\" \/>\r\n<meta property=\"og:site_name\" content=\"Kedemos Education\" \/>\r\n<meta property=\"article:publisher\" content=\"https:\/\/www.facebook.com\/Kedemoseducation\" \/>\r\n<meta property=\"article:modified_time\" content=\"2026-03-03T09:55:46+00:00\" \/>\r\n<meta property=\"og:image\" content=\"https:\/\/kedemoseducation.com\/wp-content\/uploads\/2025\/05\/Maths-CM2.jpg\" \/>\r\n\t<meta property=\"og:image:width\" content=\"600\" \/>\r\n\t<meta property=\"og:image:height\" content=\"800\" \/>\r\n\t<meta property=\"og:image:type\" content=\"image\/jpeg\" \/>\r\n<meta name=\"twitter:card\" content=\"summary_large_image\" \/>\r\n<meta name=\"twitter:label1\" content=\"Dur\u00e9e de lecture estim\u00e9e\" \/>\n\t<meta name=\"twitter:data1\" content=\"2 minutes\" \/>\r\n<script type=\"application\/ld+json\" class=\"yoast-schema-graph\">{\"@context\":\"https:\/\/schema.org\",\"@graph\":[{\"@type\":\"WebPage\",\"@id\":\"https:\/\/kedemoseducation.com\/product\/cm2-eb5-objectif-maths\/\",\"url\":\"https:\/\/kedemoseducation.com\/product\/cm2-eb5-objectif-maths\/\",\"name\":\"Grade 5 \u2013 Math Book - Objectif Maths - Kedemos Education\",\"isPartOf\":{\"@id\":\"https:\/\/kedemoseducation.com\/fr\/#website\"},\"primaryImageOfPage\":{\"@id\":\"https:\/\/kedemoseducation.com\/product\/cm2-eb5-objectif-maths\/#primaryimage\"},\"image\":{\"@id\":\"https:\/\/kedemoseducation.com\/product\/cm2-eb5-objectif-maths\/#primaryimage\"},\"thumbnailUrl\":\"https:\/\/i0.wp.com\/kedemoseducation.com\/wp-content\/uploads\/2025\/05\/Maths-CM2.jpg?fit=600%2C800&ssl=1\",\"datePublished\":\"2025-05-09T09:10:44+00:00\",\"dateModified\":\"2026-03-03T09:55:46+00:00\",\"description\":\"This Grade 5 math book strengthens analytical thinking and logical reasoning through structured lessons and progressive problem-solving exercises.\",\"breadcrumb\":{\"@id\":\"https:\/\/kedemoseducation.com\/product\/cm2-eb5-objectif-maths\/#breadcrumb\"},\"inLanguage\":\"fr-FR\",\"potentialAction\":[{\"@type\":\"ReadAction\",\"target\":[\"https:\/\/kedemoseducation.com\/product\/cm2-eb5-objectif-maths\/\"]}]},{\"@type\":\"ImageObject\",\"inLanguage\":\"fr-FR\",\"@id\":\"https:\/\/kedemoseducation.com\/product\/cm2-eb5-objectif-maths\/#primaryimage\",\"url\":\"https:\/\/i0.wp.com\/kedemoseducation.com\/wp-content\/uploads\/2025\/05\/Maths-CM2.jpg?fit=600%2C800&ssl=1\",\"contentUrl\":\"https:\/\/i0.wp.com\/kedemoseducation.com\/wp-content\/uploads\/2025\/05\/Maths-CM2.jpg?fit=600%2C800&ssl=1\",\"width\":600,\"height\":800,\"caption\":\"Grade 5 \u2013 Objectif Maths\"},{\"@type\":\"BreadcrumbList\",\"@id\":\"https:\/\/kedemoseducation.com\/product\/cm2-eb5-objectif-maths\/#breadcrumb\",\"itemListElement\":[{\"@type\":\"ListItem\",\"position\":1,\"name\":\"Home\",\"item\":\"https:\/\/kedemoseducation.com\/\"},{\"@type\":\"ListItem\",\"position\":2,\"name\":\"All Products\",\"item\":\"https:\/\/kedemoseducation.com\/fr\/shop-2\/tous-les-produits\/\"},{\"@type\":\"ListItem\",\"position\":3,\"name\":\"School Books\",\"item\":\"https:\/\/kedemoseducation.com\/fr\/categorie-de-produit\/manuels-scolaires\/\"},{\"@type\":\"ListItem\",\"position\":4,\"name\":\"Grade 5 \u2013 Math Book &#8211; Objectif Maths\"}]},{\"@type\":\"WebSite\",\"@id\":\"https:\/\/kedemoseducation.com\/fr\/#website\",\"url\":\"https:\/\/kedemoseducation.com\/fr\/\",\"name\":\"Kedemos Education\",\"description\":\"The Pleasure of Learning\",\"publisher\":{\"@id\":\"https:\/\/kedemoseducation.com\/fr\/#organization\"},\"potentialAction\":[{\"@type\":\"SearchAction\",\"target\":{\"@type\":\"EntryPoint\",\"urlTemplate\":\"https:\/\/kedemoseducation.com\/fr\/?s={search_term_string}\"},\"query-input\":{\"@type\":\"PropertyValueSpecification\",\"valueRequired\":true,\"valueName\":\"search_term_string\"}}],\"inLanguage\":\"fr-FR\"},{\"@type\":\"Organization\",\"@id\":\"https:\/\/kedemoseducation.com\/fr\/#organization\",\"name\":\"Kedemos Education\",\"url\":\"https:\/\/kedemoseducation.com\/fr\/\",\"logo\":{\"@type\":\"ImageObject\",\"inLanguage\":\"fr-FR\",\"@id\":\"https:\/\/kedemoseducation.com\/fr\/#\/schema\/logo\/image\/\",\"url\":\"https:\/\/kedemoseducation.com\/wp-content\/uploads\/2023\/06\/logo-kedemos-education.png\",\"contentUrl\":\"https:\/\/kedemoseducation.com\/wp-content\/uploads\/2023\/06\/logo-kedemos-education.png\",\"width\":2362,\"height\":903,\"caption\":\"Kedemos Education\"},\"image\":{\"@id\":\"https:\/\/kedemoseducation.com\/fr\/#\/schema\/logo\/image\/\"},\"sameAs\":[\"https:\/\/www.facebook.com\/Kedemoseducation\",\"https:\/\/www.instagram.com\/kedemoseducation\/\",\"https:\/\/www.linkedin.com\/company\/kedemos-education\/\"]}]}<\/script>\r\n<!-- \/ Yoast SEO plugin. -->","yoast_head_json":{"title":"CM2 \/ EB5 - Manuel de Maths - Objectif Maths - K\u00e9d\u00e9mos Education","description":"Ce manuel de maths pour le CM2 \/ EB5 d\u00e9veloppe l\u2019analyse, la logique et les capacit\u00e9s de synth\u00e8se \u00e0 travers des exercices et probl\u00e8mes structur\u00e9s.","robots":{"index":"index","follow":"follow","max-snippet":"max-snippet:-1","max-image-preview":"max-image-preview:large","max-video-preview":"max-video-preview:-1"},"canonical":"https:\/\/kedemoseducation.com\/fr\/product\/cm2-eb5-objectif-maths\/","og_locale":"fr_FR","og_type":"article","og_title":"Grade 5 \u2013 Math Book - Objectif Maths - Kedemos Education","og_description":"This Grade 5 math book strengthens analytical thinking and logical reasoning through structured lessons and progressive problem-solving exercises.","og_url":"https:\/\/kedemoseducation.com\/fr\/product\/cm2-eb5-objectif-maths\/","og_site_name":"Kedemos Education","article_publisher":"https:\/\/www.facebook.com\/Kedemoseducation","article_modified_time":"2026-03-03T09:55:46+00:00","og_image":[{"width":600,"height":800,"url":"https:\/\/kedemoseducation.com\/wp-content\/uploads\/2025\/05\/Maths-CM2.jpg","type":"image\/jpeg"}],"twitter_card":"summary_large_image","twitter_misc":{"Dur\u00e9e de lecture estim\u00e9e":"2 minutes"},"schema":{"@context":"https:\/\/schema.org","@graph":[{"@type":"WebPage","@id":"https:\/\/kedemoseducation.com\/product\/cm2-eb5-objectif-maths\/","url":"https:\/\/kedemoseducation.com\/product\/cm2-eb5-objectif-maths\/","name":"CM2 \/ EB5 - Manuel de Maths - Objectif Maths - K\u00e9d\u00e9mos Education","isPartOf":{"@id":"https:\/\/kedemoseducation.com\/fr\/#website"},"primaryImageOfPage":{"@id":"https:\/\/kedemoseducation.com\/product\/cm2-eb5-objectif-maths\/#primaryimage"},"image":{"@id":"https:\/\/kedemoseducation.com\/product\/cm2-eb5-objectif-maths\/#primaryimage"},"thumbnailUrl":"https:\/\/i0.wp.com\/kedemoseducation.com\/wp-content\/uploads\/2025\/05\/Maths-CM2.jpg?fit=600%2C800&ssl=1","datePublished":"2025-05-09T09:10:44+00:00","dateModified":"2026-03-03T09:55:46+00:00","description":"Ce manuel de maths pour le CM2 \/ EB5 d\u00e9veloppe l\u2019analyse, la logique et les capacit\u00e9s de synth\u00e8se \u00e0 travers des exercices et probl\u00e8mes structur\u00e9s.","breadcrumb":{"@id":"https:\/\/kedemoseducation.com\/product\/cm2-eb5-objectif-maths\/#breadcrumb"},"inLanguage":"fr-FR","potentialAction":[{"@type":"ReadAction","target":["https:\/\/kedemoseducation.com\/product\/cm2-eb5-objectif-maths\/"]}]},{"@type":"ImageObject","inLanguage":"fr-FR","@id":"https:\/\/kedemoseducation.com\/product\/cm2-eb5-objectif-maths\/#primaryimage","url":"https:\/\/i0.wp.com\/kedemoseducation.com\/wp-content\/uploads\/2025\/05\/Maths-CM2.jpg?fit=600%2C800&ssl=1","contentUrl":"https:\/\/i0.wp.com\/kedemoseducation.com\/wp-content\/uploads\/2025\/05\/Maths-CM2.jpg?fit=600%2C800&ssl=1","width":600,"height":800,"caption":"Grade 5 \u2013 Objectif Maths"},{"@type":"BreadcrumbList","@id":"https:\/\/kedemoseducation.com\/product\/cm2-eb5-objectif-maths\/#breadcrumb","itemListElement":[{"@type":"ListItem","position":1,"name":"Home","item":"https:\/\/kedemoseducation.com\/"},{"@type":"ListItem","position":2,"name":"All Products","item":"https:\/\/kedemoseducation.com\/fr\/shop-2\/tous-les-produits\/"},{"@type":"ListItem","position":3,"name":"School Books","item":"https:\/\/kedemoseducation.com\/fr\/categorie-de-produit\/manuels-scolaires\/"},{"@type":"ListItem","position":4,"name":"Grade 5 \u2013 Math Book &#8211; Objectif Maths"}]},{"@type":"WebSite","@id":"https:\/\/kedemoseducation.com\/fr\/#website","url":"https:\/\/kedemoseducation.com\/fr\/","name":"K\u00e9d\u00e9mos Education","description":"Le plaisir d'apprendre","publisher":{"@id":"https:\/\/kedemoseducation.com\/fr\/#organization"},"potentialAction":[{"@type":"SearchAction","target":{"@type":"EntryPoint","urlTemplate":"https:\/\/kedemoseducation.com\/fr\/?s={search_term_string}"},"query-input":{"@type":"PropertyValueSpecification","valueRequired":true,"valueName":"search_term_string"}}],"inLanguage":"fr-FR"},{"@type":"Organization","@id":"https:\/\/kedemoseducation.com\/fr\/#organization","name":"K\u00e9d\u00e9mos Education","url":"https:\/\/kedemoseducation.com\/fr\/","logo":{"@type":"ImageObject","inLanguage":"fr-FR","@id":"https:\/\/kedemoseducation.com\/fr\/#\/schema\/logo\/image\/","url":"https:\/\/kedemoseducation.com\/wp-content\/uploads\/2023\/06\/logo-kedemos-education.png","contentUrl":"https:\/\/kedemoseducation.com\/wp-content\/uploads\/2023\/06\/logo-kedemos-education.png","width":2362,"height":903,"caption":"Kedemos Education"},"image":{"@id":"https:\/\/kedemoseducation.com\/fr\/#\/schema\/logo\/image\/"},"sameAs":["https:\/\/www.facebook.com\/Kedemoseducation","https:\/\/www.instagram.com\/kedemoseducation\/","https:\/\/www.linkedin.com\/company\/kedemos-education\/"]}]}},"jetpack_sharing_enabled":true,"_links":{"self":[{"href":"https:\/\/kedemoseducation.com\/fr\/wp-json\/wp\/v2\/product\/11791","targetHints":{"allow":["GET"]}}],"collection":[{"href":"https:\/\/kedemoseducation.com\/fr\/wp-json\/wp\/v2\/product"}],"about":[{"href":"https:\/\/kedemoseducation.com\/fr\/wp-json\/wp\/v2\/types\/product"}],"replies":[{"embeddable":true,"href":"https:\/\/kedemoseducation.com\/fr\/wp-json\/wp\/v2\/comments?post=11791"}],"wp:featuredmedia":[{"embeddable":true,"href":"https:\/\/kedemoseducation.com\/fr\/wp-json\/wp\/v2\/media\/11795"}],"wp:attachment":[{"href":"https:\/\/kedemoseducation.com\/fr\/wp-json\/wp\/v2\/media?parent=11791"}],"wp:term":[{"taxonomy":"product_brand","embeddable":true,"href":"https:\/\/kedemoseducation.com\/fr\/wp-json\/wp\/v2\/product_brand?post=11791"},{"taxonomy":"product_cat","embeddable":true,"href":"https:\/\/kedemoseducation.com\/fr\/wp-json\/wp\/v2\/product_cat?post=11791"},{"taxonomy":"product_tag","embeddable":true,"href":"https:\/\/kedemoseducation.com\/fr\/wp-json\/wp\/v2\/product_tag?post=11791"}],"curies":[{"name":"wp","href":"https:\/\/api.w.org\/{rel}","templated":true}]}}