{"id":11784,"date":"2025-05-09T11:40:50","date_gmt":"2025-05-09T08:40:50","guid":{"rendered":"https:\/\/kedemoseducation.com\/?post_type=product&#038;p=11784"},"modified":"2026-03-03T11:55:42","modified_gmt":"2026-03-03T09:55:42","slug":"grade-1-objectif-maths","status":"publish","type":"product","link":"https:\/\/kedemoseducation.com\/fr\/product\/cp-eb1-objectif-maths\/","title":{"rendered":"CP \/ EB1 - Manuel de Maths - Objectif Maths"},"content":{"rendered":"<h1><strong>CP \/ EB1 Manuel de Maths - Objectif : Maths !<\/strong><\/h1>\n<h2><strong>Pr\u00e9sentation de la m\u00e9thode du CP \/ EB1<\/strong><\/h2>\n<p><span style=\"font-weight: 400;\">Ce livre de maths pour le CP \/ EB1 fait partie de la collection Objectif : Maths !<\/span><\/p>\n<p><span style=\"font-weight: 400;\">Ce manuel constitue un prolongement des manuels et fiches de math\u00e9matiques des classes maternelles.<\/span><\/p>\n<p><span style=\"font-weight: 400;\">Cette indispensable reprise des notions de base permet aux enfants de revoir ce qu\u2019ils ont pu oublier durant les longues vacances d\u2019\u00e9t\u00e9. Elle leur assure \u00e9galement une assise solide pour apprendre \u00e0 calculer, r\u00e9fl\u00e9chir et d\u00e9velopper leurs capacit\u00e9s d\u2019analyse et de synth\u00e8se, ainsi que leur sens de l\u2019observation et leur esprit logique.<\/span><\/p>\n<p><span style=\"font-weight: 400;\">Des pages d\u2019\u00e9valuation permettent aux \u00e9l\u00e8ves de faire r\u00e9guli\u00e8rement le point sur leurs acquis et de consolider les notions qui n\u00e9cessitent un approfondissement.<\/span><\/p>\n<h3><strong>Manuel de maths<\/strong><\/h3>\n<p><span style=\"font-weight: 400;\">Chaque chapitre s\u2019ouvre sur un cadre de couleur pr\u00e9sentant l\u2019objectif d\u2019apprentissage.<\/span><\/p>\n<p><span style=\"font-weight: 400;\">Chaque couleur correspond \u00e0 un type d\u2019activit\u00e9 math\u00e9matique.<\/span><\/p>\n<p><span style=\"font-weight: 400;\">Les \u00e9l\u00e8ves r\u00e9alisent ensuite des exercices, souvent illustr\u00e9s de dessins qui en facilitent la compr\u00e9hension. Parmi ces exercices, plusieurs prennent la forme de \u00ab probl\u00e8mes \u00bb au cours desquels les enfants apprennent \u00e0 adopter une d\u00e9marche logique structur\u00e9e :<\/span><\/p>\n<ul>\n<li style=\"font-weight: 400;\" aria-level=\"1\"><span style=\"font-weight: 400;\">Analyser les donn\u00e9es de la consigne.<\/span><\/li>\n<li style=\"font-weight: 400;\" aria-level=\"1\"><span style=\"font-weight: 400;\">Identifier ce qui est demand\u00e9 en comprenant la question finale.<\/span><\/li>\n<li style=\"font-weight: 400;\" aria-level=\"1\"><span style=\"font-weight: 400;\">\u00c9crire une \u00e9quation et effectuer le calcul.<\/span><\/li>\n<li style=\"font-weight: 400;\" aria-level=\"1\"><span style=\"font-weight: 400;\">Formuler une r\u00e9ponse claire.<\/span><span style=\"font-weight: 400;\"><br \/>\n<\/span><\/li>\n<\/ul>\n<p><span style=\"font-weight: 400;\">Au bas de chaque page, des algorithmes remplissent une double fonction :<\/span><\/p>\n<ul>\n<li style=\"font-weight: 400;\" aria-level=\"1\"><span style=\"font-weight: 400;\">Servir de r\u00e9f\u00e9rence pour les exercices quotidiens de calcul mental.<\/span><\/li>\n<li style=\"font-weight: 400;\" aria-level=\"1\"><span style=\"font-weight: 400;\">D\u00e9velopper l\u2019autonomie, essentielle \u00e0 l\u2019efficacit\u00e9 des apprentissages, notamment en calcul.<\/span><\/li>\n<\/ul>","protected":false},"excerpt":{"rendered":"<div class=\"woocommerce-product-details__short-description\">\n<div class=\"woocommerce-product-details__short-description\">\n<p><span style=\"font-weight: 400;\">Chaque chapitre s\u2019organise en trois \u00e9tapes : pr\u00e9sentation de l\u2019objectif dans un cadre color\u00e9, exercices progressifs souvent illustr\u00e9s, et probl\u00e8mes favorisant une d\u00e9marche logique. Des algorithmes figurent au bas de chaque page.<\/span><\/p>\n<p><strong>Remarque : Ce livre est exclusivement r\u00e9serv\u00e9 \u00e0 nos lecteurs marocains.<\/strong><\/p>\n<\/div>\n<form class=\"cart\" action=\"https:\/\/kedemoseducation.com\/fr\/produit\/grade-1-reading-textbook-tremplin\/\" enctype=\"multipart\/form-data\" method=\"post\" data-trp-original-action=\"https:\/\/kedemoseducation.com\/fr\/produit\/grade-1-reading-textbook-tremplin\/\" data-inited-validation=\"1\">\n<div class=\"quantity inited\"><\/div>\n<input type=\"hidden\" name=\"trp-form-language\" value=\"fr\"\/><\/form>\n<\/div>","protected":false},"featured_media":11785,"comment_status":"closed","ping_status":"closed","template":"","meta":{"_monsterinsights_skip_tracking":false,"_monsterinsights_sitenote_active":false,"_monsterinsights_sitenote_note":"","_monsterinsights_sitenote_category":0},"product_brand":[],"product_cat":[17,130,354,16,126],"product_tag":[76,353,409],"class_list":{"0":"post-11784","1":"product","2":"type-product","3":"status-publish","4":"has-post-thumbnail","6":"product_cat-french","7":"product_cat-french-math-books","8":"product_cat-objectif-maths","9":"product_cat-school-books","10":"product_cat-math","11":"product_tag-grade-1","12":"product_tag-objectif-maths","13":"product_tag-exclusive-for-morocco","14":"pa_grade-grade-1","16":"first","17":"instock","18":"shipping-taxable","19":"purchasable","20":"product-type-simple"},"yoast_head":"<!-- This site is optimized with the Yoast SEO plugin v26.4 - https:\/\/yoast.com\/wordpress\/plugins\/seo\/ -->\r\n<title>Grade 1 \u2013 Math Book - Objectif Maths - Kedemos Education<\/title>\r\n<meta name=\"description\" content=\"This Grade 1 math book strengthens logic and autonomy through structured lessons, progressive exercises, and mental calculation activities.\" \/>\r\n<meta name=\"robots\" content=\"index, follow, max-snippet:-1, max-image-preview:large, max-video-preview:-1\" \/>\r\n<link rel=\"canonical\" href=\"https:\/\/kedemoseducation.com\/fr\/product\/cp-eb1-objectif-maths\/\" \/>\r\n<meta property=\"og:locale\" content=\"fr_FR\" \/>\r\n<meta property=\"og:type\" content=\"article\" \/>\r\n<meta property=\"og:title\" content=\"Grade 1 \u2013 Math Book - Objectif Maths - Kedemos Education\" \/>\r\n<meta property=\"og:description\" content=\"This Grade 1 math book strengthens logic and autonomy through structured lessons, progressive exercises, and mental calculation activities.\" \/>\r\n<meta property=\"og:url\" content=\"https:\/\/kedemoseducation.com\/fr\/product\/cp-eb1-objectif-maths\/\" \/>\r\n<meta property=\"og:site_name\" content=\"Kedemos Education\" \/>\r\n<meta property=\"article:publisher\" content=\"https:\/\/www.facebook.com\/Kedemoseducation\" \/>\r\n<meta property=\"article:modified_time\" content=\"2026-03-03T09:55:42+00:00\" \/>\r\n<meta property=\"og:image\" content=\"https:\/\/kedemoseducation.com\/wp-content\/uploads\/2025\/05\/Maths-CP.jpg\" \/>\r\n\t<meta property=\"og:image:width\" content=\"600\" \/>\r\n\t<meta property=\"og:image:height\" content=\"800\" \/>\r\n\t<meta property=\"og:image:type\" content=\"image\/jpeg\" \/>\r\n<meta name=\"twitter:card\" content=\"summary_large_image\" \/>\r\n<meta name=\"twitter:label1\" content=\"Dur\u00e9e de lecture estim\u00e9e\" \/>\n\t<meta name=\"twitter:data1\" content=\"2 minutes\" \/>\r\n<script type=\"application\/ld+json\" class=\"yoast-schema-graph\">{\"@context\":\"https:\/\/schema.org\",\"@graph\":[{\"@type\":\"WebPage\",\"@id\":\"https:\/\/kedemoseducation.com\/product\/cp-eb1-objectif-maths\/\",\"url\":\"https:\/\/kedemoseducation.com\/product\/cp-eb1-objectif-maths\/\",\"name\":\"Grade 1 \u2013 Math Book - Objectif Maths - Kedemos Education\",\"isPartOf\":{\"@id\":\"https:\/\/kedemoseducation.com\/fr\/#website\"},\"primaryImageOfPage\":{\"@id\":\"https:\/\/kedemoseducation.com\/product\/cp-eb1-objectif-maths\/#primaryimage\"},\"image\":{\"@id\":\"https:\/\/kedemoseducation.com\/product\/cp-eb1-objectif-maths\/#primaryimage\"},\"thumbnailUrl\":\"https:\/\/i0.wp.com\/kedemoseducation.com\/wp-content\/uploads\/2025\/05\/Maths-CP.jpg?fit=600%2C800&ssl=1\",\"datePublished\":\"2025-05-09T08:40:50+00:00\",\"dateModified\":\"2026-03-03T09:55:42+00:00\",\"description\":\"This Grade 1 math book strengthens logic and autonomy through structured lessons, progressive exercises, and mental calculation activities.\",\"breadcrumb\":{\"@id\":\"https:\/\/kedemoseducation.com\/product\/cp-eb1-objectif-maths\/#breadcrumb\"},\"inLanguage\":\"fr-FR\",\"potentialAction\":[{\"@type\":\"ReadAction\",\"target\":[\"https:\/\/kedemoseducation.com\/product\/cp-eb1-objectif-maths\/\"]}]},{\"@type\":\"ImageObject\",\"inLanguage\":\"fr-FR\",\"@id\":\"https:\/\/kedemoseducation.com\/product\/cp-eb1-objectif-maths\/#primaryimage\",\"url\":\"https:\/\/i0.wp.com\/kedemoseducation.com\/wp-content\/uploads\/2025\/05\/Maths-CP.jpg?fit=600%2C800&ssl=1\",\"contentUrl\":\"https:\/\/i0.wp.com\/kedemoseducation.com\/wp-content\/uploads\/2025\/05\/Maths-CP.jpg?fit=600%2C800&ssl=1\",\"width\":600,\"height\":800,\"caption\":\"Objectif Maths Grade 1\"},{\"@type\":\"BreadcrumbList\",\"@id\":\"https:\/\/kedemoseducation.com\/product\/cp-eb1-objectif-maths\/#breadcrumb\",\"itemListElement\":[{\"@type\":\"ListItem\",\"position\":1,\"name\":\"Home\",\"item\":\"https:\/\/kedemoseducation.com\/\"},{\"@type\":\"ListItem\",\"position\":2,\"name\":\"All Products\",\"item\":\"https:\/\/kedemoseducation.com\/fr\/shop-2\/tous-les-produits\/\"},{\"@type\":\"ListItem\",\"position\":3,\"name\":\"School Books\",\"item\":\"https:\/\/kedemoseducation.com\/fr\/categorie-de-produit\/manuels-scolaires\/\"},{\"@type\":\"ListItem\",\"position\":4,\"name\":\"Grade 1 \u2013 Math Book &#8211; Objectif Maths\"}]},{\"@type\":\"WebSite\",\"@id\":\"https:\/\/kedemoseducation.com\/fr\/#website\",\"url\":\"https:\/\/kedemoseducation.com\/fr\/\",\"name\":\"Kedemos Education\",\"description\":\"The Pleasure of Learning\",\"publisher\":{\"@id\":\"https:\/\/kedemoseducation.com\/fr\/#organization\"},\"potentialAction\":[{\"@type\":\"SearchAction\",\"target\":{\"@type\":\"EntryPoint\",\"urlTemplate\":\"https:\/\/kedemoseducation.com\/fr\/?s={search_term_string}\"},\"query-input\":{\"@type\":\"PropertyValueSpecification\",\"valueRequired\":true,\"valueName\":\"search_term_string\"}}],\"inLanguage\":\"fr-FR\"},{\"@type\":\"Organization\",\"@id\":\"https:\/\/kedemoseducation.com\/fr\/#organization\",\"name\":\"Kedemos Education\",\"url\":\"https:\/\/kedemoseducation.com\/fr\/\",\"logo\":{\"@type\":\"ImageObject\",\"inLanguage\":\"fr-FR\",\"@id\":\"https:\/\/kedemoseducation.com\/fr\/#\/schema\/logo\/image\/\",\"url\":\"https:\/\/kedemoseducation.com\/wp-content\/uploads\/2023\/06\/logo-kedemos-education.png\",\"contentUrl\":\"https:\/\/kedemoseducation.com\/wp-content\/uploads\/2023\/06\/logo-kedemos-education.png\",\"width\":2362,\"height\":903,\"caption\":\"Kedemos Education\"},\"image\":{\"@id\":\"https:\/\/kedemoseducation.com\/fr\/#\/schema\/logo\/image\/\"},\"sameAs\":[\"https:\/\/www.facebook.com\/Kedemoseducation\",\"https:\/\/www.instagram.com\/kedemoseducation\/\",\"https:\/\/www.linkedin.com\/company\/kedemos-education\/\"]}]}<\/script>\r\n<!-- \/ Yoast SEO plugin. -->","yoast_head_json":{"title":"CP \/ EB1 - Manuel de Maths - Objectif Maths - K\u00e9d\u00e9mos Education","description":"Ce manuel de maths pour le CP \/ EB1 d\u00e9veloppe l\u2019autonomie et la logique gr\u00e2ce \u00e0 des exercices progressifs, des probl\u00e8mes structur\u00e9s et des algorithmes.","robots":{"index":"index","follow":"follow","max-snippet":"max-snippet:-1","max-image-preview":"max-image-preview:large","max-video-preview":"max-video-preview:-1"},"canonical":"https:\/\/kedemoseducation.com\/fr\/product\/cp-eb1-objectif-maths\/","og_locale":"fr_FR","og_type":"article","og_title":"Grade 1 \u2013 Math Book - Objectif Maths - Kedemos Education","og_description":"This Grade 1 math book strengthens logic and autonomy through structured lessons, progressive exercises, and mental calculation activities.","og_url":"https:\/\/kedemoseducation.com\/fr\/product\/cp-eb1-objectif-maths\/","og_site_name":"Kedemos Education","article_publisher":"https:\/\/www.facebook.com\/Kedemoseducation","article_modified_time":"2026-03-03T09:55:42+00:00","og_image":[{"width":600,"height":800,"url":"https:\/\/kedemoseducation.com\/wp-content\/uploads\/2025\/05\/Maths-CP.jpg","type":"image\/jpeg"}],"twitter_card":"summary_large_image","twitter_misc":{"Dur\u00e9e de lecture estim\u00e9e":"2 minutes"},"schema":{"@context":"https:\/\/schema.org","@graph":[{"@type":"WebPage","@id":"https:\/\/kedemoseducation.com\/product\/cp-eb1-objectif-maths\/","url":"https:\/\/kedemoseducation.com\/product\/cp-eb1-objectif-maths\/","name":"CP \/ EB1 - Manuel de Maths - Objectif Maths - K\u00e9d\u00e9mos Education","isPartOf":{"@id":"https:\/\/kedemoseducation.com\/fr\/#website"},"primaryImageOfPage":{"@id":"https:\/\/kedemoseducation.com\/product\/cp-eb1-objectif-maths\/#primaryimage"},"image":{"@id":"https:\/\/kedemoseducation.com\/product\/cp-eb1-objectif-maths\/#primaryimage"},"thumbnailUrl":"https:\/\/i0.wp.com\/kedemoseducation.com\/wp-content\/uploads\/2025\/05\/Maths-CP.jpg?fit=600%2C800&ssl=1","datePublished":"2025-05-09T08:40:50+00:00","dateModified":"2026-03-03T09:55:42+00:00","description":"Ce manuel de maths pour le CP \/ EB1 d\u00e9veloppe l\u2019autonomie et la logique gr\u00e2ce \u00e0 des exercices progressifs, des probl\u00e8mes structur\u00e9s et des algorithmes.","breadcrumb":{"@id":"https:\/\/kedemoseducation.com\/product\/cp-eb1-objectif-maths\/#breadcrumb"},"inLanguage":"fr-FR","potentialAction":[{"@type":"ReadAction","target":["https:\/\/kedemoseducation.com\/product\/cp-eb1-objectif-maths\/"]}]},{"@type":"ImageObject","inLanguage":"fr-FR","@id":"https:\/\/kedemoseducation.com\/product\/cp-eb1-objectif-maths\/#primaryimage","url":"https:\/\/i0.wp.com\/kedemoseducation.com\/wp-content\/uploads\/2025\/05\/Maths-CP.jpg?fit=600%2C800&ssl=1","contentUrl":"https:\/\/i0.wp.com\/kedemoseducation.com\/wp-content\/uploads\/2025\/05\/Maths-CP.jpg?fit=600%2C800&ssl=1","width":600,"height":800,"caption":"Objectif Maths Grade 1"},{"@type":"BreadcrumbList","@id":"https:\/\/kedemoseducation.com\/product\/cp-eb1-objectif-maths\/#breadcrumb","itemListElement":[{"@type":"ListItem","position":1,"name":"Home","item":"https:\/\/kedemoseducation.com\/"},{"@type":"ListItem","position":2,"name":"All Products","item":"https:\/\/kedemoseducation.com\/fr\/shop-2\/tous-les-produits\/"},{"@type":"ListItem","position":3,"name":"School Books","item":"https:\/\/kedemoseducation.com\/fr\/categorie-de-produit\/manuels-scolaires\/"},{"@type":"ListItem","position":4,"name":"Grade 1 \u2013 Math Book &#8211; Objectif Maths"}]},{"@type":"WebSite","@id":"https:\/\/kedemoseducation.com\/fr\/#website","url":"https:\/\/kedemoseducation.com\/fr\/","name":"K\u00e9d\u00e9mos Education","description":"Le plaisir d'apprendre","publisher":{"@id":"https:\/\/kedemoseducation.com\/fr\/#organization"},"potentialAction":[{"@type":"SearchAction","target":{"@type":"EntryPoint","urlTemplate":"https:\/\/kedemoseducation.com\/fr\/?s={search_term_string}"},"query-input":{"@type":"PropertyValueSpecification","valueRequired":true,"valueName":"search_term_string"}}],"inLanguage":"fr-FR"},{"@type":"Organization","@id":"https:\/\/kedemoseducation.com\/fr\/#organization","name":"K\u00e9d\u00e9mos Education","url":"https:\/\/kedemoseducation.com\/fr\/","logo":{"@type":"ImageObject","inLanguage":"fr-FR","@id":"https:\/\/kedemoseducation.com\/fr\/#\/schema\/logo\/image\/","url":"https:\/\/kedemoseducation.com\/wp-content\/uploads\/2023\/06\/logo-kedemos-education.png","contentUrl":"https:\/\/kedemoseducation.com\/wp-content\/uploads\/2023\/06\/logo-kedemos-education.png","width":2362,"height":903,"caption":"Kedemos Education"},"image":{"@id":"https:\/\/kedemoseducation.com\/fr\/#\/schema\/logo\/image\/"},"sameAs":["https:\/\/www.facebook.com\/Kedemoseducation","https:\/\/www.instagram.com\/kedemoseducation\/","https:\/\/www.linkedin.com\/company\/kedemos-education\/"]}]}},"jetpack_sharing_enabled":true,"_links":{"self":[{"href":"https:\/\/kedemoseducation.com\/fr\/wp-json\/wp\/v2\/product\/11784","targetHints":{"allow":["GET"]}}],"collection":[{"href":"https:\/\/kedemoseducation.com\/fr\/wp-json\/wp\/v2\/product"}],"about":[{"href":"https:\/\/kedemoseducation.com\/fr\/wp-json\/wp\/v2\/types\/product"}],"replies":[{"embeddable":true,"href":"https:\/\/kedemoseducation.com\/fr\/wp-json\/wp\/v2\/comments?post=11784"}],"wp:featuredmedia":[{"embeddable":true,"href":"https:\/\/kedemoseducation.com\/fr\/wp-json\/wp\/v2\/media\/11785"}],"wp:attachment":[{"href":"https:\/\/kedemoseducation.com\/fr\/wp-json\/wp\/v2\/media?parent=11784"}],"wp:term":[{"taxonomy":"product_brand","embeddable":true,"href":"https:\/\/kedemoseducation.com\/fr\/wp-json\/wp\/v2\/product_brand?post=11784"},{"taxonomy":"product_cat","embeddable":true,"href":"https:\/\/kedemoseducation.com\/fr\/wp-json\/wp\/v2\/product_cat?post=11784"},{"taxonomy":"product_tag","embeddable":true,"href":"https:\/\/kedemoseducation.com\/fr\/wp-json\/wp\/v2\/product_tag?post=11784"}],"curies":[{"name":"wp","href":"https:\/\/api.w.org\/{rel}","templated":true}]}}