{"id":11778,"date":"2025-05-08T16:43:38","date_gmt":"2025-05-08T13:43:38","guid":{"rendered":"https:\/\/kedemoseducation.com\/?post_type=product&#038;p=11778"},"modified":"2026-02-27T14:05:48","modified_gmt":"2026-02-27T12:05:48","slug":"kg3-workbook-des-couleurs-et-des-lettres","status":"publish","type":"product","link":"https:\/\/kedemoseducation.com\/fr\/product\/maternelle-mgs-des-couleurs-et-des-lettres\/","title":{"rendered":"Fichier -  Maternelle Grande Section"},"content":{"rendered":"<h1><strong>Maternelle MGS - Des couleurs et des lettres<\/strong><\/h1>\n<h2><strong>Pr\u00e9sentation de la M\u00e9thode de la Grande Section<\/strong><\/h2>\n<p><span style=\"font-weight: 400;\">Ce fichier pour la classe de MGS fait partie de la collection Des couleurs et des lettres.<\/span><\/p>\n<p><span style=\"font-weight: 400;\">La collection \u00ab Des couleurs et des lettres \u00bb est destin\u00e9e aux enfants de 4 \u00e0 5 ans. Elle regroupe le pr\u00e9sent fichier ainsi que les nombreux supports p\u00e9dagogiques qui y sont associ\u00e9s. Cette collection constitue une m\u00e9thode compl\u00e8te des apprentissages de base, comprenant une initiation progressive \u00e0 la lecture et \u00e0 l\u2019\u00e9criture des lettres, des syllabes et des mots.<\/span><\/p>\n<h3><strong>Fichier MGS<\/strong><\/h3>\n<p><span style=\"font-weight: 400;\">Le fichier de la collection \u00ab Des couleurs et des lettres \u00bb pour la MGS comprend 312 pages d\u00e9tachables. \u00c0 travers l\u2019exploitation de dix th\u00e8mes \u00e9troitement li\u00e9s \u00e0 la vie quotidienne des enfants, ces pages proposent :<\/span><\/p>\n<ul>\n<li style=\"font-weight: 400;\" aria-level=\"1\"><span style=\"font-weight: 400;\">Des activit\u00e9s de vocabulaire qui prolongent les nombreuses acquisitions lexicales pr\u00e9sent\u00e9es dans les contes, les posters-puzzle et les le\u00e7ons d\u2019observation.<\/span><\/li>\n<li style=\"font-weight: 400;\" aria-level=\"1\"><span style=\"font-weight: 400;\">Des activit\u00e9s d\u2019\u00e9veil sensoriel qui introduisent les enfants aux diff\u00e9rentes sensations (auditive, olfactive, visuelle, tactile et gustative.<\/span><\/li>\n<li style=\"font-weight: 400;\" aria-level=\"1\"><span style=\"font-weight: 400;\">Une initiation aux activit\u00e9s math\u00e9matiques et logiques pour sensibiliser aux chiffres, aux formes g\u00e9om\u00e9triques, \u00e9veiller le sens de l\u2019observation et susciter le raisonnement \u00e0 travers des exercices de suites logiques et chronologiques.<\/span><\/li>\n<li style=\"font-weight: 400;\" aria-level=\"1\"><span style=\"font-weight: 400;\">Une initiation \u00e0 la lecture par la pr\u00e9sentation syst\u00e9matique des 26 lettres de l\u2019alphabet que l\u2019enfant associera pour lire des syllabes, des mots et, \u00e9ventuellement, des phrases.<\/span><\/li>\n<li style=\"font-weight: 400;\" aria-level=\"1\"><span style=\"font-weight: 400;\">Des activit\u00e9s graphiques pour perfectionner le contr\u00f4le des mouvements de la main et proposer une premi\u00e8re approche de l\u2019\u00e9criture des lettres, des syllabes et des mots.<\/span><\/li>\n<\/ul>","protected":false},"excerpt":{"rendered":"<p><span style=\"font-weight: 400;\">Le fichier de la collection Des couleurs et des lettres pour la MGS comprend 312 pages d\u00e9tachables. Ces pages proposent, \u00e0 travers l\u2019exploitation de dix th\u00e8mes \u00e9troitement li\u00e9s \u00e0 la vie quotidienne des enfants, plusieurs activit\u00e9s pour leur apprendre \u00e0 lire et \u00e9crire.<\/span><\/p>\n<p><strong>Remarque : Ce livre est disponible exclusivement pour nos lecteurs tunisiens.<\/strong><\/p>","protected":false},"featured_media":11783,"comment_status":"closed","ping_status":"closed","template":"","meta":{"_monsterinsights_skip_tracking":false,"_monsterinsights_sitenote_active":false,"_monsterinsights_sitenote_note":"","_monsterinsights_sitenote_category":0},"product_brand":[],"product_cat":[207,326,351,17,16,350],"product_tag":[80,352,408],"class_list":{"0":"post-11778","1":"product","2":"type-product","3":"status-publish","4":"has-post-thumbnail","6":"product_cat-new-releases","7":"product_cat-kindergarten","8":"product_cat-kg3","9":"product_cat-french","10":"product_cat-school-books","11":"product_cat-des-couleurs-et-des-lettres","12":"product_tag-kg3","13":"product_tag-des-couleurs-et-des-lettres","14":"product_tag-kg3-workbook","15":"pa_grade-kg3","17":"first","18":"instock","19":"shipping-taxable","20":"purchasable","21":"product-type-simple"},"yoast_head":"<!-- This site is optimized with the Yoast SEO plugin v26.4 - https:\/\/yoast.com\/wordpress\/plugins\/seo\/ -->\r\n<title>KG3 Workbook - Des couleurs et des lettres - Kedemos Education<\/title>\r\n<meta name=\"description\" content=\"This KG3 workbook from the &quot;Des couleurs et des lettres&quot; collection offers activities closely related to children&#039;s daily life to help them learn French.\" \/>\r\n<meta name=\"robots\" content=\"index, follow, max-snippet:-1, max-image-preview:large, max-video-preview:-1\" \/>\r\n<link rel=\"canonical\" href=\"https:\/\/kedemoseducation.com\/fr\/product\/maternelle-mgs-tunisie\/\" \/>\r\n<meta property=\"og:locale\" content=\"fr_FR\" \/>\r\n<meta property=\"og:type\" content=\"article\" \/>\r\n<meta property=\"og:title\" content=\"KG3 Workbook - Des couleurs et des lettres - Kedemos Education\" \/>\r\n<meta property=\"og:description\" content=\"This KG3 workbook from the &quot;Des couleurs et des lettres&quot; collection offers activities closely related to children&#039;s daily life to help them learn French.\" \/>\r\n<meta property=\"og:url\" content=\"https:\/\/kedemoseducation.com\/fr\/product\/maternelle-mgs-tunisie\/\" \/>\r\n<meta property=\"og:site_name\" content=\"Kedemos Education\" \/>\r\n<meta property=\"article:publisher\" content=\"https:\/\/www.facebook.com\/Kedemoseducation\" \/>\r\n<meta property=\"article:modified_time\" content=\"2026-02-27T12:05:48+00:00\" \/>\r\n<meta property=\"og:image\" content=\"https:\/\/kedemoseducation.com\/wp-content\/uploads\/2025\/05\/MS2.jpg\" \/>\r\n\t<meta property=\"og:image:width\" content=\"600\" \/>\r\n\t<meta property=\"og:image:height\" content=\"800\" \/>\r\n\t<meta property=\"og:image:type\" content=\"image\/jpeg\" \/>\r\n<meta name=\"twitter:card\" content=\"summary_large_image\" \/>\r\n<meta name=\"twitter:label1\" content=\"Dur\u00e9e de lecture estim\u00e9e\" \/>\n\t<meta name=\"twitter:data1\" content=\"2 minutes\" \/>\r\n<script type=\"application\/ld+json\" class=\"yoast-schema-graph\">{\"@context\":\"https:\/\/schema.org\",\"@graph\":[{\"@type\":\"WebPage\",\"@id\":\"https:\/\/kedemoseducation.com\/product\/maternelle-mgs-tunisie\/\",\"url\":\"https:\/\/kedemoseducation.com\/product\/maternelle-mgs-tunisie\/\",\"name\":\"KG3 Workbook - Des couleurs et des lettres - Kedemos Education\",\"isPartOf\":{\"@id\":\"https:\/\/kedemoseducation.com\/fr\/#website\"},\"primaryImageOfPage\":{\"@id\":\"https:\/\/kedemoseducation.com\/product\/maternelle-mgs-tunisie\/#primaryimage\"},\"image\":{\"@id\":\"https:\/\/kedemoseducation.com\/product\/maternelle-mgs-tunisie\/#primaryimage\"},\"thumbnailUrl\":\"https:\/\/i0.wp.com\/kedemoseducation.com\/wp-content\/uploads\/2025\/05\/MS2.jpg?fit=600%2C800&ssl=1\",\"datePublished\":\"2025-05-08T13:43:38+00:00\",\"dateModified\":\"2026-02-27T12:05:48+00:00\",\"description\":\"This KG3 workbook from the \\\"Des couleurs et des lettres\\\" collection offers activities closely related to children's daily life to help them learn French.\",\"breadcrumb\":{\"@id\":\"https:\/\/kedemoseducation.com\/product\/maternelle-mgs-tunisie\/#breadcrumb\"},\"inLanguage\":\"fr-FR\",\"potentialAction\":[{\"@type\":\"ReadAction\",\"target\":[\"https:\/\/kedemoseducation.com\/product\/maternelle-mgs-tunisie\/\"]}]},{\"@type\":\"ImageObject\",\"inLanguage\":\"fr-FR\",\"@id\":\"https:\/\/kedemoseducation.com\/product\/maternelle-mgs-tunisie\/#primaryimage\",\"url\":\"https:\/\/i0.wp.com\/kedemoseducation.com\/wp-content\/uploads\/2025\/05\/MS2.jpg?fit=600%2C800&ssl=1\",\"contentUrl\":\"https:\/\/i0.wp.com\/kedemoseducation.com\/wp-content\/uploads\/2025\/05\/MS2.jpg?fit=600%2C800&ssl=1\",\"width\":600,\"height\":800,\"caption\":\"Des couleurs et des lettres - KG3\"},{\"@type\":\"BreadcrumbList\",\"@id\":\"https:\/\/kedemoseducation.com\/product\/maternelle-mgs-tunisie\/#breadcrumb\",\"itemListElement\":[{\"@type\":\"ListItem\",\"position\":1,\"name\":\"Home\",\"item\":\"https:\/\/kedemoseducation.com\/\"},{\"@type\":\"ListItem\",\"position\":2,\"name\":\"All Products\",\"item\":\"https:\/\/kedemoseducation.com\/fr\/shop-2\/tous-les-produits\/\"},{\"@type\":\"ListItem\",\"position\":3,\"name\":\"School Books\",\"item\":\"https:\/\/kedemoseducation.com\/fr\/categorie-de-produit\/manuels-scolaires\/\"},{\"@type\":\"ListItem\",\"position\":4,\"name\":\"KG3 &#8211; Workbook\"}]},{\"@type\":\"WebSite\",\"@id\":\"https:\/\/kedemoseducation.com\/fr\/#website\",\"url\":\"https:\/\/kedemoseducation.com\/fr\/\",\"name\":\"Kedemos Education\",\"description\":\"The Pleasure of Learning\",\"publisher\":{\"@id\":\"https:\/\/kedemoseducation.com\/fr\/#organization\"},\"potentialAction\":[{\"@type\":\"SearchAction\",\"target\":{\"@type\":\"EntryPoint\",\"urlTemplate\":\"https:\/\/kedemoseducation.com\/fr\/?s={search_term_string}\"},\"query-input\":{\"@type\":\"PropertyValueSpecification\",\"valueRequired\":true,\"valueName\":\"search_term_string\"}}],\"inLanguage\":\"fr-FR\"},{\"@type\":\"Organization\",\"@id\":\"https:\/\/kedemoseducation.com\/fr\/#organization\",\"name\":\"Kedemos Education\",\"url\":\"https:\/\/kedemoseducation.com\/fr\/\",\"logo\":{\"@type\":\"ImageObject\",\"inLanguage\":\"fr-FR\",\"@id\":\"https:\/\/kedemoseducation.com\/fr\/#\/schema\/logo\/image\/\",\"url\":\"https:\/\/kedemoseducation.com\/wp-content\/uploads\/2023\/06\/logo-kedemos-education.png\",\"contentUrl\":\"https:\/\/kedemoseducation.com\/wp-content\/uploads\/2023\/06\/logo-kedemos-education.png\",\"width\":2362,\"height\":903,\"caption\":\"Kedemos Education\"},\"image\":{\"@id\":\"https:\/\/kedemoseducation.com\/fr\/#\/schema\/logo\/image\/\"},\"sameAs\":[\"https:\/\/www.facebook.com\/Kedemoseducation\",\"https:\/\/www.instagram.com\/kedemoseducation\/\",\"https:\/\/www.linkedin.com\/company\/kedemos-education\/\"]}]}<\/script>\r\n<!-- \/ Yoast SEO plugin. -->","yoast_head_json":{"title":"Maternelle MGS - Des couleurs et des lettres - K\u00e9d\u00e9mos Educaiton","description":"This KG3 workbook from the \"Des couleurs et des lettres\" collection offers activities closely related to children's daily life to help them learn French.","robots":{"index":"index","follow":"follow","max-snippet":"max-snippet:-1","max-image-preview":"max-image-preview:large","max-video-preview":"max-video-preview:-1"},"canonical":"https:\/\/kedemoseducation.com\/fr\/product\/maternelle-mgs-tunisie\/","og_locale":"fr_FR","og_type":"article","og_title":"KG3 Workbook - Des couleurs et des lettres - Kedemos Education","og_description":"This KG3 workbook from the \"Des couleurs et des lettres\" collection offers activities closely related to children's daily life to help them learn French.","og_url":"https:\/\/kedemoseducation.com\/fr\/product\/maternelle-mgs-tunisie\/","og_site_name":"Kedemos Education","article_publisher":"https:\/\/www.facebook.com\/Kedemoseducation","article_modified_time":"2026-02-27T12:05:48+00:00","og_image":[{"width":600,"height":800,"url":"https:\/\/kedemoseducation.com\/wp-content\/uploads\/2025\/05\/MS2.jpg","type":"image\/jpeg"}],"twitter_card":"summary_large_image","twitter_misc":{"Dur\u00e9e de lecture estim\u00e9e":"2 minutes"},"schema":{"@context":"https:\/\/schema.org","@graph":[{"@type":"WebPage","@id":"https:\/\/kedemoseducation.com\/product\/maternelle-mgs-tunisie\/","url":"https:\/\/kedemoseducation.com\/product\/maternelle-mgs-tunisie\/","name":"Maternelle MGS - Des couleurs et des lettres - K\u00e9d\u00e9mos Educaiton","isPartOf":{"@id":"https:\/\/kedemoseducation.com\/fr\/#website"},"primaryImageOfPage":{"@id":"https:\/\/kedemoseducation.com\/product\/maternelle-mgs-tunisie\/#primaryimage"},"image":{"@id":"https:\/\/kedemoseducation.com\/product\/maternelle-mgs-tunisie\/#primaryimage"},"thumbnailUrl":"https:\/\/i0.wp.com\/kedemoseducation.com\/wp-content\/uploads\/2025\/05\/MS2.jpg?fit=600%2C800&ssl=1","datePublished":"2025-05-08T13:43:38+00:00","dateModified":"2026-02-27T12:05:48+00:00","description":"This KG3 workbook from the \"Des couleurs et des lettres\" collection offers activities closely related to children's daily life to help them learn French.","breadcrumb":{"@id":"https:\/\/kedemoseducation.com\/product\/maternelle-mgs-tunisie\/#breadcrumb"},"inLanguage":"fr-FR","potentialAction":[{"@type":"ReadAction","target":["https:\/\/kedemoseducation.com\/product\/maternelle-mgs-tunisie\/"]}]},{"@type":"ImageObject","inLanguage":"fr-FR","@id":"https:\/\/kedemoseducation.com\/product\/maternelle-mgs-tunisie\/#primaryimage","url":"https:\/\/i0.wp.com\/kedemoseducation.com\/wp-content\/uploads\/2025\/05\/MS2.jpg?fit=600%2C800&ssl=1","contentUrl":"https:\/\/i0.wp.com\/kedemoseducation.com\/wp-content\/uploads\/2025\/05\/MS2.jpg?fit=600%2C800&ssl=1","width":600,"height":800,"caption":"Des couleurs et des lettres - KG3"},{"@type":"BreadcrumbList","@id":"https:\/\/kedemoseducation.com\/product\/maternelle-mgs-tunisie\/#breadcrumb","itemListElement":[{"@type":"ListItem","position":1,"name":"Home","item":"https:\/\/kedemoseducation.com\/"},{"@type":"ListItem","position":2,"name":"All Products","item":"https:\/\/kedemoseducation.com\/fr\/shop-2\/tous-les-produits\/"},{"@type":"ListItem","position":3,"name":"School Books","item":"https:\/\/kedemoseducation.com\/fr\/categorie-de-produit\/manuels-scolaires\/"},{"@type":"ListItem","position":4,"name":"KG3 &#8211; Workbook"}]},{"@type":"WebSite","@id":"https:\/\/kedemoseducation.com\/fr\/#website","url":"https:\/\/kedemoseducation.com\/fr\/","name":"K\u00e9d\u00e9mos Education","description":"Le plaisir d'apprendre","publisher":{"@id":"https:\/\/kedemoseducation.com\/fr\/#organization"},"potentialAction":[{"@type":"SearchAction","target":{"@type":"EntryPoint","urlTemplate":"https:\/\/kedemoseducation.com\/fr\/?s={search_term_string}"},"query-input":{"@type":"PropertyValueSpecification","valueRequired":true,"valueName":"search_term_string"}}],"inLanguage":"fr-FR"},{"@type":"Organization","@id":"https:\/\/kedemoseducation.com\/fr\/#organization","name":"K\u00e9d\u00e9mos Education","url":"https:\/\/kedemoseducation.com\/fr\/","logo":{"@type":"ImageObject","inLanguage":"fr-FR","@id":"https:\/\/kedemoseducation.com\/fr\/#\/schema\/logo\/image\/","url":"https:\/\/kedemoseducation.com\/wp-content\/uploads\/2023\/06\/logo-kedemos-education.png","contentUrl":"https:\/\/kedemoseducation.com\/wp-content\/uploads\/2023\/06\/logo-kedemos-education.png","width":2362,"height":903,"caption":"Kedemos Education"},"image":{"@id":"https:\/\/kedemoseducation.com\/fr\/#\/schema\/logo\/image\/"},"sameAs":["https:\/\/www.facebook.com\/Kedemoseducation","https:\/\/www.instagram.com\/kedemoseducation\/","https:\/\/www.linkedin.com\/company\/kedemos-education\/"]}]}},"jetpack_sharing_enabled":true,"_links":{"self":[{"href":"https:\/\/kedemoseducation.com\/fr\/wp-json\/wp\/v2\/product\/11778","targetHints":{"allow":["GET"]}}],"collection":[{"href":"https:\/\/kedemoseducation.com\/fr\/wp-json\/wp\/v2\/product"}],"about":[{"href":"https:\/\/kedemoseducation.com\/fr\/wp-json\/wp\/v2\/types\/product"}],"replies":[{"embeddable":true,"href":"https:\/\/kedemoseducation.com\/fr\/wp-json\/wp\/v2\/comments?post=11778"}],"wp:featuredmedia":[{"embeddable":true,"href":"https:\/\/kedemoseducation.com\/fr\/wp-json\/wp\/v2\/media\/11783"}],"wp:attachment":[{"href":"https:\/\/kedemoseducation.com\/fr\/wp-json\/wp\/v2\/media?parent=11778"}],"wp:term":[{"taxonomy":"product_brand","embeddable":true,"href":"https:\/\/kedemoseducation.com\/fr\/wp-json\/wp\/v2\/product_brand?post=11778"},{"taxonomy":"product_cat","embeddable":true,"href":"https:\/\/kedemoseducation.com\/fr\/wp-json\/wp\/v2\/product_cat?post=11778"},{"taxonomy":"product_tag","embeddable":true,"href":"https:\/\/kedemoseducation.com\/fr\/wp-json\/wp\/v2\/product_tag?post=11778"}],"curies":[{"name":"wp","href":"https:\/\/api.w.org\/{rel}","templated":true}]}}