{"id":11762,"date":"2025-05-08T15:03:34","date_gmt":"2025-05-08T12:03:34","guid":{"rendered":"https:\/\/kedemoseducation.com\/?post_type=product&#038;p=11762"},"modified":"2026-03-03T11:55:25","modified_gmt":"2026-03-03T09:55:25","slug":"grade-2-reading-textbook-tremplin-vers-le-francais","status":"publish","type":"product","link":"https:\/\/kedemoseducation.com\/fr\/product\/ce1-2eme-annee-manuel-de-francais-tremplin-vers-le-francais\/","title":{"rendered":"CE1 \/ EB2 - Livre de Lecture"},"content":{"rendered":"<h1><strong>CE1 \/ EB2 Livre de lecture - Tremplin vers le fran\u00e7ais<\/strong><\/h1>\n<h2><strong>Pr\u00e9sentation de la m\u00e9thode du CE1 \/ EB2<\/strong><\/h2>\n<p><span style=\"font-weight: 400;\">Ce livre de lecture pour le CE1 \/ EB2 fait partie de la collection Tremplin vers le fran\u00e7ais.\u00a0<\/span><\/p>\n<p><span style=\"font-weight: 400;\">La collection Tremplin vers le fran\u00e7ais est une m\u00e9thode compl\u00e8te d\u2019apprentissage de la langue. Elle couvre toutes les classes du Cycle Primaire. L\u2019esprit, les contenus et les pratiques d\u00e9j\u00e0 acquises dans les Classes Maternelles sont repris et \u00e9largis.<\/span><\/p>\n<p><span style=\"font-weight: 400;\">Tremplin vers le fran\u00e7ais pour le CE1 \/ EB2 repose sur les options m\u00e9thodologiques suivantes :<\/span><\/p>\n<ul>\n<li style=\"font-weight: 400;\" aria-level=\"1\"><span style=\"font-weight: 400;\">Une tr\u00e8s grande importance accord\u00e9e \u00e0 la communication orale. De nombreuses s\u00e9ances vari\u00e9es sont alors consacr\u00e9es \u00e0 l\u2019expression orale.<\/span><\/li>\n<li style=\"font-weight: 400;\" aria-level=\"1\"><span style=\"font-weight: 400;\">Projets de classe pour favoriser le travail en groupe, l'interdisciplinarit\u00e9, l\u2019ouverture culturelle et la r\u00e9alisation d'activit\u00e9s communes.<\/span><\/li>\n<li style=\"font-weight: 400;\" aria-level=\"1\"><span style=\"font-weight: 400;\">Des textes narratifs courts et int\u00e9ressants. Ils proposent des r\u00e9cits complets et parfaitement adapt\u00e9s au niveau linguistique et psychologique des \u00e9l\u00e8ves.\u00a0<\/span><\/li>\n<li style=\"font-weight: 400;\" aria-level=\"1\"><span style=\"font-weight: 400;\">Une r\u00e9vision syst\u00e9matique des phon\u00e8mes-graph\u00e8mes pr\u00e9sent\u00e9s en couleur dans les textes.<\/span><\/li>\n<li style=\"font-weight: 400;\" aria-level=\"1\"><span style=\"font-weight: 400;\">Perfectionnement des comp\u00e9tences en lecture.<\/span><\/li>\n<li style=\"font-weight: 400;\" aria-level=\"1\"><span style=\"font-weight: 400;\">Une premi\u00e8re sensibilisation \u00e0 la typologie des textes (types informatif et injonctif).<\/span><\/li>\n<li style=\"font-weight: 400;\" aria-level=\"1\"><span style=\"font-weight: 400;\">Des supports iconographiques en marge des textes pour pr\u00e9senter les mots difficiles.<\/span><\/li>\n<li style=\"font-weight: 400;\" aria-level=\"1\"><span style=\"font-weight: 400;\">Un enrichissement lexical gr\u00e2ce aux le\u00e7ons de vocabulaire.\u00a0<\/span><\/li>\n<\/ul>\n<p><span style=\"font-weight: 400;\">La collection Tremplin vers le fran\u00e7ais pour le CE1 \/ EB2 est compos\u00e9e des 4 volets suivants : un livre unique, deux cahiers d\u2019application et un cahier d\u2019\u00e9criture.\u00a0<\/span><\/p>\n<h3><strong>Livre de Lecture CE1 \/ EB2<\/strong><\/h3>\n<p><span style=\"font-weight: 400;\">Ce livre de lecture de la collection Tremplin vers le fran\u00e7ais est divis\u00e9 en 6 modules et 12 th\u00e8mes. Chaque module comprend 2 th\u00e8mes r\u00e9partis en quatre semaines d\u2019apprentissage et une semaine de consolidation. Chaque th\u00e8me est donc pr\u00e9vu pour deux semaines.<\/span><\/p>\n<ul>\n<li style=\"font-weight: 400;\" aria-level=\"1\"><span style=\"font-weight: 400;\">La premi\u00e8re semaine comprend :<\/span><\/li>\n<\/ul>\n<ul>\n<li style=\"list-style-type: none;\">\n<ul>\n<li style=\"font-weight: 400;\" aria-level=\"1\"><span style=\"font-weight: 400;\">Une page de garde.\u00a0<\/span><\/li>\n<li style=\"font-weight: 400;\" aria-level=\"1\"><span style=\"font-weight: 400;\">Un texte de lecture avec des dessins pr\u00e9sentant les difficult\u00e9s lexicales, ainsi que des questions d\u2019exploitation.\u00a0<\/span><\/li>\n<li style=\"font-weight: 400;\" aria-level=\"1\"><span style=\"font-weight: 400;\">Des activit\u00e9s d\u2019expression orale.<\/span><\/li>\n<li style=\"font-weight: 400;\" aria-level=\"1\"><span style=\"font-weight: 400;\">Une chanson.\u00a0<\/span><\/li>\n<li style=\"font-weight: 400;\" aria-level=\"1\"><span style=\"font-weight: 400;\">Une le\u00e7on de grammaire.\u00a0<\/span><\/li>\n<li style=\"font-weight: 400;\" aria-level=\"1\"><span style=\"font-weight: 400;\">Une le\u00e7on d\u2019orthographe grammaticale suivie d\u2019une proposition de dict\u00e9e.\u00a0<\/span><\/li>\n<\/ul>\n<\/li>\n<\/ul>\n<ul>\n<li style=\"font-weight: 400;\" aria-level=\"1\"><span style=\"font-weight: 400;\">La deuxi\u00e8me semaine comprend :<\/span><\/li>\n<\/ul>\n<ul>\n<li style=\"list-style-type: none;\">\n<ul>\n<li style=\"font-weight: 400;\" aria-level=\"1\"><span style=\"font-weight: 400;\">Un deuxi\u00e8me texte de lecture.\u00a0<\/span><\/li>\n<li style=\"font-weight: 400;\" aria-level=\"1\"><span style=\"font-weight: 400;\">Des activit\u00e9s d\u2019expression orale.<\/span><\/li>\n<li style=\"font-weight: 400;\" aria-level=\"1\"><span style=\"font-weight: 400;\">Une le\u00e7on de vocabulaire.<\/span><\/li>\n<li style=\"font-weight: 400;\" aria-level=\"1\"><span style=\"font-weight: 400;\">Un po\u00e8me.<\/span><\/li>\n<li style=\"font-weight: 400;\" aria-level=\"1\"><span style=\"font-weight: 400;\">Une le\u00e7on de conjugaison.\u00a0<\/span><\/li>\n<li style=\"font-weight: 400;\" aria-level=\"1\"><span style=\"font-weight: 400;\">Une le\u00e7on d\u2019orthographe phon\u00e9tique suivie d\u2019une proposition de dict\u00e9e.\u00a0<\/span><\/li>\n<li style=\"font-weight: 400;\" aria-level=\"1\"><span style=\"font-weight: 400;\">Un texte informatif ou injonctif accompagn\u00e9 de questions et d\u2019activit\u00e9s.<\/span><\/li>\n<\/ul>\n<\/li>\n<\/ul>\n<p><span style=\"font-weight: 400;\">Enfin, la premi\u00e8re page du manuel contient un code QR. L\u2019enfant pourra ainsi \u00e9couter :<\/span><\/p>\n<ul>\n<li style=\"font-weight: 400;\" aria-level=\"1\"><span style=\"font-weight: 400;\">Les chansons dont les paroles se trouvent dans le manuel.<\/span><\/li>\n<li style=\"font-weight: 400;\" aria-level=\"1\"><span style=\"font-weight: 400;\">Les activit\u00e9s d\u2019expression orale.<\/span><\/li>\n<li style=\"font-weight: 400;\" aria-level=\"1\"><span style=\"font-weight: 400;\">Les jeux de r\u00f4les.<\/span><\/li>\n<\/ul>","protected":false},"excerpt":{"rendered":"<p><span style=\"font-weight: 400;\">Ce livre de lecture pour le CE1 \/ EB2 accorde de nombreux exercices et des projets de classe vari\u00e9s qui favorisent aussi bien la compr\u00e9hension et l\u2019expression orale que le travail de groupe et l'interdisciplinarit\u00e9.\u00a0<\/span><\/p>\n<p><span style=\"font-weight: 400;\">Pour acc\u00e9der \u00e0 la collection compl\u00e8te Tremplin vers le fran\u00e7ais pour le CE1 \/ EB2, veuillez cliquer <a href=\"https:\/\/kedemoseducation.com\/fr\/categorie-de-produit\/manuels-scolaires\/francais\/primaire\/tremplin-vers-le-francais\/grade-2\/\">ici<\/a>.<\/span><\/p>\n<p><strong>Remarque : Ce livre est exclusivement r\u00e9serv\u00e9 \u00e0 nos lecteurs marocains.<\/strong><\/p>","protected":false},"featured_media":11763,"comment_status":"closed","ping_status":"closed","template":"","meta":{"_monsterinsights_skip_tracking":false,"_monsterinsights_sitenote_active":false,"_monsterinsights_sitenote_note":"","_monsterinsights_sitenote_category":0},"product_brand":[],"product_cat":[17,207,16,328,348,345],"product_tag":[74,336,347,409],"class_list":{"0":"post-11762","1":"product","2":"type-product","3":"status-publish","4":"has-post-thumbnail","6":"product_cat-french","7":"product_cat-new-releases","8":"product_cat-school-books","9":"product_cat-primary-school","10":"product_cat-grade-2","11":"product_cat-tremplin-vers-le-francais","12":"product_tag-grade-2","13":"product_tag-reading-textbook","14":"product_tag-tremplin-vers-le-francais","15":"product_tag-exclusive-for-morocco","16":"pa_grade-grade-2","18":"first","19":"instock","20":"shipping-taxable","21":"purchasable","22":"product-type-simple"},"yoast_head":"<!-- This site is optimized with the Yoast SEO plugin v26.4 - https:\/\/yoast.com\/wordpress\/plugins\/seo\/ -->\r\n<title>Grade 2 \u2013 Reading Textbook - Kedemos Education<\/title>\r\n<meta name=\"description\" content=\"This Grade 2 reading textbook provides varied exercises and class projects that encourage better oral comprehension and expression.\" \/>\r\n<meta name=\"robots\" content=\"index, follow, max-snippet:-1, max-image-preview:large, max-video-preview:-1\" \/>\r\n<link rel=\"canonical\" href=\"https:\/\/kedemoseducation.com\/fr\/product\/ce1-2eme-annee-manuel-de-francais-tremplin-vers-le-francais\/\" \/>\r\n<meta property=\"og:locale\" content=\"fr_FR\" \/>\r\n<meta property=\"og:type\" content=\"article\" \/>\r\n<meta property=\"og:title\" content=\"Grade 2 \u2013 Reading Textbook - Kedemos Education\" \/>\r\n<meta property=\"og:description\" content=\"This Grade 2 reading textbook provides varied exercises and class projects that encourage better oral comprehension and expression.\" \/>\r\n<meta property=\"og:url\" content=\"https:\/\/kedemoseducation.com\/fr\/product\/ce1-2eme-annee-manuel-de-francais-tremplin-vers-le-francais\/\" \/>\r\n<meta property=\"og:site_name\" content=\"Kedemos Education\" \/>\r\n<meta property=\"article:publisher\" content=\"https:\/\/www.facebook.com\/Kedemoseducation\" \/>\r\n<meta property=\"article:modified_time\" content=\"2026-03-03T09:55:25+00:00\" \/>\r\n<meta property=\"og:image\" content=\"https:\/\/kedemoseducation.com\/wp-content\/uploads\/2025\/05\/CE1-Tremplin-livre-de-lecture.jpg\" \/>\r\n\t<meta property=\"og:image:width\" content=\"600\" \/>\r\n\t<meta property=\"og:image:height\" content=\"800\" \/>\r\n\t<meta property=\"og:image:type\" content=\"image\/jpeg\" \/>\r\n<meta name=\"twitter:card\" content=\"summary_large_image\" \/>\r\n<meta name=\"twitter:label1\" content=\"Dur\u00e9e de lecture estim\u00e9e\" \/>\n\t<meta name=\"twitter:data1\" content=\"2 minutes\" \/>\r\n<script type=\"application\/ld+json\" class=\"yoast-schema-graph\">{\"@context\":\"https:\/\/schema.org\",\"@graph\":[{\"@type\":\"WebPage\",\"@id\":\"https:\/\/kedemoseducation.com\/product\/ce1-2eme-annee-manuel-de-francais-tremplin-vers-le-francais\/\",\"url\":\"https:\/\/kedemoseducation.com\/product\/ce1-2eme-annee-manuel-de-francais-tremplin-vers-le-francais\/\",\"name\":\"Grade 2 \u2013 Reading Textbook - Kedemos Education\",\"isPartOf\":{\"@id\":\"https:\/\/kedemoseducation.com\/fr\/#website\"},\"primaryImageOfPage\":{\"@id\":\"https:\/\/kedemoseducation.com\/product\/ce1-2eme-annee-manuel-de-francais-tremplin-vers-le-francais\/#primaryimage\"},\"image\":{\"@id\":\"https:\/\/kedemoseducation.com\/product\/ce1-2eme-annee-manuel-de-francais-tremplin-vers-le-francais\/#primaryimage\"},\"thumbnailUrl\":\"https:\/\/i0.wp.com\/kedemoseducation.com\/wp-content\/uploads\/2025\/05\/CE1-Tremplin-livre-de-lecture.jpg?fit=600%2C800&ssl=1\",\"datePublished\":\"2025-05-08T12:03:34+00:00\",\"dateModified\":\"2026-03-03T09:55:25+00:00\",\"description\":\"This Grade 2 reading textbook provides varied exercises and class projects that encourage better oral comprehension and expression.\",\"breadcrumb\":{\"@id\":\"https:\/\/kedemoseducation.com\/product\/ce1-2eme-annee-manuel-de-francais-tremplin-vers-le-francais\/#breadcrumb\"},\"inLanguage\":\"fr-FR\",\"potentialAction\":[{\"@type\":\"ReadAction\",\"target\":[\"https:\/\/kedemoseducation.com\/product\/ce1-2eme-annee-manuel-de-francais-tremplin-vers-le-francais\/\"]}]},{\"@type\":\"ImageObject\",\"inLanguage\":\"fr-FR\",\"@id\":\"https:\/\/kedemoseducation.com\/product\/ce1-2eme-annee-manuel-de-francais-tremplin-vers-le-francais\/#primaryimage\",\"url\":\"https:\/\/i0.wp.com\/kedemoseducation.com\/wp-content\/uploads\/2025\/05\/CE1-Tremplin-livre-de-lecture.jpg?fit=600%2C800&ssl=1\",\"contentUrl\":\"https:\/\/i0.wp.com\/kedemoseducation.com\/wp-content\/uploads\/2025\/05\/CE1-Tremplin-livre-de-lecture.jpg?fit=600%2C800&ssl=1\",\"width\":600,\"height\":800,\"caption\":\"Grade 2 - Tremplin vers le fran\u00e7ais\"},{\"@type\":\"BreadcrumbList\",\"@id\":\"https:\/\/kedemoseducation.com\/product\/ce1-2eme-annee-manuel-de-francais-tremplin-vers-le-francais\/#breadcrumb\",\"itemListElement\":[{\"@type\":\"ListItem\",\"position\":1,\"name\":\"Home\",\"item\":\"https:\/\/kedemoseducation.com\/\"},{\"@type\":\"ListItem\",\"position\":2,\"name\":\"All Products\",\"item\":\"https:\/\/kedemoseducation.com\/fr\/shop-2\/tous-les-produits\/\"},{\"@type\":\"ListItem\",\"position\":3,\"name\":\"School Books\",\"item\":\"https:\/\/kedemoseducation.com\/fr\/categorie-de-produit\/manuels-scolaires\/\"},{\"@type\":\"ListItem\",\"position\":4,\"name\":\"Grade 2 \u2013 Reading Textbook\"}]},{\"@type\":\"WebSite\",\"@id\":\"https:\/\/kedemoseducation.com\/fr\/#website\",\"url\":\"https:\/\/kedemoseducation.com\/fr\/\",\"name\":\"Kedemos Education\",\"description\":\"The Pleasure of Learning\",\"publisher\":{\"@id\":\"https:\/\/kedemoseducation.com\/fr\/#organization\"},\"potentialAction\":[{\"@type\":\"SearchAction\",\"target\":{\"@type\":\"EntryPoint\",\"urlTemplate\":\"https:\/\/kedemoseducation.com\/fr\/?s={search_term_string}\"},\"query-input\":{\"@type\":\"PropertyValueSpecification\",\"valueRequired\":true,\"valueName\":\"search_term_string\"}}],\"inLanguage\":\"fr-FR\"},{\"@type\":\"Organization\",\"@id\":\"https:\/\/kedemoseducation.com\/fr\/#organization\",\"name\":\"Kedemos Education\",\"url\":\"https:\/\/kedemoseducation.com\/fr\/\",\"logo\":{\"@type\":\"ImageObject\",\"inLanguage\":\"fr-FR\",\"@id\":\"https:\/\/kedemoseducation.com\/fr\/#\/schema\/logo\/image\/\",\"url\":\"https:\/\/kedemoseducation.com\/wp-content\/uploads\/2023\/06\/logo-kedemos-education.png\",\"contentUrl\":\"https:\/\/kedemoseducation.com\/wp-content\/uploads\/2023\/06\/logo-kedemos-education.png\",\"width\":2362,\"height\":903,\"caption\":\"Kedemos Education\"},\"image\":{\"@id\":\"https:\/\/kedemoseducation.com\/fr\/#\/schema\/logo\/image\/\"},\"sameAs\":[\"https:\/\/www.facebook.com\/Kedemoseducation\",\"https:\/\/www.instagram.com\/kedemoseducation\/\",\"https:\/\/www.linkedin.com\/company\/kedemos-education\/\"]}]}<\/script>\r\n<!-- \/ Yoast SEO plugin. -->","yoast_head_json":{"title":"CE1 \/ EB2 - Livre de lecture - K\u00e9d\u00e9mos Education","description":"Ce livre de lecture pour le CE1 \/ EB2 accorde de nombreux exercices et des projets de classe vari\u00e9s qui favorisent la compr\u00e9hension et l\u2019expression orale.","robots":{"index":"index","follow":"follow","max-snippet":"max-snippet:-1","max-image-preview":"max-image-preview:large","max-video-preview":"max-video-preview:-1"},"canonical":"https:\/\/kedemoseducation.com\/fr\/product\/ce1-2eme-annee-manuel-de-francais-tremplin-vers-le-francais\/","og_locale":"fr_FR","og_type":"article","og_title":"Grade 2 \u2013 Reading Textbook - Kedemos Education","og_description":"This Grade 2 reading textbook provides varied exercises and class projects that encourage better oral comprehension and expression.","og_url":"https:\/\/kedemoseducation.com\/fr\/product\/ce1-2eme-annee-manuel-de-francais-tremplin-vers-le-francais\/","og_site_name":"Kedemos Education","article_publisher":"https:\/\/www.facebook.com\/Kedemoseducation","article_modified_time":"2026-03-03T09:55:25+00:00","og_image":[{"width":600,"height":800,"url":"https:\/\/kedemoseducation.com\/wp-content\/uploads\/2025\/05\/CE1-Tremplin-livre-de-lecture.jpg","type":"image\/jpeg"}],"twitter_card":"summary_large_image","twitter_misc":{"Dur\u00e9e de lecture estim\u00e9e":"2 minutes"},"schema":{"@context":"https:\/\/schema.org","@graph":[{"@type":"WebPage","@id":"https:\/\/kedemoseducation.com\/product\/ce1-2eme-annee-manuel-de-francais-tremplin-vers-le-francais\/","url":"https:\/\/kedemoseducation.com\/product\/ce1-2eme-annee-manuel-de-francais-tremplin-vers-le-francais\/","name":"CE1 \/ EB2 - Livre de lecture - K\u00e9d\u00e9mos Education","isPartOf":{"@id":"https:\/\/kedemoseducation.com\/fr\/#website"},"primaryImageOfPage":{"@id":"https:\/\/kedemoseducation.com\/product\/ce1-2eme-annee-manuel-de-francais-tremplin-vers-le-francais\/#primaryimage"},"image":{"@id":"https:\/\/kedemoseducation.com\/product\/ce1-2eme-annee-manuel-de-francais-tremplin-vers-le-francais\/#primaryimage"},"thumbnailUrl":"https:\/\/i0.wp.com\/kedemoseducation.com\/wp-content\/uploads\/2025\/05\/CE1-Tremplin-livre-de-lecture.jpg?fit=600%2C800&ssl=1","datePublished":"2025-05-08T12:03:34+00:00","dateModified":"2026-03-03T09:55:25+00:00","description":"Ce livre de lecture pour le CE1 \/ EB2 accorde de nombreux exercices et des projets de classe vari\u00e9s qui favorisent la compr\u00e9hension et l\u2019expression orale.","breadcrumb":{"@id":"https:\/\/kedemoseducation.com\/product\/ce1-2eme-annee-manuel-de-francais-tremplin-vers-le-francais\/#breadcrumb"},"inLanguage":"fr-FR","potentialAction":[{"@type":"ReadAction","target":["https:\/\/kedemoseducation.com\/product\/ce1-2eme-annee-manuel-de-francais-tremplin-vers-le-francais\/"]}]},{"@type":"ImageObject","inLanguage":"fr-FR","@id":"https:\/\/kedemoseducation.com\/product\/ce1-2eme-annee-manuel-de-francais-tremplin-vers-le-francais\/#primaryimage","url":"https:\/\/i0.wp.com\/kedemoseducation.com\/wp-content\/uploads\/2025\/05\/CE1-Tremplin-livre-de-lecture.jpg?fit=600%2C800&ssl=1","contentUrl":"https:\/\/i0.wp.com\/kedemoseducation.com\/wp-content\/uploads\/2025\/05\/CE1-Tremplin-livre-de-lecture.jpg?fit=600%2C800&ssl=1","width":600,"height":800,"caption":"Grade 2 - Tremplin vers le fran\u00e7ais"},{"@type":"BreadcrumbList","@id":"https:\/\/kedemoseducation.com\/product\/ce1-2eme-annee-manuel-de-francais-tremplin-vers-le-francais\/#breadcrumb","itemListElement":[{"@type":"ListItem","position":1,"name":"Home","item":"https:\/\/kedemoseducation.com\/"},{"@type":"ListItem","position":2,"name":"All Products","item":"https:\/\/kedemoseducation.com\/fr\/shop-2\/tous-les-produits\/"},{"@type":"ListItem","position":3,"name":"School Books","item":"https:\/\/kedemoseducation.com\/fr\/categorie-de-produit\/manuels-scolaires\/"},{"@type":"ListItem","position":4,"name":"Grade 2 \u2013 Reading Textbook"}]},{"@type":"WebSite","@id":"https:\/\/kedemoseducation.com\/fr\/#website","url":"https:\/\/kedemoseducation.com\/fr\/","name":"K\u00e9d\u00e9mos Education","description":"Le plaisir d'apprendre","publisher":{"@id":"https:\/\/kedemoseducation.com\/fr\/#organization"},"potentialAction":[{"@type":"SearchAction","target":{"@type":"EntryPoint","urlTemplate":"https:\/\/kedemoseducation.com\/fr\/?s={search_term_string}"},"query-input":{"@type":"PropertyValueSpecification","valueRequired":true,"valueName":"search_term_string"}}],"inLanguage":"fr-FR"},{"@type":"Organization","@id":"https:\/\/kedemoseducation.com\/fr\/#organization","name":"K\u00e9d\u00e9mos Education","url":"https:\/\/kedemoseducation.com\/fr\/","logo":{"@type":"ImageObject","inLanguage":"fr-FR","@id":"https:\/\/kedemoseducation.com\/fr\/#\/schema\/logo\/image\/","url":"https:\/\/kedemoseducation.com\/wp-content\/uploads\/2023\/06\/logo-kedemos-education.png","contentUrl":"https:\/\/kedemoseducation.com\/wp-content\/uploads\/2023\/06\/logo-kedemos-education.png","width":2362,"height":903,"caption":"Kedemos Education"},"image":{"@id":"https:\/\/kedemoseducation.com\/fr\/#\/schema\/logo\/image\/"},"sameAs":["https:\/\/www.facebook.com\/Kedemoseducation","https:\/\/www.instagram.com\/kedemoseducation\/","https:\/\/www.linkedin.com\/company\/kedemos-education\/"]}]}},"jetpack_sharing_enabled":true,"_links":{"self":[{"href":"https:\/\/kedemoseducation.com\/fr\/wp-json\/wp\/v2\/product\/11762","targetHints":{"allow":["GET"]}}],"collection":[{"href":"https:\/\/kedemoseducation.com\/fr\/wp-json\/wp\/v2\/product"}],"about":[{"href":"https:\/\/kedemoseducation.com\/fr\/wp-json\/wp\/v2\/types\/product"}],"replies":[{"embeddable":true,"href":"https:\/\/kedemoseducation.com\/fr\/wp-json\/wp\/v2\/comments?post=11762"}],"wp:featuredmedia":[{"embeddable":true,"href":"https:\/\/kedemoseducation.com\/fr\/wp-json\/wp\/v2\/media\/11763"}],"wp:attachment":[{"href":"https:\/\/kedemoseducation.com\/fr\/wp-json\/wp\/v2\/media?parent=11762"}],"wp:term":[{"taxonomy":"product_brand","embeddable":true,"href":"https:\/\/kedemoseducation.com\/fr\/wp-json\/wp\/v2\/product_brand?post=11762"},{"taxonomy":"product_cat","embeddable":true,"href":"https:\/\/kedemoseducation.com\/fr\/wp-json\/wp\/v2\/product_cat?post=11762"},{"taxonomy":"product_tag","embeddable":true,"href":"https:\/\/kedemoseducation.com\/fr\/wp-json\/wp\/v2\/product_tag?post=11762"}],"curies":[{"name":"wp","href":"https:\/\/api.w.org\/{rel}","templated":true}]}}