{"id":11748,"date":"2025-05-08T14:03:23","date_gmt":"2025-05-08T11:03:23","guid":{"rendered":"https:\/\/kedemoseducation.com\/?post_type=product&#038;p=11748"},"modified":"2026-03-03T11:55:20","modified_gmt":"2026-03-03T09:55:20","slug":"grade-1-reading-textbook-tremplin-vers-le-francais","status":"publish","type":"product","link":"https:\/\/kedemoseducation.com\/fr\/product\/cp-1er-annee-livre-de-lecture-tremplin-vers-le-francais\/","title":{"rendered":"CP \/ EB1 - Livre de Lecture"},"content":{"rendered":"<h1><strong>CP \/ EB1 Livre de lecture - Tremplin vers le fran\u00e7ais<\/strong><\/h1>\n<h2>Pr\u00e9sentation de la m\u00e9thode du CP \/ EB1<\/h2>\n<p><span style=\"font-weight: 400;\">Ce livre de lecture pour le CP \/ EB1 fait partie de la collection Tremplin vers le fran\u00e7ais.<\/span><\/p>\n<p><span style=\"font-weight: 400;\">La collection Tremplin vers le fran\u00e7ais est une m\u00e9thode compl\u00e8te d\u2019apprentissage de la langue. Elle couvre toutes les classes du Cycle Primaire. L\u2019esprit, les contenus et les pratiques d\u00e9j\u00e0 acquises dans les Classes Maternelles sont repris et \u00e9largis. Ce manuel constitue alors une r\u00e9vision int\u00e9grale et d\u00e9taill\u00e9e des le\u00e7ons de la Grande Section Maternelle.<\/span><\/p>\n<p><span style=\"font-weight: 400;\">Tremplin vers le fran\u00e7ais pour le CP \/ EB1 met en pratique les principes m\u00e9thodologiques suivants :\u00a0<\/span><\/p>\n<ul>\n<li style=\"font-weight: 400;\" aria-level=\"1\"><span style=\"font-weight: 400;\">Priorit\u00e9 accord\u00e9e \u00e0 la compr\u00e9hension et \u00e0 l\u2019expression orale \u00e0 travers les mat\u00e9riels p\u00e9dagogiques et les nombreux exercices de r\u00e9emploi, d\u2019impr\u00e9gnation, de fixation et d\u2019enrichissement lexical.<\/span><\/li>\n<li style=\"font-weight: 400;\" aria-level=\"1\"><span style=\"font-weight: 400;\">Une abondance d\u2019illustrations : des images color\u00e9es et attractives renforcent la compr\u00e9hension et facilitent l'expression.<\/span><\/li>\n<li style=\"font-weight: 400;\" aria-level=\"1\"><span style=\"font-weight: 400;\">Participation des enfants : les jeux de r\u00f4le et les dramatisations, les mat\u00e9riels p\u00e9dagogiques\u2026 contribueront \u00e0 rendre la classe plus vivante. Les relations psychop\u00e9dagogiques deviennent plus \u00e9panouissantes et l\u2019apprentissage plus efficace.\u00a0<\/span><\/li>\n<li style=\"font-weight: 400;\" aria-level=\"1\"><span style=\"font-weight: 400;\">M\u00e9thode syllabique de lecture qui permet une progression simple, logique et rigoureuse des phon\u00e8mes-graph\u00e8mes, et qui va du plus simple au plus complexe (de la lettre \u00e0 la syllabe, au mot, \u00e0 la phrase et au texte).<\/span><\/li>\n<li style=\"font-weight: 400;\" aria-level=\"1\"><span style=\"font-weight: 400;\">Consolidation des acquis tout au long de l\u2019ann\u00e9e. La cinqui\u00e8me semaine de chaque module est exclusivement consacr\u00e9e \u00e0 cet effet, ainsi qu\u2019aux bilans de la mi-ann\u00e9e et de la fin d\u2019ann\u00e9e.<\/span><\/li>\n<\/ul>\n<p><span style=\"font-weight: 400;\">La collection Tremplin vers le fran\u00e7ais pour le CP \/ EB1 est compos\u00e9e des 4 volets suivants : un livre de lecture, deux cahiers d\u2019application et un cahier d\u2019\u00e9criture.<\/span><\/p>\n<h3><strong>Livre de lecture CP \/ EB1<\/strong><\/h3>\n<p><span style=\"font-weight: 400;\">Ce livre de lecture de la collection Tremplin vers le fran\u00e7ais est divis\u00e9 en six modules et douze th\u00e8mes. Chaque module comprend deux th\u00e8mes et s\u2019articule en quatre semaines de travail. Une cinqui\u00e8me semaine est r\u00e9serv\u00e9e \u00e0 la consolidation des acquisitions. Chaque semaine de travail comprend :<\/span><\/p>\n<ul>\n<li style=\"font-weight: 400;\" aria-level=\"1\"><span style=\"font-weight: 400;\">Une double page consacr\u00e9e aux activit\u00e9s d\u2019expression orale largement inspir\u00e9es des contes qui servent de motivation et aussi de pr\u00e9sentation du lexique du th\u00e8me.<\/span><\/li>\n<li style=\"font-weight: 400;\" aria-level=\"1\"><span style=\"font-weight: 400;\">Ensuite, deux autres doubles pages sont r\u00e9serv\u00e9es aux le\u00e7ons de lecture.<\/span><\/li>\n<\/ul>\n<p><span style=\"font-weight: 400;\">On trouvera \u00e9galement, \u00e0 la fin de chaque th\u00e8me, les textes des chansons et des po\u00e8mes.<\/span><\/p>\n<p><span style=\"font-weight: 400;\">Enfin, la premi\u00e8re page du manuel contient un code QR. L\u2019enfant pourra ainsi \u00e9couter :<\/span><\/p>\n<ul>\n<li style=\"font-weight: 400;\" aria-level=\"1\"><span style=\"font-weight: 400;\">Les chansons dont les paroles se trouvent dans le manuel.<\/span><\/li>\n<li style=\"font-weight: 400;\" aria-level=\"1\"><span style=\"font-weight: 400;\">Les contes avec bruitages et effets sonores.<\/span><\/li>\n<li style=\"font-weight: 400;\" aria-level=\"1\"><span style=\"font-weight: 400;\">Les jeux de r\u00f4les.<\/span><\/li>\n<\/ul>","protected":false},"excerpt":{"rendered":"<p>Ce livre de lecture pour la CP \/ EB1 est bas\u00e9 sur la m\u00e9thode syllabique de lecture. Simple et efficace, cet apprentissage consiste \u00e0 associer des lettres pour former des syllabes, des mots, des phrases et des textes.<\/p>\n<p>Pour acc\u00e9der \u00e0 la collection compl\u00e8te de Tremplin vers le fran\u00e7ais pour le CP \/ EB1, veuillez cliquer <a href=\"https:\/\/kedemoseducation.com\/fr\/categorie-de-produit\/manuels-scolaires\/francais\/primaire\/tremplin-vers-le-francais\/grade-1\/\">ici<\/a>.<\/p>\n<p><strong><br \/>\nRemarque : Ce livre est exclusivement r\u00e9serv\u00e9 \u00e0 nos lecteurs marocains.<\/strong><\/p>","protected":false},"featured_media":11758,"comment_status":"closed","ping_status":"closed","template":"","meta":{"_monsterinsights_skip_tracking":false,"_monsterinsights_sitenote_active":false,"_monsterinsights_sitenote_note":"","_monsterinsights_sitenote_category":0},"product_brand":[],"product_cat":[346,17,207,16,328,345],"product_tag":[76,336,347,409],"class_list":{"0":"post-11748","1":"product","2":"type-product","3":"status-publish","4":"has-post-thumbnail","6":"product_cat-grade-1","7":"product_cat-french","8":"product_cat-new-releases","9":"product_cat-school-books","10":"product_cat-primary-school","11":"product_cat-tremplin-vers-le-francais","12":"product_tag-grade-1","13":"product_tag-reading-textbook","14":"product_tag-tremplin-vers-le-francais","15":"product_tag-exclusive-for-morocco","16":"pa_grade-grade-1","18":"first","19":"instock","20":"shipping-taxable","21":"purchasable","22":"product-type-simple"},"yoast_head":"<!-- This site is optimized with the Yoast SEO plugin v26.4 - https:\/\/yoast.com\/wordpress\/plugins\/seo\/ -->\r\n<title>Grade 1 \u2013 Reading Textbook - Kedemos Education<\/title>\r\n<meta name=\"description\" content=\"This Grade 1 reading textbook is based on the syllabic reading method and is part of a comprehensive method of learning French.\" \/>\r\n<meta name=\"robots\" content=\"index, follow, max-snippet:-1, max-image-preview:large, max-video-preview:-1\" \/>\r\n<link rel=\"canonical\" href=\"https:\/\/kedemoseducation.com\/fr\/product\/cp-1er-annee-livre-de-lecture-tremplin-vers-le-francais\/\" \/>\r\n<meta property=\"og:locale\" content=\"fr_FR\" \/>\r\n<meta property=\"og:type\" content=\"article\" \/>\r\n<meta property=\"og:title\" content=\"Grade 1 \u2013 Reading Textbook - Kedemos Education\" \/>\r\n<meta property=\"og:description\" content=\"This Grade 1 reading textbook is based on the syllabic reading method and is part of a comprehensive method of learning French.\" \/>\r\n<meta property=\"og:url\" content=\"https:\/\/kedemoseducation.com\/fr\/product\/cp-1er-annee-livre-de-lecture-tremplin-vers-le-francais\/\" \/>\r\n<meta property=\"og:site_name\" content=\"Kedemos Education\" \/>\r\n<meta property=\"article:publisher\" content=\"https:\/\/www.facebook.com\/Kedemoseducation\" \/>\r\n<meta property=\"article:modified_time\" content=\"2026-03-03T09:55:20+00:00\" \/>\r\n<meta property=\"og:image\" content=\"https:\/\/kedemoseducation.com\/wp-content\/uploads\/2025\/05\/Lecture-CP-Tremplin-1.jpg\" \/>\r\n\t<meta property=\"og:image:width\" content=\"600\" \/>\r\n\t<meta property=\"og:image:height\" content=\"800\" \/>\r\n\t<meta property=\"og:image:type\" content=\"image\/jpeg\" \/>\r\n<meta name=\"twitter:card\" content=\"summary_large_image\" \/>\r\n<meta name=\"twitter:label1\" content=\"Dur\u00e9e de lecture estim\u00e9e\" \/>\n\t<meta name=\"twitter:data1\" content=\"2 minutes\" \/>\r\n<script type=\"application\/ld+json\" class=\"yoast-schema-graph\">{\"@context\":\"https:\/\/schema.org\",\"@graph\":[{\"@type\":\"WebPage\",\"@id\":\"https:\/\/kedemoseducation.com\/product\/cp-1er-annee-livre-de-lecture-tremplin-vers-le-francais\/\",\"url\":\"https:\/\/kedemoseducation.com\/product\/cp-1er-annee-livre-de-lecture-tremplin-vers-le-francais\/\",\"name\":\"Grade 1 \u2013 Reading Textbook - Kedemos Education\",\"isPartOf\":{\"@id\":\"https:\/\/kedemoseducation.com\/fr\/#website\"},\"primaryImageOfPage\":{\"@id\":\"https:\/\/kedemoseducation.com\/product\/cp-1er-annee-livre-de-lecture-tremplin-vers-le-francais\/#primaryimage\"},\"image\":{\"@id\":\"https:\/\/kedemoseducation.com\/product\/cp-1er-annee-livre-de-lecture-tremplin-vers-le-francais\/#primaryimage\"},\"thumbnailUrl\":\"https:\/\/i0.wp.com\/kedemoseducation.com\/wp-content\/uploads\/2025\/05\/Lecture-CP-Tremplin-1.jpg?fit=600%2C800&ssl=1\",\"datePublished\":\"2025-05-08T11:03:23+00:00\",\"dateModified\":\"2026-03-03T09:55:20+00:00\",\"description\":\"This Grade 1 reading textbook is based on the syllabic reading method and is part of a comprehensive method of learning French.\",\"breadcrumb\":{\"@id\":\"https:\/\/kedemoseducation.com\/product\/cp-1er-annee-livre-de-lecture-tremplin-vers-le-francais\/#breadcrumb\"},\"inLanguage\":\"fr-FR\",\"potentialAction\":[{\"@type\":\"ReadAction\",\"target\":[\"https:\/\/kedemoseducation.com\/product\/cp-1er-annee-livre-de-lecture-tremplin-vers-le-francais\/\"]}]},{\"@type\":\"ImageObject\",\"inLanguage\":\"fr-FR\",\"@id\":\"https:\/\/kedemoseducation.com\/product\/cp-1er-annee-livre-de-lecture-tremplin-vers-le-francais\/#primaryimage\",\"url\":\"https:\/\/i0.wp.com\/kedemoseducation.com\/wp-content\/uploads\/2025\/05\/Lecture-CP-Tremplin-1.jpg?fit=600%2C800&ssl=1\",\"contentUrl\":\"https:\/\/i0.wp.com\/kedemoseducation.com\/wp-content\/uploads\/2025\/05\/Lecture-CP-Tremplin-1.jpg?fit=600%2C800&ssl=1\",\"width\":600,\"height\":800,\"caption\":\"Grade 1 - Tremplin vers le fran\u00e7ais\"},{\"@type\":\"BreadcrumbList\",\"@id\":\"https:\/\/kedemoseducation.com\/product\/cp-1er-annee-livre-de-lecture-tremplin-vers-le-francais\/#breadcrumb\",\"itemListElement\":[{\"@type\":\"ListItem\",\"position\":1,\"name\":\"Home\",\"item\":\"https:\/\/kedemoseducation.com\/\"},{\"@type\":\"ListItem\",\"position\":2,\"name\":\"All Products\",\"item\":\"https:\/\/kedemoseducation.com\/fr\/shop-2\/tous-les-produits\/\"},{\"@type\":\"ListItem\",\"position\":3,\"name\":\"School Books\",\"item\":\"https:\/\/kedemoseducation.com\/fr\/categorie-de-produit\/manuels-scolaires\/\"},{\"@type\":\"ListItem\",\"position\":4,\"name\":\"Grade 1 \u2013 Reading Textbook\"}]},{\"@type\":\"WebSite\",\"@id\":\"https:\/\/kedemoseducation.com\/fr\/#website\",\"url\":\"https:\/\/kedemoseducation.com\/fr\/\",\"name\":\"Kedemos Education\",\"description\":\"The Pleasure of Learning\",\"publisher\":{\"@id\":\"https:\/\/kedemoseducation.com\/fr\/#organization\"},\"potentialAction\":[{\"@type\":\"SearchAction\",\"target\":{\"@type\":\"EntryPoint\",\"urlTemplate\":\"https:\/\/kedemoseducation.com\/fr\/?s={search_term_string}\"},\"query-input\":{\"@type\":\"PropertyValueSpecification\",\"valueRequired\":true,\"valueName\":\"search_term_string\"}}],\"inLanguage\":\"fr-FR\"},{\"@type\":\"Organization\",\"@id\":\"https:\/\/kedemoseducation.com\/fr\/#organization\",\"name\":\"Kedemos Education\",\"url\":\"https:\/\/kedemoseducation.com\/fr\/\",\"logo\":{\"@type\":\"ImageObject\",\"inLanguage\":\"fr-FR\",\"@id\":\"https:\/\/kedemoseducation.com\/fr\/#\/schema\/logo\/image\/\",\"url\":\"https:\/\/kedemoseducation.com\/wp-content\/uploads\/2023\/06\/logo-kedemos-education.png\",\"contentUrl\":\"https:\/\/kedemoseducation.com\/wp-content\/uploads\/2023\/06\/logo-kedemos-education.png\",\"width\":2362,\"height\":903,\"caption\":\"Kedemos Education\"},\"image\":{\"@id\":\"https:\/\/kedemoseducation.com\/fr\/#\/schema\/logo\/image\/\"},\"sameAs\":[\"https:\/\/www.facebook.com\/Kedemoseducation\",\"https:\/\/www.instagram.com\/kedemoseducation\/\",\"https:\/\/www.linkedin.com\/company\/kedemos-education\/\"]}]}<\/script>\r\n<!-- \/ Yoast SEO plugin. -->","yoast_head_json":{"title":"CP \/ EB1 - Livre de lecture - K\u00e9d\u00e9mos Education","description":"Ce livre de lecture pour le CP \/ EB1 est bas\u00e9 sur la m\u00e9thode syllabique de lecture et s'int\u00e8gre \u00e0 une m\u00e9thode compl\u00e8te d\u2019apprentissage du fran\u00e7ais.","robots":{"index":"index","follow":"follow","max-snippet":"max-snippet:-1","max-image-preview":"max-image-preview:large","max-video-preview":"max-video-preview:-1"},"canonical":"https:\/\/kedemoseducation.com\/fr\/product\/cp-1er-annee-livre-de-lecture-tremplin-vers-le-francais\/","og_locale":"fr_FR","og_type":"article","og_title":"Grade 1 \u2013 Reading Textbook - Kedemos Education","og_description":"This Grade 1 reading textbook is based on the syllabic reading method and is part of a comprehensive method of learning French.","og_url":"https:\/\/kedemoseducation.com\/fr\/product\/cp-1er-annee-livre-de-lecture-tremplin-vers-le-francais\/","og_site_name":"Kedemos Education","article_publisher":"https:\/\/www.facebook.com\/Kedemoseducation","article_modified_time":"2026-03-03T09:55:20+00:00","og_image":[{"width":600,"height":800,"url":"https:\/\/kedemoseducation.com\/wp-content\/uploads\/2025\/05\/Lecture-CP-Tremplin-1.jpg","type":"image\/jpeg"}],"twitter_card":"summary_large_image","twitter_misc":{"Dur\u00e9e de lecture estim\u00e9e":"2 minutes"},"schema":{"@context":"https:\/\/schema.org","@graph":[{"@type":"WebPage","@id":"https:\/\/kedemoseducation.com\/product\/cp-1er-annee-livre-de-lecture-tremplin-vers-le-francais\/","url":"https:\/\/kedemoseducation.com\/product\/cp-1er-annee-livre-de-lecture-tremplin-vers-le-francais\/","name":"CP \/ EB1 - Livre de lecture - K\u00e9d\u00e9mos Education","isPartOf":{"@id":"https:\/\/kedemoseducation.com\/fr\/#website"},"primaryImageOfPage":{"@id":"https:\/\/kedemoseducation.com\/product\/cp-1er-annee-livre-de-lecture-tremplin-vers-le-francais\/#primaryimage"},"image":{"@id":"https:\/\/kedemoseducation.com\/product\/cp-1er-annee-livre-de-lecture-tremplin-vers-le-francais\/#primaryimage"},"thumbnailUrl":"https:\/\/i0.wp.com\/kedemoseducation.com\/wp-content\/uploads\/2025\/05\/Lecture-CP-Tremplin-1.jpg?fit=600%2C800&ssl=1","datePublished":"2025-05-08T11:03:23+00:00","dateModified":"2026-03-03T09:55:20+00:00","description":"Ce livre de lecture pour le CP \/ EB1 est bas\u00e9 sur la m\u00e9thode syllabique de lecture et s'int\u00e8gre \u00e0 une m\u00e9thode compl\u00e8te d\u2019apprentissage du fran\u00e7ais.","breadcrumb":{"@id":"https:\/\/kedemoseducation.com\/product\/cp-1er-annee-livre-de-lecture-tremplin-vers-le-francais\/#breadcrumb"},"inLanguage":"fr-FR","potentialAction":[{"@type":"ReadAction","target":["https:\/\/kedemoseducation.com\/product\/cp-1er-annee-livre-de-lecture-tremplin-vers-le-francais\/"]}]},{"@type":"ImageObject","inLanguage":"fr-FR","@id":"https:\/\/kedemoseducation.com\/product\/cp-1er-annee-livre-de-lecture-tremplin-vers-le-francais\/#primaryimage","url":"https:\/\/i0.wp.com\/kedemoseducation.com\/wp-content\/uploads\/2025\/05\/Lecture-CP-Tremplin-1.jpg?fit=600%2C800&ssl=1","contentUrl":"https:\/\/i0.wp.com\/kedemoseducation.com\/wp-content\/uploads\/2025\/05\/Lecture-CP-Tremplin-1.jpg?fit=600%2C800&ssl=1","width":600,"height":800,"caption":"Grade 1 - Tremplin vers le fran\u00e7ais"},{"@type":"BreadcrumbList","@id":"https:\/\/kedemoseducation.com\/product\/cp-1er-annee-livre-de-lecture-tremplin-vers-le-francais\/#breadcrumb","itemListElement":[{"@type":"ListItem","position":1,"name":"Home","item":"https:\/\/kedemoseducation.com\/"},{"@type":"ListItem","position":2,"name":"All Products","item":"https:\/\/kedemoseducation.com\/fr\/shop-2\/tous-les-produits\/"},{"@type":"ListItem","position":3,"name":"School Books","item":"https:\/\/kedemoseducation.com\/fr\/categorie-de-produit\/manuels-scolaires\/"},{"@type":"ListItem","position":4,"name":"Grade 1 \u2013 Reading Textbook"}]},{"@type":"WebSite","@id":"https:\/\/kedemoseducation.com\/fr\/#website","url":"https:\/\/kedemoseducation.com\/fr\/","name":"K\u00e9d\u00e9mos Education","description":"Le plaisir d'apprendre","publisher":{"@id":"https:\/\/kedemoseducation.com\/fr\/#organization"},"potentialAction":[{"@type":"SearchAction","target":{"@type":"EntryPoint","urlTemplate":"https:\/\/kedemoseducation.com\/fr\/?s={search_term_string}"},"query-input":{"@type":"PropertyValueSpecification","valueRequired":true,"valueName":"search_term_string"}}],"inLanguage":"fr-FR"},{"@type":"Organization","@id":"https:\/\/kedemoseducation.com\/fr\/#organization","name":"K\u00e9d\u00e9mos Education","url":"https:\/\/kedemoseducation.com\/fr\/","logo":{"@type":"ImageObject","inLanguage":"fr-FR","@id":"https:\/\/kedemoseducation.com\/fr\/#\/schema\/logo\/image\/","url":"https:\/\/kedemoseducation.com\/wp-content\/uploads\/2023\/06\/logo-kedemos-education.png","contentUrl":"https:\/\/kedemoseducation.com\/wp-content\/uploads\/2023\/06\/logo-kedemos-education.png","width":2362,"height":903,"caption":"Kedemos Education"},"image":{"@id":"https:\/\/kedemoseducation.com\/fr\/#\/schema\/logo\/image\/"},"sameAs":["https:\/\/www.facebook.com\/Kedemoseducation","https:\/\/www.instagram.com\/kedemoseducation\/","https:\/\/www.linkedin.com\/company\/kedemos-education\/"]}]}},"jetpack_sharing_enabled":true,"_links":{"self":[{"href":"https:\/\/kedemoseducation.com\/fr\/wp-json\/wp\/v2\/product\/11748","targetHints":{"allow":["GET"]}}],"collection":[{"href":"https:\/\/kedemoseducation.com\/fr\/wp-json\/wp\/v2\/product"}],"about":[{"href":"https:\/\/kedemoseducation.com\/fr\/wp-json\/wp\/v2\/types\/product"}],"replies":[{"embeddable":true,"href":"https:\/\/kedemoseducation.com\/fr\/wp-json\/wp\/v2\/comments?post=11748"}],"wp:featuredmedia":[{"embeddable":true,"href":"https:\/\/kedemoseducation.com\/fr\/wp-json\/wp\/v2\/media\/11758"}],"wp:attachment":[{"href":"https:\/\/kedemoseducation.com\/fr\/wp-json\/wp\/v2\/media?parent=11748"}],"wp:term":[{"taxonomy":"product_brand","embeddable":true,"href":"https:\/\/kedemoseducation.com\/fr\/wp-json\/wp\/v2\/product_brand?post=11748"},{"taxonomy":"product_cat","embeddable":true,"href":"https:\/\/kedemoseducation.com\/fr\/wp-json\/wp\/v2\/product_cat?post=11748"},{"taxonomy":"product_tag","embeddable":true,"href":"https:\/\/kedemoseducation.com\/fr\/wp-json\/wp\/v2\/product_tag?post=11748"}],"curies":[{"name":"wp","href":"https:\/\/api.w.org\/{rel}","templated":true}]}}