{"id":11741,"date":"2025-05-08T13:28:06","date_gmt":"2025-05-08T10:28:06","guid":{"rendered":"https:\/\/kedemoseducation.com\/?post_type=product&#038;p=11741"},"modified":"2026-03-03T11:55:58","modified_gmt":"2026-03-03T09:55:58","slug":"grade-5-science-textbook-morocco","status":"publish","type":"product","link":"https:\/\/kedemoseducation.com\/fr\/product\/cm2-eb5-manuel-de-sciences-maroc\/","title":{"rendered":"CM2 \/ EB5 - Manuel de Sciences"},"content":{"rendered":"<h1><strong>CM2 \/ EB5 Manuel de Sciences- D\u00e9couvrir le monde<\/strong><\/h1>\n<h2><strong>Pr\u00e9sentation de la m\u00e9thode du CM2 \/ EB5<\/strong><\/h2>\n<p><span style=\"font-weight: 400;\">Ce livre de sciences de la collection \u00ab D\u00e9couvrir le monde \u00bb est destin\u00e9 \u00e0 la classe de CM2 \/ EB5.\u00a0<\/span><\/p>\n<p><span style=\"font-weight: 400;\">L\u2019enseignement des sciences propose une premi\u00e8re d\u00e9couverte du monde et un acc\u00e8s progressif au savoir et au savoir-faire.<\/span><\/p>\n<p><span style=\"font-weight: 400;\">Les nombreux exercices et les exp\u00e9riences vari\u00e9es encouragent l\u2019enfant \u00e0 mieux assimiler ses cours en formulant des hypoth\u00e8ses, en d\u00e9veloppant des concepts et en menant des explorations. Ainsi, par le questionnement et la recherche de r\u00e9ponses, il apprend \u00e0 structurer ses connaissances et \u00e0 les \u00e9laborer de mani\u00e8re plus scientifique.<\/span><\/p>\n<p><span style=\"font-weight: 400;\">Dans ce manuel de sciences pour le CM2 \/ EB5, chaque le\u00e7on d\u00e9bute par une probl\u00e9matique ou une petite introduction qui met l\u2019enfant en position de questionnement. Les observations ou les manipulations qui l\u2019accompagnent aboutissent \u00e0 une synth\u00e8se.<\/span><\/p>\n<h3><strong>Le Manuel de sciences\u00a0<\/strong><\/h3>\n<p><span style=\"font-weight: 400;\">Ce livre de sciences fait partie de la collection \u00ab D\u00e9couvrir le monde \u00bb et est destin\u00e9 \u00e0 la classe de CM2 \/ EB5. Il est divis\u00e9 en 8 th\u00e8mes et 25 le\u00e7ons.\u00a0<\/span><\/p>\n<p>Gr\u00e2ce \u00e0 de nombreuses illustrations, les \u00e9l\u00e8ves explorent et comprennent mieux le monde qui les entoure. Dans cet ouvrage, vous trouverez :<\/p>\n<ul>\n<li style=\"font-weight: 400;\" aria-level=\"1\"><span style=\"font-weight: 400;\">Des exp\u00e9riences qui permettent aux enfants de pratiquer les notions apprises.<\/span><\/li>\n<li style=\"font-weight: 400;\" aria-level=\"1\"><span style=\"font-weight: 400;\">Des exercices pour bien assimiler le cours et d\u00e9velopper leurs comp\u00e9tences d\u2019observation et d\u2019analyse.<\/span><\/li>\n<li style=\"font-weight: 400;\" aria-level=\"1\"><span style=\"font-weight: 400;\">Des questions de r\u00e9flexion qui encouragent les enfants \u00e0 \u00e9mettre leurs propres hypoth\u00e8ses.<\/span><\/li>\n<li style=\"font-weight: 400;\" aria-level=\"1\"><span style=\"font-weight: 400;\">Dans chaque le\u00e7on, une synth\u00e8se avec un r\u00e9capitulatif des mots-cl\u00e9s pour r\u00e9viser les points essentiels.\u00a0<\/span><\/li>\n<li style=\"font-weight: 400;\" aria-level=\"1\"><span style=\"font-weight: 400;\">Des pages d\u2019\u00e9valuation qui permettent \u00e0 l\u2019enfant de faire le point sur le niveau des acquisitions. Elles permettent aussi de reprendre les notions qui ont besoin d\u2019\u00eatre mieux assimil\u00e9es.<\/span><\/li>\n<\/ul>","protected":false},"excerpt":{"rendered":"<div class=\"woocommerce-product-details__short-description\">\n<div class=\"woocommerce-product-details__short-description\">\n<p><span style=\"font-weight: 400;\">D\u00e9couvrir le monde pour la classe de CM2 \/ EB5 propose des le\u00e7ons menant \u00e0 une r\u00e9flexion sur les concepts scientifiques portant sur le vivant et sur la mati\u00e8re. Ce manuel met aussi l\u2019accent sur une initiation \u00e0 la culture g\u00e9n\u00e9rale \u00e0 connotation scientifique.<\/span><\/p>\n<p><b>Remarque : Ce livre suit exclusivement le programme marocain.<\/b><\/p>\n<\/div>\n<\/div>","protected":false},"featured_media":11742,"comment_status":"closed","ping_status":"closed","template":"","meta":{"_monsterinsights_skip_tracking":false,"_monsterinsights_sitenote_active":false,"_monsterinsights_sitenote_note":"","_monsterinsights_sitenote_category":0},"product_brand":[],"product_cat":[17,16,132],"product_tag":[65,133,134,409],"class_list":{"0":"post-11741","1":"product","2":"type-product","3":"status-publish","4":"has-post-thumbnail","6":"product_cat-french","7":"product_cat-school-books","8":"product_cat-science","9":"product_tag-grade-5","10":"product_tag-decouvrir-le-monde","11":"product_tag-science","12":"product_tag-exclusive-for-morocco","13":"pa_grade-grade-5","15":"first","16":"instock","17":"shipping-taxable","18":"purchasable","19":"product-type-simple"},"yoast_head":"<!-- This site is optimized with the Yoast SEO plugin v26.4 - https:\/\/yoast.com\/wordpress\/plugins\/seo\/ -->\r\n<title>Grade 5 Science Textbook (Exclusive for Morocco) - Kedemos Education<\/title>\r\n<meta name=\"description\" content=\"This science book for Grade 5 offers students lessons that will lead to a reflection on scientific concepts of living and matter.\" \/>\r\n<meta name=\"robots\" content=\"index, follow, max-snippet:-1, max-image-preview:large, max-video-preview:-1\" \/>\r\n<link rel=\"canonical\" href=\"https:\/\/kedemoseducation.com\/fr\/product\/cm2-eb5-manuel-de-sciences-maroc\/\" \/>\r\n<meta property=\"og:locale\" content=\"fr_FR\" \/>\r\n<meta property=\"og:type\" content=\"article\" \/>\r\n<meta property=\"og:title\" content=\"Grade 5 Science Textbook (Exclusive for Morocco) - Kedemos Education\" \/>\r\n<meta property=\"og:description\" content=\"This science book for Grade 5 offers students lessons that will lead to a reflection on scientific concepts of living and matter.\" \/>\r\n<meta property=\"og:url\" content=\"https:\/\/kedemoseducation.com\/fr\/product\/cm2-eb5-manuel-de-sciences-maroc\/\" \/>\r\n<meta property=\"og:site_name\" content=\"Kedemos Education\" \/>\r\n<meta property=\"article:publisher\" content=\"https:\/\/www.facebook.com\/Kedemoseducation\" \/>\r\n<meta property=\"article:modified_time\" content=\"2026-03-03T09:55:58+00:00\" \/>\r\n<meta property=\"og:image\" content=\"https:\/\/kedemoseducation.com\/wp-content\/uploads\/2025\/05\/eb5-science.jpg\" \/>\r\n\t<meta property=\"og:image:width\" content=\"600\" \/>\r\n\t<meta property=\"og:image:height\" content=\"800\" \/>\r\n\t<meta property=\"og:image:type\" content=\"image\/jpeg\" \/>\r\n<meta name=\"twitter:card\" content=\"summary_large_image\" \/>\r\n<meta name=\"twitter:label1\" content=\"Dur\u00e9e de lecture estim\u00e9e\" \/>\n\t<meta name=\"twitter:data1\" content=\"2 minutes\" \/>\r\n<script type=\"application\/ld+json\" class=\"yoast-schema-graph\">{\"@context\":\"https:\/\/schema.org\",\"@graph\":[{\"@type\":\"WebPage\",\"@id\":\"https:\/\/kedemoseducation.com\/product\/cm2-eb5-manuel-de-sciences-maroc\/\",\"url\":\"https:\/\/kedemoseducation.com\/product\/cm2-eb5-manuel-de-sciences-maroc\/\",\"name\":\"Grade 5 Science Textbook (Exclusive for Morocco) - Kedemos Education\",\"isPartOf\":{\"@id\":\"https:\/\/kedemoseducation.com\/fr\/#website\"},\"primaryImageOfPage\":{\"@id\":\"https:\/\/kedemoseducation.com\/product\/cm2-eb5-manuel-de-sciences-maroc\/#primaryimage\"},\"image\":{\"@id\":\"https:\/\/kedemoseducation.com\/product\/cm2-eb5-manuel-de-sciences-maroc\/#primaryimage\"},\"thumbnailUrl\":\"https:\/\/i0.wp.com\/kedemoseducation.com\/wp-content\/uploads\/2025\/05\/eb5-science.jpg?fit=600%2C800&ssl=1\",\"datePublished\":\"2025-05-08T10:28:06+00:00\",\"dateModified\":\"2026-03-03T09:55:58+00:00\",\"description\":\"This science book for Grade 5 offers students lessons that will lead to a reflection on scientific concepts of living and matter.\",\"breadcrumb\":{\"@id\":\"https:\/\/kedemoseducation.com\/product\/cm2-eb5-manuel-de-sciences-maroc\/#breadcrumb\"},\"inLanguage\":\"fr-FR\",\"potentialAction\":[{\"@type\":\"ReadAction\",\"target\":[\"https:\/\/kedemoseducation.com\/product\/cm2-eb5-manuel-de-sciences-maroc\/\"]}]},{\"@type\":\"ImageObject\",\"inLanguage\":\"fr-FR\",\"@id\":\"https:\/\/kedemoseducation.com\/product\/cm2-eb5-manuel-de-sciences-maroc\/#primaryimage\",\"url\":\"https:\/\/i0.wp.com\/kedemoseducation.com\/wp-content\/uploads\/2025\/05\/eb5-science.jpg?fit=600%2C800&ssl=1\",\"contentUrl\":\"https:\/\/i0.wp.com\/kedemoseducation.com\/wp-content\/uploads\/2025\/05\/eb5-science.jpg?fit=600%2C800&ssl=1\",\"width\":600,\"height\":800,\"caption\":\"CM1 \/ EB4 Science\"},{\"@type\":\"BreadcrumbList\",\"@id\":\"https:\/\/kedemoseducation.com\/product\/cm2-eb5-manuel-de-sciences-maroc\/#breadcrumb\",\"itemListElement\":[{\"@type\":\"ListItem\",\"position\":1,\"name\":\"Home\",\"item\":\"https:\/\/kedemoseducation.com\/\"},{\"@type\":\"ListItem\",\"position\":2,\"name\":\"All Products\",\"item\":\"https:\/\/kedemoseducation.com\/fr\/shop-2\/tous-les-produits\/\"},{\"@type\":\"ListItem\",\"position\":3,\"name\":\"School Books\",\"item\":\"https:\/\/kedemoseducation.com\/fr\/categorie-de-produit\/manuels-scolaires\/\"},{\"@type\":\"ListItem\",\"position\":4,\"name\":\"French\",\"item\":\"https:\/\/kedemoseducation.com\/en\/product-category\/school-books\/french\/\"},{\"@type\":\"ListItem\",\"position\":5,\"name\":\"Grade 5 \u2013 Science Textbook\"}]},{\"@type\":\"WebSite\",\"@id\":\"https:\/\/kedemoseducation.com\/fr\/#website\",\"url\":\"https:\/\/kedemoseducation.com\/fr\/\",\"name\":\"Kedemos Education\",\"description\":\"The Pleasure of Learning\",\"publisher\":{\"@id\":\"https:\/\/kedemoseducation.com\/fr\/#organization\"},\"potentialAction\":[{\"@type\":\"SearchAction\",\"target\":{\"@type\":\"EntryPoint\",\"urlTemplate\":\"https:\/\/kedemoseducation.com\/fr\/?s={search_term_string}\"},\"query-input\":{\"@type\":\"PropertyValueSpecification\",\"valueRequired\":true,\"valueName\":\"search_term_string\"}}],\"inLanguage\":\"fr-FR\"},{\"@type\":\"Organization\",\"@id\":\"https:\/\/kedemoseducation.com\/fr\/#organization\",\"name\":\"Kedemos Education\",\"url\":\"https:\/\/kedemoseducation.com\/fr\/\",\"logo\":{\"@type\":\"ImageObject\",\"inLanguage\":\"fr-FR\",\"@id\":\"https:\/\/kedemoseducation.com\/fr\/#\/schema\/logo\/image\/\",\"url\":\"https:\/\/kedemoseducation.com\/wp-content\/uploads\/2023\/06\/logo-kedemos-education.png\",\"contentUrl\":\"https:\/\/kedemoseducation.com\/wp-content\/uploads\/2023\/06\/logo-kedemos-education.png\",\"width\":2362,\"height\":903,\"caption\":\"Kedemos Education\"},\"image\":{\"@id\":\"https:\/\/kedemoseducation.com\/fr\/#\/schema\/logo\/image\/\"},\"sameAs\":[\"https:\/\/www.facebook.com\/Kedemoseducation\",\"https:\/\/www.instagram.com\/kedemoseducation\/\",\"https:\/\/www.linkedin.com\/company\/kedemos-education\/\"]}]}<\/script>\r\n<!-- \/ Yoast SEO plugin. -->","yoast_head_json":{"title":"CM2 \/ EB5 - Manuel de Science (Exclusivement pour le Maroc)","description":"Ce livre de sciences pour le CM2 \/ EB5 propose des le\u00e7ons menant \u00e0 une r\u00e9flexion sur les concepts scientifiques portant sur le vivant et sur la mati\u00e8re.","robots":{"index":"index","follow":"follow","max-snippet":"max-snippet:-1","max-image-preview":"max-image-preview:large","max-video-preview":"max-video-preview:-1"},"canonical":"https:\/\/kedemoseducation.com\/fr\/product\/cm2-eb5-manuel-de-sciences-maroc\/","og_locale":"fr_FR","og_type":"article","og_title":"Grade 5 Science Textbook (Exclusive for Morocco) - Kedemos Education","og_description":"This science book for Grade 5 offers students lessons that will lead to a reflection on scientific concepts of living and matter.","og_url":"https:\/\/kedemoseducation.com\/fr\/product\/cm2-eb5-manuel-de-sciences-maroc\/","og_site_name":"Kedemos Education","article_publisher":"https:\/\/www.facebook.com\/Kedemoseducation","article_modified_time":"2026-03-03T09:55:58+00:00","og_image":[{"width":600,"height":800,"url":"https:\/\/kedemoseducation.com\/wp-content\/uploads\/2025\/05\/eb5-science.jpg","type":"image\/jpeg"}],"twitter_card":"summary_large_image","twitter_misc":{"Dur\u00e9e de lecture estim\u00e9e":"2 minutes"},"schema":{"@context":"https:\/\/schema.org","@graph":[{"@type":"WebPage","@id":"https:\/\/kedemoseducation.com\/product\/cm2-eb5-manuel-de-sciences-maroc\/","url":"https:\/\/kedemoseducation.com\/product\/cm2-eb5-manuel-de-sciences-maroc\/","name":"CM2 \/ EB5 - Manuel de Science (Exclusivement pour le Maroc)","isPartOf":{"@id":"https:\/\/kedemoseducation.com\/fr\/#website"},"primaryImageOfPage":{"@id":"https:\/\/kedemoseducation.com\/product\/cm2-eb5-manuel-de-sciences-maroc\/#primaryimage"},"image":{"@id":"https:\/\/kedemoseducation.com\/product\/cm2-eb5-manuel-de-sciences-maroc\/#primaryimage"},"thumbnailUrl":"https:\/\/i0.wp.com\/kedemoseducation.com\/wp-content\/uploads\/2025\/05\/eb5-science.jpg?fit=600%2C800&ssl=1","datePublished":"2025-05-08T10:28:06+00:00","dateModified":"2026-03-03T09:55:58+00:00","description":"Ce livre de sciences pour le CM2 \/ EB5 propose des le\u00e7ons menant \u00e0 une r\u00e9flexion sur les concepts scientifiques portant sur le vivant et sur la mati\u00e8re.","breadcrumb":{"@id":"https:\/\/kedemoseducation.com\/product\/cm2-eb5-manuel-de-sciences-maroc\/#breadcrumb"},"inLanguage":"fr-FR","potentialAction":[{"@type":"ReadAction","target":["https:\/\/kedemoseducation.com\/product\/cm2-eb5-manuel-de-sciences-maroc\/"]}]},{"@type":"ImageObject","inLanguage":"fr-FR","@id":"https:\/\/kedemoseducation.com\/product\/cm2-eb5-manuel-de-sciences-maroc\/#primaryimage","url":"https:\/\/i0.wp.com\/kedemoseducation.com\/wp-content\/uploads\/2025\/05\/eb5-science.jpg?fit=600%2C800&ssl=1","contentUrl":"https:\/\/i0.wp.com\/kedemoseducation.com\/wp-content\/uploads\/2025\/05\/eb5-science.jpg?fit=600%2C800&ssl=1","width":600,"height":800,"caption":"CM1 \/ EB4 Science"},{"@type":"BreadcrumbList","@id":"https:\/\/kedemoseducation.com\/product\/cm2-eb5-manuel-de-sciences-maroc\/#breadcrumb","itemListElement":[{"@type":"ListItem","position":1,"name":"Home","item":"https:\/\/kedemoseducation.com\/"},{"@type":"ListItem","position":2,"name":"All Products","item":"https:\/\/kedemoseducation.com\/fr\/shop-2\/tous-les-produits\/"},{"@type":"ListItem","position":3,"name":"School Books","item":"https:\/\/kedemoseducation.com\/fr\/categorie-de-produit\/manuels-scolaires\/"},{"@type":"ListItem","position":4,"name":"French","item":"https:\/\/kedemoseducation.com\/en\/product-category\/school-books\/french\/"},{"@type":"ListItem","position":5,"name":"Grade 5 \u2013 Science Textbook"}]},{"@type":"WebSite","@id":"https:\/\/kedemoseducation.com\/fr\/#website","url":"https:\/\/kedemoseducation.com\/fr\/","name":"K\u00e9d\u00e9mos Education","description":"Le plaisir d'apprendre","publisher":{"@id":"https:\/\/kedemoseducation.com\/fr\/#organization"},"potentialAction":[{"@type":"SearchAction","target":{"@type":"EntryPoint","urlTemplate":"https:\/\/kedemoseducation.com\/fr\/?s={search_term_string}"},"query-input":{"@type":"PropertyValueSpecification","valueRequired":true,"valueName":"search_term_string"}}],"inLanguage":"fr-FR"},{"@type":"Organization","@id":"https:\/\/kedemoseducation.com\/fr\/#organization","name":"K\u00e9d\u00e9mos Education","url":"https:\/\/kedemoseducation.com\/fr\/","logo":{"@type":"ImageObject","inLanguage":"fr-FR","@id":"https:\/\/kedemoseducation.com\/fr\/#\/schema\/logo\/image\/","url":"https:\/\/kedemoseducation.com\/wp-content\/uploads\/2023\/06\/logo-kedemos-education.png","contentUrl":"https:\/\/kedemoseducation.com\/wp-content\/uploads\/2023\/06\/logo-kedemos-education.png","width":2362,"height":903,"caption":"Kedemos Education"},"image":{"@id":"https:\/\/kedemoseducation.com\/fr\/#\/schema\/logo\/image\/"},"sameAs":["https:\/\/www.facebook.com\/Kedemoseducation","https:\/\/www.instagram.com\/kedemoseducation\/","https:\/\/www.linkedin.com\/company\/kedemos-education\/"]}]}},"jetpack_sharing_enabled":true,"_links":{"self":[{"href":"https:\/\/kedemoseducation.com\/fr\/wp-json\/wp\/v2\/product\/11741","targetHints":{"allow":["GET"]}}],"collection":[{"href":"https:\/\/kedemoseducation.com\/fr\/wp-json\/wp\/v2\/product"}],"about":[{"href":"https:\/\/kedemoseducation.com\/fr\/wp-json\/wp\/v2\/types\/product"}],"replies":[{"embeddable":true,"href":"https:\/\/kedemoseducation.com\/fr\/wp-json\/wp\/v2\/comments?post=11741"}],"wp:featuredmedia":[{"embeddable":true,"href":"https:\/\/kedemoseducation.com\/fr\/wp-json\/wp\/v2\/media\/11742"}],"wp:attachment":[{"href":"https:\/\/kedemoseducation.com\/fr\/wp-json\/wp\/v2\/media?parent=11741"}],"wp:term":[{"taxonomy":"product_brand","embeddable":true,"href":"https:\/\/kedemoseducation.com\/fr\/wp-json\/wp\/v2\/product_brand?post=11741"},{"taxonomy":"product_cat","embeddable":true,"href":"https:\/\/kedemoseducation.com\/fr\/wp-json\/wp\/v2\/product_cat?post=11741"},{"taxonomy":"product_tag","embeddable":true,"href":"https:\/\/kedemoseducation.com\/fr\/wp-json\/wp\/v2\/product_tag?post=11741"}],"curies":[{"name":"wp","href":"https:\/\/api.w.org\/{rel}","templated":true}]}}