{"id":114,"date":"2022-05-05T06:16:32","date_gmt":"2022-05-05T06:16:32","guid":{"rendered":"https:\/\/eshop.classperts.com\/?post_type=product&#038;p=114"},"modified":"2025-12-26T09:41:58","modified_gmt":"2025-12-26T07:41:58","slug":"conte-le-petit-chaperon-rouge","status":"publish","type":"product","link":"https:\/\/kedemoseducation.com\/fr\/product\/conte-le-petit-chaperon-rouge\/","title":{"rendered":"Le Petit Chaperon Rouge"},"content":{"rendered":"<h1><strong><span style=\"color: #000000;\">Conte Le Petit Chaperon Rouge<\/span><\/strong><\/h1>\n<p><span style=\"color: #000000;\"><span style=\"font-weight: 400;\">Le conte <\/span><i><span style=\"font-weight: 400;\">Le Petit Chaperon Rouge<\/span><\/i><span style=\"font-weight: 400;\"> est le cinqui\u00e8me de la collection <\/span><a href=\"https:\/\/www.instagram.com\/p\/CkKajkONVTc\/\"><i><span style=\"font-weight: 400;\"><span style=\"color: #3366ff;\">Contes en mille couleurs -S\u00e9rie Rose<\/span>. <\/span><\/i><\/a><span style=\"font-weight: 400;\">Il raconte l\u2019histoire tr\u00e8s connue du Petit Chaperon Rouge qui va rendre visite \u00e0 sa grand-m\u00e8re et qui rencontre un vilain loup sur son chemin.<\/span><\/span><\/p>\n<h3><span style=\"color: #000000;\"><b>Contes en mille couleurs<\/b><\/span><\/h3>\n<p><span style=\"color: #000000;\"><span style=\"font-weight: 400;\">La collection <\/span><i><span style=\"font-weight: 400;\">Contes en mille couleurs<\/span><\/i><span style=\"font-weight: 400;\"> <i>&#8211;<\/i>S\u00e9rie Rose- est d\u00e9di\u00e9e aux \u00e9l\u00e8ves de la petite section (PS), soit les enfants de 3 \u00e0 4 ans. Elle comprend 9 contes divertissants pour les petits, sous la forme d\u2019histoires th\u00e9matiques :<\/span><\/span><\/p>\n<p>&nbsp;<\/p>\n<ul>\n<li><a href=\"https:\/\/kedemoseducation.com\/fr\/produit\/conte-lecole-des-oiseaux\/\">L\u2019\u00e9cole des oiseaux<\/a><\/li>\n<li><a href=\"https:\/\/kedemoseducation.com\/fr\/produit\/conte-ou-est-donc-passe-skippy\/\">O\u00f9 est donc pass\u00e9 Skippy ?<\/a><\/li>\n<li><a href=\"https:\/\/kedemoseducation.com\/fr\/produit\/conte-lanniversaire\/\">L\u2019anniversaire<\/a><\/li>\n<li><a href=\"https:\/\/kedemoseducation.com\/fr\/produit\/conte-comment-minou-a-passe-lhiver\/\">Comment Minou a pass\u00e9 l\u2019hiver<\/a><\/li>\n<li>Le Petit Chaperon Rouge<\/li>\n<li><a href=\"https:\/\/kedemoseducation.com\/fr\/produit\/conte-patapouf-est-gentil\/\">Patapouf est gentil<\/a><\/li>\n<li><a href=\"https:\/\/kedemoseducation.com\/fr\/produit\/conte-les-amis-de-celine\/\">Les amis de C\u00e9line<\/a><\/li>\n<li><a href=\"https:\/\/kedemoseducation.com\/fr\/produit\/conte-lauto-de-la-famille-souris\/\">L\u2019auto de la famille Souris<\/a><\/li>\n<li><a href=\"https:\/\/kedemoseducation.com\/fr\/produit\/conte-le-poisson-de-stephane\/\">Le poisson de St\u00e9phane<\/a>.<\/li>\n<\/ul>\n<p>&nbsp;<\/p>\n<p><span style=\"font-weight: 400; color: #000000;\">Nos contes ont pour but d\u2019inspirer les enfants tout en les divertissant. Faciles \u00e0 comprendre et \u00e9tant parfaitement adapt\u00e9s \u00e0 leur \u00e2ge, nos histoires sont \u00e9troitement li\u00e9es aux exp\u00e9riences journali\u00e8res des tout petits, et au monde qui les fascine.\u00a0<\/span><\/p>\n<p><span style=\"font-weight: 400; color: #000000;\">Chacun de ces 9 contes est illustr\u00e9 par de belles images en couleurs. Les textes sont courts et de grande taille. En marge de page, vous trouverez aussi des mots de vocabulaire avec des dessins \u00e0 colorier.<\/span><\/p>\n<p><span style=\"font-weight: 400; color: #000000;\">Les contes peuvent \u00eatre achet\u00e9s individuellement <span style=\"color: #3366ff;\"><a style=\"color: #3366ff;\" href=\"https:\/\/kedemoseducation.com\/fr\/produit\/collection-conte-en-mille-couleurs-serie-rose\/\">en grand format, en bouquet de contes en grand format,<\/a><\/span> ou <span style=\"color: #3366ff;\"><a style=\"color: #3366ff;\" href=\"https:\/\/kedemoseducation.com\/fr\/produit\/petite-section\/\">en bouquet, avec le manuel pour la PS<\/a><\/span>, en petit format. Il convient de signaler que le th\u00e8me de chaque conte est en rapport direct avec les apprentissages dans le manuel (si achet\u00e9s en bouquet) : en effet, le bo\u00eetier comprend une m\u00e9thode globale d\u2019apprentissage.<\/span><\/p>","protected":false},"excerpt":{"rendered":"<p><span id=\"docs-internal-guid-1c0b5b35-7fff-8575-4fd1-2432c710348c\" style=\"color: #000000;\"><span style=\"font-size: 11pt; font-family: Arial; background-color: transparent; font-variant-numeric: normal; font-variant-east-asian: normal; vertical-align: baseline; white-space: pre-wrap;\">Cette collection de contes propose des albums tout en couleur, pour d\u00e9couvrir, lire et aimer des histoires courtes, passionnantes, et adapt\u00e9es au niveau linguistique, psychologique et affectif de nos enfants de 6 \u00e0 8 ans.<\/span><\/span><\/p>","protected":false},"featured_media":7412,"comment_status":"closed","ping_status":"closed","template":"","meta":{"_monsterinsights_skip_tracking":false,"_monsterinsights_sitenote_active":false,"_monsterinsights_sitenote_note":"","_monsterinsights_sitenote_category":0},"product_brand":[],"product_cat":[159,160,151,163],"product_tag":[312,377],"class_list":{"0":"post-114","1":"product","2":"type-product","3":"status-publish","4":"has-post-thumbnail","6":"product_cat-french-storybooks","7":"product_cat-contes-en-mille-couleurs","8":"product_cat-storybooks-for-children","9":"product_cat-pink-series","10":"product_tag-3-5-years-old","11":"product_tag-summer-books","13":"first","14":"instock","15":"shipping-taxable","16":"purchasable","17":"product-type-simple"},"yoast_head":"<!-- This site is optimized with the Yoast SEO plugin v26.4 - https:\/\/yoast.com\/wordpress\/plugins\/seo\/ -->\r\n<title>Conte Le Petit Chaperon Rouge - Kedemos Education<\/title>\r\n<meta name=\"description\" content=\"Le conte &quot;Le Petit Chaperon Rouge&quot; relate l&#039;histoire bien connue de la jeune fille qui visite sa grand-m\u00e8re et rencontre un loup rus\u00e9 en chemin.\" \/>\r\n<meta name=\"robots\" content=\"index, follow, max-snippet:-1, max-image-preview:large, max-video-preview:-1\" \/>\r\n<link rel=\"canonical\" href=\"https:\/\/kedemoseducation.com\/fr\/product\/conte-le-petit-chaperon-rouge\/\" \/>\r\n<meta property=\"og:locale\" content=\"fr_FR\" \/>\r\n<meta property=\"og:type\" content=\"article\" \/>\r\n<meta property=\"og:title\" content=\"Conte Le Petit Chaperon Rouge - Kedemos Education\" \/>\r\n<meta property=\"og:description\" content=\"Le conte &quot;Le Petit Chaperon Rouge&quot; relate l&#039;histoire bien connue de la jeune fille qui visite sa grand-m\u00e8re et rencontre un loup rus\u00e9 en chemin.\" \/>\r\n<meta property=\"og:url\" content=\"https:\/\/kedemoseducation.com\/fr\/product\/conte-le-petit-chaperon-rouge\/\" \/>\r\n<meta property=\"og:site_name\" content=\"Kedemos Education\" \/>\r\n<meta property=\"article:publisher\" content=\"https:\/\/www.facebook.com\/Kedemoseducation\" \/>\r\n<meta property=\"article:modified_time\" content=\"2025-12-26T07:41:58+00:00\" \/>\r\n<meta property=\"og:image\" content=\"https:\/\/kedemoseducation.com\/wp-content\/uploads\/2022\/05\/petite-chaperon-rouge.jpg\" \/>\r\n\t<meta property=\"og:image:width\" content=\"600\" \/>\r\n\t<meta property=\"og:image:height\" content=\"800\" \/>\r\n\t<meta property=\"og:image:type\" content=\"image\/jpeg\" \/>\r\n<meta name=\"twitter:card\" content=\"summary_large_image\" \/>\r\n<meta name=\"twitter:label1\" content=\"Dur\u00e9e de lecture estim\u00e9e\" \/>\n\t<meta name=\"twitter:data1\" content=\"2 minutes\" \/>\r\n<script type=\"application\/ld+json\" class=\"yoast-schema-graph\">{\"@context\":\"https:\/\/schema.org\",\"@graph\":[{\"@type\":\"WebPage\",\"@id\":\"https:\/\/kedemoseducation.com\/fr\/product\/conte-le-petit-chaperon-rouge\/\",\"url\":\"https:\/\/kedemoseducation.com\/fr\/product\/conte-le-petit-chaperon-rouge\/\",\"name\":\"Conte Le Petit Chaperon Rouge - Kedemos Education\",\"isPartOf\":{\"@id\":\"https:\/\/kedemoseducation.com\/fr\/#website\"},\"primaryImageOfPage\":{\"@id\":\"https:\/\/kedemoseducation.com\/fr\/product\/conte-le-petit-chaperon-rouge\/#primaryimage\"},\"image\":{\"@id\":\"https:\/\/kedemoseducation.com\/fr\/product\/conte-le-petit-chaperon-rouge\/#primaryimage\"},\"thumbnailUrl\":\"https:\/\/i0.wp.com\/kedemoseducation.com\/wp-content\/uploads\/2022\/05\/petite-chaperon-rouge.jpg?fit=600%2C800&ssl=1\",\"datePublished\":\"2022-05-05T06:16:32+00:00\",\"dateModified\":\"2025-12-26T07:41:58+00:00\",\"description\":\"Le conte \\\"Le Petit Chaperon Rouge\\\" relate l'histoire bien connue de la jeune fille qui visite sa grand-m\u00e8re et rencontre un loup rus\u00e9 en chemin.\",\"breadcrumb\":{\"@id\":\"https:\/\/kedemoseducation.com\/fr\/product\/conte-le-petit-chaperon-rouge\/#breadcrumb\"},\"inLanguage\":\"fr-FR\",\"potentialAction\":[{\"@type\":\"ReadAction\",\"target\":[\"https:\/\/kedemoseducation.com\/fr\/product\/conte-le-petit-chaperon-rouge\/\"]}]},{\"@type\":\"ImageObject\",\"inLanguage\":\"fr-FR\",\"@id\":\"https:\/\/kedemoseducation.com\/fr\/product\/conte-le-petit-chaperon-rouge\/#primaryimage\",\"url\":\"https:\/\/i0.wp.com\/kedemoseducation.com\/wp-content\/uploads\/2022\/05\/petite-chaperon-rouge.jpg?fit=600%2C800&ssl=1\",\"contentUrl\":\"https:\/\/i0.wp.com\/kedemoseducation.com\/wp-content\/uploads\/2022\/05\/petite-chaperon-rouge.jpg?fit=600%2C800&ssl=1\",\"width\":600,\"height\":800,\"caption\":\"Conte Le Petit Chaperon Rouge\"},{\"@type\":\"BreadcrumbList\",\"@id\":\"https:\/\/kedemoseducation.com\/fr\/product\/conte-le-petit-chaperon-rouge\/#breadcrumb\",\"itemListElement\":[{\"@type\":\"ListItem\",\"position\":1,\"name\":\"Home\",\"item\":\"https:\/\/kedemoseducation.com\/\"},{\"@type\":\"ListItem\",\"position\":2,\"name\":\"All Products\",\"item\":\"https:\/\/kedemoseducation.com\/fr\/shop-2\/tous-les-produits\/\"},{\"@type\":\"ListItem\",\"position\":3,\"name\":\"Stories\",\"item\":\"https:\/\/kedemoseducation.com\/en\/product-category\/storybooks-for-children\/\"},{\"@type\":\"ListItem\",\"position\":4,\"name\":\"French\",\"item\":\"https:\/\/kedemoseducation.com\/en\/product-category\/storybooks-for-children\/french-storybooks\/\"},{\"@type\":\"ListItem\",\"position\":5,\"name\":\"Contes en mille couleurs\",\"item\":\"https:\/\/kedemoseducation.com\/fr\/categorie-de-produit\/contes-pour-enfants\/contes-en-francais\/contes-en-mille-couleurs\/\"},{\"@type\":\"ListItem\",\"position\":6,\"name\":\"Pink Series\",\"item\":\"https:\/\/kedemoseducation.com\/en\/product-category\/storybooks-for-children\/french-storybooks\/contes-en-mille-couleurs\/pink-series\/\"},{\"@type\":\"ListItem\",\"position\":7,\"name\":\"Le Petit Chaperon Rouge\"}]},{\"@type\":\"WebSite\",\"@id\":\"https:\/\/kedemoseducation.com\/fr\/#website\",\"url\":\"https:\/\/kedemoseducation.com\/fr\/\",\"name\":\"Kedemos Education\",\"description\":\"The Pleasure of Learning\",\"publisher\":{\"@id\":\"https:\/\/kedemoseducation.com\/fr\/#organization\"},\"potentialAction\":[{\"@type\":\"SearchAction\",\"target\":{\"@type\":\"EntryPoint\",\"urlTemplate\":\"https:\/\/kedemoseducation.com\/fr\/?s={search_term_string}\"},\"query-input\":{\"@type\":\"PropertyValueSpecification\",\"valueRequired\":true,\"valueName\":\"search_term_string\"}}],\"inLanguage\":\"fr-FR\"},{\"@type\":\"Organization\",\"@id\":\"https:\/\/kedemoseducation.com\/fr\/#organization\",\"name\":\"Kedemos Education\",\"url\":\"https:\/\/kedemoseducation.com\/fr\/\",\"logo\":{\"@type\":\"ImageObject\",\"inLanguage\":\"fr-FR\",\"@id\":\"https:\/\/kedemoseducation.com\/fr\/#\/schema\/logo\/image\/\",\"url\":\"https:\/\/kedemoseducation.com\/wp-content\/uploads\/2023\/06\/logo-kedemos-education.png\",\"contentUrl\":\"https:\/\/kedemoseducation.com\/wp-content\/uploads\/2023\/06\/logo-kedemos-education.png\",\"width\":2362,\"height\":903,\"caption\":\"Kedemos Education\"},\"image\":{\"@id\":\"https:\/\/kedemoseducation.com\/fr\/#\/schema\/logo\/image\/\"},\"sameAs\":[\"https:\/\/www.facebook.com\/Kedemoseducation\",\"https:\/\/www.instagram.com\/kedemoseducation\/\",\"https:\/\/www.linkedin.com\/company\/kedemos-education\/\"]}]}<\/script>\r\n<!-- \/ Yoast SEO plugin. -->","yoast_head_json":{"title":"Conte Le Petit Chaperon Rouge - Kedemos Education","description":"Le conte \"Le Petit Chaperon Rouge\" relate l'histoire bien connue de la jeune fille qui visite sa grand-m\u00e8re et rencontre un loup rus\u00e9 en chemin.","robots":{"index":"index","follow":"follow","max-snippet":"max-snippet:-1","max-image-preview":"max-image-preview:large","max-video-preview":"max-video-preview:-1"},"canonical":"https:\/\/kedemoseducation.com\/fr\/product\/conte-le-petit-chaperon-rouge\/","og_locale":"fr_FR","og_type":"article","og_title":"Conte Le Petit Chaperon Rouge - Kedemos Education","og_description":"Le conte \"Le Petit Chaperon Rouge\" relate l'histoire bien connue de la jeune fille qui visite sa grand-m\u00e8re et rencontre un loup rus\u00e9 en chemin.","og_url":"https:\/\/kedemoseducation.com\/fr\/product\/conte-le-petit-chaperon-rouge\/","og_site_name":"Kedemos Education","article_publisher":"https:\/\/www.facebook.com\/Kedemoseducation","article_modified_time":"2025-12-26T07:41:58+00:00","og_image":[{"width":600,"height":800,"url":"https:\/\/kedemoseducation.com\/wp-content\/uploads\/2022\/05\/petite-chaperon-rouge.jpg","type":"image\/jpeg"}],"twitter_card":"summary_large_image","twitter_misc":{"Dur\u00e9e de lecture estim\u00e9e":"2 minutes"},"schema":{"@context":"https:\/\/schema.org","@graph":[{"@type":"WebPage","@id":"https:\/\/kedemoseducation.com\/fr\/product\/conte-le-petit-chaperon-rouge\/","url":"https:\/\/kedemoseducation.com\/fr\/product\/conte-le-petit-chaperon-rouge\/","name":"Conte Le Petit Chaperon Rouge - Kedemos Education","isPartOf":{"@id":"https:\/\/kedemoseducation.com\/fr\/#website"},"primaryImageOfPage":{"@id":"https:\/\/kedemoseducation.com\/fr\/product\/conte-le-petit-chaperon-rouge\/#primaryimage"},"image":{"@id":"https:\/\/kedemoseducation.com\/fr\/product\/conte-le-petit-chaperon-rouge\/#primaryimage"},"thumbnailUrl":"https:\/\/i0.wp.com\/kedemoseducation.com\/wp-content\/uploads\/2022\/05\/petite-chaperon-rouge.jpg?fit=600%2C800&ssl=1","datePublished":"2022-05-05T06:16:32+00:00","dateModified":"2025-12-26T07:41:58+00:00","description":"Le conte \"Le Petit Chaperon Rouge\" relate l'histoire bien connue de la jeune fille qui visite sa grand-m\u00e8re et rencontre un loup rus\u00e9 en chemin.","breadcrumb":{"@id":"https:\/\/kedemoseducation.com\/fr\/product\/conte-le-petit-chaperon-rouge\/#breadcrumb"},"inLanguage":"fr-FR","potentialAction":[{"@type":"ReadAction","target":["https:\/\/kedemoseducation.com\/fr\/product\/conte-le-petit-chaperon-rouge\/"]}]},{"@type":"ImageObject","inLanguage":"fr-FR","@id":"https:\/\/kedemoseducation.com\/fr\/product\/conte-le-petit-chaperon-rouge\/#primaryimage","url":"https:\/\/i0.wp.com\/kedemoseducation.com\/wp-content\/uploads\/2022\/05\/petite-chaperon-rouge.jpg?fit=600%2C800&ssl=1","contentUrl":"https:\/\/i0.wp.com\/kedemoseducation.com\/wp-content\/uploads\/2022\/05\/petite-chaperon-rouge.jpg?fit=600%2C800&ssl=1","width":600,"height":800,"caption":"Conte Le Petit Chaperon Rouge"},{"@type":"BreadcrumbList","@id":"https:\/\/kedemoseducation.com\/fr\/product\/conte-le-petit-chaperon-rouge\/#breadcrumb","itemListElement":[{"@type":"ListItem","position":1,"name":"Home","item":"https:\/\/kedemoseducation.com\/"},{"@type":"ListItem","position":2,"name":"All Products","item":"https:\/\/kedemoseducation.com\/fr\/shop-2\/tous-les-produits\/"},{"@type":"ListItem","position":3,"name":"Stories","item":"https:\/\/kedemoseducation.com\/en\/product-category\/storybooks-for-children\/"},{"@type":"ListItem","position":4,"name":"French","item":"https:\/\/kedemoseducation.com\/en\/product-category\/storybooks-for-children\/french-storybooks\/"},{"@type":"ListItem","position":5,"name":"Contes en mille couleurs","item":"https:\/\/kedemoseducation.com\/fr\/categorie-de-produit\/contes-pour-enfants\/contes-en-francais\/contes-en-mille-couleurs\/"},{"@type":"ListItem","position":6,"name":"Pink Series","item":"https:\/\/kedemoseducation.com\/en\/product-category\/storybooks-for-children\/french-storybooks\/contes-en-mille-couleurs\/pink-series\/"},{"@type":"ListItem","position":7,"name":"Le Petit Chaperon Rouge"}]},{"@type":"WebSite","@id":"https:\/\/kedemoseducation.com\/fr\/#website","url":"https:\/\/kedemoseducation.com\/fr\/","name":"K\u00e9d\u00e9mos Education","description":"Le plaisir d'apprendre","publisher":{"@id":"https:\/\/kedemoseducation.com\/fr\/#organization"},"potentialAction":[{"@type":"SearchAction","target":{"@type":"EntryPoint","urlTemplate":"https:\/\/kedemoseducation.com\/fr\/?s={search_term_string}"},"query-input":{"@type":"PropertyValueSpecification","valueRequired":true,"valueName":"search_term_string"}}],"inLanguage":"fr-FR"},{"@type":"Organization","@id":"https:\/\/kedemoseducation.com\/fr\/#organization","name":"K\u00e9d\u00e9mos Education","url":"https:\/\/kedemoseducation.com\/fr\/","logo":{"@type":"ImageObject","inLanguage":"fr-FR","@id":"https:\/\/kedemoseducation.com\/fr\/#\/schema\/logo\/image\/","url":"https:\/\/kedemoseducation.com\/wp-content\/uploads\/2023\/06\/logo-kedemos-education.png","contentUrl":"https:\/\/kedemoseducation.com\/wp-content\/uploads\/2023\/06\/logo-kedemos-education.png","width":2362,"height":903,"caption":"Kedemos Education"},"image":{"@id":"https:\/\/kedemoseducation.com\/fr\/#\/schema\/logo\/image\/"},"sameAs":["https:\/\/www.facebook.com\/Kedemoseducation","https:\/\/www.instagram.com\/kedemoseducation\/","https:\/\/www.linkedin.com\/company\/kedemos-education\/"]}]}},"jetpack_sharing_enabled":true,"_links":{"self":[{"href":"https:\/\/kedemoseducation.com\/fr\/wp-json\/wp\/v2\/product\/114","targetHints":{"allow":["GET"]}}],"collection":[{"href":"https:\/\/kedemoseducation.com\/fr\/wp-json\/wp\/v2\/product"}],"about":[{"href":"https:\/\/kedemoseducation.com\/fr\/wp-json\/wp\/v2\/types\/product"}],"replies":[{"embeddable":true,"href":"https:\/\/kedemoseducation.com\/fr\/wp-json\/wp\/v2\/comments?post=114"}],"wp:featuredmedia":[{"embeddable":true,"href":"https:\/\/kedemoseducation.com\/fr\/wp-json\/wp\/v2\/media\/7412"}],"wp:attachment":[{"href":"https:\/\/kedemoseducation.com\/fr\/wp-json\/wp\/v2\/media?parent=114"}],"wp:term":[{"taxonomy":"product_brand","embeddable":true,"href":"https:\/\/kedemoseducation.com\/fr\/wp-json\/wp\/v2\/product_brand?post=114"},{"taxonomy":"product_cat","embeddable":true,"href":"https:\/\/kedemoseducation.com\/fr\/wp-json\/wp\/v2\/product_cat?post=114"},{"taxonomy":"product_tag","embeddable":true,"href":"https:\/\/kedemoseducation.com\/fr\/wp-json\/wp\/v2\/product_tag?post=114"}],"curies":[{"name":"wp","href":"https:\/\/api.w.org\/{rel}","templated":true}]}}