{"id":108,"date":"2022-05-05T06:16:29","date_gmt":"2022-05-05T06:16:29","guid":{"rendered":"https:\/\/eshop.classperts.com\/?post_type=product&#038;p=108"},"modified":"2026-02-05T13:45:37","modified_gmt":"2026-02-05T11:45:37","slug":"nursery-large-kit-aec","status":"publish","type":"product","link":"https:\/\/kedemoseducation.com\/fr\/product\/toute-petite-section-grande-boite-aec\/","title":{"rendered":"Toute Petite Section Fran\u00e7ais - Grande Bo\u00eete"},"content":{"rendered":"<h1><strong>Toute Petite Section (TPS) Grande Bo\u00eete - Arc-en-ciel<\/strong><\/h1>\n<p><strong>Pr\u00e9sentation de la m\u00e9thode de la Toute Petite Section (Grande Bo\u00eete)<\/strong><\/p>\n<p><span>La collection <\/span><a href=\"https:\/\/kedemoseducation.com\/fr\/product-category\/academic-books\/french\/kindergarten\/arc-en-ciel-kindergarten\/\">Arc-en-ciel<\/a><span>  pour la Toute Petite Section (Cr\u00e8che) est destin\u00e9e aux enfants de 2 \u00e0 4 ans. Elle se pr\u00e9sente sous forme de bo\u00eetier individuel. Chaque bo\u00eetier comprend les outils n\u00e9cessaires au bon d\u00e9veloppement des tout-petits. <\/span><\/p>\n<p><span style=\"font-weight: 400;\">La m\u00e9thode pour la TPS existe en deux formats : la petite bo\u00eete et la grande bo\u00eete. Ces deux options sont chacune r\u00e9partie en huit th\u00e8mes et proposent les m\u00eames outils p\u00e9dagogiques :<\/span><\/p>\n<ul>\n<li style=\"font-weight: 400;\" aria-level=\"1\"><span style=\"font-weight: 400;\">Huit contes en petit format.<\/span><\/li>\n<li style=\"font-weight: 400;\" aria-level=\"1\"><span style=\"font-weight: 400;\">Des fiches d\u2019activit\u00e9s li\u00e9es aux contes.<\/span><\/li>\n<li style=\"font-weight: 400;\" aria-level=\"1\"><span style=\"font-weight: 400;\">Huit grandes enveloppes pour ranger les fiches d\u2019activit\u00e9s compl\u00e9t\u00e9es par th\u00e8me.<\/span><\/li>\n<li style=\"font-weight: 400;\" aria-level=\"1\"><span style=\"font-weight: 400;\">Deux CD pour que les enfants puissent \u00e9couter les contes, les chansons et les comptines (ces enregistrements sont aussi disponibles via un code QR).<\/span><\/li>\n<li style=\"font-weight: 400;\" aria-level=\"1\"><span style=\"font-weight: 400;\">Des autocollants.<\/span><\/li>\n<\/ul>\n<p><span style=\"font-weight: 400;\">En plus, la grande bo\u00eete pour la TPS propose aussi du mat\u00e9riel artistique adapt\u00e9 aux enfants en bas \u00e2ge :<\/span><\/p>\n<ul>\n<li><span style=\"font-weight: 400; font-family: 'DM Sans', sans-serif; font-size: 1rem; letter-spacing: 0.1px;\">Des crayons de couleur ;<\/span><\/li>\n<li style=\"font-weight: 400;\" aria-level=\"1\"><span style=\"font-weight: 400;\">Des crayons-cire ;<\/span><\/li>\n<li style=\"font-weight: 400;\" aria-level=\"1\"><span style=\"font-weight: 400;\">Des crayons \u00e0 papier ;<\/span><\/li>\n<li style=\"font-weight: 400;\" aria-level=\"1\"><span style=\"font-weight: 400;\">Un taille-crayon ;<\/span><\/li>\n<li style=\"font-weight: 400;\" aria-level=\"1\"><span style=\"font-weight: 400;\">De la peinture ;<\/span><\/li>\n<li style=\"font-weight: 400;\" aria-level=\"1\"><span style=\"font-weight: 400;\">De la p\u00e2te \u00e0 modeler.<\/span><\/li>\n<\/ul>\n<p><span style=\"font-weight: 400;\">Les crayons sont \u00e9pais pour que les tout-petits, qui commencent tout juste \u00e0 tenir en main des crayons, le fassent avec aisance. La peinture et la p\u00e2te \u00e0 modeler sont compos\u00e9es de telle sorte \u00e0 ce que les taches soient facilement lavables et nettoyables. Et le tout est sans danger au cas o\u00f9 les enfants seraient tent\u00e9s de les avaler !<\/span><\/p>\n<p><span style=\"font-weight: 400;\">Enfin, un code QR est imprim\u00e9 sur chaque page appuy\u00e9e par des enregistrements audio. L'enfant pourra ainsi \u00e9couter :<\/span><\/p>\n<ul>\n<li style=\"font-weight: 400;\" aria-level=\"1\"><span style=\"font-weight: 400;\">Les contes avec bruitage et effets sonores.<\/span><\/li>\n<li style=\"font-weight: 400;\" aria-level=\"1\"><span style=\"font-weight: 400;\">Les chansons et comptines dont les paroles se trouvent dans le manuel.<\/span><\/li>\n<\/ul>","protected":false},"excerpt":{"rendered":"<p><span style=\"font-weight: 400;\">Cette m\u00e9thode pour la TPS est bas\u00e9e sur des activit\u00e9s particuli\u00e8rement motivantes dont l\u2019objectif est de permettre aux tout-petits d\u2019apprendre en jouant et de s\u2019initier au langage en s\u2019amusant. Elle est disponible en grand bo\u00eetier et en petit bo\u00eetier. Ces bo\u00eetiers individuels proposent huit contes, des fiches d'activit\u00e9s, des autocollants, des enregistrements audio, et de grandes enveloppes th\u00e9matiques. Le grand bo\u00eetier contient, en plus, des outils artistiques adapt\u00e9s.\u00a0<\/span><\/p>\n<p><span style=\"font-weight: 400;\">Pour acc\u00e9der au petit bo\u00eetier pour la Toute Petite Section, veuillez cliquer <a href=\"https:\/\/kedemoseducation.com\/fr\/product\/toute-petite-section-petite-boite-aec\/\">ici<\/a>.<\/span><\/p>","protected":false},"featured_media":7231,"comment_status":"closed","ping_status":"closed","template":"","meta":{"_monsterinsights_skip_tracking":false,"_monsterinsights_sitenote_active":false,"_monsterinsights_sitenote_note":"","_monsterinsights_sitenote_category":0},"product_brand":[],"product_cat":[17,19,326,327,16],"product_tag":[57,95,342],"class_list":{"0":"post-108","1":"product","2":"type-product","3":"status-publish","4":"has-post-thumbnail","6":"product_cat-french","7":"product_cat-nursery-arc-en-ciel","8":"product_cat-kindergarten","9":"product_cat-arc-en-ciel-kindergarten","10":"product_cat-school-books","11":"product_tag-arc-en-ciel","12":"product_tag-nursery","13":"product_tag-large-kit","14":"pa_grade-nursery","16":"first","17":"instock","18":"sale","19":"shipping-taxable","20":"purchasable","21":"product-type-simple"},"yoast_head":"<!-- This site is optimized with the Yoast SEO plugin v26.4 - https:\/\/yoast.com\/wordpress\/plugins\/seo\/ -->\r\n<title>Nursery Large Kit - Arc-en-ciel - Kedemos Education<\/title>\r\n<meta name=\"description\" content=\"This Nursery small Kit, is intended for children aged 2 to 4, enables them to learn French through play with highly motivating activities.\" \/>\r\n<meta name=\"robots\" content=\"index, follow, max-snippet:-1, max-image-preview:large, max-video-preview:-1\" \/>\r\n<link rel=\"canonical\" href=\"https:\/\/kedemoseducation.com\/fr\/product\/toute-petite-section-grande-boite-aec\/\" \/>\r\n<meta property=\"og:locale\" content=\"fr_FR\" \/>\r\n<meta property=\"og:type\" content=\"article\" \/>\r\n<meta property=\"og:title\" content=\"Kedemos Education\" \/>\r\n<meta property=\"og:description\" content=\"This Nursery small Kit, is intended for children aged 2 to 4, enables them to learn French through play with highly motivating activities.\" \/>\r\n<meta property=\"og:url\" content=\"https:\/\/kedemoseducation.com\/fr\/product\/toute-petite-section-grande-boite-aec\/\" \/>\r\n<meta property=\"og:site_name\" content=\"Kedemos Education\" \/>\r\n<meta property=\"article:publisher\" content=\"https:\/\/www.facebook.com\/Kedemoseducation\" \/>\r\n<meta property=\"article:modified_time\" content=\"2026-02-05T11:45:37+00:00\" \/>\r\n<meta property=\"og:image\" content=\"https:\/\/kedemoseducation.com\/wp-content\/uploads\/2022\/05\/TPS-grande-boite-kedemos-education.jpg\" \/>\r\n\t<meta property=\"og:image:width\" content=\"600\" \/>\r\n\t<meta property=\"og:image:height\" content=\"800\" \/>\r\n\t<meta property=\"og:image:type\" content=\"image\/jpeg\" \/>\r\n<meta name=\"twitter:card\" content=\"summary_large_image\" \/>\r\n<meta name=\"twitter:label1\" content=\"Dur\u00e9e de lecture estim\u00e9e\" \/>\n\t<meta name=\"twitter:data1\" content=\"2 minutes\" \/>\r\n<script type=\"application\/ld+json\" class=\"yoast-schema-graph\">{\"@context\":\"https:\/\/schema.org\",\"@graph\":[{\"@type\":\"WebPage\",\"@id\":\"https:\/\/kedemoseducation.com\/product\/toute-petite-section-grande-boite-aec\/\",\"url\":\"https:\/\/kedemoseducation.com\/product\/toute-petite-section-grande-boite-aec\/\",\"name\":\"Nursery Large Kit - Arc-en-ciel - Kedemos Education\",\"isPartOf\":{\"@id\":\"https:\/\/kedemoseducation.com\/fr\/#website\"},\"primaryImageOfPage\":{\"@id\":\"https:\/\/kedemoseducation.com\/product\/toute-petite-section-grande-boite-aec\/#primaryimage\"},\"image\":{\"@id\":\"https:\/\/kedemoseducation.com\/product\/toute-petite-section-grande-boite-aec\/#primaryimage\"},\"thumbnailUrl\":\"https:\/\/i0.wp.com\/kedemoseducation.com\/wp-content\/uploads\/2022\/05\/TPS-grande-boite-kedemos-education.jpg?fit=600%2C800&ssl=1\",\"datePublished\":\"2022-05-05T06:16:29+00:00\",\"dateModified\":\"2026-02-05T11:45:37+00:00\",\"description\":\"This Nursery small Kit, is intended for children aged 2 to 4, enables them to learn French through play with highly motivating activities.\",\"breadcrumb\":{\"@id\":\"https:\/\/kedemoseducation.com\/product\/toute-petite-section-grande-boite-aec\/#breadcrumb\"},\"inLanguage\":\"fr-FR\",\"potentialAction\":[{\"@type\":\"ReadAction\",\"target\":[\"https:\/\/kedemoseducation.com\/product\/toute-petite-section-grande-boite-aec\/\"]}]},{\"@type\":\"ImageObject\",\"inLanguage\":\"fr-FR\",\"@id\":\"https:\/\/kedemoseducation.com\/product\/toute-petite-section-grande-boite-aec\/#primaryimage\",\"url\":\"https:\/\/i0.wp.com\/kedemoseducation.com\/wp-content\/uploads\/2022\/05\/TPS-grande-boite-kedemos-education.jpg?fit=600%2C800&ssl=1\",\"contentUrl\":\"https:\/\/i0.wp.com\/kedemoseducation.com\/wp-content\/uploads\/2022\/05\/TPS-grande-boite-kedemos-education.jpg?fit=600%2C800&ssl=1\",\"width\":600,\"height\":800,\"caption\":\"Nursery Large Kit - Arc-en-ciel\"},{\"@type\":\"BreadcrumbList\",\"@id\":\"https:\/\/kedemoseducation.com\/product\/toute-petite-section-grande-boite-aec\/#breadcrumb\",\"itemListElement\":[{\"@type\":\"ListItem\",\"position\":1,\"name\":\"Home\",\"item\":\"https:\/\/kedemoseducation.com\/\"},{\"@type\":\"ListItem\",\"position\":2,\"name\":\"All Products\",\"item\":\"https:\/\/kedemoseducation.com\/fr\/shop-2\/tous-les-produits\/\"},{\"@type\":\"ListItem\",\"position\":3,\"name\":\"School Books\",\"item\":\"https:\/\/kedemoseducation.com\/fr\/categorie-de-produit\/manuels-scolaires\/\"},{\"@type\":\"ListItem\",\"position\":4,\"name\":\"French\",\"item\":\"https:\/\/kedemoseducation.com\/en\/product-category\/school-books\/french\/\"},{\"@type\":\"ListItem\",\"position\":5,\"name\":\"Nursery French &#8211; Large Kit\"}]},{\"@type\":\"WebSite\",\"@id\":\"https:\/\/kedemoseducation.com\/fr\/#website\",\"url\":\"https:\/\/kedemoseducation.com\/fr\/\",\"name\":\"Kedemos Education\",\"description\":\"The Pleasure of Learning\",\"publisher\":{\"@id\":\"https:\/\/kedemoseducation.com\/fr\/#organization\"},\"potentialAction\":[{\"@type\":\"SearchAction\",\"target\":{\"@type\":\"EntryPoint\",\"urlTemplate\":\"https:\/\/kedemoseducation.com\/fr\/?s={search_term_string}\"},\"query-input\":{\"@type\":\"PropertyValueSpecification\",\"valueRequired\":true,\"valueName\":\"search_term_string\"}}],\"inLanguage\":\"fr-FR\"},{\"@type\":\"Organization\",\"@id\":\"https:\/\/kedemoseducation.com\/fr\/#organization\",\"name\":\"Kedemos Education\",\"url\":\"https:\/\/kedemoseducation.com\/fr\/\",\"logo\":{\"@type\":\"ImageObject\",\"inLanguage\":\"fr-FR\",\"@id\":\"https:\/\/kedemoseducation.com\/fr\/#\/schema\/logo\/image\/\",\"url\":\"https:\/\/kedemoseducation.com\/wp-content\/uploads\/2023\/06\/logo-kedemos-education.png\",\"contentUrl\":\"https:\/\/kedemoseducation.com\/wp-content\/uploads\/2023\/06\/logo-kedemos-education.png\",\"width\":2362,\"height\":903,\"caption\":\"Kedemos Education\"},\"image\":{\"@id\":\"https:\/\/kedemoseducation.com\/fr\/#\/schema\/logo\/image\/\"},\"sameAs\":[\"https:\/\/www.facebook.com\/Kedemoseducation\",\"https:\/\/www.instagram.com\/kedemoseducation\/\",\"https:\/\/www.linkedin.com\/company\/kedemos-education\/\"]}]}<\/script>\r\n<!-- \/ Yoast SEO plugin. -->","yoast_head_json":{"title":"Toute Petite Section Grande Bo\u00eete - Arc-en-ciel - K\u00e9d\u00e9mos Education","description":"La m\u00e9thode pour la Toute Petite Section (Cr\u00e8che) permet aux tout-petits d\u2019apprendre en jouant et de s\u2019initier au langage en s\u2019amusant.","robots":{"index":"index","follow":"follow","max-snippet":"max-snippet:-1","max-image-preview":"max-image-preview:large","max-video-preview":"max-video-preview:-1"},"canonical":"https:\/\/kedemoseducation.com\/fr\/product\/toute-petite-section-grande-boite-aec\/","og_locale":"fr_FR","og_type":"article","og_title":"Kedemos Education","og_description":"This Nursery small Kit, is intended for children aged 2 to 4, enables them to learn French through play with highly motivating activities.","og_url":"https:\/\/kedemoseducation.com\/fr\/product\/toute-petite-section-grande-boite-aec\/","og_site_name":"Kedemos Education","article_publisher":"https:\/\/www.facebook.com\/Kedemoseducation","article_modified_time":"2026-02-05T11:45:37+00:00","og_image":[{"width":600,"height":800,"url":"https:\/\/kedemoseducation.com\/wp-content\/uploads\/2022\/05\/TPS-grande-boite-kedemos-education.jpg","type":"image\/jpeg"}],"twitter_card":"summary_large_image","twitter_misc":{"Dur\u00e9e de lecture estim\u00e9e":"2 minutes"},"schema":{"@context":"https:\/\/schema.org","@graph":[{"@type":"WebPage","@id":"https:\/\/kedemoseducation.com\/product\/toute-petite-section-grande-boite-aec\/","url":"https:\/\/kedemoseducation.com\/product\/toute-petite-section-grande-boite-aec\/","name":"Toute Petite Section Grande Bo\u00eete - Arc-en-ciel - K\u00e9d\u00e9mos Education","isPartOf":{"@id":"https:\/\/kedemoseducation.com\/fr\/#website"},"primaryImageOfPage":{"@id":"https:\/\/kedemoseducation.com\/product\/toute-petite-section-grande-boite-aec\/#primaryimage"},"image":{"@id":"https:\/\/kedemoseducation.com\/product\/toute-petite-section-grande-boite-aec\/#primaryimage"},"thumbnailUrl":"https:\/\/i0.wp.com\/kedemoseducation.com\/wp-content\/uploads\/2022\/05\/TPS-grande-boite-kedemos-education.jpg?fit=600%2C800&ssl=1","datePublished":"2022-05-05T06:16:29+00:00","dateModified":"2026-02-05T11:45:37+00:00","description":"La m\u00e9thode pour la Toute Petite Section (Cr\u00e8che) permet aux tout-petits d\u2019apprendre en jouant et de s\u2019initier au langage en s\u2019amusant.","breadcrumb":{"@id":"https:\/\/kedemoseducation.com\/product\/toute-petite-section-grande-boite-aec\/#breadcrumb"},"inLanguage":"fr-FR","potentialAction":[{"@type":"ReadAction","target":["https:\/\/kedemoseducation.com\/product\/toute-petite-section-grande-boite-aec\/"]}]},{"@type":"ImageObject","inLanguage":"fr-FR","@id":"https:\/\/kedemoseducation.com\/product\/toute-petite-section-grande-boite-aec\/#primaryimage","url":"https:\/\/i0.wp.com\/kedemoseducation.com\/wp-content\/uploads\/2022\/05\/TPS-grande-boite-kedemos-education.jpg?fit=600%2C800&ssl=1","contentUrl":"https:\/\/i0.wp.com\/kedemoseducation.com\/wp-content\/uploads\/2022\/05\/TPS-grande-boite-kedemos-education.jpg?fit=600%2C800&ssl=1","width":600,"height":800,"caption":"Nursery Large Kit - Arc-en-ciel"},{"@type":"BreadcrumbList","@id":"https:\/\/kedemoseducation.com\/product\/toute-petite-section-grande-boite-aec\/#breadcrumb","itemListElement":[{"@type":"ListItem","position":1,"name":"Home","item":"https:\/\/kedemoseducation.com\/"},{"@type":"ListItem","position":2,"name":"All Products","item":"https:\/\/kedemoseducation.com\/fr\/shop-2\/tous-les-produits\/"},{"@type":"ListItem","position":3,"name":"School Books","item":"https:\/\/kedemoseducation.com\/fr\/categorie-de-produit\/manuels-scolaires\/"},{"@type":"ListItem","position":4,"name":"French","item":"https:\/\/kedemoseducation.com\/en\/product-category\/school-books\/french\/"},{"@type":"ListItem","position":5,"name":"Nursery French &#8211; Large Kit"}]},{"@type":"WebSite","@id":"https:\/\/kedemoseducation.com\/fr\/#website","url":"https:\/\/kedemoseducation.com\/fr\/","name":"K\u00e9d\u00e9mos Education","description":"Le plaisir d'apprendre","publisher":{"@id":"https:\/\/kedemoseducation.com\/fr\/#organization"},"potentialAction":[{"@type":"SearchAction","target":{"@type":"EntryPoint","urlTemplate":"https:\/\/kedemoseducation.com\/fr\/?s={search_term_string}"},"query-input":{"@type":"PropertyValueSpecification","valueRequired":true,"valueName":"search_term_string"}}],"inLanguage":"fr-FR"},{"@type":"Organization","@id":"https:\/\/kedemoseducation.com\/fr\/#organization","name":"K\u00e9d\u00e9mos Education","url":"https:\/\/kedemoseducation.com\/fr\/","logo":{"@type":"ImageObject","inLanguage":"fr-FR","@id":"https:\/\/kedemoseducation.com\/fr\/#\/schema\/logo\/image\/","url":"https:\/\/kedemoseducation.com\/wp-content\/uploads\/2023\/06\/logo-kedemos-education.png","contentUrl":"https:\/\/kedemoseducation.com\/wp-content\/uploads\/2023\/06\/logo-kedemos-education.png","width":2362,"height":903,"caption":"Kedemos Education"},"image":{"@id":"https:\/\/kedemoseducation.com\/fr\/#\/schema\/logo\/image\/"},"sameAs":["https:\/\/www.facebook.com\/Kedemoseducation","https:\/\/www.instagram.com\/kedemoseducation\/","https:\/\/www.linkedin.com\/company\/kedemos-education\/"]}]}},"jetpack_sharing_enabled":true,"_links":{"self":[{"href":"https:\/\/kedemoseducation.com\/fr\/wp-json\/wp\/v2\/product\/108","targetHints":{"allow":["GET"]}}],"collection":[{"href":"https:\/\/kedemoseducation.com\/fr\/wp-json\/wp\/v2\/product"}],"about":[{"href":"https:\/\/kedemoseducation.com\/fr\/wp-json\/wp\/v2\/types\/product"}],"replies":[{"embeddable":true,"href":"https:\/\/kedemoseducation.com\/fr\/wp-json\/wp\/v2\/comments?post=108"}],"wp:featuredmedia":[{"embeddable":true,"href":"https:\/\/kedemoseducation.com\/fr\/wp-json\/wp\/v2\/media\/7231"}],"wp:attachment":[{"href":"https:\/\/kedemoseducation.com\/fr\/wp-json\/wp\/v2\/media?parent=108"}],"wp:term":[{"taxonomy":"product_brand","embeddable":true,"href":"https:\/\/kedemoseducation.com\/fr\/wp-json\/wp\/v2\/product_brand?post=108"},{"taxonomy":"product_cat","embeddable":true,"href":"https:\/\/kedemoseducation.com\/fr\/wp-json\/wp\/v2\/product_cat?post=108"},{"taxonomy":"product_tag","embeddable":true,"href":"https:\/\/kedemoseducation.com\/fr\/wp-json\/wp\/v2\/product_tag?post=108"}],"curies":[{"name":"wp","href":"https:\/\/api.w.org\/{rel}","templated":true}]}}