{"id":106,"date":"2022-05-05T06:16:28","date_gmt":"2022-05-05T06:16:28","guid":{"rendered":"https:\/\/eshop.classperts.com\/?post_type=product&#038;p=106"},"modified":"2026-02-05T15:12:09","modified_gmt":"2026-02-05T13:12:09","slug":"pour-apprendre-les-lettres","status":"publish","type":"product","link":"https:\/\/kedemoseducation.com\/fr\/product\/pour-apprendre-les-lettres\/","title":{"rendered":"Moyenne Section \u2013 Pour Apprendre les Lettres"},"content":{"rendered":"<h1><b>Pour Apprendre les Lettres \u2013 Moyenne Section \u2013 Arc-en-ciel<\/b><\/h1>\n<h2><b>Pr\u00e9sentation de la m\u00e9thode de la Moyenne Section<\/b><\/h2>\n<p><span style=\"font-weight: 400;\">Le pr\u00e9sent cahier \u00ab Pour Apprendre les Lettres \u00bb fait partie de la collection<\/span><span style=\"font-weight: 400;\">Arc-en-ciel<\/span><span style=\"font-weight: 400;\">. Il est destin\u00e9 \u00e0 la Moyenne Section. Il prolonge donc le fichier de MS et s'int\u00e8gre dans une m\u00e9thode compl\u00e8te des apprentissages de base. Cette derni\u00e8re comprend : le fichier, dix contes de petit format, un plan des activit\u00e9s, et les paroles des chansons et des comptines.<\/span><\/p>\n<p><span style=\"font-weight: 400;\">Ce cahier propose un apprentissage de l\u2019\u00e9criture des lettres en cursive, ainsi que des exercices d'entra\u00eenement.\u00a0<\/span><\/p>\n<p><span style=\"font-weight: 400;\">La m\u00e9thode Arc-en-ciel est centr\u00e9e sur les principes suivants :\u00a0\u00a0<\/span><\/p>\n<ul>\n<li style=\"font-weight: 400;\" aria-level=\"1\"><span style=\"font-weight: 400;\">La compr\u00e9hension orale.<\/span><\/li>\n<li style=\"font-weight: 400;\" aria-level=\"1\"><span style=\"font-weight: 400;\">L\u2019expression orale.<\/span><\/li>\n<li style=\"font-weight: 400;\" aria-level=\"1\"><span style=\"font-weight: 400;\">Une richesse d\u2019images.<\/span><\/li>\n<li style=\"font-weight: 400;\" aria-level=\"1\"><span style=\"font-weight: 400;\">La participation des enfants.<\/span><\/li>\n<li style=\"font-weight: 400;\" aria-level=\"1\"><span style=\"font-weight: 400;\">Les \u00e9valuations r\u00e9guli\u00e8res.<\/span><\/li>\n<\/ul>\n<p><span style=\"font-weight: 400;\">Ce cahier accompagne le fichier Les Couleurs de l\u2019Arc-en-ciel de la <a href=\"https:\/\/kedemoseducation.com\/fr\/product\/moyenne-section-aec\/\">Moyenne Section<\/a>.<\/span><\/p>","protected":false},"excerpt":{"rendered":"<p><span style=\"font-weight: 400;\">Imagier d\u2019activit\u00e9s de fran\u00e7ais centr\u00e9 sur la reconnaissance et l\u2019\u00e9criture des lettres de l\u2019alphabet et l\u2019enrichissement lexical.<\/span><\/p>\n<p><span style=\"font-weight: 400;\">Ce manuel accompagne <a href=\"https:\/\/kedemoseducation.com\/fr\/product\/moyenne-section-aec\/\">fichier de la Moyenne Section<\/a>.<\/span><\/p>","protected":false},"featured_media":7235,"comment_status":"closed","ping_status":"closed","template":"","meta":{"_monsterinsights_skip_tracking":false,"_monsterinsights_sitenote_active":false,"_monsterinsights_sitenote_note":"","_monsterinsights_sitenote_category":0},"product_brand":[],"product_cat":[17,326,327,21],"product_tag":[59,60,52,53,54,55,56,57],"class_list":{"0":"post-106","1":"product","2":"type-product","3":"status-publish","4":"has-post-thumbnail","6":"product_cat-french","7":"product_cat-kindergarten","8":"product_cat-arc-en-ciel-kindergarten","9":"product_cat-kg2-les-couleurs-de-larc-en-ciel","10":"product_tag-ms","11":"product_tag-kg2","12":"product_tag-petite-section","13":"product_tag-ps","14":"product_tag-les-couleurs-de-larc-en-ciel","15":"product_tag-moyenne-section","16":"product_tag-maternelle","17":"product_tag-arc-en-ciel","18":"pa_grade-kg2","20":"first","21":"instock","22":"shipping-taxable","23":"purchasable","24":"product-type-simple"},"yoast_head":"<!-- This site is optimized with the Yoast SEO plugin v26.4 - https:\/\/yoast.com\/wordpress\/plugins\/seo\/ -->\r\n<title>KG2 - Pour Apprendre les Lettres - Kedemos Education<\/title>\r\n<meta name=\"description\" content=\"Pour Apprendre les lettres is part of the Arc-en-ciel collection and fits within a structured method for learning French..\" \/>\r\n<meta name=\"robots\" content=\"index, follow, max-snippet:-1, max-image-preview:large, max-video-preview:-1\" \/>\r\n<link rel=\"canonical\" href=\"https:\/\/kedemoseducation.com\/fr\/product\/pour-apprendre-les-lettres\/\" \/>\r\n<meta property=\"og:locale\" content=\"fr_FR\" \/>\r\n<meta property=\"og:type\" content=\"article\" \/>\r\n<meta property=\"og:title\" content=\"KG2 - Pour Apprendre les Lettres - Kedemos Education\" \/>\r\n<meta property=\"og:description\" content=\"Pour Apprendre les lettres is part of the Arc-en-ciel collection and fits within a structured method for learning French..\" \/>\r\n<meta property=\"og:url\" content=\"https:\/\/kedemoseducation.com\/fr\/product\/pour-apprendre-les-lettres\/\" \/>\r\n<meta property=\"og:site_name\" content=\"Kedemos Education\" \/>\r\n<meta property=\"article:publisher\" content=\"https:\/\/www.facebook.com\/Kedemoseducation\" \/>\r\n<meta property=\"article:modified_time\" content=\"2026-02-05T13:12:09+00:00\" \/>\r\n<meta property=\"og:image\" content=\"https:\/\/kedemoseducation.com\/wp-content\/uploads\/2022\/05\/Pour-apprendre-les-lettres-2.jpg\" \/>\r\n\t<meta property=\"og:image:width\" content=\"600\" \/>\r\n\t<meta property=\"og:image:height\" content=\"800\" \/>\r\n\t<meta property=\"og:image:type\" content=\"image\/jpeg\" \/>\r\n<meta name=\"twitter:card\" content=\"summary_large_image\" \/>\r\n<meta name=\"twitter:label1\" content=\"Dur\u00e9e de lecture estim\u00e9e\" \/>\n\t<meta name=\"twitter:data1\" content=\"1 minute\" \/>\r\n<script type=\"application\/ld+json\" class=\"yoast-schema-graph\">{\"@context\":\"https:\/\/schema.org\",\"@graph\":[{\"@type\":\"WebPage\",\"@id\":\"https:\/\/kedemoseducation.com\/product\/pour-apprendre-les-lettres\/\",\"url\":\"https:\/\/kedemoseducation.com\/product\/pour-apprendre-les-lettres\/\",\"name\":\"KG2 - Pour Apprendre les Lettres - Kedemos Education\",\"isPartOf\":{\"@id\":\"https:\/\/kedemoseducation.com\/fr\/#website\"},\"primaryImageOfPage\":{\"@id\":\"https:\/\/kedemoseducation.com\/product\/pour-apprendre-les-lettres\/#primaryimage\"},\"image\":{\"@id\":\"https:\/\/kedemoseducation.com\/product\/pour-apprendre-les-lettres\/#primaryimage\"},\"thumbnailUrl\":\"https:\/\/i0.wp.com\/kedemoseducation.com\/wp-content\/uploads\/2022\/05\/Pour-apprendre-les-lettres-2.jpg?fit=600%2C800&ssl=1\",\"datePublished\":\"2022-05-05T06:16:28+00:00\",\"dateModified\":\"2026-02-05T13:12:09+00:00\",\"description\":\"Pour Apprendre les lettres is part of the Arc-en-ciel collection and fits within a structured method for learning French..\",\"breadcrumb\":{\"@id\":\"https:\/\/kedemoseducation.com\/product\/pour-apprendre-les-lettres\/#breadcrumb\"},\"inLanguage\":\"fr-FR\",\"potentialAction\":[{\"@type\":\"ReadAction\",\"target\":[\"https:\/\/kedemoseducation.com\/product\/pour-apprendre-les-lettres\/\"]}]},{\"@type\":\"ImageObject\",\"inLanguage\":\"fr-FR\",\"@id\":\"https:\/\/kedemoseducation.com\/product\/pour-apprendre-les-lettres\/#primaryimage\",\"url\":\"https:\/\/i0.wp.com\/kedemoseducation.com\/wp-content\/uploads\/2022\/05\/Pour-apprendre-les-lettres-2.jpg?fit=600%2C800&ssl=1\",\"contentUrl\":\"https:\/\/i0.wp.com\/kedemoseducation.com\/wp-content\/uploads\/2022\/05\/Pour-apprendre-les-lettres-2.jpg?fit=600%2C800&ssl=1\",\"width\":600,\"height\":800,\"caption\":\"Apprendre les Lettres\"},{\"@type\":\"BreadcrumbList\",\"@id\":\"https:\/\/kedemoseducation.com\/product\/pour-apprendre-les-lettres\/#breadcrumb\",\"itemListElement\":[{\"@type\":\"ListItem\",\"position\":1,\"name\":\"Home\",\"item\":\"https:\/\/kedemoseducation.com\/\"},{\"@type\":\"ListItem\",\"position\":2,\"name\":\"All Products\",\"item\":\"https:\/\/kedemoseducation.com\/fr\/shop-2\/tous-les-produits\/\"},{\"@type\":\"ListItem\",\"position\":3,\"name\":\"School Books\",\"item\":\"https:\/\/kedemoseducation.com\/fr\/categorie-de-produit\/manuels-scolaires\/\"},{\"@type\":\"ListItem\",\"position\":4,\"name\":\"French\",\"item\":\"https:\/\/kedemoseducation.com\/en\/product-category\/school-books\/french\/\"},{\"@type\":\"ListItem\",\"position\":5,\"name\":\"KG2 &#8211; Pour Apprendre les Lettres\"}]},{\"@type\":\"WebSite\",\"@id\":\"https:\/\/kedemoseducation.com\/fr\/#website\",\"url\":\"https:\/\/kedemoseducation.com\/fr\/\",\"name\":\"Kedemos Education\",\"description\":\"The Pleasure of Learning\",\"publisher\":{\"@id\":\"https:\/\/kedemoseducation.com\/fr\/#organization\"},\"potentialAction\":[{\"@type\":\"SearchAction\",\"target\":{\"@type\":\"EntryPoint\",\"urlTemplate\":\"https:\/\/kedemoseducation.com\/fr\/?s={search_term_string}\"},\"query-input\":{\"@type\":\"PropertyValueSpecification\",\"valueRequired\":true,\"valueName\":\"search_term_string\"}}],\"inLanguage\":\"fr-FR\"},{\"@type\":\"Organization\",\"@id\":\"https:\/\/kedemoseducation.com\/fr\/#organization\",\"name\":\"Kedemos Education\",\"url\":\"https:\/\/kedemoseducation.com\/fr\/\",\"logo\":{\"@type\":\"ImageObject\",\"inLanguage\":\"fr-FR\",\"@id\":\"https:\/\/kedemoseducation.com\/fr\/#\/schema\/logo\/image\/\",\"url\":\"https:\/\/kedemoseducation.com\/wp-content\/uploads\/2023\/06\/logo-kedemos-education.png\",\"contentUrl\":\"https:\/\/kedemoseducation.com\/wp-content\/uploads\/2023\/06\/logo-kedemos-education.png\",\"width\":2362,\"height\":903,\"caption\":\"Kedemos Education\"},\"image\":{\"@id\":\"https:\/\/kedemoseducation.com\/fr\/#\/schema\/logo\/image\/\"},\"sameAs\":[\"https:\/\/www.facebook.com\/Kedemoseducation\",\"https:\/\/www.instagram.com\/kedemoseducation\/\",\"https:\/\/www.linkedin.com\/company\/kedemos-education\/\"]}]}<\/script>\r\n<!-- \/ Yoast SEO plugin. -->","yoast_head_json":{"title":"Moyenne Section - Pour Apprendre les Lettres - K\u00e9d\u00e9mos Education","description":"Pour Apprendre les lettres est de la Collection Arc-en-ciel, s'int\u00e8gre dans une m\u00e9thode d'apprentissage du fran\u00e7ais.","robots":{"index":"index","follow":"follow","max-snippet":"max-snippet:-1","max-image-preview":"max-image-preview:large","max-video-preview":"max-video-preview:-1"},"canonical":"https:\/\/kedemoseducation.com\/fr\/product\/pour-apprendre-les-lettres\/","og_locale":"fr_FR","og_type":"article","og_title":"KG2 - Pour Apprendre les Lettres - Kedemos Education","og_description":"Pour Apprendre les lettres is part of the Arc-en-ciel collection and fits within a structured method for learning French..","og_url":"https:\/\/kedemoseducation.com\/fr\/product\/pour-apprendre-les-lettres\/","og_site_name":"Kedemos Education","article_publisher":"https:\/\/www.facebook.com\/Kedemoseducation","article_modified_time":"2026-02-05T13:12:09+00:00","og_image":[{"width":600,"height":800,"url":"https:\/\/kedemoseducation.com\/wp-content\/uploads\/2022\/05\/Pour-apprendre-les-lettres-2.jpg","type":"image\/jpeg"}],"twitter_card":"summary_large_image","twitter_misc":{"Dur\u00e9e de lecture estim\u00e9e":"1 minute"},"schema":{"@context":"https:\/\/schema.org","@graph":[{"@type":"WebPage","@id":"https:\/\/kedemoseducation.com\/product\/pour-apprendre-les-lettres\/","url":"https:\/\/kedemoseducation.com\/product\/pour-apprendre-les-lettres\/","name":"Moyenne Section - Pour Apprendre les Lettres - K\u00e9d\u00e9mos Education","isPartOf":{"@id":"https:\/\/kedemoseducation.com\/fr\/#website"},"primaryImageOfPage":{"@id":"https:\/\/kedemoseducation.com\/product\/pour-apprendre-les-lettres\/#primaryimage"},"image":{"@id":"https:\/\/kedemoseducation.com\/product\/pour-apprendre-les-lettres\/#primaryimage"},"thumbnailUrl":"https:\/\/i0.wp.com\/kedemoseducation.com\/wp-content\/uploads\/2022\/05\/Pour-apprendre-les-lettres-2.jpg?fit=600%2C800&ssl=1","datePublished":"2022-05-05T06:16:28+00:00","dateModified":"2026-02-05T13:12:09+00:00","description":"Pour Apprendre les lettres est de la Collection Arc-en-ciel, s'int\u00e8gre dans une m\u00e9thode d'apprentissage du fran\u00e7ais.","breadcrumb":{"@id":"https:\/\/kedemoseducation.com\/product\/pour-apprendre-les-lettres\/#breadcrumb"},"inLanguage":"fr-FR","potentialAction":[{"@type":"ReadAction","target":["https:\/\/kedemoseducation.com\/product\/pour-apprendre-les-lettres\/"]}]},{"@type":"ImageObject","inLanguage":"fr-FR","@id":"https:\/\/kedemoseducation.com\/product\/pour-apprendre-les-lettres\/#primaryimage","url":"https:\/\/i0.wp.com\/kedemoseducation.com\/wp-content\/uploads\/2022\/05\/Pour-apprendre-les-lettres-2.jpg?fit=600%2C800&ssl=1","contentUrl":"https:\/\/i0.wp.com\/kedemoseducation.com\/wp-content\/uploads\/2022\/05\/Pour-apprendre-les-lettres-2.jpg?fit=600%2C800&ssl=1","width":600,"height":800,"caption":"Apprendre les Lettres"},{"@type":"BreadcrumbList","@id":"https:\/\/kedemoseducation.com\/product\/pour-apprendre-les-lettres\/#breadcrumb","itemListElement":[{"@type":"ListItem","position":1,"name":"Home","item":"https:\/\/kedemoseducation.com\/"},{"@type":"ListItem","position":2,"name":"All Products","item":"https:\/\/kedemoseducation.com\/fr\/shop-2\/tous-les-produits\/"},{"@type":"ListItem","position":3,"name":"School Books","item":"https:\/\/kedemoseducation.com\/fr\/categorie-de-produit\/manuels-scolaires\/"},{"@type":"ListItem","position":4,"name":"French","item":"https:\/\/kedemoseducation.com\/en\/product-category\/school-books\/french\/"},{"@type":"ListItem","position":5,"name":"KG2 &#8211; Pour Apprendre les Lettres"}]},{"@type":"WebSite","@id":"https:\/\/kedemoseducation.com\/fr\/#website","url":"https:\/\/kedemoseducation.com\/fr\/","name":"K\u00e9d\u00e9mos Education","description":"Le plaisir d'apprendre","publisher":{"@id":"https:\/\/kedemoseducation.com\/fr\/#organization"},"potentialAction":[{"@type":"SearchAction","target":{"@type":"EntryPoint","urlTemplate":"https:\/\/kedemoseducation.com\/fr\/?s={search_term_string}"},"query-input":{"@type":"PropertyValueSpecification","valueRequired":true,"valueName":"search_term_string"}}],"inLanguage":"fr-FR"},{"@type":"Organization","@id":"https:\/\/kedemoseducation.com\/fr\/#organization","name":"K\u00e9d\u00e9mos Education","url":"https:\/\/kedemoseducation.com\/fr\/","logo":{"@type":"ImageObject","inLanguage":"fr-FR","@id":"https:\/\/kedemoseducation.com\/fr\/#\/schema\/logo\/image\/","url":"https:\/\/kedemoseducation.com\/wp-content\/uploads\/2023\/06\/logo-kedemos-education.png","contentUrl":"https:\/\/kedemoseducation.com\/wp-content\/uploads\/2023\/06\/logo-kedemos-education.png","width":2362,"height":903,"caption":"Kedemos Education"},"image":{"@id":"https:\/\/kedemoseducation.com\/fr\/#\/schema\/logo\/image\/"},"sameAs":["https:\/\/www.facebook.com\/Kedemoseducation","https:\/\/www.instagram.com\/kedemoseducation\/","https:\/\/www.linkedin.com\/company\/kedemos-education\/"]}]}},"jetpack_sharing_enabled":true,"_links":{"self":[{"href":"https:\/\/kedemoseducation.com\/fr\/wp-json\/wp\/v2\/product\/106","targetHints":{"allow":["GET"]}}],"collection":[{"href":"https:\/\/kedemoseducation.com\/fr\/wp-json\/wp\/v2\/product"}],"about":[{"href":"https:\/\/kedemoseducation.com\/fr\/wp-json\/wp\/v2\/types\/product"}],"replies":[{"embeddable":true,"href":"https:\/\/kedemoseducation.com\/fr\/wp-json\/wp\/v2\/comments?post=106"}],"wp:featuredmedia":[{"embeddable":true,"href":"https:\/\/kedemoseducation.com\/fr\/wp-json\/wp\/v2\/media\/7235"}],"wp:attachment":[{"href":"https:\/\/kedemoseducation.com\/fr\/wp-json\/wp\/v2\/media?parent=106"}],"wp:term":[{"taxonomy":"product_brand","embeddable":true,"href":"https:\/\/kedemoseducation.com\/fr\/wp-json\/wp\/v2\/product_brand?post=106"},{"taxonomy":"product_cat","embeddable":true,"href":"https:\/\/kedemoseducation.com\/fr\/wp-json\/wp\/v2\/product_cat?post=106"},{"taxonomy":"product_tag","embeddable":true,"href":"https:\/\/kedemoseducation.com\/fr\/wp-json\/wp\/v2\/product_tag?post=106"}],"curies":[{"name":"wp","href":"https:\/\/api.w.org\/{rel}","templated":true}]}}