{"id":105,"date":"2022-05-05T06:16:27","date_gmt":"2022-05-05T06:16:27","guid":{"rendered":"https:\/\/eshop.classperts.com\/?post_type=product&#038;p=105"},"modified":"2026-02-05T13:59:50","modified_gmt":"2026-02-05T11:59:50","slug":"kg1-workbook-aec","status":"publish","type":"product","link":"https:\/\/kedemoseducation.com\/fr\/product\/petite-section-aec\/","title":{"rendered":"Fichier-\u00e9l\u00e8ve Petite Section"},"content":{"rendered":"<h1><b>Les Couleurs de l\u2019Arc-en-ciel - Fichier pour la Petite Section<\/b><\/h1>\n<h2><b>Pr\u00e9sentation de la m\u00e9thode de la Petite Section<\/b><\/h2>\n<p><span style=\"font-weight: 400;\">Le pr\u00e9sent fichier fait partie de la collection<\/span><a href=\"https:\/\/www.instagram.com\/p\/CLG8l52lb62\/\"><span style=\"font-weight: 400;\">Les Couleurs de l\u2019Arc-en-ciel<\/span><\/a><span style=\"font-weight: 400;\">. Destin\u00e9 \u00e0 la Petite Section, il s'int\u00e8gre dans une m\u00e9thode compl\u00e8te des apprentissages de base. La m\u00e9thode pour la PS est divis\u00e9e en neuf th\u00e8mes li\u00e9s \u00e0 la vie quotidienne des enfants. Elle comprend :<\/span><\/p>\n<ol>\n<li style=\"font-weight: 400;\" aria-level=\"1\"><span style=\"font-weight: 400;\">Un fichier de 336 pages d\u00e9tachables. Ce fichier propose des activit\u00e9s de vocabulaire et d'\u00e9veil sensoriel, une initiation aux activit\u00e9s math\u00e9matiques et logiques, des activit\u00e9s graphiques, des activit\u00e9s artistiques et des fiches \u00ab d'\u00e9valuation \u00bb des acquisitions.<\/span><\/li>\n<li style=\"font-weight: 400;\" aria-level=\"1\"><span style=\"font-weight: 400;\"><a href=\"https:\/\/kedemoseducation.com\/fr\/product-category\/storybooks-for-children\/french-storybooks\/contes-en-mille-couleurs\/pink-series\/\">Neuf contes de petit format<\/a>. L'enfant peut ainsi partager avec ses parents le plaisir du conte, celui d'observer de belles images, de perfectionner son vocabulaire et de colorier des dessins.<\/span><\/li>\n<li style=\"font-weight: 400;\" aria-level=\"1\"><span style=\"font-weight: 400;\">Un plan de toutes les activit\u00e9s afin de permettre aux parents d\u2019\u00eatre inform\u00e9s, au fur et \u00e0 mesure, du contenu des apprentissages.<\/span><\/li>\n<li style=\"font-weight: 400;\" aria-level=\"1\"><span style=\"font-weight: 400;\">Les paroles des chansons et des comptines pour partager des moments de complicit\u00e9 et de joie.<\/span><\/li>\n<\/ol>\n<p><span style=\"font-weight: 400;\">Enfin, la premi\u00e8re page du fichier contient un code QR. L\u2019enfant pourra ainsi \u00e9couter :<\/span><\/p>\n<ul>\n<li style=\"font-weight: 400;\" aria-level=\"1\"><span style=\"font-weight: 400;\">Les contes.<\/span><\/li>\n<li style=\"font-weight: 400;\" aria-level=\"1\"><span style=\"font-weight: 400;\">Les chansons.\u00a0<\/span><\/li>\n<li style=\"font-weight: 400;\" aria-level=\"1\"><span style=\"font-weight: 400;\">Les comptines.<\/span><\/li>\n<\/ul>","protected":false},"excerpt":{"rendered":"<p class=\"translation-block\"><span style=\"font-weight: 400\">Un fichier-\u00e9l\u00e8ve Petite Section tout en couleur, avec pages d\u00e9tachables, accompagn\u00e9 de <a href=\"https:\/\/kedemoseducation.com\/fr\/categorie-de-produit\/contes-pour-enfants\/contes-en-francais\/contes-en-mille-couleurs\/serie-rose\/\" target=\"_self\">9 contes <\/a> en petit format.<\/span><\/p>","protected":false},"featured_media":7232,"comment_status":"closed","ping_status":"closed","template":"","meta":{"_monsterinsights_skip_tracking":false,"_monsterinsights_sitenote_active":false,"_monsterinsights_sitenote_note":"","_monsterinsights_sitenote_category":0},"product_brand":[],"product_cat":[17,20,16,208],"product_tag":[57,58,377,52,53,54,55,56],"class_list":{"0":"post-105","1":"product","2":"type-product","3":"status-publish","4":"has-post-thumbnail","6":"product_cat-french","7":"product_cat-kg1-les-couleurs-de-larc-en-ciel","8":"product_cat-school-books","9":"product_cat-les-couleurs-de-larc-en-ciel","10":"product_tag-arc-en-ciel","11":"product_tag-kg1","12":"product_tag-summer-books","13":"product_tag-petite-section","14":"product_tag-ps","15":"product_tag-les-couleurs-de-larc-en-ciel","16":"product_tag-moyenne-section","17":"product_tag-maternelle","18":"pa_grade-kg1","20":"first","21":"instock","22":"shipping-taxable","23":"purchasable","24":"product-type-simple"},"yoast_head":"<!-- This site is optimized with the Yoast SEO plugin v26.4 - https:\/\/yoast.com\/wordpress\/plugins\/seo\/ -->\r\n<title>KG1 workbook - Kedemos Education<\/title>\r\n<meta name=\"description\" content=\"The KG1 workbook from the &quot;Les Couleurs de l\u2019Arc-en-ciel&quot; collection, featuring engaging activities and accompanied by 9 small-format storybooks.\" \/>\r\n<meta name=\"robots\" content=\"index, follow, max-snippet:-1, max-image-preview:large, max-video-preview:-1\" \/>\r\n<link rel=\"canonical\" href=\"https:\/\/kedemoseducation.com\/fr\/product\/petite-section-aec\/\" \/>\r\n<meta property=\"og:locale\" content=\"fr_FR\" \/>\r\n<meta property=\"og:type\" content=\"article\" \/>\r\n<meta property=\"og:title\" content=\"KG1 workbook - Kedemos Education\" \/>\r\n<meta property=\"og:description\" content=\"The KG1 workbook from the &quot;Les Couleurs de l\u2019Arc-en-ciel&quot; collection, featuring engaging activities and accompanied by 9 small-format storybooks.\" \/>\r\n<meta property=\"og:url\" content=\"https:\/\/kedemoseducation.com\/fr\/product\/petite-section-aec\/\" \/>\r\n<meta property=\"og:site_name\" content=\"Kedemos Education\" \/>\r\n<meta property=\"article:publisher\" content=\"https:\/\/www.facebook.com\/Kedemoseducation\" \/>\r\n<meta property=\"article:modified_time\" content=\"2026-02-05T11:59:50+00:00\" \/>\r\n<meta property=\"og:image\" content=\"https:\/\/kedemoseducation.com\/wp-content\/uploads\/2022\/05\/PS-1.jpg\" \/>\r\n\t<meta property=\"og:image:width\" content=\"600\" \/>\r\n\t<meta property=\"og:image:height\" content=\"800\" \/>\r\n\t<meta property=\"og:image:type\" content=\"image\/jpeg\" \/>\r\n<meta name=\"twitter:card\" content=\"summary_large_image\" \/>\r\n<meta name=\"twitter:label1\" content=\"Dur\u00e9e de lecture estim\u00e9e\" \/>\n\t<meta name=\"twitter:data1\" content=\"1 minute\" \/>\r\n<script type=\"application\/ld+json\" class=\"yoast-schema-graph\">{\"@context\":\"https:\/\/schema.org\",\"@graph\":[{\"@type\":\"WebPage\",\"@id\":\"https:\/\/kedemoseducation.com\/product\/kg1-workbook-aec\/\",\"url\":\"https:\/\/kedemoseducation.com\/product\/kg1-workbook-aec\/\",\"name\":\"KG1 workbook - Kedemos Education\",\"isPartOf\":{\"@id\":\"https:\/\/kedemoseducation.com\/fr\/#website\"},\"primaryImageOfPage\":{\"@id\":\"https:\/\/kedemoseducation.com\/product\/kg1-workbook-aec\/#primaryimage\"},\"image\":{\"@id\":\"https:\/\/kedemoseducation.com\/product\/kg1-workbook-aec\/#primaryimage\"},\"thumbnailUrl\":\"https:\/\/i0.wp.com\/kedemoseducation.com\/wp-content\/uploads\/2022\/05\/PS-1.jpg?fit=600%2C800&ssl=1\",\"datePublished\":\"2022-05-05T06:16:27+00:00\",\"dateModified\":\"2026-02-05T11:59:50+00:00\",\"description\":\"The KG1 workbook from the \\\"Les Couleurs de l\u2019Arc-en-ciel\\\" collection, featuring engaging activities and accompanied by 9 small-format storybooks.\",\"breadcrumb\":{\"@id\":\"https:\/\/kedemoseducation.com\/product\/kg1-workbook-aec\/#breadcrumb\"},\"inLanguage\":\"fr-FR\",\"potentialAction\":[{\"@type\":\"ReadAction\",\"target\":[\"https:\/\/kedemoseducation.com\/product\/kg1-workbook-aec\/\"]}]},{\"@type\":\"ImageObject\",\"inLanguage\":\"fr-FR\",\"@id\":\"https:\/\/kedemoseducation.com\/product\/kg1-workbook-aec\/#primaryimage\",\"url\":\"https:\/\/i0.wp.com\/kedemoseducation.com\/wp-content\/uploads\/2022\/05\/PS-1.jpg?fit=600%2C800&ssl=1\",\"contentUrl\":\"https:\/\/i0.wp.com\/kedemoseducation.com\/wp-content\/uploads\/2022\/05\/PS-1.jpg?fit=600%2C800&ssl=1\",\"width\":600,\"height\":800,\"caption\":\"Petite Section\"},{\"@type\":\"BreadcrumbList\",\"@id\":\"https:\/\/kedemoseducation.com\/product\/kg1-workbook-aec\/#breadcrumb\",\"itemListElement\":[{\"@type\":\"ListItem\",\"position\":1,\"name\":\"Home\",\"item\":\"https:\/\/kedemoseducation.com\/\"},{\"@type\":\"ListItem\",\"position\":2,\"name\":\"All Products\",\"item\":\"https:\/\/kedemoseducation.com\/fr\/shop-2\/tous-les-produits\/\"},{\"@type\":\"ListItem\",\"position\":3,\"name\":\"School Books\",\"item\":\"https:\/\/kedemoseducation.com\/fr\/categorie-de-produit\/manuels-scolaires\/\"},{\"@type\":\"ListItem\",\"position\":4,\"name\":\"KG1 Workbook\"}]},{\"@type\":\"WebSite\",\"@id\":\"https:\/\/kedemoseducation.com\/fr\/#website\",\"url\":\"https:\/\/kedemoseducation.com\/fr\/\",\"name\":\"Kedemos Education\",\"description\":\"The Pleasure of Learning\",\"publisher\":{\"@id\":\"https:\/\/kedemoseducation.com\/fr\/#organization\"},\"potentialAction\":[{\"@type\":\"SearchAction\",\"target\":{\"@type\":\"EntryPoint\",\"urlTemplate\":\"https:\/\/kedemoseducation.com\/fr\/?s={search_term_string}\"},\"query-input\":{\"@type\":\"PropertyValueSpecification\",\"valueRequired\":true,\"valueName\":\"search_term_string\"}}],\"inLanguage\":\"fr-FR\"},{\"@type\":\"Organization\",\"@id\":\"https:\/\/kedemoseducation.com\/fr\/#organization\",\"name\":\"Kedemos Education\",\"url\":\"https:\/\/kedemoseducation.com\/fr\/\",\"logo\":{\"@type\":\"ImageObject\",\"inLanguage\":\"fr-FR\",\"@id\":\"https:\/\/kedemoseducation.com\/fr\/#\/schema\/logo\/image\/\",\"url\":\"https:\/\/kedemoseducation.com\/wp-content\/uploads\/2023\/06\/logo-kedemos-education.png\",\"contentUrl\":\"https:\/\/kedemoseducation.com\/wp-content\/uploads\/2023\/06\/logo-kedemos-education.png\",\"width\":2362,\"height\":903,\"caption\":\"Kedemos Education\"},\"image\":{\"@id\":\"https:\/\/kedemoseducation.com\/fr\/#\/schema\/logo\/image\/\"},\"sameAs\":[\"https:\/\/www.facebook.com\/Kedemoseducation\",\"https:\/\/www.instagram.com\/kedemoseducation\/\",\"https:\/\/www.linkedin.com\/company\/kedemos-education\/\"]}]}<\/script>\r\n<!-- \/ Yoast SEO plugin. -->","yoast_head_json":{"title":"Fichier-\u00e9l\u00e8ve Petite Section - K\u00e9d\u00e9mos Education","description":"Un fichier-\u00e9l\u00e8ve Petite Section tout en couleur de la collection Les Couleur de l'Arc-en-ciel, accompagn\u00e9 de 9 contes en petit format.","robots":{"index":"index","follow":"follow","max-snippet":"max-snippet:-1","max-image-preview":"max-image-preview:large","max-video-preview":"max-video-preview:-1"},"canonical":"https:\/\/kedemoseducation.com\/fr\/product\/petite-section-aec\/","og_locale":"fr_FR","og_type":"article","og_title":"KG1 workbook - Kedemos Education","og_description":"The KG1 workbook from the \"Les Couleurs de l\u2019Arc-en-ciel\" collection, featuring engaging activities and accompanied by 9 small-format storybooks.","og_url":"https:\/\/kedemoseducation.com\/fr\/product\/petite-section-aec\/","og_site_name":"Kedemos Education","article_publisher":"https:\/\/www.facebook.com\/Kedemoseducation","article_modified_time":"2026-02-05T11:59:50+00:00","og_image":[{"width":600,"height":800,"url":"https:\/\/kedemoseducation.com\/wp-content\/uploads\/2022\/05\/PS-1.jpg","type":"image\/jpeg"}],"twitter_card":"summary_large_image","twitter_misc":{"Dur\u00e9e de lecture estim\u00e9e":"1 minute"},"schema":{"@context":"https:\/\/schema.org","@graph":[{"@type":"WebPage","@id":"https:\/\/kedemoseducation.com\/product\/kg1-workbook-aec\/","url":"https:\/\/kedemoseducation.com\/product\/kg1-workbook-aec\/","name":"Fichier-\u00e9l\u00e8ve Petite Section - K\u00e9d\u00e9mos Education","isPartOf":{"@id":"https:\/\/kedemoseducation.com\/fr\/#website"},"primaryImageOfPage":{"@id":"https:\/\/kedemoseducation.com\/product\/kg1-workbook-aec\/#primaryimage"},"image":{"@id":"https:\/\/kedemoseducation.com\/product\/kg1-workbook-aec\/#primaryimage"},"thumbnailUrl":"https:\/\/i0.wp.com\/kedemoseducation.com\/wp-content\/uploads\/2022\/05\/PS-1.jpg?fit=600%2C800&ssl=1","datePublished":"2022-05-05T06:16:27+00:00","dateModified":"2026-02-05T11:59:50+00:00","description":"Un fichier-\u00e9l\u00e8ve Petite Section tout en couleur de la collection Les Couleur de l'Arc-en-ciel, accompagn\u00e9 de 9 contes en petit format.","breadcrumb":{"@id":"https:\/\/kedemoseducation.com\/product\/kg1-workbook-aec\/#breadcrumb"},"inLanguage":"fr-FR","potentialAction":[{"@type":"ReadAction","target":["https:\/\/kedemoseducation.com\/product\/kg1-workbook-aec\/"]}]},{"@type":"ImageObject","inLanguage":"fr-FR","@id":"https:\/\/kedemoseducation.com\/product\/kg1-workbook-aec\/#primaryimage","url":"https:\/\/i0.wp.com\/kedemoseducation.com\/wp-content\/uploads\/2022\/05\/PS-1.jpg?fit=600%2C800&ssl=1","contentUrl":"https:\/\/i0.wp.com\/kedemoseducation.com\/wp-content\/uploads\/2022\/05\/PS-1.jpg?fit=600%2C800&ssl=1","width":600,"height":800,"caption":"Petite Section"},{"@type":"BreadcrumbList","@id":"https:\/\/kedemoseducation.com\/product\/kg1-workbook-aec\/#breadcrumb","itemListElement":[{"@type":"ListItem","position":1,"name":"Home","item":"https:\/\/kedemoseducation.com\/"},{"@type":"ListItem","position":2,"name":"All Products","item":"https:\/\/kedemoseducation.com\/fr\/shop-2\/tous-les-produits\/"},{"@type":"ListItem","position":3,"name":"School Books","item":"https:\/\/kedemoseducation.com\/fr\/categorie-de-produit\/manuels-scolaires\/"},{"@type":"ListItem","position":4,"name":"KG1 Workbook"}]},{"@type":"WebSite","@id":"https:\/\/kedemoseducation.com\/fr\/#website","url":"https:\/\/kedemoseducation.com\/fr\/","name":"K\u00e9d\u00e9mos Education","description":"Le plaisir d'apprendre","publisher":{"@id":"https:\/\/kedemoseducation.com\/fr\/#organization"},"potentialAction":[{"@type":"SearchAction","target":{"@type":"EntryPoint","urlTemplate":"https:\/\/kedemoseducation.com\/fr\/?s={search_term_string}"},"query-input":{"@type":"PropertyValueSpecification","valueRequired":true,"valueName":"search_term_string"}}],"inLanguage":"fr-FR"},{"@type":"Organization","@id":"https:\/\/kedemoseducation.com\/fr\/#organization","name":"K\u00e9d\u00e9mos Education","url":"https:\/\/kedemoseducation.com\/fr\/","logo":{"@type":"ImageObject","inLanguage":"fr-FR","@id":"https:\/\/kedemoseducation.com\/fr\/#\/schema\/logo\/image\/","url":"https:\/\/kedemoseducation.com\/wp-content\/uploads\/2023\/06\/logo-kedemos-education.png","contentUrl":"https:\/\/kedemoseducation.com\/wp-content\/uploads\/2023\/06\/logo-kedemos-education.png","width":2362,"height":903,"caption":"Kedemos Education"},"image":{"@id":"https:\/\/kedemoseducation.com\/fr\/#\/schema\/logo\/image\/"},"sameAs":["https:\/\/www.facebook.com\/Kedemoseducation","https:\/\/www.instagram.com\/kedemoseducation\/","https:\/\/www.linkedin.com\/company\/kedemos-education\/"]}]}},"jetpack_sharing_enabled":true,"_links":{"self":[{"href":"https:\/\/kedemoseducation.com\/fr\/wp-json\/wp\/v2\/product\/105","targetHints":{"allow":["GET"]}}],"collection":[{"href":"https:\/\/kedemoseducation.com\/fr\/wp-json\/wp\/v2\/product"}],"about":[{"href":"https:\/\/kedemoseducation.com\/fr\/wp-json\/wp\/v2\/types\/product"}],"replies":[{"embeddable":true,"href":"https:\/\/kedemoseducation.com\/fr\/wp-json\/wp\/v2\/comments?post=105"}],"wp:featuredmedia":[{"embeddable":true,"href":"https:\/\/kedemoseducation.com\/fr\/wp-json\/wp\/v2\/media\/7232"}],"wp:attachment":[{"href":"https:\/\/kedemoseducation.com\/fr\/wp-json\/wp\/v2\/media?parent=105"}],"wp:term":[{"taxonomy":"product_brand","embeddable":true,"href":"https:\/\/kedemoseducation.com\/fr\/wp-json\/wp\/v2\/product_brand?post=105"},{"taxonomy":"product_cat","embeddable":true,"href":"https:\/\/kedemoseducation.com\/fr\/wp-json\/wp\/v2\/product_cat?post=105"},{"taxonomy":"product_tag","embeddable":true,"href":"https:\/\/kedemoseducation.com\/fr\/wp-json\/wp\/v2\/product_tag?post=105"}],"curies":[{"name":"wp","href":"https:\/\/api.w.org\/{rel}","templated":true}]}}