{"id":10477,"date":"2024-09-05T14:29:07","date_gmt":"2024-09-05T11:29:07","guid":{"rendered":"https:\/\/kedemoseducation.com\/?post_type=product&#038;p=10477"},"modified":"2025-12-26T09:29:58","modified_gmt":"2025-12-26T07:29:58","slug":"collection-raconte-moi-une-histoire","status":"publish","type":"product","link":"https:\/\/kedemoseducation.com\/fr\/product\/collection-raconte-moi-une-histoire\/","title":{"rendered":"Bouquet Raconte-moi une histoire"},"content":{"rendered":"<h1><strong>Collection Raconte-moi une histoire<\/strong><\/h1>\n<p><span style=\"font-weight: 400;\">La collection <\/span><a href=\"https:\/\/kedemoseducation.com\/fr\/product-category\/contes\/contes-francais\/raconte-moi-une-histoire\/\"><i><span style=\"font-weight: 400;\">Raconte-moi une histoire<\/span><\/i><\/a><span style=\"font-weight: 400;\"> est compos\u00e9e de 12 contes captivants, illustr\u00e9s et tout en couleurs pour encourager les enfants de 5 \u00e0 8 ans \u00e0 lire et pour les motiver \u00e0 apprendre tout en s\u2019amusant.<\/span><\/p>\n<p><i><span style=\"font-weight: 400;\">Raconte-moi une histoire<\/span><\/i><span style=\"font-weight: 400;\"> comprend les titres suivants :\u00a0<\/span><\/p>\n<ul>\n<li><a href=\"https:\/\/kedemoseducation.com\/fr\/produit\/conte-lili-et-les-dauphins\/\">Lili et les dauphins<\/a><\/li>\n<li><a href=\"https:\/\/kedemoseducation.com\/fr\/produit\/conte-le-demenagement\/\" target=\"_blank\" rel=\"noopener\">Le d\u00e9m\u00e9nagement<\/a><\/li>\n<li><a href=\"https:\/\/kedemoseducation.com\/fr\/produit\/conte-vive-le-bain\/\" target=\"_blank\" rel=\"noopener\">Vive le bain !<\/a><\/li>\n<li><a href=\"https:\/\/kedemoseducation.com\/fr\/produit\/conte-timour-le-gentil-tigre\/\" target=\"_blank\" rel=\"noopener\">Timour, le gentil tigre<\/a><\/li>\n<li><a href=\"https:\/\/kedemoseducation.com\/fr\/produit\/conte-babar-le-bonhomme-de-neige\/\" target=\"_blank\" rel=\"noopener\">Babar, le bonhomme de neige<\/a><\/li>\n<li><a href=\"https:\/\/kedemoseducation.com\/fr\/produit\/conte-le-meilleur-ami-de-julie\/\" target=\"_blank\" rel=\"noopener\">Le meilleur ami de Julie\u00a0<\/a><\/li>\n<li><a href=\"https:\/\/kedemoseducation.com\/fr\/produit\/conte-cest-beau-la-mer\/\">C\u2019est beau, la mer !<\/a><\/li>\n<li><a href=\"https:\/\/kedemoseducation.com\/fr\/produit\/conte-bambi-le-petit-faon\/\">Bambi, le petit faon<\/a><\/li>\n<li><a href=\"https:\/\/kedemoseducation.com\/fr\/produit\/conte-un-elephanteau-en-ville\/\" target=\"_blank\" rel=\"noopener\">Un \u00e9l\u00e9phanteau en ville<\/a><\/li>\n<li><a href=\"https:\/\/kedemoseducation.com\/fr\/produit\/conte-qui-reveillera-la-ferme\/\" target=\"_blank\" rel=\"noopener\">Qui r\u00e9veillera la ferme ?\u00a0<\/a><\/li>\n<li><a href=\"https:\/\/kedemoseducation.com\/fr\/produit\/conte-remi-veut-voler\/\" target=\"_blank\" rel=\"noopener\">R\u00e9mi veut voler<\/a><\/li>\n<li><a href=\"https:\/\/kedemoseducation.com\/fr\/produit\/conte-les-vacances-de-youki\/\" target=\"_blank\" rel=\"noopener\">Les vacances de Youki<\/a><\/li>\n<\/ul>\n<p><span style=\"font-weight: 400;\">Faciles \u00e0 comprendre et parfaitement adapt\u00e9s \u00e0 l\u2019\u00e2ge de vos enfants, ces contes illustr\u00e9s de belles images color\u00e9es sont \u00e9troitement li\u00e9s aux exp\u00e9riences du quotidien des petits et au monde qui les entoure. De plus, dans chaque page, le texte est court et r\u00e9dig\u00e9 en gros caract\u00e8res pour faciliter la lecture aux apprenants.<\/span><\/p>\n<p><span style=\"font-weight: 400;\">Uniquement disponibles en grand format, chacun de ces 12 contes peut \u00eatre achet\u00e9 individuellement ou en bouquet de contes. Il convient de signaler que le th\u00e8me de chaque conte se rapporte directement aux le\u00e7ons du manuel de <a href=\"https:\/\/kedemoseducation.com\/fr\/grade\/grade-1\/\">CP \/ EB1.<\/a><\/span><\/p>\n<p>&nbsp;<\/p>","protected":false},"excerpt":{"rendered":"<p><span style=\"font-weight: 400;\">Les 12 contes captivants et magnifiquement illustr\u00e9s de la collection <\/span><i><span style=\"font-weight: 400;\">Raconte-moi une histoire<\/span><\/i><span style=\"font-weight: 400;\"> sont parfaitement adapt\u00e9s aux enfants de 5 \u00e0 8 ans.\u00a0<\/span><\/p>","protected":false},"featured_media":10479,"comment_status":"closed","ping_status":"closed","template":"","meta":{"_monsterinsights_skip_tracking":false,"_monsterinsights_sitenote_active":false,"_monsterinsights_sitenote_note":"","_monsterinsights_sitenote_category":0},"product_brand":[],"product_cat":[159,207,151,322],"product_tag":[343,76,313,315,323,324],"class_list":{"0":"post-10477","1":"product","2":"type-product","3":"status-publish","4":"has-post-thumbnail","6":"product_cat-french-storybooks","7":"product_cat-new-releases","8":"product_cat-storybooks-for-children","9":"product_cat-raconte-moi-une-histoire","10":"product_tag-storybook-bundles","11":"product_tag-grade-1","12":"product_tag-5-7-years-old","13":"product_tag-french-storybook-collections","14":"product_tag-storybooks","15":"product_tag-storybook","16":"pa_grade-grade-1","18":"first","19":"instock","20":"shipping-taxable","21":"purchasable","22":"product-type-simple"},"yoast_head":"<!-- This site is optimized with the Yoast SEO plugin v26.4 - https:\/\/yoast.com\/wordpress\/plugins\/seo\/ -->\r\n<title>Collection Raconte-moi une histoire - Kedemos Education<\/title>\r\n<meta name=\"description\" content=\"D\u00e9couvrez les douze contes merveilleux de la collection Raconte-moi une histoire. Adapt\u00e9e aux enfants de 5 \u00e0 8 ans, elle est s\u00fbre de plaire !.\" \/>\r\n<meta name=\"robots\" content=\"index, follow, max-snippet:-1, max-image-preview:large, max-video-preview:-1\" \/>\r\n<link rel=\"canonical\" href=\"https:\/\/kedemoseducation.com\/fr\/product\/collection-raconte-moi-une-histoire\/\" \/>\r\n<meta property=\"og:locale\" content=\"fr_FR\" \/>\r\n<meta property=\"og:type\" content=\"article\" \/>\r\n<meta property=\"og:title\" content=\"Collection Raconte-moi une histoire - Kedemos Education\" \/>\r\n<meta property=\"og:description\" content=\"D\u00e9couvrez les douze contes merveilleux de la collection Raconte-moi une histoire. Adapt\u00e9e aux enfants de 5 \u00e0 8 ans, elle est s\u00fbre de plaire !.\" \/>\r\n<meta property=\"og:url\" content=\"https:\/\/kedemoseducation.com\/fr\/product\/collection-raconte-moi-une-histoire\/\" \/>\r\n<meta property=\"og:site_name\" content=\"Kedemos Education\" \/>\r\n<meta property=\"article:publisher\" content=\"https:\/\/www.facebook.com\/Kedemoseducation\" \/>\r\n<meta property=\"article:modified_time\" content=\"2025-12-26T07:29:58+00:00\" \/>\r\n<meta property=\"og:image\" content=\"https:\/\/kedemoseducation.com\/wp-content\/uploads\/2024\/09\/Raconte-moi-une-histoire.jpg\" \/>\r\n\t<meta property=\"og:image:width\" content=\"600\" \/>\r\n\t<meta property=\"og:image:height\" content=\"800\" \/>\r\n\t<meta property=\"og:image:type\" content=\"image\/jpeg\" \/>\r\n<meta name=\"twitter:card\" content=\"summary_large_image\" \/>\r\n<meta name=\"twitter:label1\" content=\"Dur\u00e9e de lecture estim\u00e9e\" \/>\n\t<meta name=\"twitter:data1\" content=\"2 minutes\" \/>\r\n<script type=\"application\/ld+json\" class=\"yoast-schema-graph\">{\"@context\":\"https:\/\/schema.org\",\"@graph\":[{\"@type\":\"WebPage\",\"@id\":\"https:\/\/kedemoseducation.com\/en\/product\/collection-raconte-moi-une-histoire\/\",\"url\":\"https:\/\/kedemoseducation.com\/en\/product\/collection-raconte-moi-une-histoire\/\",\"name\":\"Collection Raconte-moi une histoire - Kedemos Education\",\"isPartOf\":{\"@id\":\"https:\/\/kedemoseducation.com\/fr\/#website\"},\"primaryImageOfPage\":{\"@id\":\"https:\/\/kedemoseducation.com\/en\/product\/collection-raconte-moi-une-histoire\/#primaryimage\"},\"image\":{\"@id\":\"https:\/\/kedemoseducation.com\/en\/product\/collection-raconte-moi-une-histoire\/#primaryimage\"},\"thumbnailUrl\":\"https:\/\/i0.wp.com\/kedemoseducation.com\/wp-content\/uploads\/2024\/09\/Raconte-moi-une-histoire.jpg?fit=600%2C800&ssl=1\",\"datePublished\":\"2024-09-05T11:29:07+00:00\",\"dateModified\":\"2025-12-26T07:29:58+00:00\",\"description\":\"D\u00e9couvrez les douze contes merveilleux de la collection Raconte-moi une histoire. Adapt\u00e9e aux enfants de 5 \u00e0 8 ans, elle est s\u00fbre de plaire !.\",\"breadcrumb\":{\"@id\":\"https:\/\/kedemoseducation.com\/en\/product\/collection-raconte-moi-une-histoire\/#breadcrumb\"},\"inLanguage\":\"fr-FR\",\"potentialAction\":[{\"@type\":\"ReadAction\",\"target\":[\"https:\/\/kedemoseducation.com\/en\/product\/collection-raconte-moi-une-histoire\/\"]}]},{\"@type\":\"ImageObject\",\"inLanguage\":\"fr-FR\",\"@id\":\"https:\/\/kedemoseducation.com\/en\/product\/collection-raconte-moi-une-histoire\/#primaryimage\",\"url\":\"https:\/\/i0.wp.com\/kedemoseducation.com\/wp-content\/uploads\/2024\/09\/Raconte-moi-une-histoire.jpg?fit=600%2C800&ssl=1\",\"contentUrl\":\"https:\/\/i0.wp.com\/kedemoseducation.com\/wp-content\/uploads\/2024\/09\/Raconte-moi-une-histoire.jpg?fit=600%2C800&ssl=1\",\"width\":600,\"height\":800,\"caption\":\"Collection Raconte moi une histoire\"},{\"@type\":\"BreadcrumbList\",\"@id\":\"https:\/\/kedemoseducation.com\/en\/product\/collection-raconte-moi-une-histoire\/#breadcrumb\",\"itemListElement\":[{\"@type\":\"ListItem\",\"position\":1,\"name\":\"Home\",\"item\":\"https:\/\/kedemoseducation.com\/\"},{\"@type\":\"ListItem\",\"position\":2,\"name\":\"All Products\",\"item\":\"https:\/\/kedemoseducation.com\/fr\/shop-2\/tous-les-produits\/\"},{\"@type\":\"ListItem\",\"position\":3,\"name\":\"Stories\",\"item\":\"https:\/\/kedemoseducation.com\/en\/product-category\/storybooks-for-children\/\"},{\"@type\":\"ListItem\",\"position\":4,\"name\":\"Bundle Raconte-moi une histoire\"}]},{\"@type\":\"WebSite\",\"@id\":\"https:\/\/kedemoseducation.com\/fr\/#website\",\"url\":\"https:\/\/kedemoseducation.com\/fr\/\",\"name\":\"Kedemos Education\",\"description\":\"The Pleasure of Learning\",\"publisher\":{\"@id\":\"https:\/\/kedemoseducation.com\/fr\/#organization\"},\"potentialAction\":[{\"@type\":\"SearchAction\",\"target\":{\"@type\":\"EntryPoint\",\"urlTemplate\":\"https:\/\/kedemoseducation.com\/fr\/?s={search_term_string}\"},\"query-input\":{\"@type\":\"PropertyValueSpecification\",\"valueRequired\":true,\"valueName\":\"search_term_string\"}}],\"inLanguage\":\"fr-FR\"},{\"@type\":\"Organization\",\"@id\":\"https:\/\/kedemoseducation.com\/fr\/#organization\",\"name\":\"Kedemos Education\",\"url\":\"https:\/\/kedemoseducation.com\/fr\/\",\"logo\":{\"@type\":\"ImageObject\",\"inLanguage\":\"fr-FR\",\"@id\":\"https:\/\/kedemoseducation.com\/fr\/#\/schema\/logo\/image\/\",\"url\":\"https:\/\/kedemoseducation.com\/wp-content\/uploads\/2023\/06\/logo-kedemos-education.png\",\"contentUrl\":\"https:\/\/kedemoseducation.com\/wp-content\/uploads\/2023\/06\/logo-kedemos-education.png\",\"width\":2362,\"height\":903,\"caption\":\"Kedemos Education\"},\"image\":{\"@id\":\"https:\/\/kedemoseducation.com\/fr\/#\/schema\/logo\/image\/\"},\"sameAs\":[\"https:\/\/www.facebook.com\/Kedemoseducation\",\"https:\/\/www.instagram.com\/kedemoseducation\/\",\"https:\/\/www.linkedin.com\/company\/kedemos-education\/\"]}]}<\/script>\r\n<!-- \/ Yoast SEO plugin. -->","yoast_head_json":{"title":"Collection Raconte-moi une histoire - Kedemos Education","description":"D\u00e9couvrez les douze contes merveilleux de la collection Raconte-moi une histoire. Adapt\u00e9e aux enfants de 5 \u00e0 8 ans, elle est s\u00fbre de plaire !.","robots":{"index":"index","follow":"follow","max-snippet":"max-snippet:-1","max-image-preview":"max-image-preview:large","max-video-preview":"max-video-preview:-1"},"canonical":"https:\/\/kedemoseducation.com\/fr\/product\/collection-raconte-moi-une-histoire\/","og_locale":"fr_FR","og_type":"article","og_title":"Collection Raconte-moi une histoire - Kedemos Education","og_description":"D\u00e9couvrez les douze contes merveilleux de la collection Raconte-moi une histoire. Adapt\u00e9e aux enfants de 5 \u00e0 8 ans, elle est s\u00fbre de plaire !.","og_url":"https:\/\/kedemoseducation.com\/fr\/product\/collection-raconte-moi-une-histoire\/","og_site_name":"Kedemos Education","article_publisher":"https:\/\/www.facebook.com\/Kedemoseducation","article_modified_time":"2025-12-26T07:29:58+00:00","og_image":[{"width":600,"height":800,"url":"https:\/\/kedemoseducation.com\/wp-content\/uploads\/2024\/09\/Raconte-moi-une-histoire.jpg","type":"image\/jpeg"}],"twitter_card":"summary_large_image","twitter_misc":{"Dur\u00e9e de lecture estim\u00e9e":"2 minutes"},"schema":{"@context":"https:\/\/schema.org","@graph":[{"@type":"WebPage","@id":"https:\/\/kedemoseducation.com\/en\/product\/collection-raconte-moi-une-histoire\/","url":"https:\/\/kedemoseducation.com\/en\/product\/collection-raconte-moi-une-histoire\/","name":"Collection Raconte-moi une histoire - Kedemos Education","isPartOf":{"@id":"https:\/\/kedemoseducation.com\/fr\/#website"},"primaryImageOfPage":{"@id":"https:\/\/kedemoseducation.com\/en\/product\/collection-raconte-moi-une-histoire\/#primaryimage"},"image":{"@id":"https:\/\/kedemoseducation.com\/en\/product\/collection-raconte-moi-une-histoire\/#primaryimage"},"thumbnailUrl":"https:\/\/i0.wp.com\/kedemoseducation.com\/wp-content\/uploads\/2024\/09\/Raconte-moi-une-histoire.jpg?fit=600%2C800&ssl=1","datePublished":"2024-09-05T11:29:07+00:00","dateModified":"2025-12-26T07:29:58+00:00","description":"D\u00e9couvrez les douze contes merveilleux de la collection Raconte-moi une histoire. Adapt\u00e9e aux enfants de 5 \u00e0 8 ans, elle est s\u00fbre de plaire !.","breadcrumb":{"@id":"https:\/\/kedemoseducation.com\/en\/product\/collection-raconte-moi-une-histoire\/#breadcrumb"},"inLanguage":"fr-FR","potentialAction":[{"@type":"ReadAction","target":["https:\/\/kedemoseducation.com\/en\/product\/collection-raconte-moi-une-histoire\/"]}]},{"@type":"ImageObject","inLanguage":"fr-FR","@id":"https:\/\/kedemoseducation.com\/en\/product\/collection-raconte-moi-une-histoire\/#primaryimage","url":"https:\/\/i0.wp.com\/kedemoseducation.com\/wp-content\/uploads\/2024\/09\/Raconte-moi-une-histoire.jpg?fit=600%2C800&ssl=1","contentUrl":"https:\/\/i0.wp.com\/kedemoseducation.com\/wp-content\/uploads\/2024\/09\/Raconte-moi-une-histoire.jpg?fit=600%2C800&ssl=1","width":600,"height":800,"caption":"Collection Raconte moi une histoire"},{"@type":"BreadcrumbList","@id":"https:\/\/kedemoseducation.com\/en\/product\/collection-raconte-moi-une-histoire\/#breadcrumb","itemListElement":[{"@type":"ListItem","position":1,"name":"Home","item":"https:\/\/kedemoseducation.com\/"},{"@type":"ListItem","position":2,"name":"All Products","item":"https:\/\/kedemoseducation.com\/fr\/shop-2\/tous-les-produits\/"},{"@type":"ListItem","position":3,"name":"Stories","item":"https:\/\/kedemoseducation.com\/en\/product-category\/storybooks-for-children\/"},{"@type":"ListItem","position":4,"name":"Bundle Raconte-moi une histoire"}]},{"@type":"WebSite","@id":"https:\/\/kedemoseducation.com\/fr\/#website","url":"https:\/\/kedemoseducation.com\/fr\/","name":"K\u00e9d\u00e9mos Education","description":"Le plaisir d'apprendre","publisher":{"@id":"https:\/\/kedemoseducation.com\/fr\/#organization"},"potentialAction":[{"@type":"SearchAction","target":{"@type":"EntryPoint","urlTemplate":"https:\/\/kedemoseducation.com\/fr\/?s={search_term_string}"},"query-input":{"@type":"PropertyValueSpecification","valueRequired":true,"valueName":"search_term_string"}}],"inLanguage":"fr-FR"},{"@type":"Organization","@id":"https:\/\/kedemoseducation.com\/fr\/#organization","name":"K\u00e9d\u00e9mos Education","url":"https:\/\/kedemoseducation.com\/fr\/","logo":{"@type":"ImageObject","inLanguage":"fr-FR","@id":"https:\/\/kedemoseducation.com\/fr\/#\/schema\/logo\/image\/","url":"https:\/\/kedemoseducation.com\/wp-content\/uploads\/2023\/06\/logo-kedemos-education.png","contentUrl":"https:\/\/kedemoseducation.com\/wp-content\/uploads\/2023\/06\/logo-kedemos-education.png","width":2362,"height":903,"caption":"Kedemos Education"},"image":{"@id":"https:\/\/kedemoseducation.com\/fr\/#\/schema\/logo\/image\/"},"sameAs":["https:\/\/www.facebook.com\/Kedemoseducation","https:\/\/www.instagram.com\/kedemoseducation\/","https:\/\/www.linkedin.com\/company\/kedemos-education\/"]}]}},"jetpack_sharing_enabled":true,"_links":{"self":[{"href":"https:\/\/kedemoseducation.com\/fr\/wp-json\/wp\/v2\/product\/10477","targetHints":{"allow":["GET"]}}],"collection":[{"href":"https:\/\/kedemoseducation.com\/fr\/wp-json\/wp\/v2\/product"}],"about":[{"href":"https:\/\/kedemoseducation.com\/fr\/wp-json\/wp\/v2\/types\/product"}],"replies":[{"embeddable":true,"href":"https:\/\/kedemoseducation.com\/fr\/wp-json\/wp\/v2\/comments?post=10477"}],"wp:featuredmedia":[{"embeddable":true,"href":"https:\/\/kedemoseducation.com\/fr\/wp-json\/wp\/v2\/media\/10479"}],"wp:attachment":[{"href":"https:\/\/kedemoseducation.com\/fr\/wp-json\/wp\/v2\/media?parent=10477"}],"wp:term":[{"taxonomy":"product_brand","embeddable":true,"href":"https:\/\/kedemoseducation.com\/fr\/wp-json\/wp\/v2\/product_brand?post=10477"},{"taxonomy":"product_cat","embeddable":true,"href":"https:\/\/kedemoseducation.com\/fr\/wp-json\/wp\/v2\/product_cat?post=10477"},{"taxonomy":"product_tag","embeddable":true,"href":"https:\/\/kedemoseducation.com\/fr\/wp-json\/wp\/v2\/product_tag?post=10477"}],"curies":[{"name":"wp","href":"https:\/\/api.w.org\/{rel}","templated":true}]}}