{"id":10463,"date":"2024-09-05T09:34:06","date_gmt":"2024-09-05T06:34:06","guid":{"rendered":"https:\/\/kedemoseducation.com\/?post_type=product&#038;p=10463"},"modified":"2025-12-26T09:30:05","modified_gmt":"2025-12-26T07:30:05","slug":"conte-cest-beau-la-mer","status":"publish","type":"product","link":"https:\/\/kedemoseducation.com\/fr\/product\/conte-cest-beau-la-mer\/","title":{"rendered":"C\u2019est beau, la mer !"},"content":{"rendered":"<h1>Conte C\u2019est beau, la mer !<\/h1>\n<p>Ce septi\u00e8me conte de la collection <a href=\"https:\/\/kedemoseducation.com\/fr\/product-category\/contes\/contes-francais\/raconte-moi-une-histoire\/\">Raconte-moi une histoire<\/a> introduit Monsieur Gaston, qui trouve que C\u2019est beau, la mer !, et deux poissons qui en ont marre que les hommes jettent leurs ordures dans leur eau. Ces deux poissons, tr\u00e8s en col\u00e8re, vont alors montrer \u00e0 Monsieur Gaston comment leur maison est pollu\u00e9e et ils vont lui expliquer comment lui, en tant qu\u2019humain, peut les aider.<\/p>\n<p>Raconte-moi une histoire<\/p>\n<p>La collection Raconte-moi une histoire est compos\u00e9e de 12 contes captivants, illustr\u00e9s et tout en couleurs pour encourager les enfants de 5 \u00e0 8 ans \u00e0 lire et pour les motiver \u00e0 apprendre tout en s\u2019amusant.<\/p>\n<p>Raconte-moi une histoire comprend les titres suivants :<\/p>\n<ul>\n<li><a href=\"https:\/\/kedemoseducation.com\/fr\/produit\/conte-lili-et-les-dauphins\/\" target=\"_blank\" rel=\"noopener\">Lili et les dauphins<\/a><\/li>\n<li><a href=\"https:\/\/kedemoseducation.com\/fr\/produit\/conte-le-demenagement\/\" target=\"_blank\" rel=\"noopener\">Le d\u00e9m\u00e9nagement<\/a><\/li>\n<li><a href=\"https:\/\/kedemoseducation.com\/fr\/produit\/conte-vive-le-bain\/\" target=\"_blank\" rel=\"noopener\">Vive le bain !<\/a><\/li>\n<li><a href=\"https:\/\/kedemoseducation.com\/fr\/produit\/conte-timour-le-gentil-tigre\/\" target=\"_blank\" rel=\"noopener\">Timour, le gentil tigre<\/a><\/li>\n<li><a href=\"https:\/\/kedemoseducation.com\/fr\/produit\/conte-babar-le-bonhomme-de-neige\/\" target=\"_blank\" rel=\"noopener\">Babar, le bonhomme de neige<\/a><\/li>\n<li><a href=\"https:\/\/kedemoseducation.com\/fr\/produit\/conte-le-meilleur-ami-de-julie\/\" target=\"_blank\" rel=\"noopener\">Le meilleur ami de Julie\u00a0<\/a><\/li>\n<li>C\u2019est beau, la mer !<\/li>\n<li><a href=\"https:\/\/kedemoseducation.com\/fr\/produit\/conte-bambi-le-petit-faon\/\">Bambi, le petit faon<\/a><\/li>\n<li><a href=\"https:\/\/kedemoseducation.com\/fr\/produit\/conte-un-elephanteau-en-ville\/\" target=\"_blank\" rel=\"noopener\">Un \u00e9l\u00e9phanteau en ville<\/a><\/li>\n<li><a href=\"https:\/\/kedemoseducation.com\/fr\/produit\/conte-qui-reveillera-la-ferme\/\" target=\"_blank\" rel=\"noopener\">Qui r\u00e9veillera la ferme ?\u00a0<\/a><\/li>\n<li><a href=\"https:\/\/kedemoseducation.com\/fr\/produit\/conte-remi-veut-voler\/\" target=\"_blank\" rel=\"noopener\">R\u00e9mi veut voler<\/a><\/li>\n<li><a href=\"https:\/\/kedemoseducation.com\/fr\/produit\/conte-les-vacances-de-youki\/\" target=\"_blank\" rel=\"noopener\">Les vacances de Youki<\/a><\/li>\n<\/ul>\n<p>Faciles \u00e0 comprendre et parfaitement adapt\u00e9s \u00e0 l\u2019\u00e2ge de vos enfants, ces contes illustr\u00e9s de belles images color\u00e9es sont \u00e9troitement li\u00e9s aux exp\u00e9riences du quotidien des petits et au monde qui les entoure. De plus, dans chaque page, le texte est court et r\u00e9dig\u00e9 en gros caract\u00e8res pour faciliter la lecture aux apprenants.<\/p>\n<p>Uniquement disponibles en grand format, chacun de ces 12 contes peut \u00eatre achet\u00e9 individuellement ou en bouquet de contes. Il convient de signaler que le th\u00e8me de chaque conte se rapporte directement aux le\u00e7ons du manuel de <a href=\"https:\/\/kedemoseducation.com\/fr\/grade\/grade-1\/\">CP \/ EB1.<\/a><\/p>","protected":false},"excerpt":{"rendered":"<p><i><span style=\"font-weight: 400;\">C\u2019est beau, la mer ! <\/span><\/i><span style=\"font-weight: 400;\">est le septi\u00e8me conte de la collection <\/span><i><span style=\"font-weight: 400;\">Raconte-moi une histoire<\/span><\/i><span style=\"font-weight: 400;\">. Cette collection encourage les enfants de 5 \u00e0 8 ans \u00e0 lire, et les motive \u00e0 apprendre tout en s\u2019amusant.<\/span><\/p>","protected":false},"featured_media":10464,"comment_status":"closed","ping_status":"closed","template":"","meta":{"_monsterinsights_skip_tracking":false,"_monsterinsights_sitenote_active":false,"_monsterinsights_sitenote_note":"","_monsterinsights_sitenote_category":0},"product_brand":[],"product_cat":[159,207,151,322],"product_tag":[313,315,323,324,76],"class_list":{"0":"post-10463","1":"product","2":"type-product","3":"status-publish","4":"has-post-thumbnail","6":"product_cat-french-storybooks","7":"product_cat-new-releases","8":"product_cat-storybooks-for-children","9":"product_cat-raconte-moi-une-histoire","10":"product_tag-5-7-years-old","11":"product_tag-french-storybook-collections","12":"product_tag-storybooks","13":"product_tag-storybook","14":"product_tag-grade-1","15":"pa_grade-grade-1","17":"first","18":"instock","19":"shipping-taxable","20":"purchasable","21":"product-type-simple"},"yoast_head":"<!-- This site is optimized with the Yoast SEO plugin v26.4 - https:\/\/yoast.com\/wordpress\/plugins\/seo\/ -->\r\n<title>Conte C\u2019est beau la mer ! - Kedemos Education<\/title>\r\n<meta name=\"description\" content=\"Le conte C\u2019est beau, la mer ! parle de la rencontre entre M. Gaston et deux poissons qui en ont marre que les hommes jettent leurs ordures dans leur eau.\" \/>\r\n<meta name=\"robots\" content=\"index, follow, max-snippet:-1, max-image-preview:large, max-video-preview:-1\" \/>\r\n<link rel=\"canonical\" href=\"https:\/\/kedemoseducation.com\/fr\/product\/conte-cest-beau-la-mer\/\" \/>\r\n<meta property=\"og:locale\" content=\"fr_FR\" \/>\r\n<meta property=\"og:type\" content=\"article\" \/>\r\n<meta property=\"og:title\" content=\"Conte C\u2019est beau la mer ! - Kedemos Education\" \/>\r\n<meta property=\"og:description\" content=\"Le conte C\u2019est beau, la mer ! parle de la rencontre entre M. Gaston et deux poissons qui en ont marre que les hommes jettent leurs ordures dans leur eau.\" \/>\r\n<meta property=\"og:url\" content=\"https:\/\/kedemoseducation.com\/fr\/product\/conte-cest-beau-la-mer\/\" \/>\r\n<meta property=\"og:site_name\" content=\"Kedemos Education\" \/>\r\n<meta property=\"article:publisher\" content=\"https:\/\/www.facebook.com\/Kedemoseducation\" \/>\r\n<meta property=\"article:modified_time\" content=\"2025-12-26T07:30:05+00:00\" \/>\r\n<meta property=\"og:image\" content=\"https:\/\/kedemoseducation.com\/wp-content\/uploads\/2024\/09\/Cest-beau-la-mer-.jpg\" \/>\r\n\t<meta property=\"og:image:width\" content=\"600\" \/>\r\n\t<meta property=\"og:image:height\" content=\"800\" \/>\r\n\t<meta property=\"og:image:type\" content=\"image\/jpeg\" \/>\r\n<meta name=\"twitter:card\" content=\"summary_large_image\" \/>\r\n<meta name=\"twitter:label1\" content=\"Dur\u00e9e de lecture estim\u00e9e\" \/>\n\t<meta name=\"twitter:data1\" content=\"2 minutes\" \/>\r\n<script type=\"application\/ld+json\" class=\"yoast-schema-graph\">{\"@context\":\"https:\/\/schema.org\",\"@graph\":[{\"@type\":\"WebPage\",\"@id\":\"https:\/\/kedemoseducation.com\/fr\/product\/conte-cest-beau-la-mer\/\",\"url\":\"https:\/\/kedemoseducation.com\/fr\/product\/conte-cest-beau-la-mer\/\",\"name\":\"Conte C\u2019est beau la mer ! - Kedemos Education\",\"isPartOf\":{\"@id\":\"https:\/\/kedemoseducation.com\/fr\/#website\"},\"primaryImageOfPage\":{\"@id\":\"https:\/\/kedemoseducation.com\/fr\/product\/conte-cest-beau-la-mer\/#primaryimage\"},\"image\":{\"@id\":\"https:\/\/kedemoseducation.com\/fr\/product\/conte-cest-beau-la-mer\/#primaryimage\"},\"thumbnailUrl\":\"https:\/\/i0.wp.com\/kedemoseducation.com\/wp-content\/uploads\/2024\/09\/Cest-beau-la-mer-.jpg?fit=600%2C800&ssl=1\",\"datePublished\":\"2024-09-05T06:34:06+00:00\",\"dateModified\":\"2025-12-26T07:30:05+00:00\",\"description\":\"Le conte C\u2019est beau, la mer ! parle de la rencontre entre M. Gaston et deux poissons qui en ont marre que les hommes jettent leurs ordures dans leur eau.\",\"breadcrumb\":{\"@id\":\"https:\/\/kedemoseducation.com\/fr\/product\/conte-cest-beau-la-mer\/#breadcrumb\"},\"inLanguage\":\"fr-FR\",\"potentialAction\":[{\"@type\":\"ReadAction\",\"target\":[\"https:\/\/kedemoseducation.com\/fr\/product\/conte-cest-beau-la-mer\/\"]}]},{\"@type\":\"ImageObject\",\"inLanguage\":\"fr-FR\",\"@id\":\"https:\/\/kedemoseducation.com\/fr\/product\/conte-cest-beau-la-mer\/#primaryimage\",\"url\":\"https:\/\/i0.wp.com\/kedemoseducation.com\/wp-content\/uploads\/2024\/09\/Cest-beau-la-mer-.jpg?fit=600%2C800&ssl=1\",\"contentUrl\":\"https:\/\/i0.wp.com\/kedemoseducation.com\/wp-content\/uploads\/2024\/09\/Cest-beau-la-mer-.jpg?fit=600%2C800&ssl=1\",\"width\":600,\"height\":800,\"caption\":\"Conte C\u2019est beau la mer !\"},{\"@type\":\"BreadcrumbList\",\"@id\":\"https:\/\/kedemoseducation.com\/fr\/product\/conte-cest-beau-la-mer\/#breadcrumb\",\"itemListElement\":[{\"@type\":\"ListItem\",\"position\":1,\"name\":\"Home\",\"item\":\"https:\/\/kedemoseducation.com\/\"},{\"@type\":\"ListItem\",\"position\":2,\"name\":\"All Products\",\"item\":\"https:\/\/kedemoseducation.com\/fr\/shop-2\/tous-les-produits\/\"},{\"@type\":\"ListItem\",\"position\":3,\"name\":\"Stories\",\"item\":\"https:\/\/kedemoseducation.com\/en\/product-category\/storybooks-for-children\/\"},{\"@type\":\"ListItem\",\"position\":4,\"name\":\"C\u2019est beau, la mer !\"}]},{\"@type\":\"WebSite\",\"@id\":\"https:\/\/kedemoseducation.com\/fr\/#website\",\"url\":\"https:\/\/kedemoseducation.com\/fr\/\",\"name\":\"Kedemos Education\",\"description\":\"The Pleasure of Learning\",\"publisher\":{\"@id\":\"https:\/\/kedemoseducation.com\/fr\/#organization\"},\"potentialAction\":[{\"@type\":\"SearchAction\",\"target\":{\"@type\":\"EntryPoint\",\"urlTemplate\":\"https:\/\/kedemoseducation.com\/fr\/?s={search_term_string}\"},\"query-input\":{\"@type\":\"PropertyValueSpecification\",\"valueRequired\":true,\"valueName\":\"search_term_string\"}}],\"inLanguage\":\"fr-FR\"},{\"@type\":\"Organization\",\"@id\":\"https:\/\/kedemoseducation.com\/fr\/#organization\",\"name\":\"Kedemos Education\",\"url\":\"https:\/\/kedemoseducation.com\/fr\/\",\"logo\":{\"@type\":\"ImageObject\",\"inLanguage\":\"fr-FR\",\"@id\":\"https:\/\/kedemoseducation.com\/fr\/#\/schema\/logo\/image\/\",\"url\":\"https:\/\/kedemoseducation.com\/wp-content\/uploads\/2023\/06\/logo-kedemos-education.png\",\"contentUrl\":\"https:\/\/kedemoseducation.com\/wp-content\/uploads\/2023\/06\/logo-kedemos-education.png\",\"width\":2362,\"height\":903,\"caption\":\"Kedemos Education\"},\"image\":{\"@id\":\"https:\/\/kedemoseducation.com\/fr\/#\/schema\/logo\/image\/\"},\"sameAs\":[\"https:\/\/www.facebook.com\/Kedemoseducation\",\"https:\/\/www.instagram.com\/kedemoseducation\/\",\"https:\/\/www.linkedin.com\/company\/kedemos-education\/\"]}]}<\/script>\r\n<!-- \/ Yoast SEO plugin. -->","yoast_head_json":{"title":"Conte C\u2019est beau la mer ! - Kedemos Education","description":"Le conte C\u2019est beau, la mer ! parle de la rencontre entre M. Gaston et deux poissons qui en ont marre que les hommes jettent leurs ordures dans leur eau.","robots":{"index":"index","follow":"follow","max-snippet":"max-snippet:-1","max-image-preview":"max-image-preview:large","max-video-preview":"max-video-preview:-1"},"canonical":"https:\/\/kedemoseducation.com\/fr\/product\/conte-cest-beau-la-mer\/","og_locale":"fr_FR","og_type":"article","og_title":"Conte C\u2019est beau la mer ! - Kedemos Education","og_description":"Le conte C\u2019est beau, la mer ! parle de la rencontre entre M. Gaston et deux poissons qui en ont marre que les hommes jettent leurs ordures dans leur eau.","og_url":"https:\/\/kedemoseducation.com\/fr\/product\/conte-cest-beau-la-mer\/","og_site_name":"Kedemos Education","article_publisher":"https:\/\/www.facebook.com\/Kedemoseducation","article_modified_time":"2025-12-26T07:30:05+00:00","og_image":[{"width":600,"height":800,"url":"https:\/\/kedemoseducation.com\/wp-content\/uploads\/2024\/09\/Cest-beau-la-mer-.jpg","type":"image\/jpeg"}],"twitter_card":"summary_large_image","twitter_misc":{"Dur\u00e9e de lecture estim\u00e9e":"2 minutes"},"schema":{"@context":"https:\/\/schema.org","@graph":[{"@type":"WebPage","@id":"https:\/\/kedemoseducation.com\/fr\/product\/conte-cest-beau-la-mer\/","url":"https:\/\/kedemoseducation.com\/fr\/product\/conte-cest-beau-la-mer\/","name":"Conte C\u2019est beau la mer ! - Kedemos Education","isPartOf":{"@id":"https:\/\/kedemoseducation.com\/fr\/#website"},"primaryImageOfPage":{"@id":"https:\/\/kedemoseducation.com\/fr\/product\/conte-cest-beau-la-mer\/#primaryimage"},"image":{"@id":"https:\/\/kedemoseducation.com\/fr\/product\/conte-cest-beau-la-mer\/#primaryimage"},"thumbnailUrl":"https:\/\/i0.wp.com\/kedemoseducation.com\/wp-content\/uploads\/2024\/09\/Cest-beau-la-mer-.jpg?fit=600%2C800&ssl=1","datePublished":"2024-09-05T06:34:06+00:00","dateModified":"2025-12-26T07:30:05+00:00","description":"Le conte C\u2019est beau, la mer ! parle de la rencontre entre M. Gaston et deux poissons qui en ont marre que les hommes jettent leurs ordures dans leur eau.","breadcrumb":{"@id":"https:\/\/kedemoseducation.com\/fr\/product\/conte-cest-beau-la-mer\/#breadcrumb"},"inLanguage":"fr-FR","potentialAction":[{"@type":"ReadAction","target":["https:\/\/kedemoseducation.com\/fr\/product\/conte-cest-beau-la-mer\/"]}]},{"@type":"ImageObject","inLanguage":"fr-FR","@id":"https:\/\/kedemoseducation.com\/fr\/product\/conte-cest-beau-la-mer\/#primaryimage","url":"https:\/\/i0.wp.com\/kedemoseducation.com\/wp-content\/uploads\/2024\/09\/Cest-beau-la-mer-.jpg?fit=600%2C800&ssl=1","contentUrl":"https:\/\/i0.wp.com\/kedemoseducation.com\/wp-content\/uploads\/2024\/09\/Cest-beau-la-mer-.jpg?fit=600%2C800&ssl=1","width":600,"height":800,"caption":"Conte C\u2019est beau la mer !"},{"@type":"BreadcrumbList","@id":"https:\/\/kedemoseducation.com\/fr\/product\/conte-cest-beau-la-mer\/#breadcrumb","itemListElement":[{"@type":"ListItem","position":1,"name":"Home","item":"https:\/\/kedemoseducation.com\/"},{"@type":"ListItem","position":2,"name":"All Products","item":"https:\/\/kedemoseducation.com\/fr\/shop-2\/tous-les-produits\/"},{"@type":"ListItem","position":3,"name":"Stories","item":"https:\/\/kedemoseducation.com\/en\/product-category\/storybooks-for-children\/"},{"@type":"ListItem","position":4,"name":"C\u2019est beau, la mer !"}]},{"@type":"WebSite","@id":"https:\/\/kedemoseducation.com\/fr\/#website","url":"https:\/\/kedemoseducation.com\/fr\/","name":"K\u00e9d\u00e9mos Education","description":"Le plaisir d'apprendre","publisher":{"@id":"https:\/\/kedemoseducation.com\/fr\/#organization"},"potentialAction":[{"@type":"SearchAction","target":{"@type":"EntryPoint","urlTemplate":"https:\/\/kedemoseducation.com\/fr\/?s={search_term_string}"},"query-input":{"@type":"PropertyValueSpecification","valueRequired":true,"valueName":"search_term_string"}}],"inLanguage":"fr-FR"},{"@type":"Organization","@id":"https:\/\/kedemoseducation.com\/fr\/#organization","name":"K\u00e9d\u00e9mos Education","url":"https:\/\/kedemoseducation.com\/fr\/","logo":{"@type":"ImageObject","inLanguage":"fr-FR","@id":"https:\/\/kedemoseducation.com\/fr\/#\/schema\/logo\/image\/","url":"https:\/\/kedemoseducation.com\/wp-content\/uploads\/2023\/06\/logo-kedemos-education.png","contentUrl":"https:\/\/kedemoseducation.com\/wp-content\/uploads\/2023\/06\/logo-kedemos-education.png","width":2362,"height":903,"caption":"Kedemos Education"},"image":{"@id":"https:\/\/kedemoseducation.com\/fr\/#\/schema\/logo\/image\/"},"sameAs":["https:\/\/www.facebook.com\/Kedemoseducation","https:\/\/www.instagram.com\/kedemoseducation\/","https:\/\/www.linkedin.com\/company\/kedemos-education\/"]}]}},"jetpack_sharing_enabled":true,"_links":{"self":[{"href":"https:\/\/kedemoseducation.com\/fr\/wp-json\/wp\/v2\/product\/10463","targetHints":{"allow":["GET"]}}],"collection":[{"href":"https:\/\/kedemoseducation.com\/fr\/wp-json\/wp\/v2\/product"}],"about":[{"href":"https:\/\/kedemoseducation.com\/fr\/wp-json\/wp\/v2\/types\/product"}],"replies":[{"embeddable":true,"href":"https:\/\/kedemoseducation.com\/fr\/wp-json\/wp\/v2\/comments?post=10463"}],"wp:featuredmedia":[{"embeddable":true,"href":"https:\/\/kedemoseducation.com\/fr\/wp-json\/wp\/v2\/media\/10464"}],"wp:attachment":[{"href":"https:\/\/kedemoseducation.com\/fr\/wp-json\/wp\/v2\/media?parent=10463"}],"wp:term":[{"taxonomy":"product_brand","embeddable":true,"href":"https:\/\/kedemoseducation.com\/fr\/wp-json\/wp\/v2\/product_brand?post=10463"},{"taxonomy":"product_cat","embeddable":true,"href":"https:\/\/kedemoseducation.com\/fr\/wp-json\/wp\/v2\/product_cat?post=10463"},{"taxonomy":"product_tag","embeddable":true,"href":"https:\/\/kedemoseducation.com\/fr\/wp-json\/wp\/v2\/product_tag?post=10463"}],"curies":[{"name":"wp","href":"https:\/\/api.w.org\/{rel}","templated":true}]}}