{"id":10459,"date":"2024-09-05T09:21:23","date_gmt":"2024-09-05T06:21:23","guid":{"rendered":"https:\/\/kedemoseducation.com\/?post_type=product&#038;p=10459"},"modified":"2025-12-26T09:30:06","modified_gmt":"2025-12-26T07:30:06","slug":"conte-babar-le-bonhomme-de-neige","status":"publish","type":"product","link":"https:\/\/kedemoseducation.com\/fr\/product\/conte-babar-le-bonhomme-de-neige\/","title":{"rendered":"Babar, le bonhomme de neige"},"content":{"rendered":"<h1>Conte Babar, le bonhomme de neige<\/h1>\n<p>Babar, le bonhomme de neige est le cinqui\u00e8me conte de la collection Raconte-moi une histoire. Un jour d\u2019hiver, Bruno, un petit gar\u00e7on, sort jouer dans la neige et construit un bonhomme de neige qu\u2019il nomme Babar. Ce soir-l\u00e0, Babar prend vie et s\u2019aventure en dehors du jardin. Confront\u00e9 \u00e0 plusieurs dangers, le bonhomme de neige d\u00e9cide de s\u2019en aller vers le Grand Nord. Quels p\u00e9riples auraient donc pouss\u00e9 Babar \u00e0 quitter le confort de la ville pour rejoindre la banquise ? Et qui va l\u2019aider \u00e0 s\u2019y rendre ?<\/p>\n<p><strong>Raconte-moi une histoire<\/strong><\/p>\n<p>La collection Raconte-moi une histoire est compos\u00e9e de 12 contes captivants, illustr\u00e9s et tout en couleurs pour encourager les enfants de 5 \u00e0 8 ans \u00e0 lire et pour les motiver \u00e0 apprendre tout en s\u2019amusant.<\/p>\n<p>Raconte-moi une histoire comprend les titres suivants :<\/p>\n<ul>\n<li><a href=\"https:\/\/kedemoseducation.com\/fr\/produit\/conte-lili-et-les-dauphins\/\">Lili et les dauphins<\/a><\/li>\n<li><a href=\"https:\/\/kedemoseducation.com\/fr\/produit\/conte-le-demenagement\/\" target=\"_blank\" rel=\"noopener\">Le d\u00e9m\u00e9nagement<\/a><\/li>\n<li><a href=\"https:\/\/kedemoseducation.com\/fr\/produit\/conte-vive-le-bain\/\" target=\"_blank\" rel=\"noopener\">Vive le bain !<\/a><\/li>\n<li><a href=\"https:\/\/kedemoseducation.com\/fr\/produit\/conte-timour-le-gentil-tigre\/\" target=\"_blank\" rel=\"noopener\">Timour, le gentil tigre<\/a><\/li>\n<li><a href=\"https:\/\/kedemoseducation.com\/fr\/produit\/conte-babar-le-bonhomme-de-neige\/\" target=\"_blank\" rel=\"noopener\">Babar, le bonhomme de neige<\/a><\/li>\n<li><a href=\"https:\/\/kedemoseducation.com\/fr\/produit\/conte-le-meilleur-ami-de-julie\/\" target=\"_blank\" rel=\"noopener\">Le meilleur ami de Julie\u00a0<\/a><\/li>\n<li><a href=\"https:\/\/kedemoseducation.com\/fr\/produit\/conte-cest-beau-la-mer\/\">C\u2019est beau, la mer !<\/a><\/li>\n<li><a href=\"https:\/\/kedemoseducation.com\/fr\/produit\/conte-bambi-le-petit-faon\/\">Bambi, le petit faon<\/a><\/li>\n<li><a href=\"https:\/\/kedemoseducation.com\/fr\/produit\/conte-un-elephanteau-en-ville\/\" target=\"_blank\" rel=\"noopener\">Un \u00e9l\u00e9phanteau en ville<\/a><\/li>\n<li><a href=\"https:\/\/kedemoseducation.com\/fr\/produit\/conte-qui-reveillera-la-ferme\/\" target=\"_blank\" rel=\"noopener\">Qui r\u00e9veillera la ferme ?\u00a0<\/a><\/li>\n<li><a href=\"https:\/\/kedemoseducation.com\/fr\/produit\/conte-remi-veut-voler\/\" target=\"_blank\" rel=\"noopener\">R\u00e9mi veut voler<\/a><\/li>\n<li><a href=\"https:\/\/kedemoseducation.com\/fr\/produit\/conte-les-vacances-de-youki\/\" target=\"_blank\" rel=\"noopener\">Les vacances de Youki<\/a><\/li>\n<\/ul>\n<p>Faciles \u00e0 comprendre et parfaitement adapt\u00e9s \u00e0 l\u2019\u00e2ge de vos enfants, ces contes illustr\u00e9s de belles images color\u00e9es sont \u00e9troitement li\u00e9s aux exp\u00e9riences du quotidien des petits et au monde qui les entoure. De plus, dans chaque page, le texte est court et r\u00e9dig\u00e9 en gros caract\u00e8res pour faciliter la lecture aux apprenants.<\/p>\n<p>Uniquement disponibles en grand format, chacun de ces 12 contes peut \u00eatre achet\u00e9 individuellement ou en bouquet de contes. Il convient de signaler que le th\u00e8me de chaque conte se rapporte directement aux le\u00e7ons du manuel de <a href=\"https:\/\/kedemoseducation.com\/fr\/grade\/grade-1\/\">CP \/ EB1<\/a>.<\/p>","protected":false},"excerpt":{"rendered":"<p><i><span style=\"font-weight: 400;\">Babar, le bonhomme de neige<\/span><\/i><span style=\"font-weight: 400;\"> est le cinqui\u00e8me conte de la collection <\/span><i><span style=\"font-weight: 400;\">Raconte-moi une histoire<\/span><\/i><span style=\"font-weight: 400;\">. Cette collection illustr\u00e9e et tout en couleurs encourage les enfants de 5 \u00e0 8 ans \u00e0 lire, et les motive \u00e0 apprendre tout en s\u2019amusant.<\/span><\/p>","protected":false},"featured_media":10460,"comment_status":"closed","ping_status":"closed","template":"","meta":{"_monsterinsights_skip_tracking":false,"_monsterinsights_sitenote_active":false,"_monsterinsights_sitenote_note":"","_monsterinsights_sitenote_category":0},"product_brand":[],"product_cat":[159,207,151,322],"product_tag":[76,313,315,323,324],"class_list":{"0":"post-10459","1":"product","2":"type-product","3":"status-publish","4":"has-post-thumbnail","6":"product_cat-french-storybooks","7":"product_cat-new-releases","8":"product_cat-storybooks-for-children","9":"product_cat-raconte-moi-une-histoire","10":"product_tag-grade-1","11":"product_tag-5-7-years-old","12":"product_tag-french-storybook-collections","13":"product_tag-storybooks","14":"product_tag-storybook","15":"pa_grade-grade-1","17":"first","18":"instock","19":"shipping-taxable","20":"purchasable","21":"product-type-simple"},"yoast_head":"<!-- This site is optimized with the Yoast SEO plugin v26.4 - https:\/\/yoast.com\/wordpress\/plugins\/seo\/ -->\r\n<title>Conte Babar le bonhomme de neige - Kedemos Education<\/title>\r\n<meta name=\"description\" content=\"Le conte Babar, le bonhomme de neige raconte l\u2019histoire de Babar qui prend vie, un soir, et d\u00e9cide de s\u2019aventurer plus loin que le jardin de son ami Bruno.\" \/>\r\n<meta name=\"robots\" content=\"index, follow, max-snippet:-1, max-image-preview:large, max-video-preview:-1\" \/>\r\n<link rel=\"canonical\" href=\"https:\/\/kedemoseducation.com\/fr\/product\/conte-babar-le-bonhomme-de-neige\/\" \/>\r\n<meta property=\"og:locale\" content=\"fr_FR\" \/>\r\n<meta property=\"og:type\" content=\"article\" \/>\r\n<meta property=\"og:title\" content=\"Conte Babar le bonhomme de neige - Kedemos Education\" \/>\r\n<meta property=\"og:description\" content=\"Le conte Babar, le bonhomme de neige raconte l\u2019histoire de Babar qui prend vie, un soir, et d\u00e9cide de s\u2019aventurer plus loin que le jardin de son ami Bruno.\" \/>\r\n<meta property=\"og:url\" content=\"https:\/\/kedemoseducation.com\/fr\/product\/conte-babar-le-bonhomme-de-neige\/\" \/>\r\n<meta property=\"og:site_name\" content=\"Kedemos Education\" \/>\r\n<meta property=\"article:publisher\" content=\"https:\/\/www.facebook.com\/Kedemoseducation\" \/>\r\n<meta property=\"article:modified_time\" content=\"2025-12-26T07:30:06+00:00\" \/>\r\n<meta property=\"og:image\" content=\"https:\/\/kedemoseducation.com\/wp-content\/uploads\/2024\/09\/Babar-le-bonhomme-de-neige.jpg\" \/>\r\n\t<meta property=\"og:image:width\" content=\"600\" \/>\r\n\t<meta property=\"og:image:height\" content=\"800\" \/>\r\n\t<meta property=\"og:image:type\" content=\"image\/jpeg\" \/>\r\n<meta name=\"twitter:card\" content=\"summary_large_image\" \/>\r\n<meta name=\"twitter:label1\" content=\"Dur\u00e9e de lecture estim\u00e9e\" \/>\n\t<meta name=\"twitter:data1\" content=\"2 minutes\" \/>\r\n<script type=\"application\/ld+json\" class=\"yoast-schema-graph\">{\"@context\":\"https:\/\/schema.org\",\"@graph\":[{\"@type\":\"WebPage\",\"@id\":\"https:\/\/kedemoseducation.com\/en\/product\/conte-babar-le-bonhomme-de-neige\/\",\"url\":\"https:\/\/kedemoseducation.com\/en\/product\/conte-babar-le-bonhomme-de-neige\/\",\"name\":\"Conte Babar le bonhomme de neige - Kedemos Education\",\"isPartOf\":{\"@id\":\"https:\/\/kedemoseducation.com\/fr\/#website\"},\"primaryImageOfPage\":{\"@id\":\"https:\/\/kedemoseducation.com\/en\/product\/conte-babar-le-bonhomme-de-neige\/#primaryimage\"},\"image\":{\"@id\":\"https:\/\/kedemoseducation.com\/en\/product\/conte-babar-le-bonhomme-de-neige\/#primaryimage\"},\"thumbnailUrl\":\"https:\/\/i0.wp.com\/kedemoseducation.com\/wp-content\/uploads\/2024\/09\/Babar-le-bonhomme-de-neige.jpg?fit=600%2C800&ssl=1\",\"datePublished\":\"2024-09-05T06:21:23+00:00\",\"dateModified\":\"2025-12-26T07:30:06+00:00\",\"description\":\"Le conte Babar, le bonhomme de neige raconte l\u2019histoire de Babar qui prend vie, un soir, et d\u00e9cide de s\u2019aventurer plus loin que le jardin de son ami Bruno.\",\"breadcrumb\":{\"@id\":\"https:\/\/kedemoseducation.com\/en\/product\/conte-babar-le-bonhomme-de-neige\/#breadcrumb\"},\"inLanguage\":\"fr-FR\",\"potentialAction\":[{\"@type\":\"ReadAction\",\"target\":[\"https:\/\/kedemoseducation.com\/en\/product\/conte-babar-le-bonhomme-de-neige\/\"]}]},{\"@type\":\"ImageObject\",\"inLanguage\":\"fr-FR\",\"@id\":\"https:\/\/kedemoseducation.com\/en\/product\/conte-babar-le-bonhomme-de-neige\/#primaryimage\",\"url\":\"https:\/\/i0.wp.com\/kedemoseducation.com\/wp-content\/uploads\/2024\/09\/Babar-le-bonhomme-de-neige.jpg?fit=600%2C800&ssl=1\",\"contentUrl\":\"https:\/\/i0.wp.com\/kedemoseducation.com\/wp-content\/uploads\/2024\/09\/Babar-le-bonhomme-de-neige.jpg?fit=600%2C800&ssl=1\",\"width\":600,\"height\":800,\"caption\":\"Conte Babar le bonhomme de neige\"},{\"@type\":\"BreadcrumbList\",\"@id\":\"https:\/\/kedemoseducation.com\/en\/product\/conte-babar-le-bonhomme-de-neige\/#breadcrumb\",\"itemListElement\":[{\"@type\":\"ListItem\",\"position\":1,\"name\":\"Home\",\"item\":\"https:\/\/kedemoseducation.com\/\"},{\"@type\":\"ListItem\",\"position\":2,\"name\":\"All Products\",\"item\":\"https:\/\/kedemoseducation.com\/fr\/shop-2\/tous-les-produits\/\"},{\"@type\":\"ListItem\",\"position\":3,\"name\":\"Stories\",\"item\":\"https:\/\/kedemoseducation.com\/en\/product-category\/storybooks-for-children\/\"},{\"@type\":\"ListItem\",\"position\":4,\"name\":\"Babar, le bonhomme de neige\"}]},{\"@type\":\"WebSite\",\"@id\":\"https:\/\/kedemoseducation.com\/fr\/#website\",\"url\":\"https:\/\/kedemoseducation.com\/fr\/\",\"name\":\"Kedemos Education\",\"description\":\"The Pleasure of Learning\",\"publisher\":{\"@id\":\"https:\/\/kedemoseducation.com\/fr\/#organization\"},\"potentialAction\":[{\"@type\":\"SearchAction\",\"target\":{\"@type\":\"EntryPoint\",\"urlTemplate\":\"https:\/\/kedemoseducation.com\/fr\/?s={search_term_string}\"},\"query-input\":{\"@type\":\"PropertyValueSpecification\",\"valueRequired\":true,\"valueName\":\"search_term_string\"}}],\"inLanguage\":\"fr-FR\"},{\"@type\":\"Organization\",\"@id\":\"https:\/\/kedemoseducation.com\/fr\/#organization\",\"name\":\"Kedemos Education\",\"url\":\"https:\/\/kedemoseducation.com\/fr\/\",\"logo\":{\"@type\":\"ImageObject\",\"inLanguage\":\"fr-FR\",\"@id\":\"https:\/\/kedemoseducation.com\/fr\/#\/schema\/logo\/image\/\",\"url\":\"https:\/\/kedemoseducation.com\/wp-content\/uploads\/2023\/06\/logo-kedemos-education.png\",\"contentUrl\":\"https:\/\/kedemoseducation.com\/wp-content\/uploads\/2023\/06\/logo-kedemos-education.png\",\"width\":2362,\"height\":903,\"caption\":\"Kedemos Education\"},\"image\":{\"@id\":\"https:\/\/kedemoseducation.com\/fr\/#\/schema\/logo\/image\/\"},\"sameAs\":[\"https:\/\/www.facebook.com\/Kedemoseducation\",\"https:\/\/www.instagram.com\/kedemoseducation\/\",\"https:\/\/www.linkedin.com\/company\/kedemos-education\/\"]}]}<\/script>\r\n<!-- \/ Yoast SEO plugin. -->","yoast_head_json":{"title":"Conte Babar le bonhomme de neige - Kedemos Education","description":"Le conte Babar, le bonhomme de neige raconte l\u2019histoire de Babar qui prend vie, un soir, et d\u00e9cide de s\u2019aventurer plus loin que le jardin de son ami Bruno.","robots":{"index":"index","follow":"follow","max-snippet":"max-snippet:-1","max-image-preview":"max-image-preview:large","max-video-preview":"max-video-preview:-1"},"canonical":"https:\/\/kedemoseducation.com\/fr\/product\/conte-babar-le-bonhomme-de-neige\/","og_locale":"fr_FR","og_type":"article","og_title":"Conte Babar le bonhomme de neige - Kedemos Education","og_description":"Le conte Babar, le bonhomme de neige raconte l\u2019histoire de Babar qui prend vie, un soir, et d\u00e9cide de s\u2019aventurer plus loin que le jardin de son ami Bruno.","og_url":"https:\/\/kedemoseducation.com\/fr\/product\/conte-babar-le-bonhomme-de-neige\/","og_site_name":"Kedemos Education","article_publisher":"https:\/\/www.facebook.com\/Kedemoseducation","article_modified_time":"2025-12-26T07:30:06+00:00","og_image":[{"width":600,"height":800,"url":"https:\/\/kedemoseducation.com\/wp-content\/uploads\/2024\/09\/Babar-le-bonhomme-de-neige.jpg","type":"image\/jpeg"}],"twitter_card":"summary_large_image","twitter_misc":{"Dur\u00e9e de lecture estim\u00e9e":"2 minutes"},"schema":{"@context":"https:\/\/schema.org","@graph":[{"@type":"WebPage","@id":"https:\/\/kedemoseducation.com\/en\/product\/conte-babar-le-bonhomme-de-neige\/","url":"https:\/\/kedemoseducation.com\/en\/product\/conte-babar-le-bonhomme-de-neige\/","name":"Conte Babar le bonhomme de neige - Kedemos Education","isPartOf":{"@id":"https:\/\/kedemoseducation.com\/fr\/#website"},"primaryImageOfPage":{"@id":"https:\/\/kedemoseducation.com\/en\/product\/conte-babar-le-bonhomme-de-neige\/#primaryimage"},"image":{"@id":"https:\/\/kedemoseducation.com\/en\/product\/conte-babar-le-bonhomme-de-neige\/#primaryimage"},"thumbnailUrl":"https:\/\/i0.wp.com\/kedemoseducation.com\/wp-content\/uploads\/2024\/09\/Babar-le-bonhomme-de-neige.jpg?fit=600%2C800&ssl=1","datePublished":"2024-09-05T06:21:23+00:00","dateModified":"2025-12-26T07:30:06+00:00","description":"Le conte Babar, le bonhomme de neige raconte l\u2019histoire de Babar qui prend vie, un soir, et d\u00e9cide de s\u2019aventurer plus loin que le jardin de son ami Bruno.","breadcrumb":{"@id":"https:\/\/kedemoseducation.com\/en\/product\/conte-babar-le-bonhomme-de-neige\/#breadcrumb"},"inLanguage":"fr-FR","potentialAction":[{"@type":"ReadAction","target":["https:\/\/kedemoseducation.com\/en\/product\/conte-babar-le-bonhomme-de-neige\/"]}]},{"@type":"ImageObject","inLanguage":"fr-FR","@id":"https:\/\/kedemoseducation.com\/en\/product\/conte-babar-le-bonhomme-de-neige\/#primaryimage","url":"https:\/\/i0.wp.com\/kedemoseducation.com\/wp-content\/uploads\/2024\/09\/Babar-le-bonhomme-de-neige.jpg?fit=600%2C800&ssl=1","contentUrl":"https:\/\/i0.wp.com\/kedemoseducation.com\/wp-content\/uploads\/2024\/09\/Babar-le-bonhomme-de-neige.jpg?fit=600%2C800&ssl=1","width":600,"height":800,"caption":"Conte Babar le bonhomme de neige"},{"@type":"BreadcrumbList","@id":"https:\/\/kedemoseducation.com\/en\/product\/conte-babar-le-bonhomme-de-neige\/#breadcrumb","itemListElement":[{"@type":"ListItem","position":1,"name":"Home","item":"https:\/\/kedemoseducation.com\/"},{"@type":"ListItem","position":2,"name":"All Products","item":"https:\/\/kedemoseducation.com\/fr\/shop-2\/tous-les-produits\/"},{"@type":"ListItem","position":3,"name":"Stories","item":"https:\/\/kedemoseducation.com\/en\/product-category\/storybooks-for-children\/"},{"@type":"ListItem","position":4,"name":"Babar, le bonhomme de neige"}]},{"@type":"WebSite","@id":"https:\/\/kedemoseducation.com\/fr\/#website","url":"https:\/\/kedemoseducation.com\/fr\/","name":"K\u00e9d\u00e9mos Education","description":"Le plaisir d'apprendre","publisher":{"@id":"https:\/\/kedemoseducation.com\/fr\/#organization"},"potentialAction":[{"@type":"SearchAction","target":{"@type":"EntryPoint","urlTemplate":"https:\/\/kedemoseducation.com\/fr\/?s={search_term_string}"},"query-input":{"@type":"PropertyValueSpecification","valueRequired":true,"valueName":"search_term_string"}}],"inLanguage":"fr-FR"},{"@type":"Organization","@id":"https:\/\/kedemoseducation.com\/fr\/#organization","name":"K\u00e9d\u00e9mos Education","url":"https:\/\/kedemoseducation.com\/fr\/","logo":{"@type":"ImageObject","inLanguage":"fr-FR","@id":"https:\/\/kedemoseducation.com\/fr\/#\/schema\/logo\/image\/","url":"https:\/\/kedemoseducation.com\/wp-content\/uploads\/2023\/06\/logo-kedemos-education.png","contentUrl":"https:\/\/kedemoseducation.com\/wp-content\/uploads\/2023\/06\/logo-kedemos-education.png","width":2362,"height":903,"caption":"Kedemos Education"},"image":{"@id":"https:\/\/kedemoseducation.com\/fr\/#\/schema\/logo\/image\/"},"sameAs":["https:\/\/www.facebook.com\/Kedemoseducation","https:\/\/www.instagram.com\/kedemoseducation\/","https:\/\/www.linkedin.com\/company\/kedemos-education\/"]}]}},"jetpack_sharing_enabled":true,"_links":{"self":[{"href":"https:\/\/kedemoseducation.com\/fr\/wp-json\/wp\/v2\/product\/10459","targetHints":{"allow":["GET"]}}],"collection":[{"href":"https:\/\/kedemoseducation.com\/fr\/wp-json\/wp\/v2\/product"}],"about":[{"href":"https:\/\/kedemoseducation.com\/fr\/wp-json\/wp\/v2\/types\/product"}],"replies":[{"embeddable":true,"href":"https:\/\/kedemoseducation.com\/fr\/wp-json\/wp\/v2\/comments?post=10459"}],"wp:featuredmedia":[{"embeddable":true,"href":"https:\/\/kedemoseducation.com\/fr\/wp-json\/wp\/v2\/media\/10460"}],"wp:attachment":[{"href":"https:\/\/kedemoseducation.com\/fr\/wp-json\/wp\/v2\/media?parent=10459"}],"wp:term":[{"taxonomy":"product_brand","embeddable":true,"href":"https:\/\/kedemoseducation.com\/fr\/wp-json\/wp\/v2\/product_brand?post=10459"},{"taxonomy":"product_cat","embeddable":true,"href":"https:\/\/kedemoseducation.com\/fr\/wp-json\/wp\/v2\/product_cat?post=10459"},{"taxonomy":"product_tag","embeddable":true,"href":"https:\/\/kedemoseducation.com\/fr\/wp-json\/wp\/v2\/product_tag?post=10459"}],"curies":[{"name":"wp","href":"https:\/\/api.w.org\/{rel}","templated":true}]}}