{"id":10341,"date":"2024-08-29T15:27:10","date_gmt":"2024-08-29T12:27:10","guid":{"rendered":"https:\/\/kedemoseducation.com\/?post_type=product&#038;p=10341"},"modified":"2026-04-16T13:58:48","modified_gmt":"2026-04-16T10:58:48","slug":"arabic-writing-copybook-kg3","status":"publish","type":"product","link":"https:\/\/kedemoseducation.com\/fr\/product\/arabe-cahier-decriture-grande-section\/","title":{"rendered":"Arabe - Grande Section - Cahier d\u2019\u00e9criture | \u0627\u0644\u0631\u0648\u0636\u0629 \u0627\u0644\u062b\u0627\u0644\u062b\u0629 \u2013 \u062f\u0641\u062a\u0631 \u0627\u0644\u062e\u0637\u0651"},"content":{"rendered":"<h1>Kanz Al Hourouf  Cahier d'\u00e9criture - Grande Section Arabe<\/h1>\n<h2><b>Pr\u00e9sentation de la M\u00e9thode de la Grande Section<\/b><\/h2>\n<p><span style=\"font-weight: 400;\">Ce cahier d\u2019\u00e9criture arabe pour la Grande Section fait partie de la collection Kanz Al Hourouf. Celle-ci est bas\u00e9e sur la m\u00e9thode qui consiste tout d\u2019abord \u00e0 associer des lettres pour former des syllabes et, \u00e9ventuellement, des mots et des phrases.<\/span><\/p>\n<p><span style=\"font-weight: 400;\">La collection Kanz Al Hourouf pour les classes maternelles constitue un apprentissage complet des bases de la langue arabe.<\/span><\/p>\n<p><span style=\"font-weight: 400;\">This method allows a simple and easy learning process for children to familiarize with written Arabic, also known as \u201cfusha\u201d Arabic. Indeed, this written Arabic is the unified language of the Arab countries. This language is distinguished from the oral dialects which vary depending on the country or region.\u00a0<\/span><\/p>\n<p><span style=\"font-weight: 400;\">Kanz Al Hourouf pour la Grande Section est compos\u00e9e des trois volets suivants : deux livres de lecture et un cahier d\u2019\u00e9criture.<\/span><\/p>\n<p><span style=\"font-weight: 400;\">Ce cahier d\u2019\u00e9criture propose un apprentissage simple de l\u2019\u00e9criture des lettres arabes. Les enfants peuvent ainsi pratiquer l'\u00e9criture des lettres et des syllabes qui les aideront plus tard \u00e0 r\u00e9diger des textes plus longs. Ce cahier accompagne le livre de lecture de la Grande Section.<\/span><\/p>\n<p>&nbsp;<\/p>\n<h2 style=\"text-align: right;\"><b>\u0643\u0646\u0632 \u0627\u0644\u062d\u0631\u0648\u0641 &#8211; \u0627\u0644\u0631\u0648\u0636\u0629 \u0627\u0644\u062b\u0627\u0644\u062b\u0629 &#8211; \u062f\u0641\u062a\u0631 \u0627\u0644\u062e\u0637\u0651<\/b><\/h2>\n<p style=\"text-align: right;\"><span style=\"font-weight: 400;\">\u0627\u0644\u0645\u0646\u0647\u062c\u064a\u0629 \u0627\u0644\u0645\u064f\u062a\u0651\u064e\u0628\u064e\u0639\u0629 \u0641\u064a \u0633\u0644\u0633\u0644\u0629 &#8220;\u0643\u064e\u0646\u0652\u0632\u064f \u0627\u0644\u0652\u062d\u064f\u0631\u0648\u0641\u0650&#8221; \u0627\u0644\u0645\u062a\u062e\u0635\u0651\u0635\u0629 \u0644\u0623\u064e\u0642\u0633\u0627\u0645 \u0627\u0644\u0631\u0651\u064e\u0648\u0636\u0627\u062a \u062a\u0647\u062f\u0641 \u0625\u0644\u0649 \u062a\u0633\u0647\u064a\u0644 \u0639\u0645\u0644\u064a\u0651\u064e\u0629 \u0627\u0644\u062a\u0651\u064e\u0639\u064e\u0644\u0651\u064f\u0645 \u0645\u0646 \u062e\u0644\u0627\u0644 \u062a\u062d\u0641\u064a\u0632 \u0627\u0644\u0637\u0651\u0650\u0641\u0644\u0650 \u0648\u062a\u0628\u0633\u064a\u0637\u0650 \u0627\u0644\u0644\u0651\u063a\u064e\u0629\u0650 \u0627\u0644\u0641\u064f\u0635\u062d\u0649 \u0627\u0644\u0645\u0648\u062d\u0651\u064e\u062f\u0629 (\u0627\u0644\u0644\u0651\u064f\u063a\u064e\u0629 \u0627\u0644\u0623\u064f\u0645) \u0627\u0644\u062a\u064a \u062a\u062c\u0645\u0639 \u0628\u064a\u0646 \u0627\u0644\u0628\u0644\u062f\u0627\u0646 \u0627\u0644\u0639\u0631\u0628\u064a\u0629.\u00a0<\/span><\/p>","protected":false},"excerpt":{"rendered":"<p><span style=\"font-weight: 400;\">Ce cahier d\u2019\u00e9criture pour la Grande Section offre un apprentissage syst\u00e9matique de la langue arabe qui consiste tout d\u2019abord \u00e0 associer des lettres pour former des syllabes et, \u00e9ventuellement, des mots et des phrases.<\/span><\/p>\n<p><span style=\"font-weight: 400;\">Il accompagne les livres de lecture de la Grande Section. Pour acc\u00e9der \u00e0 la collection compl\u00e8te Kanz Al Hourouf pour la GS, veuillez cliquer <a href=\"https:\/\/kedemoseducation.com\/fr\/product-category\/school-books\/arabic\/kg3-arabic\/\">ici<\/a>.<\/span><\/p>","protected":false},"featured_media":10367,"comment_status":"closed","ping_status":"closed","template":"","meta":{"_monsterinsights_skip_tracking":false,"_monsterinsights_sitenote_active":false,"_monsterinsights_sitenote_note":"","_monsterinsights_sitenote_category":0},"product_brand":[],"product_cat":[16,316,85],"product_tag":[80,87,317,318,319,395],"class_list":{"0":"post-10341","1":"product","2":"type-product","3":"status-publish","4":"has-post-thumbnail","6":"product_cat-school-books","7":"product_cat-kg3-arabic","8":"product_cat-arabic","9":"product_tag-kg3","10":"product_tag-arabe","11":"product_tag-rawda-3","12":"product_tag-318","13":"product_tag-319","14":"product_tag-kanz-al-hourouf","15":"pa_grade-kg3","17":"first","18":"instock","19":"shipping-taxable","20":"purchasable","21":"product-type-simple"},"yoast_head":"<!-- This site is optimized with the Yoast SEO plugin v26.4 - https:\/\/yoast.com\/wordpress\/plugins\/seo\/ -->\r\n<title>Arabic Writing Copybook KG3 - Kedemos Education<\/title>\r\n<meta name=\"description\" content=\"This KG3 Arabic writing copybook offers practice exercises that help children learn how to associate letters to form syllables and, words and sentences.\" \/>\r\n<meta name=\"robots\" content=\"index, follow, max-snippet:-1, max-image-preview:large, max-video-preview:-1\" \/>\r\n<link rel=\"canonical\" href=\"https:\/\/kedemoseducation.com\/fr\/product\/arabe-cahier-decriture-grande-section\/\" \/>\r\n<meta property=\"og:locale\" content=\"fr_FR\" \/>\r\n<meta property=\"og:type\" content=\"article\" \/>\r\n<meta property=\"og:title\" content=\"Arabic Writing Copybook KG3 - Kedemos Education\" \/>\r\n<meta property=\"og:description\" content=\"This KG3 Arabic writing copybook offers practice exercises that help children learn how to associate letters to form syllables and, words and sentences.\" \/>\r\n<meta property=\"og:url\" content=\"https:\/\/kedemoseducation.com\/fr\/product\/arabe-cahier-decriture-grande-section\/\" \/>\r\n<meta property=\"og:site_name\" content=\"Kedemos Education\" \/>\r\n<meta property=\"article:publisher\" content=\"https:\/\/www.facebook.com\/Kedemoseducation\" \/>\r\n<meta property=\"article:modified_time\" content=\"2026-04-16T10:58:48+00:00\" \/>\r\n<meta property=\"og:image\" content=\"https:\/\/kedemoseducation.com\/wp-content\/uploads\/2024\/08\/GS-arabe-ecriture1.jpg\" \/>\r\n\t<meta property=\"og:image:width\" content=\"600\" \/>\r\n\t<meta property=\"og:image:height\" content=\"800\" \/>\r\n\t<meta property=\"og:image:type\" content=\"image\/jpeg\" \/>\r\n<meta name=\"twitter:card\" content=\"summary_large_image\" \/>\r\n<meta name=\"twitter:label1\" content=\"Dur\u00e9e de lecture estim\u00e9e\" \/>\n\t<meta name=\"twitter:data1\" content=\"2 minutes\" \/>\r\n<script type=\"application\/ld+json\" class=\"yoast-schema-graph\">{\"@context\":\"https:\/\/schema.org\",\"@graph\":[{\"@type\":\"WebPage\",\"@id\":\"https:\/\/kedemoseducation.com\/product\/arabe-cahier-decriture-grande-section\/\",\"url\":\"https:\/\/kedemoseducation.com\/product\/arabe-cahier-decriture-grande-section\/\",\"name\":\"Arabic Writing Copybook KG3 - Kedemos Education\",\"isPartOf\":{\"@id\":\"https:\/\/kedemoseducation.com\/fr\/#website\"},\"primaryImageOfPage\":{\"@id\":\"https:\/\/kedemoseducation.com\/product\/arabe-cahier-decriture-grande-section\/#primaryimage\"},\"image\":{\"@id\":\"https:\/\/kedemoseducation.com\/product\/arabe-cahier-decriture-grande-section\/#primaryimage\"},\"thumbnailUrl\":\"https:\/\/i0.wp.com\/kedemoseducation.com\/wp-content\/uploads\/2024\/08\/GS-arabe-ecriture1.jpg?fit=600%2C800&ssl=1\",\"datePublished\":\"2024-08-29T12:27:10+00:00\",\"dateModified\":\"2026-04-16T10:58:48+00:00\",\"description\":\"This KG3 Arabic writing copybook offers practice exercises that help children learn how to associate letters to form syllables and, words and sentences.\",\"breadcrumb\":{\"@id\":\"https:\/\/kedemoseducation.com\/product\/arabe-cahier-decriture-grande-section\/#breadcrumb\"},\"inLanguage\":\"fr-FR\",\"potentialAction\":[{\"@type\":\"ReadAction\",\"target\":[\"https:\/\/kedemoseducation.com\/product\/arabe-cahier-decriture-grande-section\/\"]}]},{\"@type\":\"ImageObject\",\"inLanguage\":\"fr-FR\",\"@id\":\"https:\/\/kedemoseducation.com\/product\/arabe-cahier-decriture-grande-section\/#primaryimage\",\"url\":\"https:\/\/i0.wp.com\/kedemoseducation.com\/wp-content\/uploads\/2024\/08\/GS-arabe-ecriture1.jpg?fit=600%2C800&ssl=1\",\"contentUrl\":\"https:\/\/i0.wp.com\/kedemoseducation.com\/wp-content\/uploads\/2024\/08\/GS-arabe-ecriture1.jpg?fit=600%2C800&ssl=1\",\"width\":600,\"height\":800,\"caption\":\"writing copybook KG3 - \u0627\u0644\u0631\u0648\u0636\u0629 \u0627\u0644\u062b\u0627\u0644\u062b\u0629 - \u062f\u0641\u062a\u0631 \u0627\u0644\u062e\u0637\u0651\"},{\"@type\":\"BreadcrumbList\",\"@id\":\"https:\/\/kedemoseducation.com\/product\/arabe-cahier-decriture-grande-section\/#breadcrumb\",\"itemListElement\":[{\"@type\":\"ListItem\",\"position\":1,\"name\":\"Home\",\"item\":\"https:\/\/kedemoseducation.com\/\"},{\"@type\":\"ListItem\",\"position\":2,\"name\":\"All Products\",\"item\":\"https:\/\/kedemoseducation.com\/fr\/shop-2\/tous-les-produits\/\"},{\"@type\":\"ListItem\",\"position\":3,\"name\":\"School Books\",\"item\":\"https:\/\/kedemoseducation.com\/fr\/categorie-de-produit\/manuels-scolaires\/\"},{\"@type\":\"ListItem\",\"position\":4,\"name\":\"Arabic \u2013 KG3 &#8211; Writing Copybook | \u0627\u0644\u0631\u0648\u0636\u0629 \u0627\u0644\u062b\u0627\u0644\u062b\u0629 &#8211; \u062f\u0641\u062a\u0631 \u0627\u0644\u062e\u0637\u0651\"}]},{\"@type\":\"WebSite\",\"@id\":\"https:\/\/kedemoseducation.com\/fr\/#website\",\"url\":\"https:\/\/kedemoseducation.com\/fr\/\",\"name\":\"Kedemos Education\",\"description\":\"The Pleasure of Learning\",\"publisher\":{\"@id\":\"https:\/\/kedemoseducation.com\/fr\/#organization\"},\"potentialAction\":[{\"@type\":\"SearchAction\",\"target\":{\"@type\":\"EntryPoint\",\"urlTemplate\":\"https:\/\/kedemoseducation.com\/fr\/?s={search_term_string}\"},\"query-input\":{\"@type\":\"PropertyValueSpecification\",\"valueRequired\":true,\"valueName\":\"search_term_string\"}}],\"inLanguage\":\"fr-FR\"},{\"@type\":\"Organization\",\"@id\":\"https:\/\/kedemoseducation.com\/fr\/#organization\",\"name\":\"Kedemos Education\",\"url\":\"https:\/\/kedemoseducation.com\/fr\/\",\"logo\":{\"@type\":\"ImageObject\",\"inLanguage\":\"fr-FR\",\"@id\":\"https:\/\/kedemoseducation.com\/fr\/#\/schema\/logo\/image\/\",\"url\":\"https:\/\/kedemoseducation.com\/wp-content\/uploads\/2023\/06\/logo-kedemos-education.png\",\"contentUrl\":\"https:\/\/kedemoseducation.com\/wp-content\/uploads\/2023\/06\/logo-kedemos-education.png\",\"width\":2362,\"height\":903,\"caption\":\"Kedemos Education\"},\"image\":{\"@id\":\"https:\/\/kedemoseducation.com\/fr\/#\/schema\/logo\/image\/\"},\"sameAs\":[\"https:\/\/www.facebook.com\/Kedemoseducation\",\"https:\/\/www.instagram.com\/kedemoseducation\/\",\"https:\/\/www.linkedin.com\/company\/kedemos-education\/\"]}]}<\/script>\r\n<!-- \/ Yoast SEO plugin. -->","yoast_head_json":{"title":"Arabe - Grande Section - Cahier d\u2019\u00e9criture - K\u00e9d\u00e9mos Education","description":"This KG3 Arabic writing copybook offers practice exercises that help children learn how to associate letters to form syllables and, words and sentences.","robots":{"index":"index","follow":"follow","max-snippet":"max-snippet:-1","max-image-preview":"max-image-preview:large","max-video-preview":"max-video-preview:-1"},"canonical":"https:\/\/kedemoseducation.com\/fr\/product\/arabe-cahier-decriture-grande-section\/","og_locale":"fr_FR","og_type":"article","og_title":"Arabic Writing Copybook KG3 - Kedemos Education","og_description":"This KG3 Arabic writing copybook offers practice exercises that help children learn how to associate letters to form syllables and, words and sentences.","og_url":"https:\/\/kedemoseducation.com\/fr\/product\/arabe-cahier-decriture-grande-section\/","og_site_name":"Kedemos Education","article_publisher":"https:\/\/www.facebook.com\/Kedemoseducation","article_modified_time":"2026-04-16T10:58:48+00:00","og_image":[{"width":600,"height":800,"url":"https:\/\/kedemoseducation.com\/wp-content\/uploads\/2024\/08\/GS-arabe-ecriture1.jpg","type":"image\/jpeg"}],"twitter_card":"summary_large_image","twitter_misc":{"Dur\u00e9e de lecture estim\u00e9e":"2 minutes"},"schema":{"@context":"https:\/\/schema.org","@graph":[{"@type":"WebPage","@id":"https:\/\/kedemoseducation.com\/product\/arabe-cahier-decriture-grande-section\/","url":"https:\/\/kedemoseducation.com\/product\/arabe-cahier-decriture-grande-section\/","name":"Arabe - Grande Section - Cahier d\u2019\u00e9criture - K\u00e9d\u00e9mos Education","isPartOf":{"@id":"https:\/\/kedemoseducation.com\/fr\/#website"},"primaryImageOfPage":{"@id":"https:\/\/kedemoseducation.com\/product\/arabe-cahier-decriture-grande-section\/#primaryimage"},"image":{"@id":"https:\/\/kedemoseducation.com\/product\/arabe-cahier-decriture-grande-section\/#primaryimage"},"thumbnailUrl":"https:\/\/i0.wp.com\/kedemoseducation.com\/wp-content\/uploads\/2024\/08\/GS-arabe-ecriture1.jpg?fit=600%2C800&ssl=1","datePublished":"2024-08-29T12:27:10+00:00","dateModified":"2026-04-16T10:58:48+00:00","description":"This KG3 Arabic writing copybook offers practice exercises that help children learn how to associate letters to form syllables and, words and sentences.","breadcrumb":{"@id":"https:\/\/kedemoseducation.com\/product\/arabe-cahier-decriture-grande-section\/#breadcrumb"},"inLanguage":"fr-FR","potentialAction":[{"@type":"ReadAction","target":["https:\/\/kedemoseducation.com\/product\/arabe-cahier-decriture-grande-section\/"]}]},{"@type":"ImageObject","inLanguage":"fr-FR","@id":"https:\/\/kedemoseducation.com\/product\/arabe-cahier-decriture-grande-section\/#primaryimage","url":"https:\/\/i0.wp.com\/kedemoseducation.com\/wp-content\/uploads\/2024\/08\/GS-arabe-ecriture1.jpg?fit=600%2C800&ssl=1","contentUrl":"https:\/\/i0.wp.com\/kedemoseducation.com\/wp-content\/uploads\/2024\/08\/GS-arabe-ecriture1.jpg?fit=600%2C800&ssl=1","width":600,"height":800,"caption":"writing copybook KG3 - \u0627\u0644\u0631\u0648\u0636\u0629 \u0627\u0644\u062b\u0627\u0644\u062b\u0629 - \u062f\u0641\u062a\u0631 \u0627\u0644\u062e\u0637\u0651"},{"@type":"BreadcrumbList","@id":"https:\/\/kedemoseducation.com\/product\/arabe-cahier-decriture-grande-section\/#breadcrumb","itemListElement":[{"@type":"ListItem","position":1,"name":"Home","item":"https:\/\/kedemoseducation.com\/"},{"@type":"ListItem","position":2,"name":"All Products","item":"https:\/\/kedemoseducation.com\/fr\/shop-2\/tous-les-produits\/"},{"@type":"ListItem","position":3,"name":"School Books","item":"https:\/\/kedemoseducation.com\/fr\/categorie-de-produit\/manuels-scolaires\/"},{"@type":"ListItem","position":4,"name":"Arabic \u2013 KG3 &#8211; Writing Copybook | \u0627\u0644\u0631\u0648\u0636\u0629 \u0627\u0644\u062b\u0627\u0644\u062b\u0629 &#8211; \u062f\u0641\u062a\u0631 \u0627\u0644\u062e\u0637\u0651"}]},{"@type":"WebSite","@id":"https:\/\/kedemoseducation.com\/fr\/#website","url":"https:\/\/kedemoseducation.com\/fr\/","name":"K\u00e9d\u00e9mos Education","description":"Le plaisir d'apprendre","publisher":{"@id":"https:\/\/kedemoseducation.com\/fr\/#organization"},"potentialAction":[{"@type":"SearchAction","target":{"@type":"EntryPoint","urlTemplate":"https:\/\/kedemoseducation.com\/fr\/?s={search_term_string}"},"query-input":{"@type":"PropertyValueSpecification","valueRequired":true,"valueName":"search_term_string"}}],"inLanguage":"fr-FR"},{"@type":"Organization","@id":"https:\/\/kedemoseducation.com\/fr\/#organization","name":"K\u00e9d\u00e9mos Education","url":"https:\/\/kedemoseducation.com\/fr\/","logo":{"@type":"ImageObject","inLanguage":"fr-FR","@id":"https:\/\/kedemoseducation.com\/fr\/#\/schema\/logo\/image\/","url":"https:\/\/kedemoseducation.com\/wp-content\/uploads\/2023\/06\/logo-kedemos-education.png","contentUrl":"https:\/\/kedemoseducation.com\/wp-content\/uploads\/2023\/06\/logo-kedemos-education.png","width":2362,"height":903,"caption":"Kedemos Education"},"image":{"@id":"https:\/\/kedemoseducation.com\/fr\/#\/schema\/logo\/image\/"},"sameAs":["https:\/\/www.facebook.com\/Kedemoseducation","https:\/\/www.instagram.com\/kedemoseducation\/","https:\/\/www.linkedin.com\/company\/kedemos-education\/"]}]}},"jetpack_sharing_enabled":true,"_links":{"self":[{"href":"https:\/\/kedemoseducation.com\/fr\/wp-json\/wp\/v2\/product\/10341","targetHints":{"allow":["GET"]}}],"collection":[{"href":"https:\/\/kedemoseducation.com\/fr\/wp-json\/wp\/v2\/product"}],"about":[{"href":"https:\/\/kedemoseducation.com\/fr\/wp-json\/wp\/v2\/types\/product"}],"replies":[{"embeddable":true,"href":"https:\/\/kedemoseducation.com\/fr\/wp-json\/wp\/v2\/comments?post=10341"}],"wp:featuredmedia":[{"embeddable":true,"href":"https:\/\/kedemoseducation.com\/fr\/wp-json\/wp\/v2\/media\/10367"}],"wp:attachment":[{"href":"https:\/\/kedemoseducation.com\/fr\/wp-json\/wp\/v2\/media?parent=10341"}],"wp:term":[{"taxonomy":"product_brand","embeddable":true,"href":"https:\/\/kedemoseducation.com\/fr\/wp-json\/wp\/v2\/product_brand?post=10341"},{"taxonomy":"product_cat","embeddable":true,"href":"https:\/\/kedemoseducation.com\/fr\/wp-json\/wp\/v2\/product_cat?post=10341"},{"taxonomy":"product_tag","embeddable":true,"href":"https:\/\/kedemoseducation.com\/fr\/wp-json\/wp\/v2\/product_tag?post=10341"}],"curies":[{"name":"wp","href":"https:\/\/api.w.org\/{rel}","templated":true}]}}