{"id":8629,"date":"2024-01-12T12:22:54","date_gmt":"2024-01-12T10:22:54","guid":{"rendered":"https:\/\/kedemoseducation.com\/?page_id=8629"},"modified":"2024-11-20T14:52:20","modified_gmt":"2024-11-20T12:52:20","slug":"training-sessions","status":"publish","type":"page","link":"https:\/\/kedemoseducation.com\/fr\/formations\/","title":{"rendered":"Formations"},"content":{"rendered":"<div data-elementor-type=\"wp-page\" data-elementor-id=\"8629\" class=\"elementor elementor-8629\">\n\t\t\t\t\t\t<section class=\"elementor-section elementor-top-section elementor-element elementor-element-fcca740 elementor-section-boxed elementor-section-height-default elementor-section-height-default sc_fly_static\" data-id=\"fcca740\" data-element_type=\"section\">\n\t\t\t\t\t\t<div class=\"elementor-container elementor-column-gap-extended\">\n\t\t\t\t\t<div class=\"elementor-column elementor-col-100 elementor-top-column elementor-element elementor-element-815dc6c sc_inner_width_none sc_content_align_inherit sc_layouts_column_icons_position_left sc_fly_static\" data-id=\"815dc6c\" data-element_type=\"column\">\n\t\t\t<div class=\"elementor-widget-wrap elementor-element-populated\">\n\t\t\t\t\t\t<div class=\"elementor-element elementor-element-eea0543 elementor-widget__width-initial sc_fly_static elementor-widget elementor-widget-image\" data-id=\"eea0543\" data-element_type=\"widget\" data-widget_type=\"image.default\">\n\t\t\t\t<div class=\"elementor-widget-container\">\n\t\t\t\t\t\t\t\t\t\t\t\t\t\t\t<img fetchpriority=\"high\" decoding=\"async\" width=\"1536\" height=\"200\" src=\"https:\/\/i0.wp.com\/kedemoseducation.com\/wp-content\/uploads\/2024\/09\/Training-Sessions-2024-en.jpg?fit=1536%2C200&amp;ssl=1\" class=\"attachment-1536x1536 size-1536x1536 wp-image-10643\" alt=\"Formations\" srcset=\"https:\/\/i0.wp.com\/kedemoseducation.com\/wp-content\/uploads\/2024\/09\/Training-Sessions-2024-en.jpg?w=1920&amp;ssl=1 1920w, https:\/\/i0.wp.com\/kedemoseducation.com\/wp-content\/uploads\/2024\/09\/Training-Sessions-2024-en.jpg?resize=300%2C39&amp;ssl=1 300w, https:\/\/i0.wp.com\/kedemoseducation.com\/wp-content\/uploads\/2024\/09\/Training-Sessions-2024-en.jpg?resize=1024%2C133&amp;ssl=1 1024w, https:\/\/i0.wp.com\/kedemoseducation.com\/wp-content\/uploads\/2024\/09\/Training-Sessions-2024-en.jpg?resize=768%2C100&amp;ssl=1 768w, https:\/\/i0.wp.com\/kedemoseducation.com\/wp-content\/uploads\/2024\/09\/Training-Sessions-2024-en.jpg?resize=1536%2C200&amp;ssl=1 1536w, https:\/\/i0.wp.com\/kedemoseducation.com\/wp-content\/uploads\/2024\/09\/Training-Sessions-2024-en.jpg?resize=18%2C2&amp;ssl=1 18w, https:\/\/i0.wp.com\/kedemoseducation.com\/wp-content\/uploads\/2024\/09\/Training-Sessions-2024-en.jpg?resize=370%2C48&amp;ssl=1 370w, https:\/\/i0.wp.com\/kedemoseducation.com\/wp-content\/uploads\/2024\/09\/Training-Sessions-2024-en.jpg?resize=840%2C109&amp;ssl=1 840w, https:\/\/i0.wp.com\/kedemoseducation.com\/wp-content\/uploads\/2024\/09\/Training-Sessions-2024-en.jpg?resize=410%2C53&amp;ssl=1 410w, https:\/\/i0.wp.com\/kedemoseducation.com\/wp-content\/uploads\/2024\/09\/Training-Sessions-2024-en.jpg?resize=800%2C104&amp;ssl=1 800w, https:\/\/i0.wp.com\/kedemoseducation.com\/wp-content\/uploads\/2024\/09\/Training-Sessions-2024-en.jpg?resize=600%2C78&amp;ssl=1 600w, https:\/\/i0.wp.com\/kedemoseducation.com\/wp-content\/uploads\/2024\/09\/Training-Sessions-2024-en.jpg?resize=64%2C8&amp;ssl=1 64w\" sizes=\"(max-width: 1290px) 100vw, 1290px\" \/>\t\t\t\t\t\t\t\t\t\t\t\t\t\t\t<\/div>\n\t\t\t\t<\/div>\n\t\t\t\t<div class=\"elementor-element elementor-element-a003272 sc_fly_static elementor-widget elementor-widget-spacer\" data-id=\"a003272\" data-element_type=\"widget\" data-widget_type=\"spacer.default\">\n\t\t\t\t<div class=\"elementor-widget-container\">\n\t\t\t\t\t\t\t<div class=\"elementor-spacer\">\n\t\t\t<div class=\"elementor-spacer-inner\"><\/div>\n\t\t<\/div>\n\t\t\t\t\t\t<\/div>\n\t\t\t\t<\/div>\n\t\t\t\t\t<\/div>\n\t\t<\/div>\n\t\t\t\t\t<\/div>\n\t\t<\/section>\n\t\t\t\t<section class=\"elementor-section elementor-top-section elementor-element elementor-element-8883939 elementor-section-boxed elementor-section-height-default elementor-section-height-default sc_fly_static\" data-id=\"8883939\" data-element_type=\"section\">\n\t\t\t\t\t\t<div class=\"elementor-container elementor-column-gap-extended\">\n\t\t\t\t\t<div class=\"elementor-column elementor-col-100 elementor-top-column elementor-element elementor-element-9a04aa2 sc_inner_width_none sc_content_align_inherit sc_layouts_column_icons_position_left sc_fly_static\" data-id=\"9a04aa2\" data-element_type=\"column\">\n\t\t\t<div class=\"elementor-widget-wrap elementor-element-populated\">\n\t\t\t\t\t\t<div class=\"elementor-element elementor-element-391acfe sc_fly_static elementor-widget elementor-widget-spacer\" data-id=\"391acfe\" data-element_type=\"widget\" data-widget_type=\"spacer.default\">\n\t\t\t\t<div class=\"elementor-widget-container\">\n\t\t\t\t\t\t\t<div class=\"elementor-spacer\">\n\t\t\t<div class=\"elementor-spacer-inner\"><\/div>\n\t\t<\/div>\n\t\t\t\t\t\t<\/div>\n\t\t\t\t<\/div>\n\t\t\t\t<div class=\"elementor-element elementor-element-e2147bd sc_fly_static elementor-widget elementor-widget-text-editor\" data-id=\"e2147bd\" data-element_type=\"widget\" data-widget_type=\"text-editor.default\">\n\t\t\t\t<div class=\"elementor-widget-container\">\n\t\t\t\t\t\t\t\t\t<p><span style=\"font-weight: 400;\">Consultez ci-dessous le calendrier de nos formations \u00e0 venir ! Ces formations, d\u00e9di\u00e9es aux enseignants, aux coordinateurs, aux directeurs d\u2019\u00e9coles et tout professionnel dans le domaine de l\u2019\u00e9ducation, sont con\u00e7ues pour faciliter l\u2019utilisation de nos m\u00e9thodes dans vos classes. Lors de ces sessions, nous vous montrons, \u00e0 travers des exemples et des sc\u00e9narios pr\u00e9cis, comment g\u00e9rer diff\u00e9rentes opportunit\u00e9s et d\u00e9fis d\u2019apprentissage en utilisant les mat\u00e9riels p\u00e9dagogiques que nous mettons \u00e0 votre disposition. Nous partageons \u00e9galement avec vous de pr\u00e9cieux conseils et id\u00e9es qui vous aideront \u00e0 mener \u00e0 bien vos activit\u00e9s professionnelles du quotidien.<\/span><\/p><p><span style=\"font-weight: 400;\">Notre \u00e9quipe est \u00e0 votre enti\u00e8re disposition pour vous fournir le support dont vous avez besoin, aussi bien \u00e0 l'int\u00e9rieur qu'\u00e0 l'ext\u00e9rieur de la salle de classe. Pour assister aux sessions de formation, veuillez<\/span> <a href=\"https:\/\/kedemoseducation.com\/fr\/contacts\/\" target=\"_blank\" rel=\"noopener\" data-saferedirecturl=\"https:\/\/www.google.com\/url?q=https:\/\/kedemoseducation.com\/en\/contacts\/&amp;source=gmail&amp;ust=1713611724901000&amp;usg=AOvVaw0MZtwcoxkkRDzM2oPYooGn\">contacter<\/a> <span style=\"font-weight: 400;\">notre bureau ou notre distributeur exclusif dans votre pays. Pri\u00e8re de noter que les dates indiqu\u00e9es ci-dessous pourraient changer. Pour rester au courant des derni\u00e8res nouvelles et mises \u00e0 jour li\u00e9es \u00e0 nos formations, suivez-nous<\/span> sur <a href=\"https:\/\/www.instagram.com\/kedemoseducation\/\" target=\"_blank\" rel=\"noopener\" data-saferedirecturl=\"https:\/\/www.google.com\/url?q=https:\/\/www.instagram.com\/kedemoseducation\/&amp;source=gmail&amp;ust=1713611724901000&amp;usg=AOvVaw0S0CAbe9N1WHOm2mYJ6vy7\">Instagram<\/a>\u00a0et\u00a0<a href=\"https:\/\/www.facebook.com\/Kedemoseducation\" target=\"_blank\" rel=\"noopener\" data-saferedirecturl=\"https:\/\/www.google.com\/url?q=https:\/\/www.facebook.com\/Kedemoseducation&amp;source=gmail&amp;ust=1713611724901000&amp;usg=AOvVaw0ibvxH6dxOfZ--vGkTscjU\">Facebook<\/a>.\u00a0<\/p><p><span style=\"font-weight: 400;\">Rejoignez-nous dans ce parcours de croissance et d\u2019apprentissage ! Nous sommes impatients de vous accueillir \u00e0 nos s\u00e9ances de formation et de vous aider \u00e0 atteindre votre plein potentiel !<\/span><\/p>\t\t\t\t\t\t\t\t<\/div>\n\t\t\t\t<\/div>\n\t\t\t\t\t<\/div>\n\t\t<\/div>\n\t\t\t\t\t<\/div>\n\t\t<\/section>\n\t\t\t\t<section class=\"elementor-section elementor-top-section elementor-element elementor-element-269f97a elementor-section-boxed elementor-section-height-default elementor-section-height-default sc_fly_static\" data-id=\"269f97a\" data-element_type=\"section\">\n\t\t\t\t\t\t<div class=\"elementor-container elementor-column-gap-extended\">\n\t\t\t\t\t<div class=\"elementor-column elementor-col-100 elementor-top-column elementor-element elementor-element-7ba1970 sc_inner_width_none sc_content_align_inherit sc_layouts_column_icons_position_left sc_fly_static\" data-id=\"7ba1970\" data-element_type=\"column\">\n\t\t\t<div class=\"elementor-widget-wrap elementor-element-populated\">\n\t\t\t\t\t\t<div class=\"elementor-element elementor-element-94c6384 sc_fly_static elementor-widget elementor-widget-spacer\" data-id=\"94c6384\" data-element_type=\"widget\" data-widget_type=\"spacer.default\">\n\t\t\t\t<div class=\"elementor-widget-container\">\n\t\t\t\t\t\t\t<div class=\"elementor-spacer\">\n\t\t\t<div class=\"elementor-spacer-inner\"><\/div>\n\t\t<\/div>\n\t\t\t\t\t\t<\/div>\n\t\t\t\t<\/div>\n\t\t\t\t<div class=\"elementor-element elementor-element-5fc53b9 sc_fly_static elementor-widget elementor-widget-heading\" data-id=\"5fc53b9\" data-element_type=\"widget\" data-widget_type=\"heading.default\">\n\t\t\t\t<div class=\"elementor-widget-container\">\n\t\t\t\t\t<h2 class=\"elementor-heading-title elementor-size-default\">Aucune formation \u00e0 venir pour le moment<\/h2>\t\t\t\t<\/div>\n\t\t\t\t<\/div>\n\t\t\t\t\t<\/div>\n\t\t<\/div>\n\t\t\t\t\t<\/div>\n\t\t<\/section>\n\t\t\t\t<section class=\"elementor-section elementor-top-section elementor-element elementor-element-c0741c9 elementor-section-boxed elementor-section-height-default elementor-section-height-default sc_fly_static\" data-id=\"c0741c9\" data-element_type=\"section\">\n\t\t\t\t\t\t<div class=\"elementor-container elementor-column-gap-extended\">\n\t\t\t\t\t<div class=\"elementor-column elementor-col-100 elementor-top-column elementor-element elementor-element-0b6cfb9 sc_inner_width_none sc_content_align_inherit sc_layouts_column_icons_position_left sc_fly_static\" data-id=\"0b6cfb9\" data-element_type=\"column\">\n\t\t\t<div class=\"elementor-widget-wrap elementor-element-populated\">\n\t\t\t\t\t\t<div class=\"elementor-element elementor-element-e2ab42f sc_fly_static elementor-widget elementor-widget-spacer\" data-id=\"e2ab42f\" data-element_type=\"widget\" data-widget_type=\"spacer.default\">\n\t\t\t\t<div class=\"elementor-widget-container\">\n\t\t\t\t\t\t\t<div class=\"elementor-spacer\">\n\t\t\t<div class=\"elementor-spacer-inner\"><\/div>\n\t\t<\/div>\n\t\t\t\t\t\t<\/div>\n\t\t\t\t<\/div>\n\t\t\t\t\t<\/div>\n\t\t<\/div>\n\t\t\t\t\t<\/div>\n\t\t<\/section>\n\t\t\t\t<\/div>","protected":false},"excerpt":{"rendered":"<p>Explore the schedule of our training sessions for the upcoming months! Dedicated to teachers, coordinators, school principals, and all kinds of professionals in the field of education, our training sessions&hellip;<\/p>","protected":false},"author":309,"featured_media":0,"parent":0,"menu_order":0,"comment_status":"closed","ping_status":"closed","template":"","meta":{"_monsterinsights_skip_tracking":false,"_monsterinsights_sitenote_active":false,"_monsterinsights_sitenote_note":"","_monsterinsights_sitenote_category":0,"footnotes":""},"class_list":["post-8629","page","type-page","status-publish","hentry"],"yoast_head":"<!-- This site is optimized with the Yoast SEO plugin v26.4 - https:\/\/yoast.com\/wordpress\/plugins\/seo\/ -->\r\n<title>Training Sessions - Kedemos Education<\/title>\r\n<meta name=\"description\" content=\"Here are the schedules for the training sessions of this year. Kindly note that these dates might not stay the same.\" \/>\r\n<meta name=\"robots\" content=\"index, follow, max-snippet:-1, max-image-preview:large, max-video-preview:-1\" \/>\r\n<link rel=\"canonical\" href=\"https:\/\/kedemoseducation.com\/fr\/formations\/\" \/>\r\n<meta property=\"og:locale\" content=\"fr_FR\" \/>\r\n<meta property=\"og:type\" content=\"article\" \/>\r\n<meta property=\"og:title\" content=\"Training Sessions - Kedemos Education\" \/>\r\n<meta property=\"og:description\" content=\"Here are the schedules for the training sessions of this year. Kindly note that these dates might not stay the same.\" \/>\r\n<meta property=\"og:url\" content=\"https:\/\/kedemoseducation.com\/fr\/formations\/\" \/>\r\n<meta property=\"og:site_name\" content=\"Kedemos Education\" \/>\r\n<meta property=\"article:publisher\" content=\"https:\/\/www.facebook.com\/Kedemoseducation\" \/>\r\n<meta property=\"article:modified_time\" content=\"2024-11-20T12:52:20+00:00\" \/>\r\n<meta property=\"og:image\" content=\"https:\/\/kedemoseducation.com\/wp-content\/uploads\/2024\/09\/Training-Sessions-2024-en-1536x200.jpg\" \/>\r\n<meta name=\"twitter:card\" content=\"summary_large_image\" \/>\r\n<meta name=\"twitter:label1\" content=\"Dur\u00e9e de lecture estim\u00e9e\" \/>\n\t<meta name=\"twitter:data1\" content=\"2 minutes\" \/>\r\n<script type=\"application\/ld+json\" class=\"yoast-schema-graph\">{\"@context\":\"https:\/\/schema.org\",\"@graph\":[{\"@type\":\"WebPage\",\"@id\":\"https:\/\/kedemoseducation.com\/fr\/formations\/\",\"url\":\"https:\/\/kedemoseducation.com\/fr\/formations\/\",\"name\":\"Training Sessions - Kedemos Education\",\"isPartOf\":{\"@id\":\"https:\/\/kedemoseducation.com\/fr\/#website\"},\"primaryImageOfPage\":{\"@id\":\"https:\/\/kedemoseducation.com\/fr\/formations\/#primaryimage\"},\"image\":{\"@id\":\"https:\/\/kedemoseducation.com\/fr\/formations\/#primaryimage\"},\"thumbnailUrl\":\"https:\/\/kedemoseducation.com\/wp-content\/uploads\/2024\/09\/Training-Sessions-2024-en-1536x200.jpg\",\"datePublished\":\"2024-01-12T10:22:54+00:00\",\"dateModified\":\"2024-11-20T12:52:20+00:00\",\"description\":\"Here are the schedules for the training sessions of this year. Kindly note that these dates might not stay the same.\",\"breadcrumb\":{\"@id\":\"https:\/\/kedemoseducation.com\/fr\/formations\/#breadcrumb\"},\"inLanguage\":\"fr-FR\",\"potentialAction\":[{\"@type\":\"ReadAction\",\"target\":[\"https:\/\/kedemoseducation.com\/fr\/formations\/\"]}]},{\"@type\":\"ImageObject\",\"inLanguage\":\"fr-FR\",\"@id\":\"https:\/\/kedemoseducation.com\/fr\/formations\/#primaryimage\",\"url\":\"https:\/\/kedemoseducation.com\/wp-content\/uploads\/2024\/09\/Training-Sessions-2024-en-1536x200.jpg\",\"contentUrl\":\"https:\/\/kedemoseducation.com\/wp-content\/uploads\/2024\/09\/Training-Sessions-2024-en-1536x200.jpg\"},{\"@type\":\"BreadcrumbList\",\"@id\":\"https:\/\/kedemoseducation.com\/fr\/formations\/#breadcrumb\",\"itemListElement\":[{\"@type\":\"ListItem\",\"position\":1,\"name\":\"Home\",\"item\":\"https:\/\/kedemoseducation.com\/\"},{\"@type\":\"ListItem\",\"position\":2,\"name\":\"Training Sessions\"}]},{\"@type\":\"WebSite\",\"@id\":\"https:\/\/kedemoseducation.com\/fr\/#website\",\"url\":\"https:\/\/kedemoseducation.com\/fr\/\",\"name\":\"Kedemos Education\",\"description\":\"The Pleasure of Learning\",\"publisher\":{\"@id\":\"https:\/\/kedemoseducation.com\/fr\/#organization\"},\"potentialAction\":[{\"@type\":\"SearchAction\",\"target\":{\"@type\":\"EntryPoint\",\"urlTemplate\":\"https:\/\/kedemoseducation.com\/fr\/?s={search_term_string}\"},\"query-input\":{\"@type\":\"PropertyValueSpecification\",\"valueRequired\":true,\"valueName\":\"search_term_string\"}}],\"inLanguage\":\"fr-FR\"},{\"@type\":\"Organization\",\"@id\":\"https:\/\/kedemoseducation.com\/fr\/#organization\",\"name\":\"Kedemos Education\",\"url\":\"https:\/\/kedemoseducation.com\/fr\/\",\"logo\":{\"@type\":\"ImageObject\",\"inLanguage\":\"fr-FR\",\"@id\":\"https:\/\/kedemoseducation.com\/fr\/#\/schema\/logo\/image\/\",\"url\":\"https:\/\/kedemoseducation.com\/wp-content\/uploads\/2023\/06\/logo-kedemos-education.png\",\"contentUrl\":\"https:\/\/kedemoseducation.com\/wp-content\/uploads\/2023\/06\/logo-kedemos-education.png\",\"width\":2362,\"height\":903,\"caption\":\"Kedemos Education\"},\"image\":{\"@id\":\"https:\/\/kedemoseducation.com\/fr\/#\/schema\/logo\/image\/\"},\"sameAs\":[\"https:\/\/www.facebook.com\/Kedemoseducation\",\"https:\/\/www.instagram.com\/kedemoseducation\/\",\"https:\/\/www.linkedin.com\/company\/kedemos-education\/\"]}]}<\/script>\r\n<!-- \/ Yoast SEO plugin. -->","yoast_head_json":{"title":"Formation - Kedemos Education","description":"Voici les horaires des sessions de formation de cette ann\u00e9e. Notez bien que ces dates pourraient changer.","robots":{"index":"index","follow":"follow","max-snippet":"max-snippet:-1","max-image-preview":"max-image-preview:large","max-video-preview":"max-video-preview:-1"},"canonical":"https:\/\/kedemoseducation.com\/fr\/formations\/","og_locale":"fr_FR","og_type":"article","og_title":"Training Sessions - Kedemos Education","og_description":"Here are the schedules for the training sessions of this year. Kindly note that these dates might not stay the same.","og_url":"https:\/\/kedemoseducation.com\/fr\/formations\/","og_site_name":"Kedemos Education","article_publisher":"https:\/\/www.facebook.com\/Kedemoseducation","article_modified_time":"2024-11-20T12:52:20+00:00","og_image":[{"url":"https:\/\/kedemoseducation.com\/wp-content\/uploads\/2024\/09\/Training-Sessions-2024-en-1536x200.jpg","type":"","width":"","height":""}],"twitter_card":"summary_large_image","twitter_misc":{"Dur\u00e9e de lecture estim\u00e9e":"2 minutes"},"schema":{"@context":"https:\/\/schema.org","@graph":[{"@type":"WebPage","@id":"https:\/\/kedemoseducation.com\/fr\/formations\/","url":"https:\/\/kedemoseducation.com\/fr\/formations\/","name":"Formation - Kedemos Education","isPartOf":{"@id":"https:\/\/kedemoseducation.com\/fr\/#website"},"primaryImageOfPage":{"@id":"https:\/\/kedemoseducation.com\/fr\/formations\/#primaryimage"},"image":{"@id":"https:\/\/kedemoseducation.com\/fr\/formations\/#primaryimage"},"thumbnailUrl":"https:\/\/kedemoseducation.com\/wp-content\/uploads\/2024\/09\/Training-Sessions-2024-en-1536x200.jpg","datePublished":"2024-01-12T10:22:54+00:00","dateModified":"2024-11-20T12:52:20+00:00","description":"Voici les horaires des sessions de formation de cette ann\u00e9e. Notez bien que ces dates pourraient changer.","breadcrumb":{"@id":"https:\/\/kedemoseducation.com\/fr\/formations\/#breadcrumb"},"inLanguage":"fr-FR","potentialAction":[{"@type":"ReadAction","target":["https:\/\/kedemoseducation.com\/fr\/formations\/"]}]},{"@type":"ImageObject","inLanguage":"fr-FR","@id":"https:\/\/kedemoseducation.com\/fr\/formations\/#primaryimage","url":"https:\/\/kedemoseducation.com\/wp-content\/uploads\/2024\/09\/Training-Sessions-2024-en-1536x200.jpg","contentUrl":"https:\/\/kedemoseducation.com\/wp-content\/uploads\/2024\/09\/Training-Sessions-2024-en-1536x200.jpg"},{"@type":"BreadcrumbList","@id":"https:\/\/kedemoseducation.com\/fr\/formations\/#breadcrumb","itemListElement":[{"@type":"ListItem","position":1,"name":"Home","item":"https:\/\/kedemoseducation.com\/"},{"@type":"ListItem","position":2,"name":"Training Sessions"}]},{"@type":"WebSite","@id":"https:\/\/kedemoseducation.com\/fr\/#website","url":"https:\/\/kedemoseducation.com\/fr\/","name":"K\u00e9d\u00e9mos Education","description":"Le plaisir d'apprendre","publisher":{"@id":"https:\/\/kedemoseducation.com\/fr\/#organization"},"potentialAction":[{"@type":"SearchAction","target":{"@type":"EntryPoint","urlTemplate":"https:\/\/kedemoseducation.com\/fr\/?s={search_term_string}"},"query-input":{"@type":"PropertyValueSpecification","valueRequired":true,"valueName":"search_term_string"}}],"inLanguage":"fr-FR"},{"@type":"Organization","@id":"https:\/\/kedemoseducation.com\/fr\/#organization","name":"K\u00e9d\u00e9mos Education","url":"https:\/\/kedemoseducation.com\/fr\/","logo":{"@type":"ImageObject","inLanguage":"fr-FR","@id":"https:\/\/kedemoseducation.com\/fr\/#\/schema\/logo\/image\/","url":"https:\/\/kedemoseducation.com\/wp-content\/uploads\/2023\/06\/logo-kedemos-education.png","contentUrl":"https:\/\/kedemoseducation.com\/wp-content\/uploads\/2023\/06\/logo-kedemos-education.png","width":2362,"height":903,"caption":"Kedemos Education"},"image":{"@id":"https:\/\/kedemoseducation.com\/fr\/#\/schema\/logo\/image\/"},"sameAs":["https:\/\/www.facebook.com\/Kedemoseducation","https:\/\/www.instagram.com\/kedemoseducation\/","https:\/\/www.linkedin.com\/company\/kedemos-education\/"]}]}},"jetpack_sharing_enabled":true,"_links":{"self":[{"href":"https:\/\/kedemoseducation.com\/fr\/wp-json\/wp\/v2\/pages\/8629","targetHints":{"allow":["GET"]}}],"collection":[{"href":"https:\/\/kedemoseducation.com\/fr\/wp-json\/wp\/v2\/pages"}],"about":[{"href":"https:\/\/kedemoseducation.com\/fr\/wp-json\/wp\/v2\/types\/page"}],"author":[{"embeddable":true,"href":"https:\/\/kedemoseducation.com\/fr\/wp-json\/wp\/v2\/users\/309"}],"replies":[{"embeddable":true,"href":"https:\/\/kedemoseducation.com\/fr\/wp-json\/wp\/v2\/comments?post=8629"}],"version-history":[{"count":172,"href":"https:\/\/kedemoseducation.com\/fr\/wp-json\/wp\/v2\/pages\/8629\/revisions"}],"predecessor-version":[{"id":11186,"href":"https:\/\/kedemoseducation.com\/fr\/wp-json\/wp\/v2\/pages\/8629\/revisions\/11186"}],"wp:attachment":[{"href":"https:\/\/kedemoseducation.com\/fr\/wp-json\/wp\/v2\/media?parent=8629"}],"curies":[{"name":"wp","href":"https:\/\/api.w.org\/{rel}","templated":true}]}}