{"id":2514,"date":"2023-07-17T16:44:54","date_gmt":"2023-07-17T13:44:54","guid":{"rendered":"https:\/\/kedemoseducation.com\/?page_id=2514"},"modified":"2026-03-17T10:47:00","modified_gmt":"2026-03-17T08:47:00","slug":"catalogs","status":"publish","type":"page","link":"https:\/\/kedemoseducation.com\/fr\/catalogues\/","title":{"rendered":"Catalogues"},"content":{"rendered":"<div data-elementor-type=\"wp-page\" data-elementor-id=\"2514\" class=\"elementor elementor-2514\">\n\t\t\t\t\t\t<section class=\"elementor-section elementor-top-section elementor-element elementor-element-8e11bd0 elementor-section-full_width elementor-section-height-default elementor-section-height-default sc_fly_static\" data-id=\"8e11bd0\" data-element_type=\"section\" data-settings=\"{&quot;background_background&quot;:&quot;classic&quot;}\">\n\t\t\t\t\t\t\t<div class=\"elementor-background-overlay\"><\/div>\n\t\t\t\t\t\t\t<div class=\"elementor-container elementor-column-gap-extended\">\n\t\t\t\t\t<div class=\"elementor-column elementor-col-100 elementor-top-column elementor-element elementor-element-ee66898 sc_inner_width_none sc_content_align_inherit sc_layouts_column_icons_position_left sc_fly_static\" data-id=\"ee66898\" data-element_type=\"column\" data-settings=\"{&quot;background_background&quot;:&quot;classic&quot;}\">\n\t\t\t<div class=\"elementor-widget-wrap elementor-element-populated\">\n\t\t\t\t\t<div class=\"elementor-background-overlay\"><\/div>\n\t\t\t\t\t\t<div class=\"elementor-element elementor-element-821fefa sc_fly_static elementor-widget elementor-widget-spacer\" data-id=\"821fefa\" data-element_type=\"widget\" data-widget_type=\"spacer.default\">\n\t\t\t\t<div class=\"elementor-widget-container\">\n\t\t\t\t\t\t\t<div class=\"elementor-spacer\">\n\t\t\t<div class=\"elementor-spacer-inner\"><\/div>\n\t\t<\/div>\n\t\t\t\t\t\t<\/div>\n\t\t\t\t<\/div>\n\t\t\t\t<div class=\"elementor-element elementor-element-71c2800 sc_fly_static elementor-widget elementor-widget-heading\" data-id=\"71c2800\" data-element_type=\"widget\" data-widget_type=\"heading.default\">\n\t\t\t\t<div class=\"elementor-widget-container\">\n\t\t\t\t\t<h1 class=\"elementor-heading-title elementor-size-xl\">Catalogues 2025<\/h1>\t\t\t\t<\/div>\n\t\t\t\t<\/div>\n\t\t\t\t<div class=\"elementor-element elementor-element-434aa53 sc_fly_static elementor-widget elementor-widget-spacer\" data-id=\"434aa53\" data-element_type=\"widget\" data-widget_type=\"spacer.default\">\n\t\t\t\t<div class=\"elementor-widget-container\">\n\t\t\t\t\t\t\t<div class=\"elementor-spacer\">\n\t\t\t<div class=\"elementor-spacer-inner\"><\/div>\n\t\t<\/div>\n\t\t\t\t\t\t<\/div>\n\t\t\t\t<\/div>\n\t\t\t\t\t<\/div>\n\t\t<\/div>\n\t\t\t\t\t<\/div>\n\t\t<\/section>\n\t\t\t\t<section class=\"elementor-section elementor-top-section elementor-element elementor-element-bfc03d1 elementor-section-boxed elementor-section-height-default elementor-section-height-default sc_fly_static\" data-id=\"bfc03d1\" data-element_type=\"section\" data-settings=\"{&quot;background_background&quot;:&quot;classic&quot;}\">\n\t\t\t\t\t\t\t<div class=\"elementor-background-overlay\"><\/div>\n\t\t\t\t\t\t\t<div class=\"elementor-container elementor-column-gap-extended\">\n\t\t\t\t\t<div class=\"elementor-column elementor-col-100 elementor-top-column elementor-element elementor-element-5d94606 sc_inner_width_none sc_content_align_inherit sc_layouts_column_icons_position_left sc_fly_static\" data-id=\"5d94606\" data-element_type=\"column\">\n\t\t\t<div class=\"elementor-widget-wrap elementor-element-populated\">\n\t\t\t\t\t\t<div class=\"elementor-element elementor-element-2d6fb63 sc_fly_static elementor-widget elementor-widget-text-editor\" data-id=\"2d6fb63\" data-element_type=\"widget\" data-widget_type=\"text-editor.default\">\n\t\t\t\t<div class=\"elementor-widget-container\">\n\t\t\t\t\t\t\t\t\t<p><span style=\"font-weight: 400;\">Chaque ann\u00e9e, K\u00e9d\u00e9mos Education publie deux catalogues : un catalogue international, et un autre d\u00e9di\u00e9 \u00e0 notre public marocain. Ces catalogues sont des outils essentiels qui nous permettent de partager avec vous nos produits et nos nouvelles publications. Ils sont r\u00e9partis en diff\u00e9rentes sections en fonction de la langue de la collection ou de la s\u00e9rie publi\u00e9e (fran\u00e7ais, anglais et arabe). De plus, le niveau de classe correspondant \u00e0 chaque collection est sp\u00e9cifi\u00e9.<\/span><\/p>\t\t\t\t\t\t\t\t<\/div>\n\t\t\t\t<\/div>\n\t\t\t\t<div class=\"elementor-element elementor-element-9dd06ba sc_fly_static elementor-widget elementor-widget-text-editor\" data-id=\"9dd06ba\" data-element_type=\"widget\" data-widget_type=\"text-editor.default\">\n\t\t\t\t<div class=\"elementor-widget-container\">\n\t\t\t\t\t\t\t\t\t<p>Tenez-vous \u00e0 jour en consultant nos catalogues ci-dessous !<\/p>\t\t\t\t\t\t\t\t<\/div>\n\t\t\t\t<\/div>\n\t\t\t\t<div class=\"elementor-element elementor-element-4484505 sc_fly_static elementor-widget elementor-widget-spacer\" data-id=\"4484505\" data-element_type=\"widget\" data-widget_type=\"spacer.default\">\n\t\t\t\t<div class=\"elementor-widget-container\">\n\t\t\t\t\t\t\t<div class=\"elementor-spacer\">\n\t\t\t<div class=\"elementor-spacer-inner\"><\/div>\n\t\t<\/div>\n\t\t\t\t\t\t<\/div>\n\t\t\t\t<\/div>\n\t\t\t\t\t<\/div>\n\t\t<\/div>\n\t\t\t\t\t<\/div>\n\t\t<\/section>\n\t\t\t\t<section class=\"elementor-section elementor-top-section elementor-element elementor-element-34cb070 elementor-section-boxed elementor-section-height-default elementor-section-height-default sc_fly_static\" data-id=\"34cb070\" data-element_type=\"section\" data-settings=\"{&quot;background_background&quot;:&quot;classic&quot;}\">\n\t\t\t\t\t\t\t<div class=\"elementor-background-overlay\"><\/div>\n\t\t\t\t\t\t\t<div class=\"elementor-container elementor-column-gap-extended\">\n\t\t\t\t\t<div class=\"elementor-column elementor-col-50 elementor-top-column elementor-element elementor-element-3386267 sc_inner_width_none sc_content_align_inherit sc_layouts_column_icons_position_left sc_fly_static\" data-id=\"3386267\" data-element_type=\"column\" data-settings=\"{&quot;background_background&quot;:&quot;classic&quot;}\">\n\t\t\t<div class=\"elementor-widget-wrap elementor-element-populated\">\n\t\t\t\t\t\t<div class=\"elementor-element elementor-element-b0dfeba sc_fly_static elementor-widget elementor-widget-heading\" data-id=\"b0dfeba\" data-element_type=\"widget\" data-widget_type=\"heading.default\">\n\t\t\t\t<div class=\"elementor-widget-container\">\n\t\t\t\t\t<h2 class=\"elementor-heading-title elementor-size-large\">Catalogue international<\/h2>\t\t\t\t<\/div>\n\t\t\t\t<\/div>\n\t\t\t\t<div class=\"elementor-element elementor-element-8d2c44c sc_fly_static elementor-widget elementor-widget-spacer\" data-id=\"8d2c44c\" data-element_type=\"widget\" data-widget_type=\"spacer.default\">\n\t\t\t\t<div class=\"elementor-widget-container\">\n\t\t\t\t\t\t\t<div class=\"elementor-spacer\">\n\t\t\t<div class=\"elementor-spacer-inner\"><\/div>\n\t\t<\/div>\n\t\t\t\t\t\t<\/div>\n\t\t\t\t<\/div>\n\t\t\t\t<div class=\"elementor-element elementor-element-5995402 sc_fly_static elementor-widget elementor-widget-image\" data-id=\"5995402\" data-element_type=\"widget\" data-widget_type=\"image.default\">\n\t\t\t\t<div class=\"elementor-widget-container\">\n\t\t\t\t\t\t\t\t\t\t\t\t\t\t\t\t<a href=\"https:\/\/drive.google.com\/file\/d\/1HnLcUJescyMrFPMwTI5RFRQjHIlZmEqs\/view?usp=sharing\">\n\t\t\t\t\t\t\t<img fetchpriority=\"high\" decoding=\"async\" width=\"221\" height=\"300\" src=\"https:\/\/i0.wp.com\/kedemoseducation.com\/wp-content\/uploads\/2026\/03\/cover-catalogue-2026.jpg?fit=221%2C300&amp;ssl=1\" class=\"attachment-medium size-medium wp-image-12649\" alt=\"\" srcset=\"https:\/\/i0.wp.com\/kedemoseducation.com\/wp-content\/uploads\/2026\/03\/cover-catalogue-2026.jpg?w=600&amp;ssl=1 600w, https:\/\/i0.wp.com\/kedemoseducation.com\/wp-content\/uploads\/2026\/03\/cover-catalogue-2026.jpg?resize=221%2C300&amp;ssl=1 221w, https:\/\/i0.wp.com\/kedemoseducation.com\/wp-content\/uploads\/2026\/03\/cover-catalogue-2026.jpg?resize=9%2C12&amp;ssl=1 9w, https:\/\/i0.wp.com\/kedemoseducation.com\/wp-content\/uploads\/2026\/03\/cover-catalogue-2026.jpg?resize=370%2C502&amp;ssl=1 370w, https:\/\/i0.wp.com\/kedemoseducation.com\/wp-content\/uploads\/2026\/03\/cover-catalogue-2026.jpg?resize=410%2C556&amp;ssl=1 410w\" sizes=\"(max-width: 221px) 100vw, 221px\" \/>\t\t\t\t\t\t\t\t<\/a>\n\t\t\t\t\t\t\t\t\t\t\t\t\t\t\t<\/div>\n\t\t\t\t<\/div>\n\t\t\t\t<div class=\"elementor-element elementor-element-7c5e748 sc_fly_static elementor-widget elementor-widget-spacer\" data-id=\"7c5e748\" data-element_type=\"widget\" data-widget_type=\"spacer.default\">\n\t\t\t\t<div class=\"elementor-widget-container\">\n\t\t\t\t\t\t\t<div class=\"elementor-spacer\">\n\t\t\t<div class=\"elementor-spacer-inner\"><\/div>\n\t\t<\/div>\n\t\t\t\t\t\t<\/div>\n\t\t\t\t<\/div>\n\t\t\t\t<div class=\"elementor-element elementor-element-6e38eaa elementor-widget__width-inherit sc_fly_static elementor-widget elementor-widget-trx_sc_button\" data-id=\"6e38eaa\" data-element_type=\"widget\" data-widget_type=\"trx_sc_button.default\">\n\t\t\t\t<div class=\"elementor-widget-container\">\n\t\t\t\t\t<div\tclass=\"sc_item_button sc_button_wrap sc_align_center\" ><a href=\"https:\/\/drive.google.com\/file\/d\/1HnLcUJescyMrFPMwTI5RFRQjHIlZmEqs\/view?usp=sharing\" class=\"sc_button sc_button_decoration sc_button_size_large sc_button_bg_image sc_button_icon_right color_style_link3\" style=\"background-image:url(\/\/kedemoseducation.com\/wp-content\/uploads\/2022\/11\/cover-catalogue-liban-2023.png);\" ><span class=\"sc_button_text sc_align_center\"><span class=\"sc_button_title\">T\u00e9l\u00e9charger le catalogue<\/span><\/span><\/a><\/div>\t\t\t\t<\/div>\n\t\t\t\t<\/div>\n\t\t\t\t\t<\/div>\n\t\t<\/div>\n\t\t\t\t<div class=\"elementor-column elementor-col-50 elementor-top-column elementor-element elementor-element-777b6cb sc_inner_width_none sc_content_align_inherit sc_layouts_column_icons_position_left sc_fly_static\" data-id=\"777b6cb\" data-element_type=\"column\" data-settings=\"{&quot;background_background&quot;:&quot;classic&quot;}\">\n\t\t\t<div class=\"elementor-widget-wrap elementor-element-populated\">\n\t\t\t\t\t\t<div class=\"elementor-element elementor-element-cc975dd sc_fly_static elementor-widget elementor-widget-heading\" data-id=\"cc975dd\" data-element_type=\"widget\" data-widget_type=\"heading.default\">\n\t\t\t\t<div class=\"elementor-widget-container\">\n\t\t\t\t\t<h2 class=\"elementor-heading-title elementor-size-large\">Catalogue du Maroc<\/h2>\t\t\t\t<\/div>\n\t\t\t\t<\/div>\n\t\t\t\t<div class=\"elementor-element elementor-element-1fa4c1b sc_fly_static elementor-widget elementor-widget-spacer\" data-id=\"1fa4c1b\" data-element_type=\"widget\" data-widget_type=\"spacer.default\">\n\t\t\t\t<div class=\"elementor-widget-container\">\n\t\t\t\t\t\t\t<div class=\"elementor-spacer\">\n\t\t\t<div class=\"elementor-spacer-inner\"><\/div>\n\t\t<\/div>\n\t\t\t\t\t\t<\/div>\n\t\t\t\t<\/div>\n\t\t\t\t<div class=\"elementor-element elementor-element-80f23ba sc_fly_static elementor-widget elementor-widget-image\" data-id=\"80f23ba\" data-element_type=\"widget\" data-widget_type=\"image.default\">\n\t\t\t\t<div class=\"elementor-widget-container\">\n\t\t\t\t\t\t\t\t\t\t\t\t\t\t\t\t<a href=\"https:\/\/drive.google.com\/file\/d\/1HnLcUJescyMrFPMwTI5RFRQjHIlZmEqs\/view?usp=sharing\">\n\t\t\t\t\t\t\t<img decoding=\"async\" width=\"221\" height=\"300\" src=\"https:\/\/i0.wp.com\/kedemoseducation.com\/wp-content\/uploads\/2025\/11\/cover-catalogue-2026.png?fit=221%2C300&amp;ssl=1\" class=\"attachment-medium size-medium wp-image-12333\" alt=\"Cover Catalogue 2026\" srcset=\"https:\/\/i0.wp.com\/kedemoseducation.com\/wp-content\/uploads\/2025\/11\/cover-catalogue-2026.png?w=600&amp;ssl=1 600w, https:\/\/i0.wp.com\/kedemoseducation.com\/wp-content\/uploads\/2025\/11\/cover-catalogue-2026.png?resize=221%2C300&amp;ssl=1 221w, https:\/\/i0.wp.com\/kedemoseducation.com\/wp-content\/uploads\/2025\/11\/cover-catalogue-2026.png?resize=9%2C12&amp;ssl=1 9w, https:\/\/i0.wp.com\/kedemoseducation.com\/wp-content\/uploads\/2025\/11\/cover-catalogue-2026.png?resize=370%2C502&amp;ssl=1 370w, https:\/\/i0.wp.com\/kedemoseducation.com\/wp-content\/uploads\/2025\/11\/cover-catalogue-2026.png?resize=410%2C556&amp;ssl=1 410w, https:\/\/i0.wp.com\/kedemoseducation.com\/wp-content\/uploads\/2025\/11\/cover-catalogue-2026.png?resize=64%2C87&amp;ssl=1 64w\" sizes=\"(max-width: 221px) 100vw, 221px\" \/>\t\t\t\t\t\t\t\t<\/a>\n\t\t\t\t\t\t\t\t\t\t\t\t\t\t\t<\/div>\n\t\t\t\t<\/div>\n\t\t\t\t<div class=\"elementor-element elementor-element-e4fff50 sc_fly_static elementor-widget elementor-widget-spacer\" data-id=\"e4fff50\" data-element_type=\"widget\" data-widget_type=\"spacer.default\">\n\t\t\t\t<div class=\"elementor-widget-container\">\n\t\t\t\t\t\t\t<div class=\"elementor-spacer\">\n\t\t\t<div class=\"elementor-spacer-inner\"><\/div>\n\t\t<\/div>\n\t\t\t\t\t\t<\/div>\n\t\t\t\t<\/div>\n\t\t\t\t<div class=\"elementor-element elementor-element-7939ab8 elementor-widget__width-inherit sc_fly_static elementor-widget elementor-widget-trx_sc_button\" data-id=\"7939ab8\" data-element_type=\"widget\" data-widget_type=\"trx_sc_button.default\">\n\t\t\t\t<div class=\"elementor-widget-container\">\n\t\t\t\t\t<div\tclass=\"sc_item_button sc_button_wrap sc_align_center\" ><a href=\"https:\/\/drive.google.com\/file\/d\/1bqm9ZtQ1f9RJJvLAa6dh3L2rbU9YwrnJ\/view?usp=sharing\" class=\"sc_button sc_button_decoration sc_button_size_large sc_button_bg_image sc_button_icon_right color_style_link3\" style=\"background-image:url(\/\/kedemoseducation.com\/wp-content\/uploads\/2022\/11\/cover-catalogue-liban-2023.png);\" ><span class=\"sc_button_text sc_align_center\"><span class=\"sc_button_title\">T\u00e9l\u00e9charger le catalogue<\/span><\/span><\/a><\/div>\t\t\t\t<\/div>\n\t\t\t\t<\/div>\n\t\t\t\t\t<\/div>\n\t\t<\/div>\n\t\t\t\t\t<\/div>\n\t\t<\/section>\n\t\t\t\t<section class=\"elementor-section elementor-top-section elementor-element elementor-element-c0fdbbe elementor-section-boxed elementor-section-height-default elementor-section-height-default sc_fly_static\" data-id=\"c0fdbbe\" data-element_type=\"section\" data-settings=\"{&quot;background_background&quot;:&quot;classic&quot;}\">\n\t\t\t\t\t\t\t<div class=\"elementor-background-overlay\"><\/div>\n\t\t\t\t\t\t\t<div class=\"elementor-container elementor-column-gap-extended\">\n\t\t\t\t\t<div class=\"elementor-column elementor-col-100 elementor-top-column elementor-element elementor-element-b6f4ade sc_inner_width_none sc_content_align_inherit sc_layouts_column_icons_position_left sc_fly_static\" data-id=\"b6f4ade\" data-element_type=\"column\">\n\t\t\t<div class=\"elementor-widget-wrap elementor-element-populated\">\n\t\t\t\t\t\t<div class=\"elementor-element elementor-element-cfdde36 sc_fly_static elementor-widget elementor-widget-spacer\" data-id=\"cfdde36\" data-element_type=\"widget\" data-widget_type=\"spacer.default\">\n\t\t\t\t<div class=\"elementor-widget-container\">\n\t\t\t\t\t\t\t<div class=\"elementor-spacer\">\n\t\t\t<div class=\"elementor-spacer-inner\"><\/div>\n\t\t<\/div>\n\t\t\t\t\t\t<\/div>\n\t\t\t\t<\/div>\n\t\t\t\t<div class=\"elementor-element elementor-element-99b8f17 sc_fly_static elementor-widget elementor-widget-text-editor\" data-id=\"99b8f17\" data-element_type=\"widget\" data-widget_type=\"text-editor.default\">\n\t\t\t\t<div class=\"elementor-widget-container\">\n\t\t\t\t\t\t\t\t\t<p><strong>Merci d\u2019avoir t\u00e9l\u00e9charg\u00e9 le catalogue de K\u00e9d\u00e9mos Education !<\/strong><\/p>\t\t\t\t\t\t\t\t<\/div>\n\t\t\t\t<\/div>\n\t\t\t\t\t<\/div>\n\t\t<\/div>\n\t\t\t\t\t<\/div>\n\t\t<\/section>\n\t\t\t\t<section class=\"elementor-section elementor-top-section elementor-element elementor-element-77f4c2d elementor-section-boxed elementor-section-height-default elementor-section-height-default sc_fly_static\" data-id=\"77f4c2d\" data-element_type=\"section\" data-settings=\"{&quot;background_background&quot;:&quot;classic&quot;}\">\n\t\t\t\t\t\t\t<div class=\"elementor-background-overlay\"><\/div>\n\t\t\t\t\t\t\t<div class=\"elementor-container elementor-column-gap-extended\">\n\t\t\t\t\t<div class=\"elementor-column elementor-col-100 elementor-top-column elementor-element elementor-element-547cfcc sc_inner_width_none sc_content_align_inherit sc_layouts_column_icons_position_left sc_fly_static\" data-id=\"547cfcc\" data-element_type=\"column\">\n\t\t\t<div class=\"elementor-widget-wrap elementor-element-populated\">\n\t\t\t\t\t\t<div class=\"elementor-element elementor-element-f6b2007 sc_fly_static elementor-widget elementor-widget-spacer\" data-id=\"f6b2007\" data-element_type=\"widget\" data-widget_type=\"spacer.default\">\n\t\t\t\t<div class=\"elementor-widget-container\">\n\t\t\t\t\t\t\t<div class=\"elementor-spacer\">\n\t\t\t<div class=\"elementor-spacer-inner\"><\/div>\n\t\t<\/div>\n\t\t\t\t\t\t<\/div>\n\t\t\t\t<\/div>\n\t\t\t\t\t<\/div>\n\t\t<\/div>\n\t\t\t\t\t<\/div>\n\t\t<\/section>\n\t\t\t\t<\/div>","protected":false},"excerpt":{"rendered":"<p>Catalogs 2025 Every year, Kedemos Education issues two catalogs: the international catalog, and another one intended for our Moroccan audience. These brochures are essential tools that allow us to share&hellip;<\/p>","protected":false},"author":1,"featured_media":0,"parent":0,"menu_order":0,"comment_status":"closed","ping_status":"closed","template":"","meta":{"_monsterinsights_skip_tracking":false,"_monsterinsights_sitenote_active":false,"_monsterinsights_sitenote_note":"","_monsterinsights_sitenote_category":0,"footnotes":""},"class_list":["post-2514","page","type-page","status-publish","hentry"],"yoast_head":"<!-- This site is optimized with the Yoast SEO plugin v26.4 - https:\/\/yoast.com\/wordpress\/plugins\/seo\/ -->\r\n<title>Catalogs - Kedemos Education<\/title>\r\n<meta name=\"description\" content=\"Explore top educational resources at Kedemos Education Catalogs. Books, tools, and more for all subjects and grades.\" \/>\r\n<meta name=\"robots\" content=\"index, follow, max-snippet:-1, max-image-preview:large, max-video-preview:-1\" \/>\r\n<link rel=\"canonical\" href=\"https:\/\/kedemoseducation.com\/fr\/catalogues\/\" \/>\r\n<meta property=\"og:locale\" content=\"fr_FR\" \/>\r\n<meta property=\"og:type\" content=\"article\" \/>\r\n<meta property=\"og:title\" content=\"Catalogs - Kedemos Education\" \/>\r\n<meta property=\"og:description\" content=\"Explore top educational resources at Kedemos Education Catalogs. Books, tools, and more for all subjects and grades.\" \/>\r\n<meta property=\"og:url\" content=\"https:\/\/kedemoseducation.com\/fr\/catalogues\/\" \/>\r\n<meta property=\"og:site_name\" content=\"Kedemos Education\" \/>\r\n<meta property=\"article:publisher\" content=\"https:\/\/www.facebook.com\/Kedemoseducation\" \/>\r\n<meta property=\"article:modified_time\" content=\"2026-03-17T08:47:00+00:00\" \/>\r\n<meta property=\"og:image\" content=\"https:\/\/kedemoseducation.com\/wp-content\/uploads\/2026\/03\/cover-catalogue-2026-221x300.jpg\" \/>\r\n<meta name=\"twitter:card\" content=\"summary_large_image\" \/>\r\n<meta name=\"twitter:label1\" content=\"Dur\u00e9e de lecture estim\u00e9e\" \/>\n\t<meta name=\"twitter:data1\" content=\"1 minute\" \/>\r\n<script type=\"application\/ld+json\" class=\"yoast-schema-graph\">{\"@context\":\"https:\/\/schema.org\",\"@graph\":[{\"@type\":\"WebPage\",\"@id\":\"https:\/\/kedemoseducation.com\/catalogues\/\",\"url\":\"https:\/\/kedemoseducation.com\/catalogues\/\",\"name\":\"Catalogs - Kedemos Education\",\"isPartOf\":{\"@id\":\"https:\/\/kedemoseducation.com\/fr\/#website\"},\"primaryImageOfPage\":{\"@id\":\"https:\/\/kedemoseducation.com\/catalogues\/#primaryimage\"},\"image\":{\"@id\":\"https:\/\/kedemoseducation.com\/catalogues\/#primaryimage\"},\"thumbnailUrl\":\"https:\/\/kedemoseducation.com\/wp-content\/uploads\/2026\/03\/cover-catalogue-2026-221x300.jpg\",\"datePublished\":\"2023-07-17T13:44:54+00:00\",\"dateModified\":\"2026-03-17T08:47:00+00:00\",\"description\":\"Explore top educational resources at Kedemos Education Catalogs. Books, tools, and more for all subjects and grades.\",\"breadcrumb\":{\"@id\":\"https:\/\/kedemoseducation.com\/catalogues\/#breadcrumb\"},\"inLanguage\":\"fr-FR\",\"potentialAction\":[{\"@type\":\"ReadAction\",\"target\":[\"https:\/\/kedemoseducation.com\/catalogues\/\"]}]},{\"@type\":\"ImageObject\",\"inLanguage\":\"fr-FR\",\"@id\":\"https:\/\/kedemoseducation.com\/catalogues\/#primaryimage\",\"url\":\"https:\/\/kedemoseducation.com\/wp-content\/uploads\/2026\/03\/cover-catalogue-2026-221x300.jpg\",\"contentUrl\":\"https:\/\/kedemoseducation.com\/wp-content\/uploads\/2026\/03\/cover-catalogue-2026-221x300.jpg\"},{\"@type\":\"BreadcrumbList\",\"@id\":\"https:\/\/kedemoseducation.com\/catalogues\/#breadcrumb\",\"itemListElement\":[{\"@type\":\"ListItem\",\"position\":1,\"name\":\"Home\",\"item\":\"https:\/\/kedemoseducation.com\/\"},{\"@type\":\"ListItem\",\"position\":2,\"name\":\"Catalogs\"}]},{\"@type\":\"WebSite\",\"@id\":\"https:\/\/kedemoseducation.com\/fr\/#website\",\"url\":\"https:\/\/kedemoseducation.com\/fr\/\",\"name\":\"Kedemos Education\",\"description\":\"The Pleasure of Learning\",\"publisher\":{\"@id\":\"https:\/\/kedemoseducation.com\/fr\/#organization\"},\"potentialAction\":[{\"@type\":\"SearchAction\",\"target\":{\"@type\":\"EntryPoint\",\"urlTemplate\":\"https:\/\/kedemoseducation.com\/fr\/?s={search_term_string}\"},\"query-input\":{\"@type\":\"PropertyValueSpecification\",\"valueRequired\":true,\"valueName\":\"search_term_string\"}}],\"inLanguage\":\"fr-FR\"},{\"@type\":\"Organization\",\"@id\":\"https:\/\/kedemoseducation.com\/fr\/#organization\",\"name\":\"Kedemos Education\",\"url\":\"https:\/\/kedemoseducation.com\/fr\/\",\"logo\":{\"@type\":\"ImageObject\",\"inLanguage\":\"fr-FR\",\"@id\":\"https:\/\/kedemoseducation.com\/fr\/#\/schema\/logo\/image\/\",\"url\":\"https:\/\/kedemoseducation.com\/wp-content\/uploads\/2023\/06\/logo-kedemos-education.png\",\"contentUrl\":\"https:\/\/kedemoseducation.com\/wp-content\/uploads\/2023\/06\/logo-kedemos-education.png\",\"width\":2362,\"height\":903,\"caption\":\"Kedemos Education\"},\"image\":{\"@id\":\"https:\/\/kedemoseducation.com\/fr\/#\/schema\/logo\/image\/\"},\"sameAs\":[\"https:\/\/www.facebook.com\/Kedemoseducation\",\"https:\/\/www.instagram.com\/kedemoseducation\/\",\"https:\/\/www.linkedin.com\/company\/kedemos-education\/\"]}]}<\/script>\r\n<!-- \/ Yoast SEO plugin. -->","yoast_head_json":{"title":"Catalogs - Kedemos Education","description":"Explore top educational resources at Kedemos Education Catalogs. Books, tools, and more for all subjects and grades.","robots":{"index":"index","follow":"follow","max-snippet":"max-snippet:-1","max-image-preview":"max-image-preview:large","max-video-preview":"max-video-preview:-1"},"canonical":"https:\/\/kedemoseducation.com\/fr\/catalogues\/","og_locale":"fr_FR","og_type":"article","og_title":"Catalogs - Kedemos Education","og_description":"Explore top educational resources at Kedemos Education Catalogs. Books, tools, and more for all subjects and grades.","og_url":"https:\/\/kedemoseducation.com\/fr\/catalogues\/","og_site_name":"Kedemos Education","article_publisher":"https:\/\/www.facebook.com\/Kedemoseducation","article_modified_time":"2026-03-17T08:47:00+00:00","og_image":[{"url":"https:\/\/kedemoseducation.com\/wp-content\/uploads\/2026\/03\/cover-catalogue-2026-221x300.jpg","type":"","width":"","height":""}],"twitter_card":"summary_large_image","twitter_misc":{"Dur\u00e9e de lecture estim\u00e9e":"1 minute"},"schema":{"@context":"https:\/\/schema.org","@graph":[{"@type":"WebPage","@id":"https:\/\/kedemoseducation.com\/catalogues\/","url":"https:\/\/kedemoseducation.com\/catalogues\/","name":"Catalogs - Kedemos Education","isPartOf":{"@id":"https:\/\/kedemoseducation.com\/fr\/#website"},"primaryImageOfPage":{"@id":"https:\/\/kedemoseducation.com\/catalogues\/#primaryimage"},"image":{"@id":"https:\/\/kedemoseducation.com\/catalogues\/#primaryimage"},"thumbnailUrl":"https:\/\/kedemoseducation.com\/wp-content\/uploads\/2026\/03\/cover-catalogue-2026-221x300.jpg","datePublished":"2023-07-17T13:44:54+00:00","dateModified":"2026-03-17T08:47:00+00:00","description":"Explore top educational resources at Kedemos Education Catalogs. Books, tools, and more for all subjects and grades.","breadcrumb":{"@id":"https:\/\/kedemoseducation.com\/catalogues\/#breadcrumb"},"inLanguage":"fr-FR","potentialAction":[{"@type":"ReadAction","target":["https:\/\/kedemoseducation.com\/catalogues\/"]}]},{"@type":"ImageObject","inLanguage":"fr-FR","@id":"https:\/\/kedemoseducation.com\/catalogues\/#primaryimage","url":"https:\/\/kedemoseducation.com\/wp-content\/uploads\/2026\/03\/cover-catalogue-2026-221x300.jpg","contentUrl":"https:\/\/kedemoseducation.com\/wp-content\/uploads\/2026\/03\/cover-catalogue-2026-221x300.jpg"},{"@type":"BreadcrumbList","@id":"https:\/\/kedemoseducation.com\/catalogues\/#breadcrumb","itemListElement":[{"@type":"ListItem","position":1,"name":"Home","item":"https:\/\/kedemoseducation.com\/"},{"@type":"ListItem","position":2,"name":"Catalogs"}]},{"@type":"WebSite","@id":"https:\/\/kedemoseducation.com\/fr\/#website","url":"https:\/\/kedemoseducation.com\/fr\/","name":"K\u00e9d\u00e9mos Education","description":"Le plaisir d'apprendre","publisher":{"@id":"https:\/\/kedemoseducation.com\/fr\/#organization"},"potentialAction":[{"@type":"SearchAction","target":{"@type":"EntryPoint","urlTemplate":"https:\/\/kedemoseducation.com\/fr\/?s={search_term_string}"},"query-input":{"@type":"PropertyValueSpecification","valueRequired":true,"valueName":"search_term_string"}}],"inLanguage":"fr-FR"},{"@type":"Organization","@id":"https:\/\/kedemoseducation.com\/fr\/#organization","name":"K\u00e9d\u00e9mos Education","url":"https:\/\/kedemoseducation.com\/fr\/","logo":{"@type":"ImageObject","inLanguage":"fr-FR","@id":"https:\/\/kedemoseducation.com\/fr\/#\/schema\/logo\/image\/","url":"https:\/\/kedemoseducation.com\/wp-content\/uploads\/2023\/06\/logo-kedemos-education.png","contentUrl":"https:\/\/kedemoseducation.com\/wp-content\/uploads\/2023\/06\/logo-kedemos-education.png","width":2362,"height":903,"caption":"Kedemos Education"},"image":{"@id":"https:\/\/kedemoseducation.com\/fr\/#\/schema\/logo\/image\/"},"sameAs":["https:\/\/www.facebook.com\/Kedemoseducation","https:\/\/www.instagram.com\/kedemoseducation\/","https:\/\/www.linkedin.com\/company\/kedemos-education\/"]}]}},"jetpack_sharing_enabled":true,"_links":{"self":[{"href":"https:\/\/kedemoseducation.com\/fr\/wp-json\/wp\/v2\/pages\/2514","targetHints":{"allow":["GET"]}}],"collection":[{"href":"https:\/\/kedemoseducation.com\/fr\/wp-json\/wp\/v2\/pages"}],"about":[{"href":"https:\/\/kedemoseducation.com\/fr\/wp-json\/wp\/v2\/types\/page"}],"author":[{"embeddable":true,"href":"https:\/\/kedemoseducation.com\/fr\/wp-json\/wp\/v2\/users\/1"}],"replies":[{"embeddable":true,"href":"https:\/\/kedemoseducation.com\/fr\/wp-json\/wp\/v2\/comments?post=2514"}],"version-history":[{"count":243,"href":"https:\/\/kedemoseducation.com\/fr\/wp-json\/wp\/v2\/pages\/2514\/revisions"}],"predecessor-version":[{"id":12660,"href":"https:\/\/kedemoseducation.com\/fr\/wp-json\/wp\/v2\/pages\/2514\/revisions\/12660"}],"wp:attachment":[{"href":"https:\/\/kedemoseducation.com\/fr\/wp-json\/wp\/v2\/media?parent=2514"}],"curies":[{"name":"wp","href":"https:\/\/api.w.org\/{rel}","templated":true}]}}