{"id":1216,"date":"2022-05-06T06:25:28","date_gmt":"2022-05-06T06:25:28","guid":{"rendered":"https:\/\/eshop.classperts.com\/?page_id=1216"},"modified":"2024-01-30T15:12:00","modified_gmt":"2024-01-30T13:12:00","slug":"terms-of-sales","status":"publish","type":"page","link":"https:\/\/kedemoseducation.com\/fr\/conditions-generales-de-vente\/","title":{"rendered":"Conditions g\u00e9n\u00e9rales de vente"},"content":{"rendered":"<div data-elementor-type=\"wp-page\" data-elementor-id=\"1216\" class=\"elementor elementor-1216\">\n\t\t\t\t\t\t<section class=\"elementor-section elementor-top-section elementor-element elementor-element-79c4791d elementor-section-boxed elementor-section-height-default elementor-section-height-default sc_fly_static\" data-id=\"79c4791d\" data-element_type=\"section\">\n\t\t\t\t\t\t<div class=\"elementor-container elementor-column-gap-extended\">\n\t\t\t\t\t<div class=\"elementor-column elementor-col-100 elementor-top-column elementor-element elementor-element-5e44e969 sc_inner_width_none sc_content_align_inherit sc_layouts_column_icons_position_left sc_fly_static\" data-id=\"5e44e969\" data-element_type=\"column\">\n\t\t\t<div class=\"elementor-widget-wrap elementor-element-populated\">\n\t\t\t\t\t\t<div class=\"elementor-element elementor-element-c52ae0c sc_fly_static elementor-widget elementor-widget-heading\" data-id=\"c52ae0c\" data-element_type=\"widget\" data-widget_type=\"heading.default\">\n\t\t\t\t<div class=\"elementor-widget-container\">\n\t\t\t\t\t<h1 class=\"elementor-heading-title elementor-size-xl\">Conditions g\u00e9n\u00e9rales de vente<\/h1>\t\t\t\t<\/div>\n\t\t\t\t<\/div>\n\t\t\t\t<div class=\"elementor-element elementor-element-09ffdb0 sc_fly_static elementor-widget elementor-widget-spacer\" data-id=\"09ffdb0\" data-element_type=\"widget\" data-widget_type=\"spacer.default\">\n\t\t\t\t<div class=\"elementor-widget-container\">\n\t\t\t\t\t\t\t<div class=\"elementor-spacer\">\n\t\t\t<div class=\"elementor-spacer-inner\"><\/div>\n\t\t<\/div>\n\t\t\t\t\t\t<\/div>\n\t\t\t\t<\/div>\n\t\t\t\t<div class=\"elementor-element elementor-element-7d9a0e5 sc_fly_static elementor-widget elementor-widget-text-editor\" data-id=\"7d9a0e5\" data-element_type=\"widget\" data-widget_type=\"text-editor.default\">\n\t\t\t\t<div class=\"elementor-widget-container\">\n\t\t\t\t\t\t\t\t\t<p class=\"translation-block\"><span style=\"color: #004182\">Les pr\u00e9sentes conditions de vente concernent les deux acteurs que sont le client et <strong>K\u00e9d\u00e9mos Education.<\/strong> En acceptant d\u2019acheter en ligne un produit de <strong>K\u00e9d\u00e9mos Education<\/strong>, le client accepte de facto les pr\u00e9sentes conditions de vente.<\/p><p class=\"translation-block\"><span style=\"color: #004182\"><strong>K\u00e9d\u00e9mos Education<\/strong> se r\u00e9serve le droit de modifier \u00e0 tout moment les pr\u00e9sentes conditions de vente. Ces modifications s\u2019appliquent \u00e0 compter de leur mise en ligne et annulent toutes les conditions de vente ant\u00e9rieures.<\/p>\t\t\t\t\t\t\t\t<\/div>\n\t\t\t\t<\/div>\n\t\t\t\t<div class=\"elementor-element elementor-element-99ebcdb sc_fly_static elementor-widget elementor-widget-heading\" data-id=\"99ebcdb\" data-element_type=\"widget\" data-widget_type=\"heading.default\">\n\t\t\t\t<div class=\"elementor-widget-container\">\n\t\t\t\t\t<h2 class=\"elementor-heading-title elementor-size-large\">Achat en ligne<\/h2>\t\t\t\t<\/div>\n\t\t\t\t<\/div>\n\t\t\t\t<div class=\"elementor-element elementor-element-d4f1f51 sc_fly_static elementor-widget elementor-widget-text-editor\" data-id=\"d4f1f51\" data-element_type=\"widget\" data-widget_type=\"text-editor.default\">\n\t\t\t\t<div class=\"elementor-widget-container\">\n\t\t\t\t\t\t\t\t\t<p class=\"translation-block\"><span style=\"color: #004182\">Les produits pr\u00e9sent\u00e9s sur ce site sont les ouvrages de <strong>K\u00e9d\u00e9mos Education<\/strong>. Ils sont tous accompagn\u00e9s d\u2019un descriptif d\u00e9taill\u00e9. Les photographies figurant dans le catalogue sont les plus fid\u00e8les possibles mais ne peuvent assurer une similitude parfaite avec le produit propos\u00e9, notamment en ce qui concerne les couleurs.<\/p><p><span style=\"font-weight: 400;\"><span style=\"color: #004182\"> Le prix de chaque ouvrage est celui qui est mentionn\u00e9 sur la page de chaque livre. <\/span><b>K\u00e9d\u00e9mos Education <\/b><span style=\"font-weight: 400;\">reserves the right to modify its prices at any time, <\/span><span style=\"font-weight: 400;\">agreeing that the prices listed in the catalog on the day of the purchase will apply to the buyer.<\/span><span style=\"font-weight: 400;\">\u00a0<\/span><\/p><p><span style=\"font-weight: 400;\">Les prix indiqu\u00e9s ne comprennent pas les frais de livraison. Ceux-ci sont calcul\u00e9s en fonction du poids total du colis.<\/span><\/p><p><span style=\"font-weight: 400;\">Le processus d'achat se d\u00e9roule comme suit\u00a0:\u00a0<\/span><\/p><ul><li><span style=\"font-weight: 400;\">Le client doit \u00eatre \u00e2g\u00e9 de plus de 18 ans ;\u00a0<\/span><\/li><li><span style=\"font-weight: 400;\">Le client choisit le(s) livre(s) voulu(s) et les ajoute au panier ;\u00a0<\/span><\/li><li><span style=\"font-weight: 400;\">Une fois les achats finalis\u00e9s, le client peut examiner les articles dans le panier et proc\u00e9der \u00e0 des modifications ou au paiement. Nous confirmerons votre commande par courriel d\u00e8s que possible.<\/span><\/li><\/ul>\t\t\t\t\t\t\t\t<\/div>\n\t\t\t\t<\/div>\n\t\t\t\t<div class=\"elementor-element elementor-element-5223f42 sc_fly_static elementor-widget elementor-widget-heading\" data-id=\"5223f42\" data-element_type=\"widget\" data-widget_type=\"heading.default\">\n\t\t\t\t<div class=\"elementor-widget-container\">\n\t\t\t\t\t<h2 class=\"elementor-heading-title elementor-size-large\">Taxes et frais d\u2019exp\u00e9dition<\/h2>\t\t\t\t<\/div>\n\t\t\t\t<\/div>\n\t\t\t\t<div class=\"elementor-element elementor-element-301299a sc_fly_static elementor-widget elementor-widget-text-editor\" data-id=\"301299a\" data-element_type=\"widget\" data-widget_type=\"text-editor.default\">\n\t\t\t\t<div class=\"elementor-widget-container\">\n\t\t\t\t\t\t\t\t\t<p><span style=\"font-weight: 400;\">Les prix affich\u00e9s sur notre site sont toutes taxes comprises. Les frais d'exp\u00e9dition sont ajout\u00e9s \u00e0 votre panier lors du paiement, apr\u00e8s avoir saisi vos informations de livraison, afin que vous puissiez voir le montant total avant de finaliser votre achat. Si vous passez une commande en dehors du Liban, vous pourriez \u00eatre soumis \u00e0 une taxe d'importation suppl\u00e9mentaire, selon le pays vers lequel vous exp\u00e9diez. Si des taxes d'importation s'appliquent \u00e0 vous, vous recevrez un courriel du transporteur incluant le montant et le lien de paiement.<\/span><\/p>\t\t\t\t\t\t\t\t<\/div>\n\t\t\t\t<\/div>\n\t\t\t\t<div class=\"elementor-element elementor-element-8e1a0fe sc_fly_static elementor-widget elementor-widget-heading\" data-id=\"8e1a0fe\" data-element_type=\"widget\" data-widget_type=\"heading.default\">\n\t\t\t\t<div class=\"elementor-widget-container\">\n\t\t\t\t\t<h2 class=\"elementor-heading-title elementor-size-large\">Politique de retour et d'\u00e9change<\/h2>\t\t\t\t<\/div>\n\t\t\t\t<\/div>\n\t\t\t\t<div class=\"elementor-element elementor-element-9b92167 sc_fly_static elementor-widget elementor-widget-text-editor\" data-id=\"9b92167\" data-element_type=\"widget\" data-widget_type=\"text-editor.default\">\n\t\t\t\t<div class=\"elementor-widget-container\">\n\t\t\t\t\t\t\t\t\t<p><b>K\u00e9d\u00e9mos Education<\/b><span style=\"font-weight: 400;\"> n'accepte pas les retours et n'effectue pas de remboursement. Un \u00e9change pour le m\u00eame produit peut \u00eatre possible si l'article achet\u00e9 est d\u00e9fectueux. Le client ou le destinataire de l'envoi est invit\u00e9 \u00e0 v\u00e9rifier l'\u00e9tat du produit au moment de la r\u00e9ception de la livraison. Le client dispose d'un d\u00e9lai de 7 jours \u00e0 compter de la date de r\u00e9ception de l'envoi pour informer <\/span><b>K\u00e9d\u00e9mos Education<\/b><span style=\"font-weight: 400;\"> d'\u00e9ventuelles anomalies apparentes, soit en remplissant le formulaire de contact sur le site, soit en envoyant un courriel \u00e0 <\/span><a href=\"mailto:shop@kedemoseducation.com\">shop@kedemoseducation.com<\/a>.\u00a0<\/p>\t\t\t\t\t\t\t\t<\/div>\n\t\t\t\t<\/div>\n\t\t\t\t<div class=\"elementor-element elementor-element-9bb90e2 sc_fly_static elementor-widget elementor-widget-heading\" data-id=\"9bb90e2\" data-element_type=\"widget\" data-widget_type=\"heading.default\">\n\t\t\t\t<div class=\"elementor-widget-container\">\n\t\t\t\t\t<h2 class=\"elementor-heading-title elementor-size-large\">Responsabilit\u00e9s<\/h2>\t\t\t\t<\/div>\n\t\t\t\t<\/div>\n\t\t\t\t<div class=\"elementor-element elementor-element-ac4deee sc_fly_static elementor-widget elementor-widget-text-editor\" data-id=\"ac4deee\" data-element_type=\"widget\" data-widget_type=\"text-editor.default\">\n\t\t\t\t<div class=\"elementor-widget-container\">\n\t\t\t\t\t\t\t\t\t<p class=\"translation-block\"><span style=\"color: #004182\"><strong>K\u00e9d\u00e9mos Education<\/strong> ne peut en aucun cas \u00eatre tenu responsable pour tout dommage indirect qui pourrait survenir du fait de l\u2019achat de livres sur son site internet. De m\u00eame, la responsabilit\u00e9 de<strong> K\u00e9d\u00e9mos Education <\/strong>  au titre des obligations des Conditions G\u00e9n\u00e9rales de Vente ne saurait \u00eatre engag\u00e9e en cas de force majeure.<\/p>\t\t\t\t\t\t\t\t<\/div>\n\t\t\t\t<\/div>\n\t\t\t\t<div class=\"elementor-element elementor-element-a6768b2 sc_fly_static elementor-widget elementor-widget-heading\" data-id=\"a6768b2\" data-element_type=\"widget\" data-widget_type=\"heading.default\">\n\t\t\t\t<div class=\"elementor-widget-container\">\n\t\t\t\t\t<h2 class=\"elementor-heading-title elementor-size-large\">Informations nominatives\n<\/h2>\t\t\t\t<\/div>\n\t\t\t\t<\/div>\n\t\t\t\t<div class=\"elementor-element elementor-element-5632d0c sc_fly_static elementor-widget elementor-widget-text-editor\" data-id=\"5632d0c\" data-element_type=\"widget\" data-widget_type=\"text-editor.default\">\n\t\t\t\t<div class=\"elementor-widget-container\">\n\t\t\t\t\t\t\t\t\t<p><span style=\"font-weight: 400;\">Des informations nominatives sont n\u00e9cessaires \u00e0 la gestion des commandes et aux relations commerciales. Le client dispose d\u2019un droit d\u2019acc\u00e8s et de rectification des donn\u00e9es le concernant. Nous utilisons des cookies pour am\u00e9liorer la qualit\u00e9 de la navigation sur notre site. Ces cookies ne contiennent aucune information nominative.<\/span><\/p>\t\t\t\t\t\t\t\t<\/div>\n\t\t\t\t<\/div>\n\t\t\t\t<div class=\"elementor-element elementor-element-74c8c11 sc_fly_static elementor-widget elementor-widget-heading\" data-id=\"74c8c11\" data-element_type=\"widget\" data-widget_type=\"heading.default\">\n\t\t\t\t<div class=\"elementor-widget-container\">\n\t\t\t\t\t<h2 class=\"elementor-heading-title elementor-size-large\">Propri\u00e9t\u00e9 intellectuelle<\/h2>\t\t\t\t<\/div>\n\t\t\t\t<\/div>\n\t\t\t\t<div class=\"elementor-element elementor-element-ca429f8 sc_fly_static elementor-widget elementor-widget-text-editor\" data-id=\"ca429f8\" data-element_type=\"widget\" data-widget_type=\"text-editor.default\">\n\t\t\t\t<div class=\"elementor-widget-container\">\n\t\t\t\t\t\t\t\t\t<p><span style=\"font-weight: 400;\">Tous les contenus pr\u00e9sents ou rendus disponibles \u00e0 travers le site de <\/span><b>K\u00e9d\u00e9mos Education<\/b><span style=\"font-weight: 400;\"> tels que les textes, les graphiques, les logos, les boutons, les images et les t\u00e9l\u00e9chargements num\u00e9riques, sont la propri\u00e9t\u00e9 de <\/span><b>K\u00e9d\u00e9mos Education<\/b><span style=\"font-weight: 400;\"> et sont prot\u00e9g\u00e9s par le Droit de la Propri\u00e9t\u00e9 Intellectuelle.<\/span><\/p><p><span style=\"font-weight: 400;\">Sous peine de poursuites judiciaires pr\u00e9vues par le Code de la Propri\u00e9t\u00e9 Intellectuelle, il est absolument interdit d\u2019extraire et\/ou de r\u00e9utiliser des parties des contenus du site Internet de <\/span><b>K\u00e9d\u00e9mos Education<\/b><span style=\"font-weight: 400;\"> sans l\u2019autorisation expresse et \u00e9crite de <\/span><b>K\u00e9d\u00e9mos Education<\/b><span style=\"font-weight: 400;\">.<\/span><\/p>\t\t\t\t\t\t\t\t<\/div>\n\t\t\t\t<\/div>\n\t\t\t\t\t<\/div>\n\t\t<\/div>\n\t\t\t\t\t<\/div>\n\t\t<\/section>\n\t\t\t\t<section class=\"elementor-section elementor-top-section elementor-element elementor-element-3fa68db elementor-section-boxed elementor-section-height-default elementor-section-height-default sc_fly_static\" data-id=\"3fa68db\" data-element_type=\"section\">\n\t\t\t\t\t\t<div class=\"elementor-container elementor-column-gap-extended\">\n\t\t\t\t\t<div class=\"elementor-column elementor-col-100 elementor-top-column elementor-element elementor-element-6f05c37 sc_inner_width_none sc_content_align_inherit sc_layouts_column_icons_position_left sc_fly_static\" data-id=\"6f05c37\" data-element_type=\"column\">\n\t\t\t<div class=\"elementor-widget-wrap elementor-element-populated\">\n\t\t\t\t\t\t<div class=\"elementor-element elementor-element-e9c805f sc_fly_static elementor-widget elementor-widget-spacer\" data-id=\"e9c805f\" data-element_type=\"widget\" data-widget_type=\"spacer.default\">\n\t\t\t\t<div class=\"elementor-widget-container\">\n\t\t\t\t\t\t\t<div class=\"elementor-spacer\">\n\t\t\t<div class=\"elementor-spacer-inner\"><\/div>\n\t\t<\/div>\n\t\t\t\t\t\t<\/div>\n\t\t\t\t<\/div>\n\t\t\t\t\t<\/div>\n\t\t<\/div>\n\t\t\t\t\t<\/div>\n\t\t<\/section>\n\t\t\t\t<\/div>","protected":false},"excerpt":{"rendered":"<p>Terms of Sales These Terms of Sales apply to both the customer and Kedemos Education. By accepting these Terms of Sales, the customer agrees to enter into a contract with&hellip;<\/p>","protected":false},"author":1,"featured_media":5907,"parent":0,"menu_order":0,"comment_status":"closed","ping_status":"closed","template":"","meta":{"_monsterinsights_skip_tracking":false,"_monsterinsights_sitenote_active":false,"_monsterinsights_sitenote_note":"","_monsterinsights_sitenote_category":0,"footnotes":""},"class_list":["post-1216","page","type-page","status-publish","has-post-thumbnail","hentry"],"yoast_head":"<!-- This site is optimized with the Yoast SEO plugin v26.4 - https:\/\/yoast.com\/wordpress\/plugins\/seo\/ -->\r\n<title>Terms of Sales - Kedemos Education<\/title>\r\n<meta name=\"description\" content=\"Terms of Sales apply to both the customer and Kedemos Education. By accepting these Terms of Sales, the customer agrees to enter into a contract with Kedemos Education.\" \/>\r\n<meta name=\"robots\" content=\"index, follow, max-snippet:-1, max-image-preview:large, max-video-preview:-1\" \/>\r\n<link rel=\"canonical\" href=\"https:\/\/kedemoseducation.com\/fr\/conditions-generales-de-vente\/\" \/>\r\n<meta property=\"og:locale\" content=\"fr_FR\" \/>\r\n<meta property=\"og:type\" content=\"article\" \/>\r\n<meta property=\"og:title\" content=\"Terms of Sales - Kedemos Education\" \/>\r\n<meta property=\"og:description\" content=\"Terms of Sales apply to both the customer and Kedemos Education. By accepting these Terms of Sales, the customer agrees to enter into a contract with Kedemos Education.\" \/>\r\n<meta property=\"og:url\" content=\"https:\/\/kedemoseducation.com\/fr\/conditions-generales-de-vente\/\" \/>\r\n<meta property=\"og:site_name\" content=\"Kedemos Education\" \/>\r\n<meta property=\"article:publisher\" content=\"https:\/\/www.facebook.com\/Kedemoseducation\" \/>\r\n<meta property=\"article:modified_time\" content=\"2024-01-30T13:12:00+00:00\" \/>\r\n<meta property=\"og:image\" content=\"https:\/\/kedemoseducation.com\/wp-content\/uploads\/2023\/06\/logo-kedemos-education.png\" \/>\r\n\t<meta property=\"og:image:width\" content=\"2362\" \/>\r\n\t<meta property=\"og:image:height\" content=\"903\" \/>\r\n\t<meta property=\"og:image:type\" content=\"image\/png\" \/>\r\n<meta name=\"twitter:card\" content=\"summary_large_image\" \/>\r\n<meta name=\"twitter:label1\" content=\"Dur\u00e9e de lecture estim\u00e9e\" \/>\n\t<meta name=\"twitter:data1\" content=\"3 minutes\" \/>\r\n<script type=\"application\/ld+json\" class=\"yoast-schema-graph\">{\"@context\":\"https:\/\/schema.org\",\"@graph\":[{\"@type\":\"WebPage\",\"@id\":\"https:\/\/kedemoseducation.com\/en\/terms-of-sales\/\",\"url\":\"https:\/\/kedemoseducation.com\/en\/terms-of-sales\/\",\"name\":\"Terms of Sales - Kedemos Education\",\"isPartOf\":{\"@id\":\"https:\/\/kedemoseducation.com\/fr\/#website\"},\"primaryImageOfPage\":{\"@id\":\"https:\/\/kedemoseducation.com\/en\/terms-of-sales\/#primaryimage\"},\"image\":{\"@id\":\"https:\/\/kedemoseducation.com\/en\/terms-of-sales\/#primaryimage\"},\"thumbnailUrl\":\"https:\/\/i0.wp.com\/kedemoseducation.com\/wp-content\/uploads\/2023\/06\/logo-kedemos-education.png?fit=2362%2C903&ssl=1\",\"datePublished\":\"2022-05-06T06:25:28+00:00\",\"dateModified\":\"2024-01-30T13:12:00+00:00\",\"description\":\"Terms of Sales apply to both the customer and Kedemos Education. By accepting these Terms of Sales, the customer agrees to enter into a contract with Kedemos Education.\",\"breadcrumb\":{\"@id\":\"https:\/\/kedemoseducation.com\/en\/terms-of-sales\/#breadcrumb\"},\"inLanguage\":\"fr-FR\",\"potentialAction\":[{\"@type\":\"ReadAction\",\"target\":[\"https:\/\/kedemoseducation.com\/en\/terms-of-sales\/\"]}]},{\"@type\":\"ImageObject\",\"inLanguage\":\"fr-FR\",\"@id\":\"https:\/\/kedemoseducation.com\/en\/terms-of-sales\/#primaryimage\",\"url\":\"https:\/\/i0.wp.com\/kedemoseducation.com\/wp-content\/uploads\/2023\/06\/logo-kedemos-education.png?fit=2362%2C903&ssl=1\",\"contentUrl\":\"https:\/\/i0.wp.com\/kedemoseducation.com\/wp-content\/uploads\/2023\/06\/logo-kedemos-education.png?fit=2362%2C903&ssl=1\",\"width\":2362,\"height\":903},{\"@type\":\"BreadcrumbList\",\"@id\":\"https:\/\/kedemoseducation.com\/en\/terms-of-sales\/#breadcrumb\",\"itemListElement\":[{\"@type\":\"ListItem\",\"position\":1,\"name\":\"Home\",\"item\":\"https:\/\/kedemoseducation.com\/\"},{\"@type\":\"ListItem\",\"position\":2,\"name\":\"Terms of Sales\"}]},{\"@type\":\"WebSite\",\"@id\":\"https:\/\/kedemoseducation.com\/fr\/#website\",\"url\":\"https:\/\/kedemoseducation.com\/fr\/\",\"name\":\"Kedemos Education\",\"description\":\"The Pleasure of Learning\",\"publisher\":{\"@id\":\"https:\/\/kedemoseducation.com\/fr\/#organization\"},\"potentialAction\":[{\"@type\":\"SearchAction\",\"target\":{\"@type\":\"EntryPoint\",\"urlTemplate\":\"https:\/\/kedemoseducation.com\/fr\/?s={search_term_string}\"},\"query-input\":{\"@type\":\"PropertyValueSpecification\",\"valueRequired\":true,\"valueName\":\"search_term_string\"}}],\"inLanguage\":\"fr-FR\"},{\"@type\":\"Organization\",\"@id\":\"https:\/\/kedemoseducation.com\/fr\/#organization\",\"name\":\"Kedemos Education\",\"url\":\"https:\/\/kedemoseducation.com\/fr\/\",\"logo\":{\"@type\":\"ImageObject\",\"inLanguage\":\"fr-FR\",\"@id\":\"https:\/\/kedemoseducation.com\/fr\/#\/schema\/logo\/image\/\",\"url\":\"https:\/\/kedemoseducation.com\/wp-content\/uploads\/2023\/06\/logo-kedemos-education.png\",\"contentUrl\":\"https:\/\/kedemoseducation.com\/wp-content\/uploads\/2023\/06\/logo-kedemos-education.png\",\"width\":2362,\"height\":903,\"caption\":\"Kedemos Education\"},\"image\":{\"@id\":\"https:\/\/kedemoseducation.com\/fr\/#\/schema\/logo\/image\/\"},\"sameAs\":[\"https:\/\/www.facebook.com\/Kedemoseducation\",\"https:\/\/www.instagram.com\/kedemoseducation\/\",\"https:\/\/www.linkedin.com\/company\/kedemos-education\/\"]}]}<\/script>\r\n<!-- \/ Yoast SEO plugin. -->","yoast_head_json":{"title":"Conditions G\u00e9n\u00e9rales de Vente - K\u00e9d\u00e9mos Education","description":"Les pr\u00e9sentes conditions de vente concernent les deux acteurs que sont le client et K\u00e9d\u00e9mos Education. En acceptant d\u2019acheter en ligne un produit de K\u00e9d\u00e9mos Education, le client accepte de facto les pr\u00e9sentes conditions de vente.","robots":{"index":"index","follow":"follow","max-snippet":"max-snippet:-1","max-image-preview":"max-image-preview:large","max-video-preview":"max-video-preview:-1"},"canonical":"https:\/\/kedemoseducation.com\/fr\/conditions-generales-de-vente\/","og_locale":"fr_FR","og_type":"article","og_title":"Terms of Sales - Kedemos Education","og_description":"Terms of Sales apply to both the customer and Kedemos Education. By accepting these Terms of Sales, the customer agrees to enter into a contract with Kedemos Education.","og_url":"https:\/\/kedemoseducation.com\/fr\/conditions-generales-de-vente\/","og_site_name":"Kedemos Education","article_publisher":"https:\/\/www.facebook.com\/Kedemoseducation","article_modified_time":"2024-01-30T13:12:00+00:00","og_image":[{"width":2362,"height":903,"url":"https:\/\/kedemoseducation.com\/wp-content\/uploads\/2023\/06\/logo-kedemos-education.png","type":"image\/png"}],"twitter_card":"summary_large_image","twitter_misc":{"Dur\u00e9e de lecture estim\u00e9e":"3 minutes"},"schema":{"@context":"https:\/\/schema.org","@graph":[{"@type":"WebPage","@id":"https:\/\/kedemoseducation.com\/en\/terms-of-sales\/","url":"https:\/\/kedemoseducation.com\/en\/terms-of-sales\/","name":"Conditions G\u00e9n\u00e9rales de Vente - K\u00e9d\u00e9mos Education","isPartOf":{"@id":"https:\/\/kedemoseducation.com\/fr\/#website"},"primaryImageOfPage":{"@id":"https:\/\/kedemoseducation.com\/en\/terms-of-sales\/#primaryimage"},"image":{"@id":"https:\/\/kedemoseducation.com\/en\/terms-of-sales\/#primaryimage"},"thumbnailUrl":"https:\/\/i0.wp.com\/kedemoseducation.com\/wp-content\/uploads\/2023\/06\/logo-kedemos-education.png?fit=2362%2C903&ssl=1","datePublished":"2022-05-06T06:25:28+00:00","dateModified":"2024-01-30T13:12:00+00:00","description":"Les pr\u00e9sentes conditions de vente concernent les deux acteurs que sont le client et K\u00e9d\u00e9mos Education. En acceptant d\u2019acheter en ligne un produit de K\u00e9d\u00e9mos Education, le client accepte de facto les pr\u00e9sentes conditions de vente.","breadcrumb":{"@id":"https:\/\/kedemoseducation.com\/en\/terms-of-sales\/#breadcrumb"},"inLanguage":"fr-FR","potentialAction":[{"@type":"ReadAction","target":["https:\/\/kedemoseducation.com\/en\/terms-of-sales\/"]}]},{"@type":"ImageObject","inLanguage":"fr-FR","@id":"https:\/\/kedemoseducation.com\/en\/terms-of-sales\/#primaryimage","url":"https:\/\/i0.wp.com\/kedemoseducation.com\/wp-content\/uploads\/2023\/06\/logo-kedemos-education.png?fit=2362%2C903&ssl=1","contentUrl":"https:\/\/i0.wp.com\/kedemoseducation.com\/wp-content\/uploads\/2023\/06\/logo-kedemos-education.png?fit=2362%2C903&ssl=1","width":2362,"height":903},{"@type":"BreadcrumbList","@id":"https:\/\/kedemoseducation.com\/en\/terms-of-sales\/#breadcrumb","itemListElement":[{"@type":"ListItem","position":1,"name":"Home","item":"https:\/\/kedemoseducation.com\/"},{"@type":"ListItem","position":2,"name":"Terms of Sales"}]},{"@type":"WebSite","@id":"https:\/\/kedemoseducation.com\/fr\/#website","url":"https:\/\/kedemoseducation.com\/fr\/","name":"K\u00e9d\u00e9mos Education","description":"Le plaisir d'apprendre","publisher":{"@id":"https:\/\/kedemoseducation.com\/fr\/#organization"},"potentialAction":[{"@type":"SearchAction","target":{"@type":"EntryPoint","urlTemplate":"https:\/\/kedemoseducation.com\/fr\/?s={search_term_string}"},"query-input":{"@type":"PropertyValueSpecification","valueRequired":true,"valueName":"search_term_string"}}],"inLanguage":"fr-FR"},{"@type":"Organization","@id":"https:\/\/kedemoseducation.com\/fr\/#organization","name":"K\u00e9d\u00e9mos Education","url":"https:\/\/kedemoseducation.com\/fr\/","logo":{"@type":"ImageObject","inLanguage":"fr-FR","@id":"https:\/\/kedemoseducation.com\/fr\/#\/schema\/logo\/image\/","url":"https:\/\/kedemoseducation.com\/wp-content\/uploads\/2023\/06\/logo-kedemos-education.png","contentUrl":"https:\/\/kedemoseducation.com\/wp-content\/uploads\/2023\/06\/logo-kedemos-education.png","width":2362,"height":903,"caption":"Kedemos Education"},"image":{"@id":"https:\/\/kedemoseducation.com\/fr\/#\/schema\/logo\/image\/"},"sameAs":["https:\/\/www.facebook.com\/Kedemoseducation","https:\/\/www.instagram.com\/kedemoseducation\/","https:\/\/www.linkedin.com\/company\/kedemos-education\/"]}]}},"jetpack_sharing_enabled":true,"_links":{"self":[{"href":"https:\/\/kedemoseducation.com\/fr\/wp-json\/wp\/v2\/pages\/1216","targetHints":{"allow":["GET"]}}],"collection":[{"href":"https:\/\/kedemoseducation.com\/fr\/wp-json\/wp\/v2\/pages"}],"about":[{"href":"https:\/\/kedemoseducation.com\/fr\/wp-json\/wp\/v2\/types\/page"}],"author":[{"embeddable":true,"href":"https:\/\/kedemoseducation.com\/fr\/wp-json\/wp\/v2\/users\/1"}],"replies":[{"embeddable":true,"href":"https:\/\/kedemoseducation.com\/fr\/wp-json\/wp\/v2\/comments?post=1216"}],"version-history":[{"count":49,"href":"https:\/\/kedemoseducation.com\/fr\/wp-json\/wp\/v2\/pages\/1216\/revisions"}],"predecessor-version":[{"id":8761,"href":"https:\/\/kedemoseducation.com\/fr\/wp-json\/wp\/v2\/pages\/1216\/revisions\/8761"}],"wp:featuredmedia":[{"embeddable":true,"href":"https:\/\/kedemoseducation.com\/fr\/wp-json\/wp\/v2\/media\/5907"}],"wp:attachment":[{"href":"https:\/\/kedemoseducation.com\/fr\/wp-json\/wp\/v2\/media?parent=1216"}],"curies":[{"name":"wp","href":"https:\/\/api.w.org\/{rel}","templated":true}]}}